{"id":310,"date":"2020-03-24T14:22:51","date_gmt":"2020-03-24T13:22:51","guid":{"rendered":"https:\/\/svjmedia.nl\/aimeekniese\/?page_id=310"},"modified":"2021-08-18T14:52:34","modified_gmt":"2021-08-18T12:52:34","slug":"producten","status":"publish","type":"page","link":"https:\/\/svjmedia.nl\/aimeekniese\/afstuderen\/producten\/","title":{"rendered":"Producten voor AT5: Sekswerk in coronatijd"},"content":{"rendered":"<p>&nbsp;<\/p>\n<p><strong><img loading=\"lazy\" decoding=\"async\" class=\"alignnone size-full wp-image-504\" src=\"https:\/\/svjmedia.nl\/aimeekniese\/wp-content\/uploads\/sites\/693\/2021\/07\/Unknown.png\" alt=\"\" width=\"225\" height=\"225\" srcset=\"https:\/\/svjmedia.nl\/aimeekniese\/wp-content\/uploads\/sites\/693\/2021\/07\/Unknown.png 225w, https:\/\/svjmedia.nl\/aimeekniese\/wp-content\/uploads\/sites\/693\/2021\/07\/Unknown-150x150.png 150w, https:\/\/svjmedia.nl\/aimeekniese\/wp-content\/uploads\/sites\/693\/2021\/07\/Unknown-100x100.png 100w, https:\/\/svjmedia.nl\/aimeekniese\/wp-content\/uploads\/sites\/693\/2021\/07\/Unknown-200x200.png 200w\" sizes=\"auto, (max-width: 225px) 100vw, 225px\" \/><\/strong><\/p>\n<p><strong>I<\/strong><strong>n de eerste tien weken van het afstuderen heb ik samen met Nina Stefanovski, Ayla \u00c7a\u011flayan en Tessa Burger gewerkt aan een opdracht voor AT5. Deze opdracht bestaat uit vijf longreads over sekswerk in coronatijd.<\/strong><\/p>\n<p><strong>Productie 1<\/strong><\/p>\n<p><strong>Sekswerk in coronatijd: van 150 klanten per week naar 2<\/strong><\/p>\n<p>Deze productie bestaat uit een interview met een sekswerker, Shirley, die tijdens de lockdowns is blijven doorwerken. Daarbij hebben we foto\u2019s toegevoegd waarop zij onherkenbaar is gemaakt. Dit heb ik gedaan in Photoshop door bijvoorbeeld herkenbare tattoos weg te werken.<\/p>\n<p>Klik <a href=\"https:\/\/www.at5.nl\/artikelen\/210156\/sekswerk-in-coronatijd-van-150-klanten-per-week-naar-%22In?fbclid=IwAR2SdMJYYDnuhq7ns1_IDV6n49PzPmacnyjXSKZrlpFjzspHEXHhh8QHvVk\">hier<\/a> om deze productie te bekijken.<\/p>\n<div id='gallery-1' class='gallery galleryid-310 gallery-columns-2 gallery-size-thumbnail'><figure class='gallery-item'>\n\t\t\t<div class='gallery-icon portrait'>\n\t\t\t\t<a href='https:\/\/svjmedia.nl\/aimeekniese\/afstuderen\/producten\/foxxy_1\/'><img loading=\"lazy\" decoding=\"async\" width=\"150\" height=\"150\" src=\"https:\/\/svjmedia.nl\/aimeekniese\/wp-content\/uploads\/sites\/693\/2021\/07\/foxxy_1-150x150.jpg\" class=\"attachment-thumbnail size-thumbnail\" alt=\"\" aria-describedby=\"gallery-1-509\" srcset=\"https:\/\/svjmedia.nl\/aimeekniese\/wp-content\/uploads\/sites\/693\/2021\/07\/foxxy_1-150x150.jpg 150w, https:\/\/svjmedia.nl\/aimeekniese\/wp-content\/uploads\/sites\/693\/2021\/07\/foxxy_1-100x100.jpg 100w, https:\/\/svjmedia.nl\/aimeekniese\/wp-content\/uploads\/sites\/693\/2021\/07\/foxxy_1-200x200.jpg 200w, https:\/\/svjmedia.nl\/aimeekniese\/wp-content\/uploads\/sites\/693\/2021\/07\/foxxy_1-300x300.jpg 300w\" sizes=\"auto, 100vw\" \/><\/a>\n\t\t\t<\/div>\n\t\t\t\t<figcaption class='wp-caption-text gallery-caption' id='gallery-1-509'>\n\t\t\t\tOp deze foto&#8217;s heb ik tattoos weggewerkt en haar gezicht onherkenbaar gemaakt.\n\t\t\t\t<\/figcaption><\/figure><figure class='gallery-item'>\n\t\t\t<div class='gallery-icon portrait'>\n\t\t\t\t<a href='https:\/\/svjmedia.nl\/aimeekniese\/afstuderen\/producten\/foxxy_3\/'><img loading=\"lazy\" decoding=\"async\" width=\"150\" height=\"150\" src=\"https:\/\/svjmedia.nl\/aimeekniese\/wp-content\/uploads\/sites\/693\/2021\/07\/foxxy_3-150x150.jpg\" class=\"attachment-thumbnail size-thumbnail\" alt=\"\" aria-describedby=\"gallery-1-510\" srcset=\"https:\/\/svjmedia.nl\/aimeekniese\/wp-content\/uploads\/sites\/693\/2021\/07\/foxxy_3-150x150.jpg 150w, https:\/\/svjmedia.nl\/aimeekniese\/wp-content\/uploads\/sites\/693\/2021\/07\/foxxy_3-100x100.jpg 100w, https:\/\/svjmedia.nl\/aimeekniese\/wp-content\/uploads\/sites\/693\/2021\/07\/foxxy_3-200x200.jpg 200w, https:\/\/svjmedia.nl\/aimeekniese\/wp-content\/uploads\/sites\/693\/2021\/07\/foxxy_3-300x300.jpg 300w\" sizes=\"auto, 100vw\" \/><\/a>\n\t\t\t<\/div>\n\t\t\t\t<figcaption class='wp-caption-text gallery-caption' id='gallery-1-510'>\n\t\t\t\tHier heb ik de tattoos op haar hand en benen weggewerkt.\n\t\t\t\t<\/figcaption><\/figure><figure class='gallery-item'>\n\t\t\t<div class='gallery-icon landscape'>\n\t\t\t\t<a href='https:\/\/svjmedia.nl\/aimeekniese\/afstuderen\/producten\/foxxy_4\/'><img loading=\"lazy\" decoding=\"async\" width=\"150\" height=\"150\" src=\"https:\/\/svjmedia.nl\/aimeekniese\/wp-content\/uploads\/sites\/693\/2021\/07\/foxxy_4-150x150.jpg\" class=\"attachment-thumbnail size-thumbnail\" alt=\"\" aria-describedby=\"gallery-1-511\" srcset=\"https:\/\/svjmedia.nl\/aimeekniese\/wp-content\/uploads\/sites\/693\/2021\/07\/foxxy_4-150x150.jpg 150w, https:\/\/svjmedia.nl\/aimeekniese\/wp-content\/uploads\/sites\/693\/2021\/07\/foxxy_4-100x100.jpg 100w, https:\/\/svjmedia.nl\/aimeekniese\/wp-content\/uploads\/sites\/693\/2021\/07\/foxxy_4-200x200.jpg 200w, https:\/\/svjmedia.nl\/aimeekniese\/wp-content\/uploads\/sites\/693\/2021\/07\/foxxy_4-300x300.jpg 300w\" sizes=\"auto, 100vw\" \/><\/a>\n\t\t\t<\/div>\n\t\t\t\t<figcaption class='wp-caption-text gallery-caption' id='gallery-1-511'>\n\t\t\t\tOp deze foto heb ik de tattoos op haar handen weggewerkt.\n\t\t\t\t<\/figcaption><\/figure><figure class='gallery-item'>\n\t\t\t<div class='gallery-icon portrait'>\n\t\t\t\t<a href='https:\/\/svjmedia.nl\/aimeekniese\/afstuderen\/producten\/foxxy_6\/'><img loading=\"lazy\" decoding=\"async\" width=\"150\" height=\"150\" src=\"https:\/\/svjmedia.nl\/aimeekniese\/wp-content\/uploads\/sites\/693\/2021\/07\/foxxy_6-150x150.jpg\" class=\"attachment-thumbnail size-thumbnail\" alt=\"\" aria-describedby=\"gallery-1-512\" srcset=\"https:\/\/svjmedia.nl\/aimeekniese\/wp-content\/uploads\/sites\/693\/2021\/07\/foxxy_6-150x150.jpg 150w, https:\/\/svjmedia.nl\/aimeekniese\/wp-content\/uploads\/sites\/693\/2021\/07\/foxxy_6-100x100.jpg 100w, https:\/\/svjmedia.nl\/aimeekniese\/wp-content\/uploads\/sites\/693\/2021\/07\/foxxy_6-200x200.jpg 200w, https:\/\/svjmedia.nl\/aimeekniese\/wp-content\/uploads\/sites\/693\/2021\/07\/foxxy_6-300x300.jpg 300w\" sizes=\"auto, 100vw\" \/><\/a>\n\t\t\t<\/div>\n\t\t\t\t<figcaption class='wp-caption-text gallery-caption' id='gallery-1-512'>\n\t\t\t\tOp deze foto&#8217;s heb ik tattoos weggewerkt en haar gezicht onherkenbaar gemaakt.\n\t\t\t\t<\/figcaption><\/figure>\n\t\t<\/div>\n\n<p><strong>Productie 2<\/strong><\/p>\n<p><strong>Sekswerk in coronatijd: zo is het verlopen<\/strong><\/p>\n<p>In deze productie zetten we precies uiteen hoe corona is verlopen voor sekswerkers, van de eerste lockdown tot nu. Ook hebben we voor de productie een sekswerker, Anna Mason, ge\u00efnterviewd over de coronasteun, en een interactieve kaart en tijdlijn toegevoegd.<\/p>\n<p>&nbsp;<\/p>\n<p>Klik <a href=\"https:\/\/www.at5.nl\/artikelen\/210157\/sekswerk-in-coronatijd-zo-is-het-verlopen\">hier<\/a> om deze productie te bekijken.<\/p>\n<p><strong>Productie 3<\/strong><\/p>\n<p><strong>Sekswerk in coronatijd: &#8220;Op een gegeven moment moet je kiezen, ook al is het illegaal&#8221;<\/strong><\/p>\n<p>Deze productie gaat over de invloed van corona op de mentale gezondheid van sekswerkers. Daarvoor spreken we sekswerker en activist Yvette Luhrs in een video en sekswerker Anna Mason in de geschreven tekst.<\/p>\n<p>Klik <a href=\"https:\/\/www.at5.nl\/artikelen\/210162\/sekswerk-in-coronatijd-op-een-gegeven-moment-moet-je-kiezen-ook-al-is-het-illegaal\">hier<\/a> om deze productie te bekijken.<\/p>\n<p><strong>Productie 4<\/strong><\/p>\n<p><strong>Sekswerk in coronatijd: &#8221; Als je vanuit huis werkt heb je geen alarmknop&#8221;<\/strong><\/p>\n<p>Deze productie richt zich op P&amp;G292, het Prostitutie- en Gezondheidscentrum in Amsterdam. We spreken in de video met maatschappelijk werker Malky Wijk en met GGD-medewerker Sjaak van de Kolk.<\/p>\n<p>Klik <a href=\"https:\/\/www.at5.nl\/artikelen\/210159\/sekswerk-in-coronatijd-als-je-vanuit-huis-werkt-heb-je-geen-alarmknop\">hier<\/a> om deze productie te bekijken.<\/p>\n<p><strong>Productie 5<\/strong><\/p>\n<p><strong>Sekswerkers in coronatijd: &#8216;Het is een verademing om weer in de club te werken&#8217;<\/strong><\/p>\n<p>In deze productie focussen we ons op wat het betekent voor sekswerker om weer aan het werk te gaan. In de video spreken we sekswerker Layla, die tijdens de lockdowns niet gewerkt heeft, maar ten tijde van het interview weer aan het werk mocht.<\/p>\n<p>Klik <a href=\"https:\/\/www.at5.nl\/artikelen\/210160\/sekswerk-in-coronatijd-het-is-een-verademing-om-weer-in-de-club-te-werken\">hier<\/a> om deze productie te bekijken.<\/p>\n","protected":false},"excerpt":{"rendered":"<p>&nbsp; In de eerste tien weken van het afstuderen heb ik samen met Nina Stefanovski, Ayla \u00c7a\u011flayan en Tessa Burger gewerkt aan een opdracht voor AT5. Deze opdracht bestaat uit vijf longreads over sekswerk in coronatijd. Productie 1 Sekswerk in coronatijd: van 150 klanten per week naar 2 Deze productie bestaat uit een interview met &hellip; <\/p>\n<p class=\"link-more\"><a href=\"https:\/\/svjmedia.nl\/aimeekniese\/afstuderen\/producten\/\" class=\"more-link\">Lees verder <span class=\"screen-reader-text\">&#8220;Producten voor AT5: Sekswerk in coronatijd&#8221;<\/span><\/a><\/p>\n","protected":false},"author":850,"featured_media":0,"parent":301,"menu_order":0,"comment_status":"closed","ping_status":"closed","template":"","meta":{"_acf_changed":false,"footnotes":""},"class_list":["post-310","page","type-page","status-publish","hentry"],"acf":[],"yoast_head":"<!-- This site is optimized with the Yoast SEO plugin v27.3 - https:\/\/yoast.com\/product\/yoast-seo-wordpress\/ -->\n<title>Producten voor AT5: Sekswerk in coronatijd - Aim\u00e9e Kniese<\/title>\n<meta name=\"robots\" content=\"noindex, follow, max-snippet:-1, max-image-preview:large, max-video-preview:-1\" \/>\n<meta property=\"og:locale\" content=\"nl_NL\" \/>\n<meta property=\"og:type\" content=\"article\" \/>\n<meta property=\"og:title\" content=\"Producten voor AT5: Sekswerk in coronatijd - Aim\u00e9e Kniese\" \/>\n<meta property=\"og:description\" content=\"&nbsp; In de eerste tien weken van het afstuderen heb ik samen met Nina Stefanovski, Ayla \u00c7a\u011flayan en Tessa Burger gewerkt aan een opdracht voor AT5. Deze opdracht bestaat uit vijf longreads over sekswerk in coronatijd. Productie 1 Sekswerk in coronatijd: van 150 klanten per week naar 2 Deze productie bestaat uit een interview met &hellip; Lees verder &quot;Producten voor AT5: Sekswerk in coronatijd&quot;\" \/>\n<meta property=\"og:url\" content=\"https:\/\/svjmedia.nl\/aimeekniese\/afstuderen\/producten\/\" \/>\n<meta property=\"og:site_name\" content=\"Aim\u00e9e Kniese\" \/>\n<meta property=\"article:modified_time\" content=\"2021-08-18T12:52:34+00:00\" \/>\n<meta property=\"og:image\" content=\"https:\/\/svjmedia.nl\/aimeekniese\/wp-content\/uploads\/sites\/693\/2021\/07\/foxxy_1-150x150.jpg\" \/>\n<meta name=\"twitter:card\" content=\"summary_large_image\" \/>\n<meta name=\"twitter:label1\" content=\"Geschatte leestijd\" \/>\n\t<meta name=\"twitter:data1\" content=\"2 minuten\" \/>\n<script type=\"application\/ld+json\" class=\"yoast-schema-graph\">{\"@context\":\"https:\\\/\\\/schema.org\",\"@graph\":[{\"@type\":\"WebPage\",\"@id\":\"https:\\\/\\\/svjmedia.nl\\\/aimeekniese\\\/afstuderen\\\/producten\\\/\",\"url\":\"https:\\\/\\\/svjmedia.nl\\\/aimeekniese\\\/afstuderen\\\/producten\\\/\",\"name\":\"Producten voor AT5: Sekswerk in coronatijd - Aim\u00e9e Kniese\",\"isPartOf\":{\"@id\":\"https:\\\/\\\/svjmedia.nl\\\/aimeekniese\\\/#website\"},\"primaryImageOfPage\":{\"@id\":\"https:\\\/\\\/svjmedia.nl\\\/aimeekniese\\\/afstuderen\\\/producten\\\/#primaryimage\"},\"image\":{\"@id\":\"https:\\\/\\\/svjmedia.nl\\\/aimeekniese\\\/afstuderen\\\/producten\\\/#primaryimage\"},\"thumbnailUrl\":\"https:\\\/\\\/svjmedia.nl\\\/aimeekniese\\\/wp-content\\\/uploads\\\/sites\\\/693\\\/2021\\\/07\\\/Unknown.png\",\"datePublished\":\"2020-03-24T13:22:51+00:00\",\"dateModified\":\"2021-08-18T12:52:34+00:00\",\"breadcrumb\":{\"@id\":\"https:\\\/\\\/svjmedia.nl\\\/aimeekniese\\\/afstuderen\\\/producten\\\/#breadcrumb\"},\"inLanguage\":\"nl-NL\",\"potentialAction\":[{\"@type\":\"ReadAction\",\"target\":[\"https:\\\/\\\/svjmedia.nl\\\/aimeekniese\\\/afstuderen\\\/producten\\\/\"]}]},{\"@type\":\"ImageObject\",\"inLanguage\":\"nl-NL\",\"@id\":\"https:\\\/\\\/svjmedia.nl\\\/aimeekniese\\\/afstuderen\\\/producten\\\/#primaryimage\",\"url\":\"https:\\\/\\\/svjmedia.nl\\\/aimeekniese\\\/wp-content\\\/uploads\\\/sites\\\/693\\\/2021\\\/07\\\/Unknown.png\",\"contentUrl\":\"https:\\\/\\\/svjmedia.nl\\\/aimeekniese\\\/wp-content\\\/uploads\\\/sites\\\/693\\\/2021\\\/07\\\/Unknown.png\",\"width\":225,\"height\":225},{\"@type\":\"BreadcrumbList\",\"@id\":\"https:\\\/\\\/svjmedia.nl\\\/aimeekniese\\\/afstuderen\\\/producten\\\/#breadcrumb\",\"itemListElement\":[{\"@type\":\"ListItem\",\"position\":1,\"name\":\"Home\",\"item\":\"https:\\\/\\\/svjmedia.nl\\\/aimeekniese\\\/\"},{\"@type\":\"ListItem\",\"position\":2,\"name\":\"Dossier Afstuderen\",\"item\":\"https:\\\/\\\/svjmedia.nl\\\/aimeekniese\\\/afstuderen\\\/\"},{\"@type\":\"ListItem\",\"position\":3,\"name\":\"Producten voor AT5: Sekswerk in coronatijd\"}]},{\"@type\":\"WebSite\",\"@id\":\"https:\\\/\\\/svjmedia.nl\\\/aimeekniese\\\/#website\",\"url\":\"https:\\\/\\\/svjmedia.nl\\\/aimeekniese\\\/\",\"name\":\"Aim\u00e9e Kniese\",\"description\":\"HU School voor Journalistiek Persoonlijk Dossier\",\"potentialAction\":[{\"@type\":\"SearchAction\",\"target\":{\"@type\":\"EntryPoint\",\"urlTemplate\":\"https:\\\/\\\/svjmedia.nl\\\/aimeekniese\\\/?s={search_term_string}\"},\"query-input\":{\"@type\":\"PropertyValueSpecification\",\"valueRequired\":true,\"valueName\":\"search_term_string\"}}],\"inLanguage\":\"nl-NL\"}]}<\/script>\n<!-- \/ Yoast SEO plugin. -->","yoast_head_json":{"title":"Producten voor AT5: Sekswerk in coronatijd - Aim\u00e9e Kniese","robots":{"index":"noindex","follow":"follow","max-snippet":"max-snippet:-1","max-image-preview":"max-image-preview:large","max-video-preview":"max-video-preview:-1"},"og_locale":"nl_NL","og_type":"article","og_title":"Producten voor AT5: Sekswerk in coronatijd - Aim\u00e9e Kniese","og_description":"&nbsp; In de eerste tien weken van het afstuderen heb ik samen met Nina Stefanovski, Ayla \u00c7a\u011flayan en Tessa Burger gewerkt aan een opdracht voor AT5. Deze opdracht bestaat uit vijf longreads over sekswerk in coronatijd. Productie 1 Sekswerk in coronatijd: van 150 klanten per week naar 2 Deze productie bestaat uit een interview met &hellip; Lees verder \"Producten voor AT5: Sekswerk in coronatijd\"","og_url":"https:\/\/svjmedia.nl\/aimeekniese\/afstuderen\/producten\/","og_site_name":"Aim\u00e9e Kniese","article_modified_time":"2021-08-18T12:52:34+00:00","og_image":[{"url":"https:\/\/svjmedia.nl\/aimeekniese\/wp-content\/uploads\/sites\/693\/2021\/07\/foxxy_1-150x150.jpg","type":"","width":"","height":""}],"twitter_card":"summary_large_image","twitter_misc":{"Geschatte leestijd":"2 minuten"},"schema":{"@context":"https:\/\/schema.org","@graph":[{"@type":"WebPage","@id":"https:\/\/svjmedia.nl\/aimeekniese\/afstuderen\/producten\/","url":"https:\/\/svjmedia.nl\/aimeekniese\/afstuderen\/producten\/","name":"Producten voor AT5: Sekswerk in coronatijd - Aim\u00e9e Kniese","isPartOf":{"@id":"https:\/\/svjmedia.nl\/aimeekniese\/#website"},"primaryImageOfPage":{"@id":"https:\/\/svjmedia.nl\/aimeekniese\/afstuderen\/producten\/#primaryimage"},"image":{"@id":"https:\/\/svjmedia.nl\/aimeekniese\/afstuderen\/producten\/#primaryimage"},"thumbnailUrl":"https:\/\/svjmedia.nl\/aimeekniese\/wp-content\/uploads\/sites\/693\/2021\/07\/Unknown.png","datePublished":"2020-03-24T13:22:51+00:00","dateModified":"2021-08-18T12:52:34+00:00","breadcrumb":{"@id":"https:\/\/svjmedia.nl\/aimeekniese\/afstuderen\/producten\/#breadcrumb"},"inLanguage":"nl-NL","potentialAction":[{"@type":"ReadAction","target":["https:\/\/svjmedia.nl\/aimeekniese\/afstuderen\/producten\/"]}]},{"@type":"ImageObject","inLanguage":"nl-NL","@id":"https:\/\/svjmedia.nl\/aimeekniese\/afstuderen\/producten\/#primaryimage","url":"https:\/\/svjmedia.nl\/aimeekniese\/wp-content\/uploads\/sites\/693\/2021\/07\/Unknown.png","contentUrl":"https:\/\/svjmedia.nl\/aimeekniese\/wp-content\/uploads\/sites\/693\/2021\/07\/Unknown.png","width":225,"height":225},{"@type":"BreadcrumbList","@id":"https:\/\/svjmedia.nl\/aimeekniese\/afstuderen\/producten\/#breadcrumb","itemListElement":[{"@type":"ListItem","position":1,"name":"Home","item":"https:\/\/svjmedia.nl\/aimeekniese\/"},{"@type":"ListItem","position":2,"name":"Dossier Afstuderen","item":"https:\/\/svjmedia.nl\/aimeekniese\/afstuderen\/"},{"@type":"ListItem","position":3,"name":"Producten voor AT5: Sekswerk in coronatijd"}]},{"@type":"WebSite","@id":"https:\/\/svjmedia.nl\/aimeekniese\/#website","url":"https:\/\/svjmedia.nl\/aimeekniese\/","name":"Aim\u00e9e Kniese","description":"HU School voor Journalistiek Persoonlijk Dossier","potentialAction":[{"@type":"SearchAction","target":{"@type":"EntryPoint","urlTemplate":"https:\/\/svjmedia.nl\/aimeekniese\/?s={search_term_string}"},"query-input":{"@type":"PropertyValueSpecification","valueRequired":true,"valueName":"search_term_string"}}],"inLanguage":"nl-NL"}]}},"_links":{"self":[{"href":"https:\/\/svjmedia.nl\/aimeekniese\/wp-json\/wp\/v2\/pages\/310","targetHints":{"allow":["GET"]}}],"collection":[{"href":"https:\/\/svjmedia.nl\/aimeekniese\/wp-json\/wp\/v2\/pages"}],"about":[{"href":"https:\/\/svjmedia.nl\/aimeekniese\/wp-json\/wp\/v2\/types\/page"}],"author":[{"embeddable":true,"href":"https:\/\/svjmedia.nl\/aimeekniese\/wp-json\/wp\/v2\/users\/850"}],"replies":[{"embeddable":true,"href":"https:\/\/svjmedia.nl\/aimeekniese\/wp-json\/wp\/v2\/comments?post=310"}],"version-history":[{"count":0,"href":"https:\/\/svjmedia.nl\/aimeekniese\/wp-json\/wp\/v2\/pages\/310\/revisions"}],"up":[{"embeddable":true,"href":"https:\/\/svjmedia.nl\/aimeekniese\/wp-json\/wp\/v2\/pages\/301"}],"wp:attachment":[{"href":"https:\/\/svjmedia.nl\/aimeekniese\/wp-json\/wp\/v2\/media?parent=310"}],"curies":[{"name":"wp","href":"https:\/\/api.w.org\/{rel}","templated":true}]}}