{"id":473,"date":"2022-11-09T16:18:16","date_gmt":"2022-11-09T15:18:16","guid":{"rendered":"https:\/\/svjmedia.nl\/beaugeraeds\/?page_id=473"},"modified":"2022-11-09T22:19:48","modified_gmt":"2022-11-09T21:19:48","slug":"de-nederlandse-transgenderzorg-is-ongelijk-verdeeld-we-komen-af-van-een-monopoly","status":"publish","type":"page","link":"https:\/\/svjmedia.nl\/beaugeraeds\/de-nederlandse-transgenderzorg-is-ongelijk-verdeeld-we-komen-af-van-een-monopoly\/","title":{"rendered":"De Nederlandse transgenderzorg is ongelijk verdeeld: \u201cWe komen af van een monopoly\u201d"},"content":{"rendered":"<p style=\"font-weight: 400\"><strong>Al jaren zijn er <\/strong><a href=\"https:\/\/nos.nl\/artikel\/2397280-toename-jongeren-in-de-transgenderzorg-leidt-tot-nog-langere-wachtlijsten\"><strong>lange wachtlijsten<\/strong><\/a><strong> binnen de transgenderzorg. Trans personen moeten soms twee tot drie jaar wachten tot ze psychologische hulp kunnen krijgen. In dit artikel nemen we een kijkje in het aanbod van psychologische transgenderzorg in Nederland, per provincie. Want hoe is de transgenderzorg in Nederland eigenlijk verdeeld?<\/strong><\/p>\n<p style=\"font-weight: 400\">Uit de eerste datavisualisatie blijkt dat er tussen Nederlandse provincies grote verschillen zijn in het aantal zorgaanbieders op het gebied van psychologische transgenderzorg. Bovendien zijn er maar liefst drie provincies die geen enkele psychologische transgenderzorg bieden. Zo ook Overijssel, terwijl dat zeker niet de provincie met de minste inwoners is.<\/p>\n<p>&nbsp;<\/p>\n<p>Datavisualisatie 1:<\/p>\n<div id='gallery-1' class='gallery galleryid-473 gallery-columns-1 gallery-size-large'><figure class='gallery-item'>\n\t\t\t<div class='gallery-icon landscape'>\n\t\t\t\t<a href='https:\/\/svjmedia.nl\/beaugeraeds\/de-nederlandse-transgenderzorg-is-ongelijk-verdeeld-we-komen-af-van-een-monopoly\/schermafbeelding-2022-11-09-om-14-55-57\/'><img loading=\"lazy\" decoding=\"async\" width=\"180\" height=\"67\" src=\"https:\/\/svjmedia.nl\/beaugeraeds\/wp-content\/uploads\/sites\/56\/2022\/11\/Schermafbeelding-2022-11-09-om-14.55.57.png\" class=\"attachment-large size-large\" alt=\"\" aria-describedby=\"gallery-1-562\" sizes=\"auto, 100vw\" \/><\/a>\n\t\t\t<\/div>\n\t\t\t\t<figcaption class='wp-caption-text gallery-caption' id='gallery-1-562'>\n\t\t\t\tVan 0 tot 6 zorgaanbieders &#8211; van licht naar donker\n\t\t\t\t<\/figcaption><\/figure>\n\t\t<\/div>\n\n<div class=\"flourish-embed\" data-src=\"visualisation\/11686026\"><script src=\"https:\/\/public.flourish.studio\/resources\/embed.js\"><\/script><\/div>\n<p style=\"font-weight: 400\"><strong>Monopoly<\/strong><\/p>\n<p style=\"font-weight: 400\">Sophie Schers \u2013 beleidsadviseur bij Transgender Netwerk Nederland (TNN) \u2013 houdt zich bezig met het dossier \u2018transgenderzorg\u2019 en politieke belangenbehartiging. Ze vertelt over de huidige verdeling van de transgenderzorg in Nederland: \u201cWe komen af van een monopoly in de transgenderzorg. Het was voor lange tijd bij het VU geconcentreerd. De afgelopen vier jaar is er een ontwikkeling ingezet voor het decentraliseren van de transgenderzorg. En dan heb ik het met name over de diagnostiek,\u201d oftewel de psychologische zorg.<\/p>\n<p style=\"font-weight: 400\">Als je kijkt naar Rotterdam, valt er iets op: \u201cEr is daar helemaal g\u00e9\u00e9n aanbod, terwijl we daar bijna te maken hebben met een metropool. Maar er is ingezet op het ondersteunen van de zorgverleners die al bezig zijn met transgenderzorg.\u201d Sophie vertelt dat er dus minder energie is gestoken in het vinden van meer nieuwe aanbieders: \u201cDe focus ligt eerst op het vergroten van de capaciteit van de huidige aanbieders. En daarna pas op het vinden van meer aanbieders.\u201d<\/p>\n<p style=\"font-weight: 400\"><strong>Van kleine tot grote capaciteit<\/strong><\/p>\n<p style=\"font-weight: 400\">Naast de geografische verdeeldheid, zitten er namelijk ook verschillen in de capaciteit van de verschillende transgenderzorgaanbieders. Het grootste deel van de zorgaanbieders heeft een kleine capaciteit, van minder dan vijftig. En slechts zes van de 28 aanbieders heeft een capaciteit van meer dan tweehonderd.<\/p>\n<p style=\"font-weight: 400\">\u201cFocussen op de aanbieders die er al zijn, kan ervoor zorgen dat zo\u2019n organisatie verder professionaliseert en stabieler wordt. Uitbreiden is een kwetsbaar proces. Maar als je al een grote organisatie hebt met een stabiel beheer, dan kan je in potentie stabieler die ontwikkeling en groei inzetten in bepaalde regio\u2019s.\u201d<\/p>\n<p>Datavisualisatie 2:<\/p>\n<div class=\"flourish-embed\" data-src=\"story\/1738011\"><script src=\"https:\/\/public.flourish.studio\/resources\/embed.js\"><\/script><\/div>\n<p>&nbsp;<\/p>\n<p>&nbsp;<\/p>\n<p>&nbsp;<\/p>\n<p>&nbsp;<\/p>\n<p>&nbsp;<\/p>\n<hr \/>\n<p style=\"font-weight: 400;text-align: right\"><strong>Verantwoording data:<\/strong><\/p>\n<p style=\"font-weight: 400;text-align: right\">De data is <strong>verzameld<\/strong> door in eerste instantie op zoek te gaan naar gegevens over de huidige transgenderzorg in Nederland; hoeveel instanties zijn er die (psychologische) transgenderzorg bieden? Vervolgens is er van landelijk niveau ingezoomd naar provinciaal niveau. Er is gekeken naar hoeveel van deze instanties er zijn in elke Nederlandse provincie, en hoe groot deze instanties zijn (de capaciteit). Daarnaast is er gekeken naar het aantal inwoners dat elke provincie heeft. Toen is de data <strong>verwerkt <\/strong>door de capaciteit voor psychologische transgenderzorg per provincie, en het aantal inwoners per provincie naast elkaar te leggen.<\/p>\n<p style=\"font-weight: 400;text-align: right\">Een kanttekening hierbij is echter dat de capaciteit op deze manier niet alles prijsgeeft, want er zijn geen exacte cijfers bekend over de capaciteit, wanneer deze bijvoorbeeld \u2018meer dan tweehonderd\u2019 bedraagt. Dat betekent in theorie dat bijvoorbeeld twee zorgaanbieders met beide een middel capaciteit samen m\u00e9\u00e9r capaciteit kunnen hebben dan \u00e9\u00e9n grote zorgaanbieder.<\/p>\n","protected":false},"excerpt":{"rendered":"<p>Al jaren zijn er lange wachtlijsten binnen de transgenderzorg. Trans personen moeten soms twee tot drie jaar wachten tot ze psychologische hulp kunnen krijgen. In dit artikel nemen we een kijkje in het aanbod van psychologische transgenderzorg in Nederland, per provincie. Want hoe is de transgenderzorg in Nederland eigenlijk verdeeld? Uit de eerste datavisualisatie blijkt &hellip; <\/p>\n<p class=\"link-more\"><a href=\"https:\/\/svjmedia.nl\/beaugeraeds\/de-nederlandse-transgenderzorg-is-ongelijk-verdeeld-we-komen-af-van-een-monopoly\/\" class=\"more-link\">Lees verder <span class=\"screen-reader-text\">&#8220;De Nederlandse transgenderzorg is ongelijk verdeeld: \u201cWe komen af van een monopoly\u201d&#8221;<\/span><\/a><\/p>\n","protected":false},"author":78,"featured_media":0,"parent":0,"menu_order":0,"comment_status":"closed","ping_status":"closed","template":"","meta":{"_acf_changed":false,"footnotes":""},"class_list":["post-473","page","type-page","status-publish","hentry"],"acf":[],"yoast_head":"<!-- This site is optimized with the Yoast SEO plugin v27.5 - https:\/\/yoast.com\/product\/yoast-seo-wordpress\/ -->\n<title>De Nederlandse transgenderzorg is ongelijk verdeeld: \u201cWe komen af van een monopoly\u201d - Beau Geraeds<\/title>\n<meta name=\"robots\" content=\"index, follow, max-snippet:-1, max-image-preview:large, max-video-preview:-1\" \/>\n<link rel=\"canonical\" href=\"https:\/\/svjmedia.nl\/beaugeraeds\/de-nederlandse-transgenderzorg-is-ongelijk-verdeeld-we-komen-af-van-een-monopoly\/\" \/>\n<meta property=\"og:locale\" content=\"nl_NL\" \/>\n<meta property=\"og:type\" content=\"article\" \/>\n<meta property=\"og:title\" content=\"De Nederlandse transgenderzorg is ongelijk verdeeld: \u201cWe komen af van een monopoly\u201d - Beau Geraeds\" \/>\n<meta property=\"og:description\" content=\"Al jaren zijn er lange wachtlijsten binnen de transgenderzorg. Trans personen moeten soms twee tot drie jaar wachten tot ze psychologische hulp kunnen krijgen. In dit artikel nemen we een kijkje in het aanbod van psychologische transgenderzorg in Nederland, per provincie. Want hoe is de transgenderzorg in Nederland eigenlijk verdeeld? Uit de eerste datavisualisatie blijkt &hellip; Lees verder &quot;De Nederlandse transgenderzorg is ongelijk verdeeld: \u201cWe komen af van een monopoly\u201d&quot;\" \/>\n<meta property=\"og:url\" content=\"https:\/\/svjmedia.nl\/beaugeraeds\/de-nederlandse-transgenderzorg-is-ongelijk-verdeeld-we-komen-af-van-een-monopoly\/\" \/>\n<meta property=\"og:site_name\" content=\"Beau Geraeds\" \/>\n<meta property=\"article:modified_time\" content=\"2022-11-09T21:19:48+00:00\" \/>\n<meta property=\"og:image\" content=\"https:\/\/svjmedia.nl\/beaugeraeds\/wp-content\/uploads\/sites\/56\/2022\/11\/Schermafbeelding-2022-11-09-om-14.55.57.png\" \/>\n<meta name=\"twitter:card\" content=\"summary_large_image\" \/>\n<meta name=\"twitter:label1\" content=\"Geschatte leestijd\" \/>\n\t<meta name=\"twitter:data1\" content=\"3 minuten\" \/>\n<script type=\"application\/ld+json\" class=\"yoast-schema-graph\">{\"@context\":\"https:\\\/\\\/schema.org\",\"@graph\":[{\"@type\":\"WebPage\",\"@id\":\"https:\\\/\\\/svjmedia.nl\\\/beaugeraeds\\\/de-nederlandse-transgenderzorg-is-ongelijk-verdeeld-we-komen-af-van-een-monopoly\\\/\",\"url\":\"https:\\\/\\\/svjmedia.nl\\\/beaugeraeds\\\/de-nederlandse-transgenderzorg-is-ongelijk-verdeeld-we-komen-af-van-een-monopoly\\\/\",\"name\":\"De Nederlandse transgenderzorg is ongelijk verdeeld: \u201cWe komen af van een monopoly\u201d - Beau Geraeds\",\"isPartOf\":{\"@id\":\"https:\\\/\\\/svjmedia.nl\\\/beaugeraeds\\\/#website\"},\"datePublished\":\"2022-11-09T15:18:16+00:00\",\"dateModified\":\"2022-11-09T21:19:48+00:00\",\"breadcrumb\":{\"@id\":\"https:\\\/\\\/svjmedia.nl\\\/beaugeraeds\\\/de-nederlandse-transgenderzorg-is-ongelijk-verdeeld-we-komen-af-van-een-monopoly\\\/#breadcrumb\"},\"inLanguage\":\"nl-NL\",\"potentialAction\":[{\"@type\":\"ReadAction\",\"target\":[\"https:\\\/\\\/svjmedia.nl\\\/beaugeraeds\\\/de-nederlandse-transgenderzorg-is-ongelijk-verdeeld-we-komen-af-van-een-monopoly\\\/\"]}]},{\"@type\":\"BreadcrumbList\",\"@id\":\"https:\\\/\\\/svjmedia.nl\\\/beaugeraeds\\\/de-nederlandse-transgenderzorg-is-ongelijk-verdeeld-we-komen-af-van-een-monopoly\\\/#breadcrumb\",\"itemListElement\":[{\"@type\":\"ListItem\",\"position\":1,\"name\":\"Home\",\"item\":\"https:\\\/\\\/svjmedia.nl\\\/beaugeraeds\\\/\"},{\"@type\":\"ListItem\",\"position\":2,\"name\":\"De Nederlandse transgenderzorg is ongelijk verdeeld: \u201cWe komen af van een monopoly\u201d\"}]},{\"@type\":\"WebSite\",\"@id\":\"https:\\\/\\\/svjmedia.nl\\\/beaugeraeds\\\/#website\",\"url\":\"https:\\\/\\\/svjmedia.nl\\\/beaugeraeds\\\/\",\"name\":\"Beau Geraeds\",\"description\":\"Persoonlijke journalistiek. Belangrijke verhalen.\",\"potentialAction\":[{\"@type\":\"SearchAction\",\"target\":{\"@type\":\"EntryPoint\",\"urlTemplate\":\"https:\\\/\\\/svjmedia.nl\\\/beaugeraeds\\\/?s={search_term_string}\"},\"query-input\":{\"@type\":\"PropertyValueSpecification\",\"valueRequired\":true,\"valueName\":\"search_term_string\"}}],\"inLanguage\":\"nl-NL\"}]}<\/script>\n<!-- \/ Yoast SEO plugin. -->","yoast_head_json":{"title":"De Nederlandse transgenderzorg is ongelijk verdeeld: \u201cWe komen af van een monopoly\u201d - Beau Geraeds","robots":{"index":"index","follow":"follow","max-snippet":"max-snippet:-1","max-image-preview":"max-image-preview:large","max-video-preview":"max-video-preview:-1"},"canonical":"https:\/\/svjmedia.nl\/beaugeraeds\/de-nederlandse-transgenderzorg-is-ongelijk-verdeeld-we-komen-af-van-een-monopoly\/","og_locale":"nl_NL","og_type":"article","og_title":"De Nederlandse transgenderzorg is ongelijk verdeeld: \u201cWe komen af van een monopoly\u201d - Beau Geraeds","og_description":"Al jaren zijn er lange wachtlijsten binnen de transgenderzorg. Trans personen moeten soms twee tot drie jaar wachten tot ze psychologische hulp kunnen krijgen. In dit artikel nemen we een kijkje in het aanbod van psychologische transgenderzorg in Nederland, per provincie. Want hoe is de transgenderzorg in Nederland eigenlijk verdeeld? Uit de eerste datavisualisatie blijkt &hellip; Lees verder \"De Nederlandse transgenderzorg is ongelijk verdeeld: \u201cWe komen af van een monopoly\u201d\"","og_url":"https:\/\/svjmedia.nl\/beaugeraeds\/de-nederlandse-transgenderzorg-is-ongelijk-verdeeld-we-komen-af-van-een-monopoly\/","og_site_name":"Beau Geraeds","article_modified_time":"2022-11-09T21:19:48+00:00","og_image":[{"url":"https:\/\/svjmedia.nl\/beaugeraeds\/wp-content\/uploads\/sites\/56\/2022\/11\/Schermafbeelding-2022-11-09-om-14.55.57.png","type":"","width":"","height":""}],"twitter_card":"summary_large_image","twitter_misc":{"Geschatte leestijd":"3 minuten"},"schema":{"@context":"https:\/\/schema.org","@graph":[{"@type":"WebPage","@id":"https:\/\/svjmedia.nl\/beaugeraeds\/de-nederlandse-transgenderzorg-is-ongelijk-verdeeld-we-komen-af-van-een-monopoly\/","url":"https:\/\/svjmedia.nl\/beaugeraeds\/de-nederlandse-transgenderzorg-is-ongelijk-verdeeld-we-komen-af-van-een-monopoly\/","name":"De Nederlandse transgenderzorg is ongelijk verdeeld: \u201cWe komen af van een monopoly\u201d - Beau Geraeds","isPartOf":{"@id":"https:\/\/svjmedia.nl\/beaugeraeds\/#website"},"datePublished":"2022-11-09T15:18:16+00:00","dateModified":"2022-11-09T21:19:48+00:00","breadcrumb":{"@id":"https:\/\/svjmedia.nl\/beaugeraeds\/de-nederlandse-transgenderzorg-is-ongelijk-verdeeld-we-komen-af-van-een-monopoly\/#breadcrumb"},"inLanguage":"nl-NL","potentialAction":[{"@type":"ReadAction","target":["https:\/\/svjmedia.nl\/beaugeraeds\/de-nederlandse-transgenderzorg-is-ongelijk-verdeeld-we-komen-af-van-een-monopoly\/"]}]},{"@type":"BreadcrumbList","@id":"https:\/\/svjmedia.nl\/beaugeraeds\/de-nederlandse-transgenderzorg-is-ongelijk-verdeeld-we-komen-af-van-een-monopoly\/#breadcrumb","itemListElement":[{"@type":"ListItem","position":1,"name":"Home","item":"https:\/\/svjmedia.nl\/beaugeraeds\/"},{"@type":"ListItem","position":2,"name":"De Nederlandse transgenderzorg is ongelijk verdeeld: \u201cWe komen af van een monopoly\u201d"}]},{"@type":"WebSite","@id":"https:\/\/svjmedia.nl\/beaugeraeds\/#website","url":"https:\/\/svjmedia.nl\/beaugeraeds\/","name":"Beau Geraeds","description":"Persoonlijke journalistiek. Belangrijke verhalen.","potentialAction":[{"@type":"SearchAction","target":{"@type":"EntryPoint","urlTemplate":"https:\/\/svjmedia.nl\/beaugeraeds\/?s={search_term_string}"},"query-input":{"@type":"PropertyValueSpecification","valueRequired":true,"valueName":"search_term_string"}}],"inLanguage":"nl-NL"}]}},"_links":{"self":[{"href":"https:\/\/svjmedia.nl\/beaugeraeds\/wp-json\/wp\/v2\/pages\/473","targetHints":{"allow":["GET"]}}],"collection":[{"href":"https:\/\/svjmedia.nl\/beaugeraeds\/wp-json\/wp\/v2\/pages"}],"about":[{"href":"https:\/\/svjmedia.nl\/beaugeraeds\/wp-json\/wp\/v2\/types\/page"}],"author":[{"embeddable":true,"href":"https:\/\/svjmedia.nl\/beaugeraeds\/wp-json\/wp\/v2\/users\/78"}],"replies":[{"embeddable":true,"href":"https:\/\/svjmedia.nl\/beaugeraeds\/wp-json\/wp\/v2\/comments?post=473"}],"version-history":[{"count":0,"href":"https:\/\/svjmedia.nl\/beaugeraeds\/wp-json\/wp\/v2\/pages\/473\/revisions"}],"wp:attachment":[{"href":"https:\/\/svjmedia.nl\/beaugeraeds\/wp-json\/wp\/v2\/media?parent=473"}],"curies":[{"name":"wp","href":"https:\/\/api.w.org\/{rel}","templated":true}]}}