{"id":264,"date":"2019-09-13T10:43:17","date_gmt":"2019-09-13T08:43:17","guid":{"rendered":"https:\/\/svjmedia.nl\/binkdoderer\/?page_id=264"},"modified":"2023-06-22T09:56:51","modified_gmt":"2023-06-22T07:56:51","slug":"achtergrondverhaal","status":"publish","type":"page","link":"https:\/\/svjmedia.nl\/binkdoderer\/portfolio-slow\/achtergrondverhaal\/","title":{"rendered":"Achtergrondverhaal"},"content":{"rendered":"\n<div class=\"wp-block-columns is-layout-flex wp-container-core-columns-is-layout-9d6595d7 wp-block-columns-is-layout-flex\">\n<div class=\"wp-block-column is-layout-flow wp-block-column-is-layout-flow\">\n<p class=\"has-text-align-center has-large-font-size\"><strong>Latijns-Amerikaanse invloeden in de Eredivisie<\/strong><strong><\/strong><\/p>\n\n\n\n<p class=\"has-text-align-center\"><strong>Over de stap naar Europa, Shakhtar Donetsk en de toekomst<\/strong><\/p>\n\n\n<div class=\"wp-block-image is-style-default\">\n<figure class=\"aligncenter size-large is-resized\"><img loading=\"lazy\" decoding=\"async\" src=\"https:\/\/svjmedia.nl\/binkdoderer\/wp-content\/uploads\/sites\/1235\/2023\/04\/ALvarez-1024x768.jpeg\" alt=\"\" class=\"wp-image-527\" width=\"773\" height=\"580\" srcset=\"https:\/\/svjmedia.nl\/binkdoderer\/wp-content\/uploads\/sites\/1235\/2023\/04\/ALvarez-1024x768.jpeg 1024w, https:\/\/svjmedia.nl\/binkdoderer\/wp-content\/uploads\/sites\/1235\/2023\/04\/ALvarez-300x225.jpeg 300w, https:\/\/svjmedia.nl\/binkdoderer\/wp-content\/uploads\/sites\/1235\/2023\/04\/ALvarez-768x576.jpeg 768w, https:\/\/svjmedia.nl\/binkdoderer\/wp-content\/uploads\/sites\/1235\/2023\/04\/ALvarez-1536x1152.jpeg 1536w, https:\/\/svjmedia.nl\/binkdoderer\/wp-content\/uploads\/sites\/1235\/2023\/04\/ALvarez-2048x1536.jpeg 2048w, https:\/\/svjmedia.nl\/binkdoderer\/wp-content\/uploads\/sites\/1235\/2023\/04\/ALvarez-1250x938.jpeg 1250w, https:\/\/svjmedia.nl\/binkdoderer\/wp-content\/uploads\/sites\/1235\/2023\/04\/ALvarez-400x300.jpeg 400w\" sizes=\"auto, (max-width: 773px) 100vw, 773px\" \/><figcaption class=\"wp-element-caption\">Een Ajaxshirt met de naam van Mexicaan Edson \u00c1lvarez achterop.<\/figcaption><\/figure>\n<\/div>\n\n\n<p>Steeds meer Latijns-Amerikaanse voetballers verschijnen op de Nederlandse voetbalvelden. Waarom zoeken clubs zo ver buiten Nederland en waarom willen deze spelers eigenlijk in de Eredivisie spelen?<\/p>\n\n\n\n<p><strong>Voetbalclubs halen al sinds jaar en dag spelers uit het buitenland. Waar dit vroeger vooral Scandinavi\u00ebrs waren, wijken scouts tegenwoordig uit richting Zuid-Amerika. Je zou haast kunnen zeggen dat Santiago Gim\u00e9nez de nieuwe Zlatan Ibrahimovic is en Antony de nieuwe Viktor Fischer. De Klassieker tussen Ajax en Feyenoord werd dit seizoen zelfs beslist door twee Mexicaanse doelpuntenmakers.<\/strong><\/p>\n\n\n\n<p><strong>Flair, grinta en kapitaal<\/strong><\/p>\n\n\n\n<p>In Nederland zijn wij niet de enigen met een oogje op de Latijns-Amerikaanse markt. Een goed voorbeeld hiervan is Shakhtar Donetsk uit Oekra\u00efne. Een club die, naast Oekra\u00efense spelers, ieder jaar een groep Brazilianen binnen de selectie had. De Oekra\u00efense competitie zit momenteel qua niveau zelfs onder de Eredivisie. Toch weten ze Brazilianen te halen. Jan Streuer is technisch directeur bij FC Twente, maar heeft een lange periode gewerkt als directeur scouting bij de Oekra\u00efense club. Volgens hem zijn Brazilianen heel aantrekkelijke spelers. De creativiteit, brutaliteit en acties zijn sterke punten die Oekra\u00efners minder bezitten. Streuer: \u201cDe eigenaar van de club was gecharmeerd van Braziliaans voetbal. Hij had de voorkeur om daar de spelers vandaan te halen.\u201d Dat gebeurde dan ook. Streuer heeft het WK voor spelers onder de twintig goed in de gaten gehouden. Hier speelden Alex Teixeira en Douglas Costa zich in de kijker. \u201cDie jongens waren toen nog erg jong en nog niet zo duur. We gingen ook vaak naar Brazili\u00eb toe.\u201d<\/p>\n\n\n\n<p>Waar Brazilianen het dus moeten hebben van hun flair en creativiteit, hebben bijvoorbeeld Mexicanen weer hele andere kwaliteiten. Het verschil tussen Mexicaanse spelers en bijvoorbeeld Nederlanders is de grinta die zij hebben. \u201cEdson Alvarez is daar een goed voorbeeld van\u201d, vertelt Daniel Reyes Villase\u00f1or. Hij werkt als correspondent in Nederland voor verschillende sportmedia in Mexico. Grinta kan je omschrijven als een bepaalde honger en strijdlust in het veld. De drang om het echt te maken als voetballer is ook groter. Zo kan men in Nederland, buiten het voetbal om, wat makkelijker aan een goedbetaalde baan komen. In Mexico is dat anders. \u201cDe mentaliteit is anders. Ze moeten soms meer dan alles geven om de top te halen\u201d, aldus Reyes Villase\u00f1or.<\/p>\n\n\n\n<p>Deze spelers brengen dus bepaalde kwaliteiten met zich mee die in Nederland ontbreken. Dat is echter nog niet alles. Ook buiten het veld om zijn er belangrijke factoren waarom investeren in Latijns-Amerikaanse voetballers geen slecht idee is. Het gaat namelijk ook om geld. Financieel was het voor Shakhtar Donetsk erg voordelig om Brazilianen te halen. Dat is in het geval van Douglas Costa en Alex Teixeira ook gebleken. Costa maakte voor 30 miljoen euro de overstap naar Bayern M\u00fcnchen terwijl Teixeira naar China vertrok en 50 miljoen opleverde. \u201cHet is natuurlijk wel de bedoeling om daar goede deals mee te doen. Dat was lucratief voor de club en er komen dan ook weer nieuwe, jongere spelers\u201d, vertelt Streuer. Dat deze spelers in waarde stijgen blijkt ook in de Eredivisie zo te zijn. Uit data blijkt dat Nederlandse clubs in de afgelopen tien jaar zo\u2019n 211 miljoen hebben uitgegeven aan spelers uit Latijns-Amerika. De uiteindelijke som van alle bedragen die zijn binnengekomen voor deze spelers is zo\u2019n 354 miljoen. Dat is dus al 143 miljoen euro winst, terwijl nog niet iedere speler een transfer heeft gemaakt. De grootste klapper werd gemaakt bij Ajax door Braziliaan Antony voor bijna honderd miljoen euro te verkopen aan Manchester United.<\/p>\n\n\n\n<p><strong>Flinke overstap<\/strong><\/p>\n\n\n\n<p>\u201cDe eredivisie is best groot in Mexico. Je kan elke week naar Feyenoord, Ajax of PSV kijken. ESPN heeft de uitzendrechten, dus het zit standaard in het tv-pakket.\u201d De Eredivisie is een goede springplank voor Mexicanen. Volgens Reyes Villase\u00f1or misschien wel de beste competitie voor Mexicanen die graag naar Europa willen. \u201cEerst twee of drie jaar in de Eredivisie, daarna een stap hogerop.\u201d Het tempo ligt in Nederland al hoger dan de Mexicaanse competitie, maar nog lager dan bijvoorbeeld in Engeland, Itali\u00eb of Spanje. Ideaal dus om eerste stappen te zetten op het Europese voetbalveld.<\/p>\n\n\n\n<p>Dit bevestigt Rik Elfrink, PSV-watcher van Eindhovens Dagblad. Het niveau in Latijns-Amerika is prima, zegt hij, maar de stap naar een Premier League is dan misschien echt nog te groot. \u201cBij PSV heb je grotere speelkansen en krijg je meer tijd.\u201d PSV heeft ook een goede historie met spelers uit de betreffende gebieden. Zo hebben Braziliaanse sterren Rom\u00e1rio en Ronaldo hun eerste stappen bij PSV gezet. \u201cDaar kan je ook wel mee aankomen als je op gesprek gaat met potenti\u00eble aanwinsten.\u201d Zo is Lozano een goed voorbeeld. Hij heeft vanuit PSV de stap naar Napoli gemaakt. Het team uit Napels staat momenteel eerste in de Serie A.<\/p>\n\n\n\n<p>Dat betekent niet dat die overstap voor iedereen even makkelijk is. Edson \u00c1lvarez vertelt bij ESPN bijvoorbeeld dat hij in het eerste jaar zijn vrouw en kind moest missen (ESPN NL, 2021). Dat zou volgens hem zelf ook invloed hebben gehad op zijn sportieve prestaties. Daarentegen vertellen andere spelers dat ze goed op zijn gevangen. Hirving Lozano voelde zich bijvoorbeeld gelijk thuis bij PSV (PSV TV, 2017) en Peruvianen Sergio Pe\u00f1a en Miguel Araujo vertellen ook dat hun club FC Emmen hen goed heeft ontvangen (FC Emmen, 2021).<\/p>\n\n\n\n<p>De overstap naar Oekra\u00efne vanuit een land als Brazili\u00eb is misschien nog wel groter dan die naar Nederland. Volgens Streuer hielp het enorm dat er al Brazilianen bij Shakhtar Donetsk speelden. \u201cHet voordeel voor die spelers was dat ze er niet alleen zaten, maar met een grote groep. Voor de aanpassing was dat niet zo moeilijk.\u201d Zo heeft Ajax bijvoorbeeld een vaste groep uit Zuid- en Midden-Amerika. Nieuwe spelers uit die regio kunnen zich dan makkelijker aanpassen. Veel spelers uit de Eredivisie spelen ook voor hun nationale ploeg. Zo kende Lozano voor zijn komst naar PSV al twee PSV\u2019ers van het Mexicaanse team. Ook oud-PSV\u2019er Gaston Pereiro kreeg het advies van voormalig Ajaxspits Luis Suarez om naar de Eredivisie te gaan.<\/p>\n\n\n\n<p><strong>Toekomst<\/strong><\/p>\n\n\n\n<p>Feyenoord-spits Gim\u00e9nez is op dit moment, samen met oud-PSV\u2019er Hirving Lozano, de populairste speler in Mexico. Volgens Reyes Villase\u00f1or weet Feyenoord daar maar al te goed mee om te gaan. \u201cIk denk dat Ajax een grote kans heeft gemist\u201d, zegt hij zelfs. Gim\u00e9nez heeft de vrijheid om met pers uit Mexico te spreken, waar Ajax alles het liefst zo veel mogelijk via eigen media deelt. Hierdoor is de spits, en dus Feyenoord, veel toegankelijker voor de Mexicaanse voetbalsupporter. \u201cFeyenoord begrijpt dat Santiago Gim\u00e9nez de sleutel is om naar Mexico te gaan. We praten over zo\u2019n 145 miljoen Mexicanen in Mexico en de VS.\u201d Als het tussen Ajax en Feyenoord gaat, zal het overgrote deel van voetballiefhebbend Mexico voor Feyenoord juichen, vertelt de Mexicaans sportjournalist. Gim\u00e9nez is dus een schoolvoorbeeld voor Mexicanen die de overstap naar Nederland ook wel zien zitten. Dus of de Eredivisie in de toekomst nog veel Mexicanen kan verwelkomen? Die kans zit er dik in. Zo was Luis Chavez, uitblinker voor Mexico op het WK in Qatar, al dichtbij een transfer naar Feyenoord afgelopen winter. Je hebt in Nederland ook de kans om Europees voetbal te spelen in de Champions League, Europa League of Conference League. Reyes Villase\u00f1or: \u201cBijna iedere Mexicaan in Nederland was een succes. Ik weet dus zeker dat er nog meer zullen volgen.\u201d<\/p>\n\n\n\n<p>Een ander goed voorbeeld waaruit te herleiden valt dat er meer Latijns-Amerikaanse spelers richting de Eredivisie zullen komen, zijn samenwerkingen. Zo heeft Ajax recentelijk nog een samenwerkingsverband opgezet met Mexicaanse club CF Pachuca. PSV werkte al samen met het Mexicaanse Chivas Guadalajara en onlangs nog met Cruzeiro uit Brazili\u00eb. \u201cIn sommige landen wil men van ons leren, maar wij ook van hen\u201d, vertelt Rik Elfrink. \u201cEr gaan bijvoorbeeld jeugdspelers over en weer, trainingsmethodes worden uitgewisseld en commercieel is het ook interessant.\u201d<\/p>\n<\/div>\n<\/div>\n\n\n\n<p><\/p>\n\n\n\n<p class=\"has-base-background-color has-background\"><strong>Dataverantwoording:<\/strong> Voor mijn data heb ik gekeken naar Zuid- en Midden-Amerikaanse spelers die sinds seizoen 2012\/2013 in de Eredivisie spelen\/speelden tot seizoen 2022\/2023. Een periode van tien jaar. Ik heb gekeken voor welke bedragen zij door hun eerste Nederlandse club zijn gekocht en ook weer zijn verkocht. Enkele regio\u2019s heb ik uitgesloten. Landen als Suriname en Cura\u00e7ao heb ik achterwege gelaten in mijn onderzoek. Dit omdat het merendeel van deze spelers in Nederland via jeugdopleidingen in het eerste elftal terecht zijn gekomen. Het zou geen juiste afspiegeling zijn van wat ik probeer aan te tonen, wanneer deze spelers wel in mijn dataset zouden staan. De data is door mijzelf verzameld en is afkomstig van de informatie die ik heb gekregen via <a rel=\"noreferrer noopener\" href=\"https:\/\/fbref.com\/en\/comps\/23\/nations\/Eredivisie-Nationalities\" data-type=\"URL\" data-id=\"https:\/\/fbref.com\/en\/comps\/23\/nations\/Eredivisie-Nationalities\" target=\"_blank\">Fbref.com<\/a>. Om zeker te zijn van mijn zaak heb ik <a href=\"https:\/\/www.transfermarkt.nl\/\" data-type=\"URL\" data-id=\"https:\/\/www.transfermarkt.nl\/\">Transfermarkt.nl<\/a> ook gebruikt. Deze site wordt door andere sportnieuwsmedia ook vaak gebruikt om te kijken naar de waarde van een speler of om zijn palmares te bekijken, zoals bijvoorbeeld <a href=\"https:\/\/www.voetbalprimeur.nl\/\" data-type=\"URL\" data-id=\"https:\/\/www.voetbalprimeur.nl\/\">Voetbalprimeur.nl<\/a>. Om tot slot te kunnen zeggen dat hetgeen in mijn dataset staat klopt, heb ik <a href=\"https:\/\/nl.wikipedia.org\/wiki\/Hoofdpagina\" data-type=\"URL\" data-id=\"https:\/\/nl.wikipedia.org\/wiki\/Hoofdpagina\">Wikipedia <\/a>aangehouden. Pas wanneer alle drie deze platformen wisten te melden dat de informatie die ik nodig had klopte, heb ik het verwerkt in de data.<\/p>\n","protected":false},"excerpt":{"rendered":"<p>Latijns-Amerikaanse invloeden in de Eredivisie Over de stap naar Europa, Shakhtar Donetsk en de toekomst Steeds meer Latijns-Amerikaanse voetballers verschijnen op de Nederlandse voetbalvelden. Waarom zoeken clubs zo ver buiten Nederland en waarom willen deze spelers eigenlijk in de Eredivisie spelen? Voetbalclubs halen al sinds jaar en dag spelers uit het buitenland. Waar dit vroeger &#8230; <a title=\"Achtergrondverhaal\" class=\"read-more\" href=\"https:\/\/svjmedia.nl\/binkdoderer\/portfolio-slow\/achtergrondverhaal\/\" aria-label=\"Lees meer over Achtergrondverhaal\">Lees meer<\/a><\/p>\n","protected":false},"author":1,"featured_media":0,"parent":261,"menu_order":0,"comment_status":"closed","ping_status":"closed","template":"","meta":{"_acf_changed":false,"footnotes":""},"class_list":["post-264","page","type-page","status-publish"],"acf":[],"yoast_head":"<!-- This site is optimized with the Yoast SEO plugin v27.5 - https:\/\/yoast.com\/product\/yoast-seo-wordpress\/ -->\n<title>Achtergrondverhaal - Bink Doderer<\/title>\n<meta name=\"robots\" content=\"noindex, follow, max-snippet:-1, max-image-preview:large, max-video-preview:-1\" \/>\n<meta property=\"og:locale\" content=\"nl_NL\" \/>\n<meta property=\"og:type\" content=\"article\" \/>\n<meta property=\"og:title\" content=\"Achtergrondverhaal - Bink Doderer\" \/>\n<meta property=\"og:description\" content=\"Latijns-Amerikaanse invloeden in de Eredivisie Over de stap naar Europa, Shakhtar Donetsk en de toekomst Steeds meer Latijns-Amerikaanse voetballers verschijnen op de Nederlandse voetbalvelden. Waarom zoeken clubs zo ver buiten Nederland en waarom willen deze spelers eigenlijk in de Eredivisie spelen? Voetbalclubs halen al sinds jaar en dag spelers uit het buitenland. Waar dit vroeger ... Lees meer\" \/>\n<meta property=\"og:url\" content=\"https:\/\/svjmedia.nl\/binkdoderer\/portfolio-slow\/achtergrondverhaal\/\" \/>\n<meta property=\"og:site_name\" content=\"Bink Doderer\" \/>\n<meta property=\"article:modified_time\" content=\"2023-06-22T07:56:51+00:00\" \/>\n<meta property=\"og:image\" content=\"https:\/\/svjmedia.nl\/binkdoderer\/wp-content\/uploads\/sites\/1235\/2023\/04\/ALvarez-1024x768.jpeg\" \/>\n<meta name=\"twitter:card\" content=\"summary_large_image\" \/>\n<meta name=\"twitter:label1\" content=\"Geschatte leestijd\" \/>\n\t<meta name=\"twitter:data1\" content=\"8 minuten\" \/>\n<script type=\"application\/ld+json\" class=\"yoast-schema-graph\">{\"@context\":\"https:\\\/\\\/schema.org\",\"@graph\":[{\"@type\":\"WebPage\",\"@id\":\"https:\\\/\\\/svjmedia.nl\\\/binkdoderer\\\/portfolio-slow\\\/achtergrondverhaal\\\/\",\"url\":\"https:\\\/\\\/svjmedia.nl\\\/binkdoderer\\\/portfolio-slow\\\/achtergrondverhaal\\\/\",\"name\":\"Achtergrondverhaal - Bink Doderer\",\"isPartOf\":{\"@id\":\"https:\\\/\\\/svjmedia.nl\\\/binkdoderer\\\/#website\"},\"primaryImageOfPage\":{\"@id\":\"https:\\\/\\\/svjmedia.nl\\\/binkdoderer\\\/portfolio-slow\\\/achtergrondverhaal\\\/#primaryimage\"},\"image\":{\"@id\":\"https:\\\/\\\/svjmedia.nl\\\/binkdoderer\\\/portfolio-slow\\\/achtergrondverhaal\\\/#primaryimage\"},\"thumbnailUrl\":\"https:\\\/\\\/svjmedia.nl\\\/binkdoderer\\\/wp-content\\\/uploads\\\/sites\\\/1235\\\/2023\\\/04\\\/ALvarez-1024x768.jpeg\",\"datePublished\":\"2019-09-13T08:43:17+00:00\",\"dateModified\":\"2023-06-22T07:56:51+00:00\",\"breadcrumb\":{\"@id\":\"https:\\\/\\\/svjmedia.nl\\\/binkdoderer\\\/portfolio-slow\\\/achtergrondverhaal\\\/#breadcrumb\"},\"inLanguage\":\"nl-NL\",\"potentialAction\":[{\"@type\":\"ReadAction\",\"target\":[\"https:\\\/\\\/svjmedia.nl\\\/binkdoderer\\\/portfolio-slow\\\/achtergrondverhaal\\\/\"]}]},{\"@type\":\"ImageObject\",\"inLanguage\":\"nl-NL\",\"@id\":\"https:\\\/\\\/svjmedia.nl\\\/binkdoderer\\\/portfolio-slow\\\/achtergrondverhaal\\\/#primaryimage\",\"url\":\"https:\\\/\\\/svjmedia.nl\\\/binkdoderer\\\/wp-content\\\/uploads\\\/sites\\\/1235\\\/2023\\\/04\\\/ALvarez-1024x768.jpeg\",\"contentUrl\":\"https:\\\/\\\/svjmedia.nl\\\/binkdoderer\\\/wp-content\\\/uploads\\\/sites\\\/1235\\\/2023\\\/04\\\/ALvarez-1024x768.jpeg\"},{\"@type\":\"BreadcrumbList\",\"@id\":\"https:\\\/\\\/svjmedia.nl\\\/binkdoderer\\\/portfolio-slow\\\/achtergrondverhaal\\\/#breadcrumb\",\"itemListElement\":[{\"@type\":\"ListItem\",\"position\":1,\"name\":\"Home\",\"item\":\"https:\\\/\\\/svjmedia.nl\\\/binkdoderer\\\/\"},{\"@type\":\"ListItem\",\"position\":2,\"name\":\"Portfolio Slow\",\"item\":\"https:\\\/\\\/svjmedia.nl\\\/binkdoderer\\\/portfolio-slow\\\/\"},{\"@type\":\"ListItem\",\"position\":3,\"name\":\"Achtergrondverhaal\"}]},{\"@type\":\"WebSite\",\"@id\":\"https:\\\/\\\/svjmedia.nl\\\/binkdoderer\\\/#website\",\"url\":\"https:\\\/\\\/svjmedia.nl\\\/binkdoderer\\\/\",\"name\":\"Bink Doderer\",\"description\":\"HU School voor Journalistiek Persoonlijk Dossier\",\"potentialAction\":[{\"@type\":\"SearchAction\",\"target\":{\"@type\":\"EntryPoint\",\"urlTemplate\":\"https:\\\/\\\/svjmedia.nl\\\/binkdoderer\\\/?s={search_term_string}\"},\"query-input\":{\"@type\":\"PropertyValueSpecification\",\"valueRequired\":true,\"valueName\":\"search_term_string\"}}],\"inLanguage\":\"nl-NL\"}]}<\/script>\n<!-- \/ Yoast SEO plugin. -->","yoast_head_json":{"title":"Achtergrondverhaal - Bink Doderer","robots":{"index":"noindex","follow":"follow","max-snippet":"max-snippet:-1","max-image-preview":"max-image-preview:large","max-video-preview":"max-video-preview:-1"},"og_locale":"nl_NL","og_type":"article","og_title":"Achtergrondverhaal - Bink Doderer","og_description":"Latijns-Amerikaanse invloeden in de Eredivisie Over de stap naar Europa, Shakhtar Donetsk en de toekomst Steeds meer Latijns-Amerikaanse voetballers verschijnen op de Nederlandse voetbalvelden. Waarom zoeken clubs zo ver buiten Nederland en waarom willen deze spelers eigenlijk in de Eredivisie spelen? Voetbalclubs halen al sinds jaar en dag spelers uit het buitenland. Waar dit vroeger ... Lees meer","og_url":"https:\/\/svjmedia.nl\/binkdoderer\/portfolio-slow\/achtergrondverhaal\/","og_site_name":"Bink Doderer","article_modified_time":"2023-06-22T07:56:51+00:00","og_image":[{"url":"https:\/\/svjmedia.nl\/binkdoderer\/wp-content\/uploads\/sites\/1235\/2023\/04\/ALvarez-1024x768.jpeg","type":"","width":"","height":""}],"twitter_card":"summary_large_image","twitter_misc":{"Geschatte leestijd":"8 minuten"},"schema":{"@context":"https:\/\/schema.org","@graph":[{"@type":"WebPage","@id":"https:\/\/svjmedia.nl\/binkdoderer\/portfolio-slow\/achtergrondverhaal\/","url":"https:\/\/svjmedia.nl\/binkdoderer\/portfolio-slow\/achtergrondverhaal\/","name":"Achtergrondverhaal - Bink Doderer","isPartOf":{"@id":"https:\/\/svjmedia.nl\/binkdoderer\/#website"},"primaryImageOfPage":{"@id":"https:\/\/svjmedia.nl\/binkdoderer\/portfolio-slow\/achtergrondverhaal\/#primaryimage"},"image":{"@id":"https:\/\/svjmedia.nl\/binkdoderer\/portfolio-slow\/achtergrondverhaal\/#primaryimage"},"thumbnailUrl":"https:\/\/svjmedia.nl\/binkdoderer\/wp-content\/uploads\/sites\/1235\/2023\/04\/ALvarez-1024x768.jpeg","datePublished":"2019-09-13T08:43:17+00:00","dateModified":"2023-06-22T07:56:51+00:00","breadcrumb":{"@id":"https:\/\/svjmedia.nl\/binkdoderer\/portfolio-slow\/achtergrondverhaal\/#breadcrumb"},"inLanguage":"nl-NL","potentialAction":[{"@type":"ReadAction","target":["https:\/\/svjmedia.nl\/binkdoderer\/portfolio-slow\/achtergrondverhaal\/"]}]},{"@type":"ImageObject","inLanguage":"nl-NL","@id":"https:\/\/svjmedia.nl\/binkdoderer\/portfolio-slow\/achtergrondverhaal\/#primaryimage","url":"https:\/\/svjmedia.nl\/binkdoderer\/wp-content\/uploads\/sites\/1235\/2023\/04\/ALvarez-1024x768.jpeg","contentUrl":"https:\/\/svjmedia.nl\/binkdoderer\/wp-content\/uploads\/sites\/1235\/2023\/04\/ALvarez-1024x768.jpeg"},{"@type":"BreadcrumbList","@id":"https:\/\/svjmedia.nl\/binkdoderer\/portfolio-slow\/achtergrondverhaal\/#breadcrumb","itemListElement":[{"@type":"ListItem","position":1,"name":"Home","item":"https:\/\/svjmedia.nl\/binkdoderer\/"},{"@type":"ListItem","position":2,"name":"Portfolio Slow","item":"https:\/\/svjmedia.nl\/binkdoderer\/portfolio-slow\/"},{"@type":"ListItem","position":3,"name":"Achtergrondverhaal"}]},{"@type":"WebSite","@id":"https:\/\/svjmedia.nl\/binkdoderer\/#website","url":"https:\/\/svjmedia.nl\/binkdoderer\/","name":"Bink Doderer","description":"HU School voor Journalistiek Persoonlijk Dossier","potentialAction":[{"@type":"SearchAction","target":{"@type":"EntryPoint","urlTemplate":"https:\/\/svjmedia.nl\/binkdoderer\/?s={search_term_string}"},"query-input":{"@type":"PropertyValueSpecification","valueRequired":true,"valueName":"search_term_string"}}],"inLanguage":"nl-NL"}]}},"_links":{"self":[{"href":"https:\/\/svjmedia.nl\/binkdoderer\/wp-json\/wp\/v2\/pages\/264","targetHints":{"allow":["GET"]}}],"collection":[{"href":"https:\/\/svjmedia.nl\/binkdoderer\/wp-json\/wp\/v2\/pages"}],"about":[{"href":"https:\/\/svjmedia.nl\/binkdoderer\/wp-json\/wp\/v2\/types\/page"}],"author":[{"embeddable":true,"href":"https:\/\/svjmedia.nl\/binkdoderer\/wp-json\/wp\/v2\/users\/1"}],"replies":[{"embeddable":true,"href":"https:\/\/svjmedia.nl\/binkdoderer\/wp-json\/wp\/v2\/comments?post=264"}],"version-history":[{"count":0,"href":"https:\/\/svjmedia.nl\/binkdoderer\/wp-json\/wp\/v2\/pages\/264\/revisions"}],"up":[{"embeddable":true,"href":"https:\/\/svjmedia.nl\/binkdoderer\/wp-json\/wp\/v2\/pages\/261"}],"wp:attachment":[{"href":"https:\/\/svjmedia.nl\/binkdoderer\/wp-json\/wp\/v2\/media?parent=264"}],"curies":[{"name":"wp","href":"https:\/\/api.w.org\/{rel}","templated":true}]}}