{"id":264,"date":"2019-09-13T10:43:17","date_gmt":"2019-09-13T08:43:17","guid":{"rendered":"https:\/\/svjmedia.nl\/fleurnuijten\/?page_id=264"},"modified":"2025-09-04T17:44:36","modified_gmt":"2025-09-04T15:44:36","slug":"achtergrondverhaal","status":"publish","type":"page","link":"https:\/\/svjmedia.nl\/fleurnuijten\/portfolio-slow\/achtergrondverhaal\/","title":{"rendered":"Op zoek naar nieuwe klimaattermen die onduidelijkheid in berichtgeving moeten wegnemen"},"content":{"rendered":"\n<figure class=\"wp-block-image alignwide size-large is-style-default\"><img loading=\"lazy\" decoding=\"async\" width=\"1024\" height=\"576\" src=\"https:\/\/svjmedia.nl\/fleurnuijten\/wp-content\/uploads\/sites\/1099\/2022\/11\/Scrabble-bewerkt-definitief-1024x576.jpg\" alt=\"\" class=\"wp-image-412\" srcset=\"https:\/\/svjmedia.nl\/fleurnuijten\/wp-content\/uploads\/sites\/1099\/2022\/11\/Scrabble-bewerkt-definitief-1024x576.jpg 1024w, https:\/\/svjmedia.nl\/fleurnuijten\/wp-content\/uploads\/sites\/1099\/2022\/11\/Scrabble-bewerkt-definitief-300x169.jpg 300w, https:\/\/svjmedia.nl\/fleurnuijten\/wp-content\/uploads\/sites\/1099\/2022\/11\/Scrabble-bewerkt-definitief-768x432.jpg 768w, https:\/\/svjmedia.nl\/fleurnuijten\/wp-content\/uploads\/sites\/1099\/2022\/11\/Scrabble-bewerkt-definitief-1536x864.jpg 1536w, https:\/\/svjmedia.nl\/fleurnuijten\/wp-content\/uploads\/sites\/1099\/2022\/11\/Scrabble-bewerkt-definitief-2048x1152.jpg 2048w, https:\/\/svjmedia.nl\/fleurnuijten\/wp-content\/uploads\/sites\/1099\/2022\/11\/Scrabble-bewerkt-definitief-1250x703.jpg 1250w, https:\/\/svjmedia.nl\/fleurnuijten\/wp-content\/uploads\/sites\/1099\/2022\/11\/Scrabble-bewerkt-definitief-400x225.jpg 400w\" sizes=\"auto, (max-width: 1024px) 100vw, 1024px\" \/><figcaption class=\"wp-element-caption\"><em>Journalisten, schrijvers en onderzoekers zijn op zoek naar nieuwe termen die klimaatberichtgeving nauwkeuriger moet beschrijven | Beeld: Fleur Nuijten<\/em><\/figcaption><\/figure>\n\n\n\n<div class=\"wp-block-columns is-layout-flex wp-container-core-columns-is-layout-9d6595d7 wp-block-columns-is-layout-flex\">\n<div class=\"wp-block-column is-vertically-aligned-bottom is-layout-flow wp-block-column-is-layout-flow\">\n<div class=\"wp-block-columns is-layout-flex wp-container-core-columns-is-layout-9d6595d7 wp-block-columns-is-layout-flex\">\n<div class=\"wp-block-column is-layout-flow wp-block-column-is-layout-flow\">\n<h5 class=\"wp-block-heading\"><strong>\u2018Dus een kleine oproep aan de mensen van onder andere&nbsp;<em>Khalid en Sophie<\/em>,&nbsp;<em>op1<\/em>&nbsp;en&nbsp;<em>Jinek<\/em>. Probeer de klimaatcrisis vaker aan tafel te brengen\u2019, \u2018Talkshows brengen het gesprek van de dag, maar als iets ons allemaal aangaat is het de klimaatcrisis\u2019. Het is een greep uit de berichten die&nbsp;oud-redacteur en persvoorlichter van Milieudefensie Jelt Roos begin oktober op zijn Twitterpagina deelt. \u2018Ik snap dat een onleefbare planeet een beetje een mood killer is aan een &#8216;gezellige&#8217; talkshowtafel, maar het is echt van belang dat het meer ruimte krijgt\u2019, vervolgt hij.&nbsp;Welk taalgebruik kunnen media hanteren om w\u00e9l te informeren over de huidige toestand van de planeet, zonder het publiek te bedelven onder doemverhalen?<\/strong><\/h5>\n\n\n\n<p>Klimaatactivisten hebben de afgelopen tijd voor flinke ophef gezorgd met lijm- en soepacties. Als actievoerder Jelle de Graaf bij Jinek op tafel kruipt en zijn handen insmeert met lijm, bereikt het klimaatprotest ook de Nederlandse talkshows. Volgens Roos is het typerend dat er vooral met aversie op deze klimaatacties wordt gereageerd. \u2018In de huidige talkshowwereld wordt vrij veel naar incidenten, politieke relletjes en opvallende momenten gekeken. Dat gaat los op twitter, maar volgens mij zou je dan juist een gesprek moeten voeren over het verhaal erachter, waar een stuk minder mensen blijkbaar aandacht voor hebben\u2019, aldus de persvoorlichter van Milieudefensie.<\/p>\n\n\n\n<p>Waar klimaat in de talkshowwereld een opkomend thema is, is het al langere tijd een punt van aandacht in de geschreven (onderzoeks)journalistiek. Voor de oud-redacteur van De Wereld Draait Door en de Nieuws BV een bevestiging dat het wel degelijk mogelijk is dit gesprek ook aan een talkshowtafel te voeren. \u2018Toen ik nog bij talkshows werkte, nodigde wij bijvoorbeeld vaak misdaadjournalisten uit.&nbsp;Er zijn ook onwijs goede klimaatjournalisten die inhoudelijke stukken schrijven.&nbsp;Die zou ik graag vaker bij een talkshow zien aanschuiven. Als je daarbij ook politici uitnodigt, heb je inhoudelijk een heel sterk gesprek.\u2019<\/p>\n\n\n\n<h5 class=\"wp-block-heading\"><strong>Woordenwisseling<\/strong><\/h5>\n\n\n\n<p>Jaap Tielbeke is \u00e9\u00e9n van de Nederlandse journalisten die zich op het thema klimaat heeft toegelegd. \u2018Sinds ik in 2015 voor De Groene Amsterdammer over klimaat ben gaan schrijven, is er al een hoop veranderd. Heel erg in de positieve zin\u2019, benadrukt Tielbeke. E\u00e9n van de verandering die&nbsp;de klimaatjournalistiek vandaag de dag doormaakt, is de verschuiving in klimaattermen.<\/p>\n\n\n\n<p>\u2018Ik ben mij zeker bewust van de lading van woorden\u2019, aldus de klimaatjournalist. Tielbeke gebruikt zowel klimaatverandering en klimaatcrisis, als de opwarming van de aarde. \u2018Ik ben niet per se tegen het gebruik van klimaatverandering, maar ik begrijp heel goed dat het een soort understatement is van wat er gebeurt. Het klimaat wijzigt namelijk altijd.\u2019 Daarvoor in de plaats is Tielbeke Klimaatcrisis meer gaan gebruiken, maar ook hierbij heeft hij een kanttekening. \u2018Een crisis heeft de implicatie dat je iets kan oplossen, terwijl dit blijvend is.\u2019 De meest accurate term is volgens hem klimaatontwrichting of ecologische ontwrichting. \u2018Dat gaat echt over de complete disruptie die we de afgelopen tienduizend jaar hebben gekend.\u2019<\/p>\n\n\n\n<p>Klimaat campaigner Anne-Marie Pronk, ook wel de Klimaatzuster genoemd, gebruikt net als Tielbeke redelijk consequent klimaatcrisis of klimaatontwrichting. \u2018Klimaatverandering gebruik ik zelden, dat vind ik te soft. Crisis of ontwrichting doen meer recht aan de situatie.\u2019<\/p>\n\n\n\n<blockquote class=\"wp-block-quote is-layout-flow wp-block-quote-is-layout-flow\">\n<p><strong>\u2018Klimaatverandering gebruik ik zelden, dat vind ik te soft. Crisis of ontwrichting doen meer recht aan de situatie.\u2019<\/strong><\/p>\n\n\n\n<p>Anne-Marie Pronk, Klimaatzuster<\/p>\n<\/blockquote>\n\n\n\n<h5 class=\"wp-block-heading\"><strong>Hoe Nederlandse media klimaatverandering noemen<\/strong><\/h5>\n\n\n\n<p>De diverse termen wisselen zich binnen de klimaatjournalistiek af, een eenduidig antwoord blijft echter uit. Waar Tielbeke in zijn stukken bijvoorbeeld steeds vaker klimaatontwrichting hanteert, wordt deze aanduiding bij vier van de grootste Nederlandse kranten \u2013 de Volkskrant, het AD, de Telegraaf en de NRC \u2013 zelden gebruikt. Bij de NRC is de verhouding tussen klimaatontwrichting en klimaatcrisis 1:30.<\/p>\n\n\n\n<p>Kort na het verschijnen van het IPCC-rapport, een drieluik dat een actueel overzicht in de internationale klimaatwetenschap geeft, in augustus 2021 is klimaatverandering nog steeds de meest gebruikte term bij deze dagbladen. In de periode van augustus 2021 tot en met oktober 2022 verschenen er in deze nieuwsmedia ruim 1600 artikelen waar het woord klimaatverandering in voor kwam, zo blijkt uit&nbsp;de database&nbsp;Nexis Uni. Gevolgd door opwarming van de aarde de NRC en de Volkskrant uitgezonderd. Deze kranten gebruiken vaker het meer urgente klimaatcrisis, de NRC zelfs bijna twee keer zo veel als opwarming van de aarde.<\/p>\n\n\n\n<p>Opvallend is dat de NRC en de Volkskrant erbovenuit stijgen betreft de hoeveelheid klimaatberichtgeving. Van het totaal aantal artikelen waarin klimaatverandering voorkomt, komt een derde bij de Volkskrant vandaan en zelfs iets meer bij de NRC (36%).<\/p>\n\n\n\n<h5 class=\"wp-block-heading\"><strong>Koploper The Guardian<\/strong><\/h5>\n\n\n\n<p>Niet alleen Nederlandse journalisten houden zich met deze ontwikkeling bezig. De Britse krant The Guardian is de koploper in dit verhaal. Jaarlijks publiceert The Guardian meer dan drieduizend klimaatgerelateerde stukken. In 2019 maakt de Britse krant als eerst bekend termen te introduceren die \u2018de milieucrisis, waarmee de wereld wordt geconfronteerd, nauwkeuriger beschrijven\u2019.<\/p>\n\n\n\n<p>Het is Barbara Debusschere, journalist&nbsp;bij&nbsp;het Belgische Nederlandstalig dagblad&nbsp;De Morgen, opgevallen dat de verslaggeving over dit thema in de Britse krant een activistische campagne is geworden. \u2018Op hun website staat bij klimaatartikelen de oproep om hen financieel te steunen in dit thema\u2019, vult Debusschere aan.<\/p>\n\n\n\n<h5 class=\"wp-block-heading\"><strong>Internationale berichtgeving<\/strong><\/h5>\n\n\n\n<p>Niet alleen in het Verenigd Koninkrijk wordt veel over het klimaat geschreven, ook in Nederland, Frankrijk en Amerika wordt er met regelmaat over bericht. \u2018De grote spelers zijn Nederlandse kranten als Trouw, de NRC en de Volkskrant, maar ook de Franse krant Le Monde of het Amerikaanse dagblad The New York Times\u2019, aldus Debusschere. De Vlaamse journalist schrijft inmiddels twaalf jaar over het klimaat, maar merkt toch dat ze vaker internationale berichtgeving consumeert. \u2018Het is niet zo dat ik mijn nationale media negeer, maar er is door de kleinere redacties minder aanbod.\u2019<\/p>\n\n\n\n<p>Dat het aanbod in Belgi\u00eb kleinschaliger is, komt mede door de stukken die vanuit Nederland worden doorgeplaatst. De Morgen neemt sinds 2011 stelselmatig artikelen over uit zusterkrant de Volkskrant. \u2018Hierdoor houd ikzelf iets minder vaak de pen vast\u2019, vervolgt Debusschere. Ook dat is een van de redenen waarom ze vaker in aanraking komt met internationale media.<\/p>\n\n\n\n<h5 class=\"wp-block-heading\"><strong>Tekort aan woorden<\/strong><\/h5>\n\n\n\n<p>Ondanks dat Nederlandse kranten in mindere mate te maken hebben met kleine redacties, lopen journalisten tegen het feit aan dat er een gebrek is aan goede klimaattermen. \u2018Daarom gaat schrijfster Renske de Greef nieuwe woorden samenstellen\u2019, aldus de klimaatzuster. Eerder heeft Pronk het woord klimaatdrammer in het leven geroepen. \u2018Daar loopt Rob Jetten nu op een t-shirt mee rond.\u2019<\/p>\n\n\n\n<blockquote class=\"wp-block-quote is-layout-flow wp-block-quote-is-layout-flow\">\n<p>In ons vak gaat het over zo precies mogelijk schrijven van wat er gebeurt, &#8216;de opwarming van de aarde&#8217; is zo alomvattend<\/p>\n\n\n\n<p>Barbara Debusschere, journalist&nbsp;bij De Morgen<\/p>\n<\/blockquote>\n\n\n\n<p>De termen die worden ge\u00efntroduceerd, moeten tot nauwkeurigere berichtgeving leiden. \u2018In ons vak gaat het over zo precies mogelijk schrijven van wat er gebeurt. De opwarming van de aarde is zo alomvattend, woorden als klimaatontwrichting en klimaatcrisis zijn veel preciezer en dus juister\u2019, aldus Debusschere. Volgens Pronk is het tijd dat de journalistiek het eerlijke verhaal moet vertellen, \u2018er zijn weinig woorden die te ernstig klinken, dit is echt een existenti\u00eble crisis.\u2019<\/p>\n\n\n\n<p>Waar klimaatpsychologen en -campaigners eerst alles uit de kast trokken om de pers wakker te schudden en over de klimaatcrisis te schrijven, is de belangstelling inmiddels een stuk groter. \u2018We zitten nu in een fase dat de oorzaak van de klimaatcrisis als een paal boven water staat. Nu moeten we het echt over de oplossingen gaan hebben\u2019, aldus Pronk. \u2018Journalisten zouden moeten focussen op het dialoog en het bieden van een toekomstperspectief.\u2019<\/p>\n\n\n\n<p>In een eerder interview zei&nbsp;de Noorse psycholoog&nbsp;Per Espen Stoknes dat&nbsp;de psychologie ons leert dat mensen het meest betrokken raken bij een ratio van \u00e9\u00e9n negatief tegenover drie positieve verhalen.&nbsp;\u2018Dan lijkt het alsof mensen net een formule zijn en je ze door een hoepel kunt laten springen\u2019, reageert Pronk. De werkelijkheid ligt volgens haar net iets anders. \u2018Klimaatpsychologie zegt dat we realistisch moeten zijn. We kunnen niet meer cheerleaden, wat jarenlang het tegenwicht van de doemverhalen was.<\/p>\n\n\n\n<h5 class=\"wp-block-heading\"><strong>Een continue uitdaging<\/strong><\/h5>\n\n\n\n<p>Tielbeke en Debusschere staan beide al een aantal jaar voor de grote uitdaging om hetzelfde verhaal op nieuwe manieren te vertellen. Volgens Debusschere is het zaak om systematisch te publiceren. \u2018We moeten slimmer nadenken wanneer we iets brengen en op welke manier, zodat het zo goed mogelijk gelezen wordt. Wanneer de media er elke dag over bericht, raakt de lezer vermoeid.\u2019 Als mogelijke opties ziet de Vlaamse journalist een reeks, onderzoek of groot interview waarin ook met beelden en grafische elementen wordt gewerkt. \u2018Door de digitalisering zijn er meer mogelijkheden, dit biedt nieuwe opties en spreekt mensen eerder aan\u2019, aldus Debusschere.<\/p>\n\n\n\n<p>Ook Tielbeke zoekt naar nieuwe mogelijkheden om het verhaal bij de lezers te laten landen. \u2018Ik probeer nu meer persoonlijke stukken te schrijven, die wellicht herkenbaar zijn voor het publiek. Daarbij probeer ik structurele ontwikkelingen die w\u00e9l de goede kant op gaan onder de loep te nemen. Ook dat is, naast het dagelijkse nieuws, onderdeel van de wereld.\u2019<\/p>\n<\/div>\n<\/div>\n<\/div>\n<\/div>\n\n\n\n<pre class=\"wp-block-preformatted\"><strong>Dataverantwoording<\/strong>\nHoe de Nederlandse media klimaatverandering noemen, is gebaseerd op onderzoeksresultaten uit Nexis Uni.Dit is&nbsp;een database van historische krantenartikelen en juridische documenten. De focus in dit onderzoek ligt op&nbsp;het Algemeen Dagblad, De Telegraaf, de NRC \u00e9n de Volkskrant. Deze kranten vormen een aardige graadmeter voor trends die verder reiken dan de kranten zelf. Kranten hebben namelijk de naam \u2018agenderend\u2019 te zijn. Het eenmaal benoemen van slechts \u00e9\u00e9n van de bovenstaande termen is g\u00e9\u00e9n garantie dat klimaatverandering centraal stond in de artikelen.\n\nEr is voor de termen klimaatverandering, klimaatcrisis, klimaatontwrichting en opwarming van de aarde gekozen, omdat uit vooronderzoek en de gesproken bronnen blijkt dat dit de meest gebruikte termen zijn. Aangezien het IPCC-rapport als drieluik is gepubliceerd en de eerste versie in augustus 2021 is gepubliceerd, was dit het startpunt voor deze dataset.<\/pre>\n","protected":false},"excerpt":{"rendered":"<p>\u2018Dus een kleine oproep aan de mensen van onder andere&nbsp;Khalid en Sophie,&nbsp;op1&nbsp;en&nbsp;Jinek. Probeer de klimaatcrisis vaker aan tafel te brengen\u2019, \u2018Talkshows brengen het gesprek van de dag, maar als iets ons allemaal aangaat is het de klimaatcrisis\u2019. Het is een greep uit de berichten die&nbsp;oud-redacteur en persvoorlichter van Milieudefensie Jelt Roos begin oktober op zijn &#8230; <a title=\"Op zoek naar nieuwe klimaattermen die onduidelijkheid in berichtgeving moeten wegnemen\" class=\"read-more\" href=\"https:\/\/svjmedia.nl\/fleurnuijten\/portfolio-slow\/achtergrondverhaal\/\" aria-label=\"Lees meer over Op zoek naar nieuwe klimaattermen die onduidelijkheid in berichtgeving moeten wegnemen\">Lees verder<\/a><\/p>\n","protected":false},"author":1,"featured_media":0,"parent":261,"menu_order":0,"comment_status":"closed","ping_status":"closed","template":"","meta":{"_acf_changed":false,"footnotes":""},"class_list":["post-264","page","type-page","status-publish"],"acf":[],"yoast_head":"<!-- This site is optimized with the Yoast SEO plugin v27.3 - https:\/\/yoast.com\/product\/yoast-seo-wordpress\/ -->\n<title>Op zoek naar nieuwe klimaattermen die onduidelijkheid in berichtgeving moeten wegnemen - Fleur Nuijten<\/title>\n<meta name=\"robots\" content=\"noindex, follow, max-snippet:-1, max-image-preview:large, max-video-preview:-1\" \/>\n<meta property=\"og:locale\" content=\"nl_NL\" \/>\n<meta property=\"og:type\" content=\"article\" \/>\n<meta property=\"og:title\" content=\"Op zoek naar nieuwe klimaattermen die onduidelijkheid in berichtgeving moeten wegnemen - Fleur Nuijten\" \/>\n<meta property=\"og:description\" content=\"\u2018Dus een kleine oproep aan de mensen van onder andere&nbsp;Khalid en Sophie,&nbsp;op1&nbsp;en&nbsp;Jinek. Probeer de klimaatcrisis vaker aan tafel te brengen\u2019, \u2018Talkshows brengen het gesprek van de dag, maar als iets ons allemaal aangaat is het de klimaatcrisis\u2019. Het is een greep uit de berichten die&nbsp;oud-redacteur en persvoorlichter van Milieudefensie Jelt Roos begin oktober op zijn ... Lees verder\" \/>\n<meta property=\"og:url\" content=\"https:\/\/svjmedia.nl\/fleurnuijten\/portfolio-slow\/achtergrondverhaal\/\" \/>\n<meta property=\"og:site_name\" content=\"Fleur Nuijten\" \/>\n<meta property=\"article:modified_time\" content=\"2025-09-04T15:44:36+00:00\" \/>\n<meta property=\"og:image\" content=\"https:\/\/svjmedia.nl\/fleurnuijten\/wp-content\/uploads\/sites\/1099\/2022\/11\/Scrabble-bewerkt-definitief-scaled.jpg\" \/>\n\t<meta property=\"og:image:width\" content=\"2560\" \/>\n\t<meta property=\"og:image:height\" content=\"1440\" \/>\n\t<meta property=\"og:image:type\" content=\"image\/jpeg\" \/>\n<meta name=\"twitter:card\" content=\"summary_large_image\" \/>\n<meta name=\"twitter:label1\" content=\"Geschatte leestijd\" \/>\n\t<meta name=\"twitter:data1\" content=\"8 minuten\" \/>\n<script type=\"application\/ld+json\" class=\"yoast-schema-graph\">{\"@context\":\"https:\\\/\\\/schema.org\",\"@graph\":[{\"@type\":\"WebPage\",\"@id\":\"https:\\\/\\\/svjmedia.nl\\\/fleurnuijten\\\/portfolio-slow\\\/achtergrondverhaal\\\/\",\"url\":\"https:\\\/\\\/svjmedia.nl\\\/fleurnuijten\\\/portfolio-slow\\\/achtergrondverhaal\\\/\",\"name\":\"Op zoek naar nieuwe klimaattermen die onduidelijkheid in berichtgeving moeten wegnemen - Fleur Nuijten\",\"isPartOf\":{\"@id\":\"https:\\\/\\\/svjmedia.nl\\\/fleurnuijten\\\/#website\"},\"primaryImageOfPage\":{\"@id\":\"https:\\\/\\\/svjmedia.nl\\\/fleurnuijten\\\/portfolio-slow\\\/achtergrondverhaal\\\/#primaryimage\"},\"image\":{\"@id\":\"https:\\\/\\\/svjmedia.nl\\\/fleurnuijten\\\/portfolio-slow\\\/achtergrondverhaal\\\/#primaryimage\"},\"thumbnailUrl\":\"https:\\\/\\\/svjmedia.nl\\\/fleurnuijten\\\/wp-content\\\/uploads\\\/sites\\\/1099\\\/2022\\\/11\\\/Scrabble-bewerkt-definitief-1024x576.jpg\",\"datePublished\":\"2019-09-13T08:43:17+00:00\",\"dateModified\":\"2025-09-04T15:44:36+00:00\",\"breadcrumb\":{\"@id\":\"https:\\\/\\\/svjmedia.nl\\\/fleurnuijten\\\/portfolio-slow\\\/achtergrondverhaal\\\/#breadcrumb\"},\"inLanguage\":\"nl-NL\",\"potentialAction\":[{\"@type\":\"ReadAction\",\"target\":[\"https:\\\/\\\/svjmedia.nl\\\/fleurnuijten\\\/portfolio-slow\\\/achtergrondverhaal\\\/\"]}]},{\"@type\":\"ImageObject\",\"inLanguage\":\"nl-NL\",\"@id\":\"https:\\\/\\\/svjmedia.nl\\\/fleurnuijten\\\/portfolio-slow\\\/achtergrondverhaal\\\/#primaryimage\",\"url\":\"https:\\\/\\\/svjmedia.nl\\\/fleurnuijten\\\/wp-content\\\/uploads\\\/sites\\\/1099\\\/2022\\\/11\\\/Scrabble-bewerkt-definitief-scaled.jpg\",\"contentUrl\":\"https:\\\/\\\/svjmedia.nl\\\/fleurnuijten\\\/wp-content\\\/uploads\\\/sites\\\/1099\\\/2022\\\/11\\\/Scrabble-bewerkt-definitief-scaled.jpg\",\"width\":2560,\"height\":1440},{\"@type\":\"BreadcrumbList\",\"@id\":\"https:\\\/\\\/svjmedia.nl\\\/fleurnuijten\\\/portfolio-slow\\\/achtergrondverhaal\\\/#breadcrumb\",\"itemListElement\":[{\"@type\":\"ListItem\",\"position\":1,\"name\":\"Home\",\"item\":\"https:\\\/\\\/svjmedia.nl\\\/fleurnuijten\\\/\"},{\"@type\":\"ListItem\",\"position\":2,\"name\":\"Portfolio Slow\",\"item\":\"https:\\\/\\\/svjmedia.nl\\\/fleurnuijten\\\/portfolio-slow\\\/\"},{\"@type\":\"ListItem\",\"position\":3,\"name\":\"Op zoek naar nieuwe klimaattermen die onduidelijkheid in berichtgeving moeten wegnemen\"}]},{\"@type\":\"WebSite\",\"@id\":\"https:\\\/\\\/svjmedia.nl\\\/fleurnuijten\\\/#website\",\"url\":\"https:\\\/\\\/svjmedia.nl\\\/fleurnuijten\\\/\",\"name\":\"Fleur Nuijten\",\"description\":\"HU School voor Journalistiek Persoonlijk Dossier\",\"potentialAction\":[{\"@type\":\"SearchAction\",\"target\":{\"@type\":\"EntryPoint\",\"urlTemplate\":\"https:\\\/\\\/svjmedia.nl\\\/fleurnuijten\\\/?s={search_term_string}\"},\"query-input\":{\"@type\":\"PropertyValueSpecification\",\"valueRequired\":true,\"valueName\":\"search_term_string\"}}],\"inLanguage\":\"nl-NL\"}]}<\/script>\n<!-- \/ Yoast SEO plugin. -->","yoast_head_json":{"title":"Op zoek naar nieuwe klimaattermen die onduidelijkheid in berichtgeving moeten wegnemen - Fleur Nuijten","robots":{"index":"noindex","follow":"follow","max-snippet":"max-snippet:-1","max-image-preview":"max-image-preview:large","max-video-preview":"max-video-preview:-1"},"og_locale":"nl_NL","og_type":"article","og_title":"Op zoek naar nieuwe klimaattermen die onduidelijkheid in berichtgeving moeten wegnemen - Fleur Nuijten","og_description":"\u2018Dus een kleine oproep aan de mensen van onder andere&nbsp;Khalid en Sophie,&nbsp;op1&nbsp;en&nbsp;Jinek. Probeer de klimaatcrisis vaker aan tafel te brengen\u2019, \u2018Talkshows brengen het gesprek van de dag, maar als iets ons allemaal aangaat is het de klimaatcrisis\u2019. Het is een greep uit de berichten die&nbsp;oud-redacteur en persvoorlichter van Milieudefensie Jelt Roos begin oktober op zijn ... Lees verder","og_url":"https:\/\/svjmedia.nl\/fleurnuijten\/portfolio-slow\/achtergrondverhaal\/","og_site_name":"Fleur Nuijten","article_modified_time":"2025-09-04T15:44:36+00:00","og_image":[{"width":2560,"height":1440,"url":"https:\/\/svjmedia.nl\/fleurnuijten\/wp-content\/uploads\/sites\/1099\/2022\/11\/Scrabble-bewerkt-definitief-scaled.jpg","type":"image\/jpeg"}],"twitter_card":"summary_large_image","twitter_misc":{"Geschatte leestijd":"8 minuten"},"schema":{"@context":"https:\/\/schema.org","@graph":[{"@type":"WebPage","@id":"https:\/\/svjmedia.nl\/fleurnuijten\/portfolio-slow\/achtergrondverhaal\/","url":"https:\/\/svjmedia.nl\/fleurnuijten\/portfolio-slow\/achtergrondverhaal\/","name":"Op zoek naar nieuwe klimaattermen die onduidelijkheid in berichtgeving moeten wegnemen - Fleur Nuijten","isPartOf":{"@id":"https:\/\/svjmedia.nl\/fleurnuijten\/#website"},"primaryImageOfPage":{"@id":"https:\/\/svjmedia.nl\/fleurnuijten\/portfolio-slow\/achtergrondverhaal\/#primaryimage"},"image":{"@id":"https:\/\/svjmedia.nl\/fleurnuijten\/portfolio-slow\/achtergrondverhaal\/#primaryimage"},"thumbnailUrl":"https:\/\/svjmedia.nl\/fleurnuijten\/wp-content\/uploads\/sites\/1099\/2022\/11\/Scrabble-bewerkt-definitief-1024x576.jpg","datePublished":"2019-09-13T08:43:17+00:00","dateModified":"2025-09-04T15:44:36+00:00","breadcrumb":{"@id":"https:\/\/svjmedia.nl\/fleurnuijten\/portfolio-slow\/achtergrondverhaal\/#breadcrumb"},"inLanguage":"nl-NL","potentialAction":[{"@type":"ReadAction","target":["https:\/\/svjmedia.nl\/fleurnuijten\/portfolio-slow\/achtergrondverhaal\/"]}]},{"@type":"ImageObject","inLanguage":"nl-NL","@id":"https:\/\/svjmedia.nl\/fleurnuijten\/portfolio-slow\/achtergrondverhaal\/#primaryimage","url":"https:\/\/svjmedia.nl\/fleurnuijten\/wp-content\/uploads\/sites\/1099\/2022\/11\/Scrabble-bewerkt-definitief-scaled.jpg","contentUrl":"https:\/\/svjmedia.nl\/fleurnuijten\/wp-content\/uploads\/sites\/1099\/2022\/11\/Scrabble-bewerkt-definitief-scaled.jpg","width":2560,"height":1440},{"@type":"BreadcrumbList","@id":"https:\/\/svjmedia.nl\/fleurnuijten\/portfolio-slow\/achtergrondverhaal\/#breadcrumb","itemListElement":[{"@type":"ListItem","position":1,"name":"Home","item":"https:\/\/svjmedia.nl\/fleurnuijten\/"},{"@type":"ListItem","position":2,"name":"Portfolio Slow","item":"https:\/\/svjmedia.nl\/fleurnuijten\/portfolio-slow\/"},{"@type":"ListItem","position":3,"name":"Op zoek naar nieuwe klimaattermen die onduidelijkheid in berichtgeving moeten wegnemen"}]},{"@type":"WebSite","@id":"https:\/\/svjmedia.nl\/fleurnuijten\/#website","url":"https:\/\/svjmedia.nl\/fleurnuijten\/","name":"Fleur Nuijten","description":"HU School voor Journalistiek Persoonlijk Dossier","potentialAction":[{"@type":"SearchAction","target":{"@type":"EntryPoint","urlTemplate":"https:\/\/svjmedia.nl\/fleurnuijten\/?s={search_term_string}"},"query-input":{"@type":"PropertyValueSpecification","valueRequired":true,"valueName":"search_term_string"}}],"inLanguage":"nl-NL"}]}},"_links":{"self":[{"href":"https:\/\/svjmedia.nl\/fleurnuijten\/wp-json\/wp\/v2\/pages\/264","targetHints":{"allow":["GET"]}}],"collection":[{"href":"https:\/\/svjmedia.nl\/fleurnuijten\/wp-json\/wp\/v2\/pages"}],"about":[{"href":"https:\/\/svjmedia.nl\/fleurnuijten\/wp-json\/wp\/v2\/types\/page"}],"author":[{"embeddable":true,"href":"https:\/\/svjmedia.nl\/fleurnuijten\/wp-json\/wp\/v2\/users\/1"}],"replies":[{"embeddable":true,"href":"https:\/\/svjmedia.nl\/fleurnuijten\/wp-json\/wp\/v2\/comments?post=264"}],"version-history":[{"count":6,"href":"https:\/\/svjmedia.nl\/fleurnuijten\/wp-json\/wp\/v2\/pages\/264\/revisions"}],"predecessor-version":[{"id":1020,"href":"https:\/\/svjmedia.nl\/fleurnuijten\/wp-json\/wp\/v2\/pages\/264\/revisions\/1020"}],"up":[{"embeddable":true,"href":"https:\/\/svjmedia.nl\/fleurnuijten\/wp-json\/wp\/v2\/pages\/261"}],"wp:attachment":[{"href":"https:\/\/svjmedia.nl\/fleurnuijten\/wp-json\/wp\/v2\/media?parent=264"}],"curies":[{"name":"wp","href":"https:\/\/api.w.org\/{rel}","templated":true}]}}