{"id":868,"date":"2024-01-26T08:34:55","date_gmt":"2024-01-26T07:34:55","guid":{"rendered":"https:\/\/svjmedia.nl\/fleurnuijten\/?page_id=868"},"modified":"2025-09-04T22:01:26","modified_gmt":"2025-09-04T20:01:26","slug":"bente-17-ervaart-toenemende-prestatiedruk-door-toetscultuur-ik-wil-niet-als-enige-een-onvoldoende","status":"publish","type":"page","link":"https:\/\/svjmedia.nl\/fleurnuijten\/bente-17-ervaart-toenemende-prestatiedruk-door-toetscultuur-ik-wil-niet-als-enige-een-onvoldoende\/","title":{"rendered":"Bente (17) ervaart toenemende prestatiedruk door toetscultuur: \u201cIk wil niet als enige een onvoldoende\u201d"},"content":{"rendered":"\n<figure data-wp-context=\"{&quot;imageId&quot;:&quot;69d3d8cd2f1ad&quot;}\" data-wp-interactive=\"core\/image\" data-wp-key=\"69d3d8cd2f1ad\" class=\"wp-block-image alignwide size-large is-style-default wp-lightbox-container\"><img loading=\"lazy\" decoding=\"async\" width=\"1024\" height=\"576\" data-wp-class--hide=\"state.isContentHidden\" data-wp-class--show=\"state.isContentVisible\" data-wp-init=\"callbacks.setButtonStyles\" data-wp-on--click=\"actions.showLightbox\" data-wp-on--load=\"callbacks.setButtonStyles\" data-wp-on-window--resize=\"callbacks.setButtonStyles\" src=\"https:\/\/svjmedia.nl\/fleurnuijten\/wp-content\/uploads\/sites\/1099\/2024\/01\/Bente-van-Zundert-met-achtergrond-1024x576.png\" alt=\"\" class=\"wp-image-886\" srcset=\"https:\/\/svjmedia.nl\/fleurnuijten\/wp-content\/uploads\/sites\/1099\/2024\/01\/Bente-van-Zundert-met-achtergrond-1024x576.png 1024w, https:\/\/svjmedia.nl\/fleurnuijten\/wp-content\/uploads\/sites\/1099\/2024\/01\/Bente-van-Zundert-met-achtergrond-300x169.png 300w, https:\/\/svjmedia.nl\/fleurnuijten\/wp-content\/uploads\/sites\/1099\/2024\/01\/Bente-van-Zundert-met-achtergrond-768x432.png 768w, https:\/\/svjmedia.nl\/fleurnuijten\/wp-content\/uploads\/sites\/1099\/2024\/01\/Bente-van-Zundert-met-achtergrond-1536x864.png 1536w, https:\/\/svjmedia.nl\/fleurnuijten\/wp-content\/uploads\/sites\/1099\/2024\/01\/Bente-van-Zundert-met-achtergrond-1250x703.png 1250w, https:\/\/svjmedia.nl\/fleurnuijten\/wp-content\/uploads\/sites\/1099\/2024\/01\/Bente-van-Zundert-met-achtergrond-400x225.png 400w, https:\/\/svjmedia.nl\/fleurnuijten\/wp-content\/uploads\/sites\/1099\/2024\/01\/Bente-van-Zundert-met-achtergrond.png 1920w\" sizes=\"auto, (max-width: 1024px) 100vw, 1024px\" \/><button\n\t\t\tclass=\"lightbox-trigger\"\n\t\t\ttype=\"button\"\n\t\t\taria-haspopup=\"dialog\"\n\t\t\taria-label=\"Vergroten\"\n\t\t\tdata-wp-init=\"callbacks.initTriggerButton\"\n\t\t\tdata-wp-on--click=\"actions.showLightbox\"\n\t\t\tdata-wp-style--right=\"state.imageButtonRight\"\n\t\t\tdata-wp-style--top=\"state.imageButtonTop\"\n\t\t>\n\t\t\t<svg xmlns=\"http:\/\/www.w3.org\/2000\/svg\" width=\"12\" height=\"12\" fill=\"none\" viewBox=\"0 0 12 12\">\n\t\t\t\t<path fill=\"#fff\" d=\"M2 0a2 2 0 0 0-2 2v2h1.5V2a.5.5 0 0 1 .5-.5h2V0H2Zm2 10.5H2a.5.5 0 0 1-.5-.5V8H0v2a2 2 0 0 0 2 2h2v-1.5ZM8 12v-1.5h2a.5.5 0 0 0 .5-.5V8H12v2a2 2 0 0 1-2 2H8Zm2-12a2 2 0 0 1 2 2v2h-1.5V2a.5.5 0 0 0-.5-.5H8V0h2Z\" \/>\n\t\t\t<\/svg>\n\t\t<\/button><figcaption class=\"wp-element-caption\"><em>Bente van Zundert,&nbsp;\u00a9&nbsp;Fleur Nuijten<\/em><\/figcaption><\/figure>\n\n\n\n<p><\/p>\n\n\n\n<p><strong>Continue druk om goede cijfers te halen, bijna\u00a0<a href=\"https:\/\/www-media.wrts.nl\/wp-content\/uploads\/2023\/05\/WRTS-SVDL-Rapport-DIGI-1024x768-1.pdf?_ga=2.220058719.711805461.1684482578-1205567314.1684482578\">de helft van de huidige <\/a><a href=\"https:\/\/www-media.wrts.nl\/wp-content\/uploads\/2023\/05\/WRTS-SVDL-Rapport-DIGI-1024x768-1.pdf?_ga=2.220058719.711805461.1684482578-1205567314.1684482578\" target=\"_blank\" rel=\"noreferrer noopener\">middelbare<\/a>\u00a0scholieren heeft ermee te maken. Ook de\u00a017-jarige Bente van Zundert die hierdoor het besluit heeft genomen 5 vwo opnieuw te doen, ondanks dat ze over kon naar het examenjaar: \u201cIk stond er niet zo goed voor, waardoor ik nog meer stress ervaarde\u201d.<\/strong><\/p>\n\n\n\n<p>Het is maandagmiddag wanneer het laatste belsignaal van de schooldag klinkt en Bente met een rugtas vol boeken op de fiets richting huis stapt. Met haar overvolle agenda is het weer een race tegen de klok. Haar wangen zijn roodgekleurd zodra ze in de voortuin van haar fiets afstapt. De sleutel draait in het deurslot: \u201cIk ben thuis!\u201d, roept ze richting haar moeder op de eerste verdieping, waarna de deur in het slot valt. \u201cIk probeer uit school iedere dag \u00e9\u00e9n \u00e0 twee uur huiswerk te maken, maar soms komt het er gewoon echt niet van\u2026\u201d<\/p>\n\n\n\n\n\n<p><strong>\u00a7 1.&nbsp;O<\/strong><strong>orzaak en gevolg van Bente haar keuze<\/strong><\/p>\n\n\n\n<div class=\"humamaudio\" style=\"position:relative;overflow:hidden;width:600px;height:40px;margin:20px 0px;\"><iframe loading=\"lazy\" width=\"600\" height=\"40\" src=\"https:\/\/stream.hu.nl\/players\/foskyJpS-gUDjC9bv.html\"><\/iframe><\/div>\n\n\n\n<p><strong>\u00a7 2.&nbsp;<\/strong><strong>Prestatiedruk door de jaren heen<\/strong><\/p>\n\n\n\n<p>Bente is niet de enige met prestatiedruk. <a href=\"https:\/\/www.unicef.nl\/files\/Rapport_Geluk%20onder%20druk_DEF_interactief.pdf\">Onderzoek<\/a> uitgevoerd door het Trimbos Instituut, de Universiteit Utrecht en het Sociaal Cultureel Planbureau toont aan dat het aantal leerlingen dat last heeft van schoolstress al sinds 2001 toeneemt. In dat jaar gaf 16 procent van de jongens en 19 procent van de meisjes aan druk te voelen door schoolwerk. Ruim tien jaar later is dat percentage gestegen naar 35 procent bij jongens en 42 procent bij meisjes.<\/p>\n\n\n\n<p><strong>\u00a7 2.1&nbsp;Aanleidingen prestatiedruk<\/strong><\/p>\n\n\n\n<p>\u201cIk heb met name door mijzelf last van prestatiedruk, omdat ik het heel graag wil halen. Maar ook omdat mijn vrienden superslim zijn. Als zij een voldoende halen, wil ik dat ook. Dat legt nog meer druk op mij\u201d, vertelt Bente met haar huiswerk opengeklapt voor haar neus.<\/p>\n\n\n\n<p>Onderzoek van het Trimbos Instituut naar het mentaal welzijn van jongeren in Nederland wijst uit dat de toenemende prestatiedruk het resultaat is van verschillende factoren. Jongeren ervaren druk met betrekking tot toetsen, omdat ze dus net zoals Bente hoge eisen aan zichzelf stellen. Bovendien spelen factoren zoals het vroeg meetellen van cijfers voor het eindexamen en het delen van resultaten in de klassensapp een rol. De hoeveelheid aan toetsen draagt ook bij aan stress, evenals het zitten op een te hoog niveau, angst voor slechte resultaten, samenwerken wanneer de neuzen niet allemaal dezelfde richting op staan en druk vanuit ouders.<\/p>\n\n\n\n<p><strong>\u00a7 3. Het hedendaagse schoolsysteem<\/strong><\/p>\n\n\n\n<p>De indeling van het huidige schoolsysteem op de middelbare school is gebaseerd op <a href=\"https:\/\/wetten.overheid.nl\/BWBR0002399\/2022-07-14\">de Wet Voortgezet Onderwijs uit 1968<\/a>. Hierin staat dat het&nbsp;eindexamen bestaat uit schoolexamens en centraal examens. De schoolexamens worden verspreid over meerdere jaren in de bovenbouw en verschillen per school.&nbsp;Waar de ene school aan het eind van elk trimester een toetsweek heeft, &#8211; waarin de scholier elke dag \u00e9\u00e9n of meerdere toetsen heeft en er geen les wordt gegeven &#8211; verspreidt de andere school de toetsen over het gehele jaar.&nbsp;Het centraal examen wordt in het laatste leerjaar in mei en juni afgenomen en is voor elke scholier gelijk.<\/p>\n\n\n\n<p>Om ervoor te zorgen dat het schoolexamen van goede kwaliteit is, heeft de VO-Raad een&nbsp;<a href=\"https:\/\/www.onderwijsconsument.nl\/wp-content\/uploads\/Checklist_2_PTA_2021-2022.pdf\" target=\"_blank\" rel=\"noreferrer noopener\">checklist<\/a>&nbsp;opgesteld voor middelbare scholen. Deze checklist stelt scholen in staat om te controleren of hun Programma van Toetsing en Afsluiting (PTA) voldoet aan de vereisten zoals uiteengezet in&nbsp;<a href=\"http:\/\/wetten.overheid.nl\/jci1.3:c:BWBR0004593&amp;hoofdstuk=III&amp;afdeling=1&amp;artikel=31\" target=\"_blank\" rel=\"noreferrer noopener\">Artikel<\/a><a href=\"http:\/\/wetten.overheid.nl\/jci1.3:c:BWBR0004593&amp;hoofdstuk=III&amp;afdeling=1&amp;artikel=31\"> 31 van het Eindexamenbesluit VO<\/a>.<\/p>\n\n\n\n\n\n<p><strong>\u00a7 4.&nbsp;<\/strong><strong>De rol van leerkrachten<\/strong><\/p>\n\n\n\n<p>Niet alleen thuis aan de eettafel merken ouders prestatiedruk bij hun kinderen op, ook in de docentenkamers hebben leraren het over deze &#8211; voor hen enigszins onzichtbare &#8211; toename. Op het Mendelcollege in Haarlem staat de aanpak van prestatiedruk en de toetscultuur hoog op de agenda, vertelt Nederlands docent en mentor Carolien Wolff Schoemaker.<\/p>\n\n\n\n<div class=\"humamaudio\" style=\"position:relative;overflow:hidden;width:600px;height:40px;margin:20px 0px;\"><iframe loading=\"lazy\" width=\"600\" height=\"40\" src=\"https:\/\/stream.hu.nl\/players\/5sQv5Aih-gUDjC9bv.html\"><\/iframe><\/div>\n\n\n\n<p>Leerlingen stappen niet snel richting docenten om open te spreken over de stress die ze ervaren. Wolff Schoemaker is ook mentor en heeft hierdoor net eerder zicht op sommige situaties. Zij hoort met name dat scholieren druk ervaren vanuit de samenleving en hun ouders. In het huidige onderwijsklimaat is te zien dat het niveau, mede hierdoor, onder Nederlandse middelbare scholieren stijgt: &#8220;Ouders willen vaak het beste voor hun kind, maar het beste is niet altijd het hoogste&#8221;. Maar ook een beleidswijziging in het schooljaar van 2019\/2020 is een oorzaak van de stijging. Met een extra vak mag je sinds een paar jaar drempelloos doorstromen naar de havo, waar eerst het gemiddelde nog een 6,8 moest zijn. &#8220;Vroeger kreeg je in de havo alleen de heel gemotiveerde leerlingen, nu kan iedereen het eigenlijk proberen. En het zijn dan ook de leerlingen die niet zo&#8217;n zin hadden om zich te ori\u00ebnteren op een vervolgopleiding, die zitten vaak niet om de goede reden en met de juiste motivatie in de klas&#8221;, vult Wolff Schoemaker aan.<\/p>\n\n\n\n<div class=\"flourish-embed\" data-src=\"visualisation\/16582862\"><script src=\"https:\/\/public.flourish.studio\/resources\/embed.js\"><\/script><\/div>\n\n\n\n<p><strong>\u00a7 5.&nbsp;De situatie na corona<\/strong><\/p>\n\n\n\n<p>Ook de coronacrisis heeft met de bijkomende leerachterstanden zijn sporen achtergelaten. Deze vertragingen zijn waargenomen in alle onderwijsniveaus op de middelbare school, maar over het algemeen groter voor vmbo- en havo-leerlingen dan voor vwo-leerlingen. \u201cToen kon ik tijdens het maken van de online toetsen spiekbriefjes aan mijn muur plakken. Daardoor werd ik heel lui en liep ik erg achter met basiskennis van bijvoorbeeld wiskunde en scheikunde\u201d, erkent ook vwo-leerling Bente, &#8220;Maar nu merk ik er gelukkig niet veel meer van&#8221;.<\/p>\n\n\n\n<figure class=\"wp-block-image alignwide size-large\"><img loading=\"lazy\" decoding=\"async\" width=\"1024\" height=\"386\" src=\"https:\/\/svjmedia.nl\/fleurnuijten\/wp-content\/uploads\/sites\/1099\/2024\/01\/Footer-def-1024x386.jpg\" alt=\"\" class=\"wp-image-896\" srcset=\"https:\/\/svjmedia.nl\/fleurnuijten\/wp-content\/uploads\/sites\/1099\/2024\/01\/Footer-def-1024x386.jpg 1024w, https:\/\/svjmedia.nl\/fleurnuijten\/wp-content\/uploads\/sites\/1099\/2024\/01\/Footer-def-300x113.jpg 300w, https:\/\/svjmedia.nl\/fleurnuijten\/wp-content\/uploads\/sites\/1099\/2024\/01\/Footer-def-768x289.jpg 768w, https:\/\/svjmedia.nl\/fleurnuijten\/wp-content\/uploads\/sites\/1099\/2024\/01\/Footer-def-1536x578.jpg 1536w, https:\/\/svjmedia.nl\/fleurnuijten\/wp-content\/uploads\/sites\/1099\/2024\/01\/Footer-def-1250x471.jpg 1250w, https:\/\/svjmedia.nl\/fleurnuijten\/wp-content\/uploads\/sites\/1099\/2024\/01\/Footer-def-400x151.jpg 400w, https:\/\/svjmedia.nl\/fleurnuijten\/wp-content\/uploads\/sites\/1099\/2024\/01\/Footer-def.jpg 1920w\" sizes=\"auto, (max-width: 1024px) 100vw, 1024px\" \/><\/figure>\n","protected":false},"excerpt":{"rendered":"<p>Continue druk om goede cijfers te halen, bijna\u00a0de helft van de huidige middelbare\u00a0scholieren heeft ermee te maken. Ook de\u00a017-jarige Bente van Zundert die hierdoor het besluit heeft genomen 5 vwo opnieuw te doen, ondanks dat ze over kon naar het examenjaar: \u201cIk stond er niet zo goed voor, waardoor ik nog meer stress ervaarde\u201d. Het &#8230; <a title=\"Bente (17) ervaart toenemende prestatiedruk door toetscultuur: \u201cIk wil niet als enige een onvoldoende\u201d\" class=\"read-more\" href=\"https:\/\/svjmedia.nl\/fleurnuijten\/bente-17-ervaart-toenemende-prestatiedruk-door-toetscultuur-ik-wil-niet-als-enige-een-onvoldoende\/\" aria-label=\"Lees meer over Bente (17) ervaart toenemende prestatiedruk door toetscultuur: \u201cIk wil niet als enige een onvoldoende\u201d\">Lees verder<\/a><\/p>\n","protected":false},"author":1747,"featured_media":0,"parent":0,"menu_order":0,"comment_status":"closed","ping_status":"closed","template":"","meta":{"_acf_changed":false,"footnotes":""},"class_list":["post-868","page","type-page","status-publish"],"acf":[],"yoast_head":"<!-- This site is optimized with the Yoast SEO plugin v27.3 - https:\/\/yoast.com\/product\/yoast-seo-wordpress\/ -->\n<title>Bente (17) ervaart toenemende prestatiedruk door toetscultuur: \u201cIk wil niet als enige een onvoldoende\u201d - Fleur Nuijten<\/title>\n<meta name=\"robots\" content=\"noindex, follow, max-snippet:-1, max-image-preview:large, max-video-preview:-1\" \/>\n<meta property=\"og:locale\" content=\"nl_NL\" \/>\n<meta property=\"og:type\" content=\"article\" \/>\n<meta property=\"og:title\" content=\"Bente (17) ervaart toenemende prestatiedruk door toetscultuur: \u201cIk wil niet als enige een onvoldoende\u201d - Fleur Nuijten\" \/>\n<meta property=\"og:description\" content=\"Continue druk om goede cijfers te halen, bijna\u00a0de helft van de huidige middelbare\u00a0scholieren heeft ermee te maken. Ook de\u00a017-jarige Bente van Zundert die hierdoor het besluit heeft genomen 5 vwo opnieuw te doen, ondanks dat ze over kon naar het examenjaar: \u201cIk stond er niet zo goed voor, waardoor ik nog meer stress ervaarde\u201d. Het ... Lees verder\" \/>\n<meta property=\"og:url\" content=\"https:\/\/svjmedia.nl\/fleurnuijten\/bente-17-ervaart-toenemende-prestatiedruk-door-toetscultuur-ik-wil-niet-als-enige-een-onvoldoende\/\" \/>\n<meta property=\"og:site_name\" content=\"Fleur Nuijten\" \/>\n<meta property=\"article:modified_time\" content=\"2025-09-04T20:01:26+00:00\" \/>\n<meta property=\"og:image\" content=\"https:\/\/svjmedia.nl\/fleurnuijten\/wp-content\/uploads\/sites\/1099\/2024\/01\/Bente-van-Zundert-met-achtergrond.png\" \/>\n\t<meta property=\"og:image:width\" content=\"1920\" \/>\n\t<meta property=\"og:image:height\" content=\"1080\" \/>\n\t<meta property=\"og:image:type\" content=\"image\/png\" \/>\n<meta name=\"twitter:card\" content=\"summary_large_image\" \/>\n<meta name=\"twitter:label1\" content=\"Geschatte leestijd\" \/>\n\t<meta name=\"twitter:data1\" content=\"4 minuten\" \/>\n<script type=\"application\/ld+json\" class=\"yoast-schema-graph\">{\"@context\":\"https:\\\/\\\/schema.org\",\"@graph\":[{\"@type\":\"WebPage\",\"@id\":\"https:\\\/\\\/svjmedia.nl\\\/fleurnuijten\\\/bente-17-ervaart-toenemende-prestatiedruk-door-toetscultuur-ik-wil-niet-als-enige-een-onvoldoende\\\/\",\"url\":\"https:\\\/\\\/svjmedia.nl\\\/fleurnuijten\\\/bente-17-ervaart-toenemende-prestatiedruk-door-toetscultuur-ik-wil-niet-als-enige-een-onvoldoende\\\/\",\"name\":\"Bente (17) ervaart toenemende prestatiedruk door toetscultuur: \u201cIk wil niet als enige een onvoldoende\u201d - Fleur Nuijten\",\"isPartOf\":{\"@id\":\"https:\\\/\\\/svjmedia.nl\\\/fleurnuijten\\\/#website\"},\"primaryImageOfPage\":{\"@id\":\"https:\\\/\\\/svjmedia.nl\\\/fleurnuijten\\\/bente-17-ervaart-toenemende-prestatiedruk-door-toetscultuur-ik-wil-niet-als-enige-een-onvoldoende\\\/#primaryimage\"},\"image\":{\"@id\":\"https:\\\/\\\/svjmedia.nl\\\/fleurnuijten\\\/bente-17-ervaart-toenemende-prestatiedruk-door-toetscultuur-ik-wil-niet-als-enige-een-onvoldoende\\\/#primaryimage\"},\"thumbnailUrl\":\"https:\\\/\\\/svjmedia.nl\\\/fleurnuijten\\\/wp-content\\\/uploads\\\/sites\\\/1099\\\/2024\\\/01\\\/Bente-van-Zundert-met-achtergrond-1024x576.png\",\"datePublished\":\"2024-01-26T07:34:55+00:00\",\"dateModified\":\"2025-09-04T20:01:26+00:00\",\"breadcrumb\":{\"@id\":\"https:\\\/\\\/svjmedia.nl\\\/fleurnuijten\\\/bente-17-ervaart-toenemende-prestatiedruk-door-toetscultuur-ik-wil-niet-als-enige-een-onvoldoende\\\/#breadcrumb\"},\"inLanguage\":\"nl-NL\",\"potentialAction\":[{\"@type\":\"ReadAction\",\"target\":[\"https:\\\/\\\/svjmedia.nl\\\/fleurnuijten\\\/bente-17-ervaart-toenemende-prestatiedruk-door-toetscultuur-ik-wil-niet-als-enige-een-onvoldoende\\\/\"]}]},{\"@type\":\"ImageObject\",\"inLanguage\":\"nl-NL\",\"@id\":\"https:\\\/\\\/svjmedia.nl\\\/fleurnuijten\\\/bente-17-ervaart-toenemende-prestatiedruk-door-toetscultuur-ik-wil-niet-als-enige-een-onvoldoende\\\/#primaryimage\",\"url\":\"https:\\\/\\\/svjmedia.nl\\\/fleurnuijten\\\/wp-content\\\/uploads\\\/sites\\\/1099\\\/2024\\\/01\\\/Bente-van-Zundert-met-achtergrond.png\",\"contentUrl\":\"https:\\\/\\\/svjmedia.nl\\\/fleurnuijten\\\/wp-content\\\/uploads\\\/sites\\\/1099\\\/2024\\\/01\\\/Bente-van-Zundert-met-achtergrond.png\",\"width\":1920,\"height\":1080},{\"@type\":\"BreadcrumbList\",\"@id\":\"https:\\\/\\\/svjmedia.nl\\\/fleurnuijten\\\/bente-17-ervaart-toenemende-prestatiedruk-door-toetscultuur-ik-wil-niet-als-enige-een-onvoldoende\\\/#breadcrumb\",\"itemListElement\":[{\"@type\":\"ListItem\",\"position\":1,\"name\":\"Home\",\"item\":\"https:\\\/\\\/svjmedia.nl\\\/fleurnuijten\\\/\"},{\"@type\":\"ListItem\",\"position\":2,\"name\":\"Bente (17) ervaart toenemende prestatiedruk door toetscultuur: \u201cIk wil niet als enige een onvoldoende\u201d\"}]},{\"@type\":\"WebSite\",\"@id\":\"https:\\\/\\\/svjmedia.nl\\\/fleurnuijten\\\/#website\",\"url\":\"https:\\\/\\\/svjmedia.nl\\\/fleurnuijten\\\/\",\"name\":\"Fleur Nuijten\",\"description\":\"HU School voor Journalistiek Persoonlijk Dossier\",\"potentialAction\":[{\"@type\":\"SearchAction\",\"target\":{\"@type\":\"EntryPoint\",\"urlTemplate\":\"https:\\\/\\\/svjmedia.nl\\\/fleurnuijten\\\/?s={search_term_string}\"},\"query-input\":{\"@type\":\"PropertyValueSpecification\",\"valueRequired\":true,\"valueName\":\"search_term_string\"}}],\"inLanguage\":\"nl-NL\"}]}<\/script>\n<!-- \/ Yoast SEO plugin. -->","yoast_head_json":{"title":"Bente (17) ervaart toenemende prestatiedruk door toetscultuur: \u201cIk wil niet als enige een onvoldoende\u201d - Fleur Nuijten","robots":{"index":"noindex","follow":"follow","max-snippet":"max-snippet:-1","max-image-preview":"max-image-preview:large","max-video-preview":"max-video-preview:-1"},"og_locale":"nl_NL","og_type":"article","og_title":"Bente (17) ervaart toenemende prestatiedruk door toetscultuur: \u201cIk wil niet als enige een onvoldoende\u201d - Fleur Nuijten","og_description":"Continue druk om goede cijfers te halen, bijna\u00a0de helft van de huidige middelbare\u00a0scholieren heeft ermee te maken. Ook de\u00a017-jarige Bente van Zundert die hierdoor het besluit heeft genomen 5 vwo opnieuw te doen, ondanks dat ze over kon naar het examenjaar: \u201cIk stond er niet zo goed voor, waardoor ik nog meer stress ervaarde\u201d. Het ... Lees verder","og_url":"https:\/\/svjmedia.nl\/fleurnuijten\/bente-17-ervaart-toenemende-prestatiedruk-door-toetscultuur-ik-wil-niet-als-enige-een-onvoldoende\/","og_site_name":"Fleur Nuijten","article_modified_time":"2025-09-04T20:01:26+00:00","og_image":[{"width":1920,"height":1080,"url":"https:\/\/svjmedia.nl\/fleurnuijten\/wp-content\/uploads\/sites\/1099\/2024\/01\/Bente-van-Zundert-met-achtergrond.png","type":"image\/png"}],"twitter_card":"summary_large_image","twitter_misc":{"Geschatte leestijd":"4 minuten"},"schema":{"@context":"https:\/\/schema.org","@graph":[{"@type":"WebPage","@id":"https:\/\/svjmedia.nl\/fleurnuijten\/bente-17-ervaart-toenemende-prestatiedruk-door-toetscultuur-ik-wil-niet-als-enige-een-onvoldoende\/","url":"https:\/\/svjmedia.nl\/fleurnuijten\/bente-17-ervaart-toenemende-prestatiedruk-door-toetscultuur-ik-wil-niet-als-enige-een-onvoldoende\/","name":"Bente (17) ervaart toenemende prestatiedruk door toetscultuur: \u201cIk wil niet als enige een onvoldoende\u201d - Fleur Nuijten","isPartOf":{"@id":"https:\/\/svjmedia.nl\/fleurnuijten\/#website"},"primaryImageOfPage":{"@id":"https:\/\/svjmedia.nl\/fleurnuijten\/bente-17-ervaart-toenemende-prestatiedruk-door-toetscultuur-ik-wil-niet-als-enige-een-onvoldoende\/#primaryimage"},"image":{"@id":"https:\/\/svjmedia.nl\/fleurnuijten\/bente-17-ervaart-toenemende-prestatiedruk-door-toetscultuur-ik-wil-niet-als-enige-een-onvoldoende\/#primaryimage"},"thumbnailUrl":"https:\/\/svjmedia.nl\/fleurnuijten\/wp-content\/uploads\/sites\/1099\/2024\/01\/Bente-van-Zundert-met-achtergrond-1024x576.png","datePublished":"2024-01-26T07:34:55+00:00","dateModified":"2025-09-04T20:01:26+00:00","breadcrumb":{"@id":"https:\/\/svjmedia.nl\/fleurnuijten\/bente-17-ervaart-toenemende-prestatiedruk-door-toetscultuur-ik-wil-niet-als-enige-een-onvoldoende\/#breadcrumb"},"inLanguage":"nl-NL","potentialAction":[{"@type":"ReadAction","target":["https:\/\/svjmedia.nl\/fleurnuijten\/bente-17-ervaart-toenemende-prestatiedruk-door-toetscultuur-ik-wil-niet-als-enige-een-onvoldoende\/"]}]},{"@type":"ImageObject","inLanguage":"nl-NL","@id":"https:\/\/svjmedia.nl\/fleurnuijten\/bente-17-ervaart-toenemende-prestatiedruk-door-toetscultuur-ik-wil-niet-als-enige-een-onvoldoende\/#primaryimage","url":"https:\/\/svjmedia.nl\/fleurnuijten\/wp-content\/uploads\/sites\/1099\/2024\/01\/Bente-van-Zundert-met-achtergrond.png","contentUrl":"https:\/\/svjmedia.nl\/fleurnuijten\/wp-content\/uploads\/sites\/1099\/2024\/01\/Bente-van-Zundert-met-achtergrond.png","width":1920,"height":1080},{"@type":"BreadcrumbList","@id":"https:\/\/svjmedia.nl\/fleurnuijten\/bente-17-ervaart-toenemende-prestatiedruk-door-toetscultuur-ik-wil-niet-als-enige-een-onvoldoende\/#breadcrumb","itemListElement":[{"@type":"ListItem","position":1,"name":"Home","item":"https:\/\/svjmedia.nl\/fleurnuijten\/"},{"@type":"ListItem","position":2,"name":"Bente (17) ervaart toenemende prestatiedruk door toetscultuur: \u201cIk wil niet als enige een onvoldoende\u201d"}]},{"@type":"WebSite","@id":"https:\/\/svjmedia.nl\/fleurnuijten\/#website","url":"https:\/\/svjmedia.nl\/fleurnuijten\/","name":"Fleur Nuijten","description":"HU School voor Journalistiek Persoonlijk Dossier","potentialAction":[{"@type":"SearchAction","target":{"@type":"EntryPoint","urlTemplate":"https:\/\/svjmedia.nl\/fleurnuijten\/?s={search_term_string}"},"query-input":{"@type":"PropertyValueSpecification","valueRequired":true,"valueName":"search_term_string"}}],"inLanguage":"nl-NL"}]}},"_links":{"self":[{"href":"https:\/\/svjmedia.nl\/fleurnuijten\/wp-json\/wp\/v2\/pages\/868","targetHints":{"allow":["GET"]}}],"collection":[{"href":"https:\/\/svjmedia.nl\/fleurnuijten\/wp-json\/wp\/v2\/pages"}],"about":[{"href":"https:\/\/svjmedia.nl\/fleurnuijten\/wp-json\/wp\/v2\/types\/page"}],"author":[{"embeddable":true,"href":"https:\/\/svjmedia.nl\/fleurnuijten\/wp-json\/wp\/v2\/users\/1747"}],"replies":[{"embeddable":true,"href":"https:\/\/svjmedia.nl\/fleurnuijten\/wp-json\/wp\/v2\/comments?post=868"}],"version-history":[{"count":5,"href":"https:\/\/svjmedia.nl\/fleurnuijten\/wp-json\/wp\/v2\/pages\/868\/revisions"}],"predecessor-version":[{"id":1029,"href":"https:\/\/svjmedia.nl\/fleurnuijten\/wp-json\/wp\/v2\/pages\/868\/revisions\/1029"}],"wp:attachment":[{"href":"https:\/\/svjmedia.nl\/fleurnuijten\/wp-json\/wp\/v2\/media?parent=868"}],"curies":[{"name":"wp","href":"https:\/\/api.w.org\/{rel}","templated":true}]}}