{"id":584,"date":"2023-11-02T21:26:08","date_gmt":"2023-11-02T20:26:08","guid":{"rendered":"https:\/\/svjmedia.nl\/floortjeappel\/?page_id=584"},"modified":"2024-10-31T17:00:33","modified_gmt":"2024-10-31T16:00:33","slug":"groot-interview","status":"publish","type":"page","link":"https:\/\/svjmedia.nl\/floortjeappel\/groot-interview\/","title":{"rendered":"Het Grote Interview: De Reis Van Genderidentiteit In De Nederlandse Maatschappij"},"content":{"rendered":"\n<p><a href=\"https:\/\/www.parool.nl\/nederland\/meerderheid-tweede-kamer-wil-dat-voorstel-transgenderwet-wordt-ingetrokken~b27ede58\/\"><strong>Het wetsvoorstel<\/strong><\/a><strong> van een nieuwe Transgenderwet, is recentelijk weggestemd in de Tweede Kamer. Daarom wordt er een diepgaand gesprek gevoerd met Remke Verdegem, voorzitter van Transgender Netwerk. Als een opmerkelijke figuur in de transgendergemeenschap, omdat zij op latere leeftijd haar transitie doormaakte, heeft zij inzicht te bieden in de complexe kwesties van genderdiversiteit en inclusie. Het verhaal van Verdegem belicht niet alleen haar persoonlijke reis, maar werpt ook een kritische blik op hoe de politiek omgaat met transgender personen.<\/strong><\/p>\n\n\n\n<p><em>\u201cOp een gegeven moment zocht ik naar manieren om toch vorm te geven aan wie ik was. Dan moet je denken aan die eerste keer met nagels met doorzichtige nagellak, weet je, dat valt niet heel erg op en zo ben ik iedere keer, met name op mijn werk, een stapje verder gegaan. Op een gegeven moment ging ik als man de deur uit en halverwege naar de trein deed ik mijn hakken aan.\u201d<\/em><\/p>\n\n\n\n<p>Volgens<a href=\"https:\/\/www.transgenderinfo.be\/nl\/identiteit\/transgender\/trans-vrouwman\"> transgenderinfo<\/a> voelen transgender personen zich niet thuis in het gender en de geslachtsrol die volgens de maatschappij past bij het geslacht die hen bij de geboorte is toegewezen. Bij transvrouwen of transmannen gaat het om het aanvoelen van een genderidentiteit die vrouwelijk of mannelijk is, dit komt niet overeen met het toegekende geboortegeslacht. \u201cHet gaat om de identiteit en de persoon, niet om het lichaam. Helaas snappen veel mensen dat nog niet,\u201d aldus Remke Verdegem. Omdat Verdegem op een gedoseerde manier haar sociale transitie vorm gaf, wendden haar collega&#8217;s langzamerhand. Het begon met hakken en het werden jurken en make-up. Verdegem zegt dat het geleidelijke karakter van haar transitie de reden is dat haar transitie geen schok was voor haar collega&#8217;s. \u201cJa dat is gewoon Rem\u201d zeiden haar collega\u2019s toen Remke make-up droeg. Volgens Remke heeft haar werkplek met veel theoretisch opgeleide collega\u2019s een voordeel.<\/p>\n\n\n\n<p>\u201cMijn manager vroeg op dinsdagochtend in; \u2018Waarom loop je op schoenen met hakken?\u2019\u201d In 2013 vertelde Remke Verdegem voor het eerst aan haar manager op haar werk over haar genderidentiteit als vrouw. Haar manager liet blijken dat zij er volledig achter stond, waardoor Verdegem\u2019s transitie op het werk goed verliep, met uitzondering van \u00e9\u00e9n leidinggevende die \u00e9\u00e9n negatieve opmerking heeft gemaakt. Remke gaf aan dat haar collega&#8217;s en andere leidinggevenden haar transitie over het algemeen accepteerden.<\/p>\n\n\n\n<p>\u201cIk heb geluk gehad\u201d, meldt Verdegem. Uit onderzoek van<a href=\"https:\/\/www.transgendernetwerk.nl\/wp-content\/uploads\/2023\/03\/Inclusion4All-National-report-Netherlands_NL-1.pdf\"> inclussionforall<\/a> blijkt dat 29% van de transgender werknemers ontslag heeft genomen omdat hun werkomgeving onveilig voor hen was. Trans mannen rapporteerden geen gedwongen ontslagname, overplaatsing of beperkingen in klantcontact door werkgevers. Dit staat in schril contrast met trans vrouwen, die deze vormen van discriminatie in aanzienlijke aantallen hebben ervaren. 11% van de transvrouwen uit dit onderzoek waren&nbsp; gedwongen ontslag te nemen. Bijna de helft van de transgender personen maakt verbaal geweld mee op de werkvloer, een kwart seksueel geweld en 14% fysiek geweld.<\/p>\n\n\n\n<p>De Arbeidsomstandighedenwet verplicht werkgevers om ervoor te zorgen dat er een veilige werkomgeving is voor hun personeel. Hierbij moet het personeel geen fysieke of mentale negatieve gevolgen ervaren door het werk. Discriminatie, pesten en geweld hebben effect op het welzijn van werknemers. Daarom dwingt de Arbowet werkgevers om dit tegen te gaan. In de wet buiten het werk om is discriminatie ook verboden: De Algemene wet gelijke behandeling verbiedt de ongegronde discriminatie en uitsluiting van genderdiverse personen.<\/p>\n\n\n\n<p>Op werk heeft Verdegem geen opmerkelijke narigheden ervaren. In haar persoonlijke leven daarentegen heeft haar veiligheid een flinke tegenslag gekregen. \u201cIk ben in maart 2018 in elkaar geslagen.\u201d In de avond zat Remke Verdegem alleen in de trein. Er kwam een groepje jongens binnen, zagen haar, maakten vervelende opmerkingen en vielen haar aan. \u201cNou ja, in mijn geval; dat ik in de trein ben mishandeld door 3 jongens, alleen omdat ik ben wie ik ben, dat doet pijn. Ik zat met oortjes in. Ik zat gewoon met mijn ogen dicht muziek te luisteren. Het was puur zinloos geweld. Ja, dat raak je nooit meer kwijt. Het gevoel van veiligheid komt niet meer terug.\u201d<\/p>\n\n\n\n<p>Uit<a href=\"https:\/\/www.transgendernetwerk.nl\/wp-content\/uploads\/2023\/07\/Overal-op-je-hoede-Geweld-tegen-transgender-personen-in-Nederland-TNN2018.pdf\"> onderzoek<\/a> van Transgender Netwerk in 2018 is gebleken dat 14% van transgender personen in 2018 mishandeld is, of is bedreigd met mishandeling. Remke Verdegem zegt dat \u00e9\u00e9n op de vier mensen die transgender zijn, fysiek of verbaal geweld meemaken. Om dit te stoppen moet het volgens Verdegem beginnen bij de wetgeving.<\/p>\n\n\n\n<p>\u201cAls voorzitter van Transgender Netwerk heb ik in mijn portefeuille veiligheid en wetgeving.\u201d Verdegem gaat met politici in gesprek als voorzitter van Transgender Netwerk en probeert hierbij te laten zien, dat transgender personen meer steun nodig hebben vanuit de overheid.<\/p>\n\n\n\n<p>Verdegem vindt dat het geslacht en voornaam veranderen op het identiteitsbewijs een stuk makkelijker moet gaan, dan het nu gaat. Op 1 juli 2014 is er een nieuwe wet en regelgeving gekomen voor het veranderen van het geslacht bij de gemeente. \u201cVandaar dat ik speciaal heb gewacht tot na 1 juli 2014.\u201d Want v\u00f3\u00f3r 1 juli 2014 moest iemand volledig geopereerd zijn en moesten transgender personen onomkeerbaar onvruchtbaar zijn gemaakt. \u201cWij mochten ons op geen enkele manier voortplanten.\u201d<\/p>\n\n\n\n<p>In het huidige systeem moet men een deskundigenverklaring kunnen geven aan de gemeente, als bewijs dat transgender personen daadwerkelijk transgender is. De deskundige toetst of de wens om van geslacht te veranderen duurzaam is. Op die manier kan die deskundige bepalen of iemand daadwerkelijk trans is. \u201cIn mijn geval was het raar, want ik moest naar een psycholoog, daar heb ik allerlei vragen beantwoord over mijn genderidentiteit. Twee uur later zegt de psycholoog \u2018Inderdaad, ik bevestig het, je bent een vrouw\u2019. Ik kreeg een deskundigenverklaring mee, daarmee ben ik naar het gemeentehuis gegaan. Daar werden mijn voornaamwoorden en mijn geslacht aangepast in de basisregistratie personen.\u201d<\/p>\n\n\n\n<p>&nbsp;Transgender Netwerk is er niet gelukkig met de huidige wet: \u201cTranspersonen weten zelf wel wie ze zijn en een psycholoog kan dat niet bepalen. Er is een wetsvoorstel om deze procedure te versimpelen. Dat wetsvoorstel ligt ook al 3 jaar in de Kamer.\u201d&nbsp;<\/p>\n\n\n\n<p><a href=\"https:\/\/www.tweedekamer.nl\/kamerstukken\/wetsvoorstellen\/detail?id=2021Z07392&amp;dossier=35825\">De Tweede Kamer<\/a> meldt dat in het wetsvoorstel wordt voorgesteld dat de voorwaarde van een deskundigenverklaring vervalt. Verder laat het wetsvoorstel de leeftijdsgrens van zestien jaar vervallen.<\/p>\n\n\n\n<p>Als het gaat zoals in het wetsvoorstel vermeld staat, gaat het volgens Verdegem een stuk humaner. Een transgender persoon een formulier in, waarna de transgender persoon zich na 4-6 weken fysiek meldt bij het gemeentehuis. \u201cDan heb je een gesprek met een gemeenteambtenaar, die verschillende zaken checkt: Mevrouw Verdegem, heeft u er goed over nagedacht? Daarna benoemt de ambtenaar de consequenties van een geslachtswijziging, daarna vraagt de ambtenaar nogmaals of je het zeker weet. Op die manier wordt getoetst of iemand toerekeningsvatbaar is en of die persoon er goed over heeft gedacht. Daarna wordt de procedure in gang gezet.\u201d Volgens Verdegem is dit een veel betere wet dan de huidige wet.<\/p>\n\n\n\n<p>Op dinsdag 23 april nam de Tweede Kamer echter een motie aan van NSC en SGP om de Transgenderwet in het geheel niet meer te behandelen. Het wetsvoorstel dat in mei 2021 was gestart krijgt nu geen gevolg. In de eerste ronde van de behandeling van het wetsvoorstel konden Kamerleden vragen stellen aan de minister van Rechtsbescherming. De minister zou vervolgens aan beschikbaar zijn om de nodige vragen te beantwoorden. Daarmee zouden de Kamerleden een afgewogen beslissing kunnen maken. Dit is nu niet meer mogelijk.<\/p>\n\n\n\n<p>De mensen bij Transgender Netwerk hebben na het indienen van de motie van NSC en SGP een oproep gedaan om een mail te sturen naar een deel van de politieke partijen om de motie van NSC en SGP niet te steunen.<\/p>\n\n\n\n<p>Als voorzitter van Transgender Netwerk blijft Remke Verdegem zich inzetten voor deze zaak, terwijl ze tegelijkertijd benadrukt dat het cruciaal is dat ook niet-trans personen zich uitspreken en solidariteit tonen.<\/p>\n","protected":false},"excerpt":{"rendered":"<p>Het wetsvoorstel van een nieuwe Transgenderwet, is recentelijk weggestemd in de Tweede Kamer. Daarom wordt er een diepgaand gesprek gevoerd met Remke Verdegem, voorzitter van Transgender Netwerk. Als een opmerkelijke figuur in de transgendergemeenschap, omdat zij op latere leeftijd haar transitie doormaakte, heeft zij inzicht te bieden in de complexe kwesties van genderdiversiteit en inclusie. &#8230; <a title=\"Het Grote Interview: De Reis Van Genderidentiteit In De Nederlandse Maatschappij\" class=\"read-more\" href=\"https:\/\/svjmedia.nl\/floortjeappel\/groot-interview\/\" aria-label=\"Lees meer over Het Grote Interview: De Reis Van Genderidentiteit In De Nederlandse Maatschappij\">Lees verder<\/a><\/p>\n","protected":false},"author":1887,"featured_media":809,"parent":0,"menu_order":0,"comment_status":"closed","ping_status":"closed","template":"","meta":{"_acf_changed":false,"footnotes":""},"class_list":["post-584","page","type-page","status-publish","has-post-thumbnail"],"acf":[],"yoast_head":"<!-- This site is optimized with the Yoast SEO plugin v27.3 - https:\/\/yoast.com\/product\/yoast-seo-wordpress\/ -->\n<title>Het Grote Interview: De Reis Van Genderidentiteit In De Nederlandse Maatschappij - Floortje Appel<\/title>\n<meta name=\"robots\" content=\"noindex, follow, max-snippet:-1, max-image-preview:large, max-video-preview:-1\" \/>\n<meta property=\"og:locale\" content=\"nl_NL\" \/>\n<meta property=\"og:type\" content=\"article\" \/>\n<meta property=\"og:title\" content=\"Het Grote Interview: De Reis Van Genderidentiteit In De Nederlandse Maatschappij - Floortje Appel\" \/>\n<meta property=\"og:description\" content=\"Het wetsvoorstel van een nieuwe Transgenderwet, is recentelijk weggestemd in de Tweede Kamer. Daarom wordt er een diepgaand gesprek gevoerd met Remke Verdegem, voorzitter van Transgender Netwerk. Als een opmerkelijke figuur in de transgendergemeenschap, omdat zij op latere leeftijd haar transitie doormaakte, heeft zij inzicht te bieden in de complexe kwesties van genderdiversiteit en inclusie. ... Lees verder\" \/>\n<meta property=\"og:url\" content=\"https:\/\/svjmedia.nl\/floortjeappel\/groot-interview\/\" \/>\n<meta property=\"og:site_name\" content=\"Floortje Appel\" \/>\n<meta property=\"article:modified_time\" content=\"2024-10-31T16:00:33+00:00\" \/>\n<meta property=\"og:image\" content=\"https:\/\/svjmedia.nl\/floortjeappel\/wp-content\/uploads\/sites\/1082\/2024\/05\/Afbeelding-Remke.jpg\" \/>\n\t<meta property=\"og:image:width\" content=\"1100\" \/>\n\t<meta property=\"og:image:height\" content=\"825\" \/>\n\t<meta property=\"og:image:type\" content=\"image\/jpeg\" \/>\n<meta name=\"twitter:card\" content=\"summary_large_image\" \/>\n<meta name=\"twitter:label1\" content=\"Geschatte leestijd\" \/>\n\t<meta name=\"twitter:data1\" content=\"6 minuten\" \/>\n<script type=\"application\/ld+json\" class=\"yoast-schema-graph\">{\"@context\":\"https:\\\/\\\/schema.org\",\"@graph\":[{\"@type\":\"WebPage\",\"@id\":\"https:\\\/\\\/svjmedia.nl\\\/floortjeappel\\\/groot-interview\\\/\",\"url\":\"https:\\\/\\\/svjmedia.nl\\\/floortjeappel\\\/groot-interview\\\/\",\"name\":\"Het Grote Interview: De Reis Van Genderidentiteit In De Nederlandse Maatschappij - Floortje Appel\",\"isPartOf\":{\"@id\":\"https:\\\/\\\/svjmedia.nl\\\/floortjeappel\\\/#website\"},\"primaryImageOfPage\":{\"@id\":\"https:\\\/\\\/svjmedia.nl\\\/floortjeappel\\\/groot-interview\\\/#primaryimage\"},\"image\":{\"@id\":\"https:\\\/\\\/svjmedia.nl\\\/floortjeappel\\\/groot-interview\\\/#primaryimage\"},\"thumbnailUrl\":\"https:\\\/\\\/svjmedia.nl\\\/floortjeappel\\\/wp-content\\\/uploads\\\/sites\\\/1082\\\/2024\\\/05\\\/Afbeelding-Remke.jpg\",\"datePublished\":\"2023-11-02T20:26:08+00:00\",\"dateModified\":\"2024-10-31T16:00:33+00:00\",\"breadcrumb\":{\"@id\":\"https:\\\/\\\/svjmedia.nl\\\/floortjeappel\\\/groot-interview\\\/#breadcrumb\"},\"inLanguage\":\"nl-NL\",\"potentialAction\":[{\"@type\":\"ReadAction\",\"target\":[\"https:\\\/\\\/svjmedia.nl\\\/floortjeappel\\\/groot-interview\\\/\"]}]},{\"@type\":\"ImageObject\",\"inLanguage\":\"nl-NL\",\"@id\":\"https:\\\/\\\/svjmedia.nl\\\/floortjeappel\\\/groot-interview\\\/#primaryimage\",\"url\":\"https:\\\/\\\/svjmedia.nl\\\/floortjeappel\\\/wp-content\\\/uploads\\\/sites\\\/1082\\\/2024\\\/05\\\/Afbeelding-Remke.jpg\",\"contentUrl\":\"https:\\\/\\\/svjmedia.nl\\\/floortjeappel\\\/wp-content\\\/uploads\\\/sites\\\/1082\\\/2024\\\/05\\\/Afbeelding-Remke.jpg\",\"width\":1100,\"height\":825},{\"@type\":\"BreadcrumbList\",\"@id\":\"https:\\\/\\\/svjmedia.nl\\\/floortjeappel\\\/groot-interview\\\/#breadcrumb\",\"itemListElement\":[{\"@type\":\"ListItem\",\"position\":1,\"name\":\"Home\",\"item\":\"https:\\\/\\\/svjmedia.nl\\\/floortjeappel\\\/\"},{\"@type\":\"ListItem\",\"position\":2,\"name\":\"Het Grote Interview: De Reis Van Genderidentiteit In De Nederlandse Maatschappij\"}]},{\"@type\":\"WebSite\",\"@id\":\"https:\\\/\\\/svjmedia.nl\\\/floortjeappel\\\/#website\",\"url\":\"https:\\\/\\\/svjmedia.nl\\\/floortjeappel\\\/\",\"name\":\"Floortje Appel\",\"description\":\"HU School voor Journalistiek Persoonlijk Dossier\",\"publisher\":{\"@id\":\"https:\\\/\\\/svjmedia.nl\\\/floortjeappel\\\/#organization\"},\"potentialAction\":[{\"@type\":\"SearchAction\",\"target\":{\"@type\":\"EntryPoint\",\"urlTemplate\":\"https:\\\/\\\/svjmedia.nl\\\/floortjeappel\\\/?s={search_term_string}\"},\"query-input\":{\"@type\":\"PropertyValueSpecification\",\"valueRequired\":true,\"valueName\":\"search_term_string\"}}],\"inLanguage\":\"nl-NL\"},{\"@type\":\"Organization\",\"@id\":\"https:\\\/\\\/svjmedia.nl\\\/floortjeappel\\\/#organization\",\"name\":\"HU School voor Journalistiek\",\"url\":\"https:\\\/\\\/svjmedia.nl\\\/floortjeappel\\\/\",\"logo\":{\"@type\":\"ImageObject\",\"inLanguage\":\"nl-NL\",\"@id\":\"https:\\\/\\\/svjmedia.nl\\\/floortjeappel\\\/#\\\/schema\\\/logo\\\/image\\\/\",\"url\":\"https:\\\/\\\/svjmedia.nl\\\/floortjeappel\\\/wp-content\\\/uploads\\\/sites\\\/1082\\\/2019\\\/08\\\/HU-logo.png\",\"contentUrl\":\"https:\\\/\\\/svjmedia.nl\\\/floortjeappel\\\/wp-content\\\/uploads\\\/sites\\\/1082\\\/2019\\\/08\\\/HU-logo.png\",\"width\":500,\"height\":434,\"caption\":\"HU School voor Journalistiek\"},\"image\":{\"@id\":\"https:\\\/\\\/svjmedia.nl\\\/floortjeappel\\\/#\\\/schema\\\/logo\\\/image\\\/\"}}]}<\/script>\n<!-- \/ Yoast SEO plugin. -->","yoast_head_json":{"title":"Het Grote Interview: De Reis Van Genderidentiteit In De Nederlandse Maatschappij - Floortje Appel","robots":{"index":"noindex","follow":"follow","max-snippet":"max-snippet:-1","max-image-preview":"max-image-preview:large","max-video-preview":"max-video-preview:-1"},"og_locale":"nl_NL","og_type":"article","og_title":"Het Grote Interview: De Reis Van Genderidentiteit In De Nederlandse Maatschappij - Floortje Appel","og_description":"Het wetsvoorstel van een nieuwe Transgenderwet, is recentelijk weggestemd in de Tweede Kamer. Daarom wordt er een diepgaand gesprek gevoerd met Remke Verdegem, voorzitter van Transgender Netwerk. Als een opmerkelijke figuur in de transgendergemeenschap, omdat zij op latere leeftijd haar transitie doormaakte, heeft zij inzicht te bieden in de complexe kwesties van genderdiversiteit en inclusie. ... Lees verder","og_url":"https:\/\/svjmedia.nl\/floortjeappel\/groot-interview\/","og_site_name":"Floortje Appel","article_modified_time":"2024-10-31T16:00:33+00:00","og_image":[{"width":1100,"height":825,"url":"https:\/\/svjmedia.nl\/floortjeappel\/wp-content\/uploads\/sites\/1082\/2024\/05\/Afbeelding-Remke.jpg","type":"image\/jpeg"}],"twitter_card":"summary_large_image","twitter_misc":{"Geschatte leestijd":"6 minuten"},"schema":{"@context":"https:\/\/schema.org","@graph":[{"@type":"WebPage","@id":"https:\/\/svjmedia.nl\/floortjeappel\/groot-interview\/","url":"https:\/\/svjmedia.nl\/floortjeappel\/groot-interview\/","name":"Het Grote Interview: De Reis Van Genderidentiteit In De Nederlandse Maatschappij - Floortje Appel","isPartOf":{"@id":"https:\/\/svjmedia.nl\/floortjeappel\/#website"},"primaryImageOfPage":{"@id":"https:\/\/svjmedia.nl\/floortjeappel\/groot-interview\/#primaryimage"},"image":{"@id":"https:\/\/svjmedia.nl\/floortjeappel\/groot-interview\/#primaryimage"},"thumbnailUrl":"https:\/\/svjmedia.nl\/floortjeappel\/wp-content\/uploads\/sites\/1082\/2024\/05\/Afbeelding-Remke.jpg","datePublished":"2023-11-02T20:26:08+00:00","dateModified":"2024-10-31T16:00:33+00:00","breadcrumb":{"@id":"https:\/\/svjmedia.nl\/floortjeappel\/groot-interview\/#breadcrumb"},"inLanguage":"nl-NL","potentialAction":[{"@type":"ReadAction","target":["https:\/\/svjmedia.nl\/floortjeappel\/groot-interview\/"]}]},{"@type":"ImageObject","inLanguage":"nl-NL","@id":"https:\/\/svjmedia.nl\/floortjeappel\/groot-interview\/#primaryimage","url":"https:\/\/svjmedia.nl\/floortjeappel\/wp-content\/uploads\/sites\/1082\/2024\/05\/Afbeelding-Remke.jpg","contentUrl":"https:\/\/svjmedia.nl\/floortjeappel\/wp-content\/uploads\/sites\/1082\/2024\/05\/Afbeelding-Remke.jpg","width":1100,"height":825},{"@type":"BreadcrumbList","@id":"https:\/\/svjmedia.nl\/floortjeappel\/groot-interview\/#breadcrumb","itemListElement":[{"@type":"ListItem","position":1,"name":"Home","item":"https:\/\/svjmedia.nl\/floortjeappel\/"},{"@type":"ListItem","position":2,"name":"Het Grote Interview: De Reis Van Genderidentiteit In De Nederlandse Maatschappij"}]},{"@type":"WebSite","@id":"https:\/\/svjmedia.nl\/floortjeappel\/#website","url":"https:\/\/svjmedia.nl\/floortjeappel\/","name":"Floortje Appel","description":"HU School voor Journalistiek Persoonlijk Dossier","publisher":{"@id":"https:\/\/svjmedia.nl\/floortjeappel\/#organization"},"potentialAction":[{"@type":"SearchAction","target":{"@type":"EntryPoint","urlTemplate":"https:\/\/svjmedia.nl\/floortjeappel\/?s={search_term_string}"},"query-input":{"@type":"PropertyValueSpecification","valueRequired":true,"valueName":"search_term_string"}}],"inLanguage":"nl-NL"},{"@type":"Organization","@id":"https:\/\/svjmedia.nl\/floortjeappel\/#organization","name":"HU School voor Journalistiek","url":"https:\/\/svjmedia.nl\/floortjeappel\/","logo":{"@type":"ImageObject","inLanguage":"nl-NL","@id":"https:\/\/svjmedia.nl\/floortjeappel\/#\/schema\/logo\/image\/","url":"https:\/\/svjmedia.nl\/floortjeappel\/wp-content\/uploads\/sites\/1082\/2019\/08\/HU-logo.png","contentUrl":"https:\/\/svjmedia.nl\/floortjeappel\/wp-content\/uploads\/sites\/1082\/2019\/08\/HU-logo.png","width":500,"height":434,"caption":"HU School voor Journalistiek"},"image":{"@id":"https:\/\/svjmedia.nl\/floortjeappel\/#\/schema\/logo\/image\/"}}]}},"_links":{"self":[{"href":"https:\/\/svjmedia.nl\/floortjeappel\/wp-json\/wp\/v2\/pages\/584","targetHints":{"allow":["GET"]}}],"collection":[{"href":"https:\/\/svjmedia.nl\/floortjeappel\/wp-json\/wp\/v2\/pages"}],"about":[{"href":"https:\/\/svjmedia.nl\/floortjeappel\/wp-json\/wp\/v2\/types\/page"}],"author":[{"embeddable":true,"href":"https:\/\/svjmedia.nl\/floortjeappel\/wp-json\/wp\/v2\/users\/1887"}],"replies":[{"embeddable":true,"href":"https:\/\/svjmedia.nl\/floortjeappel\/wp-json\/wp\/v2\/comments?post=584"}],"version-history":[{"count":0,"href":"https:\/\/svjmedia.nl\/floortjeappel\/wp-json\/wp\/v2\/pages\/584\/revisions"}],"wp:featuredmedia":[{"embeddable":true,"href":"https:\/\/svjmedia.nl\/floortjeappel\/wp-json\/wp\/v2\/media\/809"}],"wp:attachment":[{"href":"https:\/\/svjmedia.nl\/floortjeappel\/wp-json\/wp\/v2\/media?parent=584"}],"curies":[{"name":"wp","href":"https:\/\/api.w.org\/{rel}","templated":true}]}}