{"id":272,"date":"2019-09-13T10:45:00","date_gmt":"2019-09-13T08:45:00","guid":{"rendered":"https:\/\/svjmedia.nl\/kellywarmerdam\/?page_id=272"},"modified":"2020-08-16T16:54:48","modified_gmt":"2020-08-16T14:54:48","slug":"multimediaal-verhaal","status":"publish","type":"page","link":"https:\/\/svjmedia.nl\/kellywarmerdam\/portfolio-slow\/multimediaal-verhaal\/","title":{"rendered":"Multimediaal Verhaal"},"content":{"rendered":"<p>&nbsp;<\/p>\n<div class=\"aesop-component-mask mceNonEditable unselectable\"><\/div>\n<p>&nbsp;<\/p>\n<p>[aesop_chapter  title=&#8221;Het milieu redden door apps, nou een beetje dan&#8221; subtitle=&#8221;Gooi je ouwe zooi niet weg!&#8221; bgtype=&#8221;img&#8221; full=&#8221;on&#8221; img=&#8221;https:\/\/svjmedia.nl\/kellywarmerdam\/wp-content\/uploads\/sites\/199\/2020\/08\/MM-begin-foto.jpg&#8221; video_autoplay=&#8221;play_scroll&#8221; bgcolor=&#8221;#c3d116&#8243; revealfx=&#8221;frombelow&#8221; overlay_revealfx=&#8221;off&#8221;]<\/p>\n<p><span style=\"color: #ff0000\"><strong>Het nieuwste van het nieuwste, ieder seizoen een nieuwe gardrobe, \u00e9\u00e9n keer dragen en dan weggooien: kijk in een random modeblad en \u00e9\u00e9n van deze uitspraken komt een keer voorbij. Hartstikke leuk natuurlijk als je een fashionista bent, maar niet iedereen wordt daar zo blij van. Want \u00e9\u00e9n keer dragen en dan weggooien is natuurlijk hartstikke slecht voor het milieu. Voor die laatste groep zijn er nu apps waar je onderling (tweedehands) kleding kunt kopen en kunt verkopen. Maar helpt dat wel voor een beter milieu?<\/strong><\/span><\/p>\n<p>&nbsp;<\/p>\n<p><span style=\"color: #3366ff\">Oke, first things first. Want, over welke apps hebben we het en hoe werken die nou eigenlijk? Om te beginnen zijn er verschillende apps voor het kopen en het verkopen van (tweedehands) kleding. De bekendste in Nederland zijn United Wardrobe en Vinted. Maar n<span style=\"font-weight: 400\">aast kleding ben je ook aan het juiste adres voor schoenen, sieraden, bikini\u2019s en zelfs voor make-up. In een paar simpele stappen koop je zo een compleet nieuwe outfit.\u00a0<\/span><\/span><\/p>\n<p><span style=\"color: #3366ff\">Maar hoe werkt een app als United Wardrobe dan? De eerste stap is natuurlijk een gratis account aanmaken. Als dat gedaan is kies je je eigen maat. En dan is het een kwestie van scrollen totdat je iets gevonden hebt wat je wilt kopen. Met een vraag kan je gewoon bij de verkoper terecht en vind \u00a0je de prijs te hoog, bieden kan nooit kwaad.<\/span><\/p>\n<p>&nbsp;<\/p>\n<p>&nbsp;<\/p>\n<p>[aesop_video  src=&#8221;youtube&#8221; id=&#8221;https:\/\/www.youtube.com\/watch?v=wrL6YHTgaYA&#8221; width=&#8221;40%&#8221; align=&#8221;center&#8221; disable_for_mobile=&#8221;on&#8221; loop=&#8221;on&#8221; controls=&#8221;on&#8221; mute=&#8221;off&#8221; autoplay=&#8221;off&#8221; viewstart=&#8221;off&#8221; viewend=&#8221;off&#8221; show_subtitles=&#8221;off&#8221; revealfx=&#8221;off&#8221; overlay_revealfx=&#8221;off&#8221;]<\/p>\n<p><span style=\"font-weight: 400;color: #3366ff\">Mocht je tevreden zijn over de prijs en heb je besloten om het item ook echt te gaan kopen? Dan kan er worden afgerekend. Het geld dat je overmaakt gaat eerst naar een zogenaamde tussenrekening die UW zelf beheert. Als je als koper alles binnen hebt, dan moet je dat bevestigen en dit is dan ook het moment dat de verkoper het geld gestort krijgt. Dit alles om zo de koper te beschermen.<\/span><\/p>\n<p>[aesop_image  img=&#8221;https:\/\/svjmedia.nl\/kellywarmerdam\/wp-content\/uploads\/sites\/199\/2020\/08\/UW.png&#8221; panorama=&#8221;off&#8221; imgwidth=&#8221;50%&#8221; align=&#8221;center&#8221; lightbox=&#8221;on&#8221; captionsrc=&#8221;custom&#8221; captionposition=&#8221;left&#8221; revealfx=&#8221;off&#8221; overlay_revealfx=&#8221;off&#8221;]<\/p>\n<p><span style=\"font-weight: 400;color: #3366ff\">Shinen in je nieuwe item is dan natuurlijk de laatste stap. Kleine sidenote: mocht het item niet passen, dan heb je wel een probleem. UW noemt dat namelijk geen geldige reden om je item weer te retourneren. Dat is het risico van online tweedehands kleding kopen, zoals ze zelf zeggen. Alleen als het item bijvoorbeeld kapot aankomt of niet hetzelfde is als op de foto stond, mag je met toestemming van de app je item terugsturen.<\/span><\/p>\n<p><span style=\"color: #3366ff\">Goed nu dat duidelijk is, wordt het tijd om te kijken naar hoeveel kleding er \u00fcberhaupt al gerecycled wordt. In onderstaande tabel wordt het verschil duidelijk tussen de gerecyclede materialen in de 3 grote steden van Nederland; namelijk Utrecht, Rotterdam en Amsterdam. Waar in bijvoorbeeld Utrecht ruim 50 kilo per persoon aan oud papier en karton wordt ingeleverd, gaat er aan textiel maar een schijntje de bak in, maar zo&#8217;n \u00a03 tot 5 kilo per persoon. Diezelfde verschillen zie je ook in Rotterdam en in Amsterdam. Vergeleken met de andere materialen wordt er aan textiel maar een schijntje gerecycled ingeleverd.<\/span><\/p>\n<p>&nbsp;<\/p>\n<p>[aesop_image  img=&#8221;https:\/\/svjmedia.nl\/kellywarmerdam\/wp-content\/uploads\/sites\/199\/2020\/08\/Schermafbeelding-2020-08-16-om-16.38.29.png&#8221; panorama=&#8221;off&#8221; imgwidth=&#8221;50%&#8221; align=&#8221;center&#8221; lightbox=&#8221;on&#8221; captionsrc=&#8221;custom&#8221; captionposition=&#8221;left&#8221; revealfx=&#8221;off&#8221; overlay_revealfx=&#8221;off&#8221;]<\/p>\n<p><img \/><\/p>\n<p><span style=\"color: #3366ff\">Ook in onderstaande tabel zie je dat de verschillen groot zijn. Waar het blik bijna allemaal gerecycled wordt ingezameld (zo&#8217;n 95%), wordt van textiel maar zo&#8217;n 35% ingeleverd. Ook een heel verschil dus.<\/span><\/p>\n<p>&nbsp;<\/p>\n<p>[aesop_image  img=&#8221;https:\/\/svjmedia.nl\/kellywarmerdam\/wp-content\/uploads\/sites\/199\/2020\/08\/Schermafbeelding-2020-08-16-om-16.39.29.png&#8221; panorama=&#8221;off&#8221; imgwidth=&#8221;50%&#8221; align=&#8221;center&#8221; lightbox=&#8221;on&#8221; captionsrc=&#8221;custom&#8221; captionposition=&#8221;left&#8221; revealfx=&#8221;off&#8221; overlay_revealfx=&#8221;off&#8221;]<\/p>\n<p><span style=\"font-weight: 400;color: #3366ff\">Nu dat duidelijk is wordt het tijd om terug te gaan naar de apps. Want dat de apps populair zijn dat is wel duidelijk. Een voorbeeld; United Wardrobe heeft sinds dit jaar 4 miljoen gebruikers. Vinted doet het nog iets beter, daar hebben maar liefst 22 miljoen mensen een account. Voor het milieu, maar ook gewoon om een zakcentje te verdienen. Christina, Joanne, Linda, Evelien en Wanda hebben wat ervaring. Voor sommige is de app echt een uitkomst, de ander vond het te veel gedoe.<\/span><\/p>\n<p><span style=\"color: #3366ff\"><i><span style=\"font-weight: 400\">(Klik hieronder om de verhalen te zien)<\/span><\/i><\/span><\/p>\n<p>[aesop_collection  collection=&#8221;1&#8243; limit=&#8221;5&#8243; columns=&#8221;1&#8243; splash=&#8221;off&#8221; order=&#8221;default&#8221; loadmore=&#8221;off&#8221; showexcerpt=&#8221;on&#8221; revealfx=&#8221;off&#8221;]<\/p>\n<p><span style=\"font-weight: 400;color: #3366ff\">En dan reist nog de vraag of die apps nou wel helpen om het milieu te redden. Dan moet je kijken hoe vervuilend kleding weggooien nou eigenlijk is. Nou, heel vervuilend. Want zo blijkt; de kledingindustrie stoot meer CO2 uit dan de internationale luchtvaart \u00e9n zeetransport samen. Dat is zo&#8217;n 10% van de gehele CO2 uitstoot. Stel; je gooit je halve kledingkast weg. Dan blijft daar maar 1% van over. Dat is een sok of twee. Maar om de rest te verbranden is er wel onder andere veel water nodig. Als je de kleding doorverkoopt doormiddel van de apps scheelt dat dus wel een stuk. Want \u00e9n je item krijgt een tweede leven \u00e9n er hoeft minder CO2 gebruikt te worden voor de verbranding. Een win-win situatie dus.<\/span><\/p>\n<p>&nbsp;<\/p>\n<p><img \/><\/p>\n<p>&nbsp;<\/p>\n<p>&nbsp;<\/p>\n","protected":false},"excerpt":{"rendered":"<p>&nbsp; &nbsp; [aesop_chapter title=&#8221;Het milieu redden door apps, nou een beetje dan&#8221; subtitle=&#8221;Gooi je ouwe zooi niet weg!&#8221; bgtype=&#8221;img&#8221; full=&#8221;on&#8221; img=&#8221;https:\/\/svjmedia.nl\/kellywarmerdam\/wp-content\/uploads\/sites\/199\/2020\/08\/MM-begin-foto.jpg&#8221; video_autoplay=&#8221;play_scroll&#8221; bgcolor=&#8221;#c3d116&#8243; revealfx=&#8221;frombelow&#8221; overlay_revealfx=&#8221;off&#8221;] Het nieuwste van het nieuwste, ieder seizoen een nieuwe gardrobe, \u00e9\u00e9n keer dragen en dan weggooien: kijk in een random modeblad en \u00e9\u00e9n van deze uitspraken komt een keer voorbij. [&hellip;]<\/p>\n","protected":false},"author":1,"featured_media":0,"parent":261,"menu_order":0,"comment_status":"closed","ping_status":"closed","template":"","meta":{"_acf_changed":false,"footnotes":""},"class_list":["post-272","page","type-page","status-publish","hentry","aesop-entry-content"],"acf":[],"yoast_head":"<!-- This site is optimized with the Yoast SEO plugin v27.3 - https:\/\/yoast.com\/product\/yoast-seo-wordpress\/ -->\n<title>Multimediaal Verhaal - Kelly Warmerdam<\/title>\n<meta name=\"robots\" content=\"index, follow, max-snippet:-1, max-image-preview:large, max-video-preview:-1\" \/>\n<link rel=\"canonical\" href=\"https:\/\/svjmedia.nl\/kellywarmerdam\/portfolio-slow\/multimediaal-verhaal\/\" \/>\n<meta property=\"og:locale\" content=\"nl_NL\" \/>\n<meta property=\"og:type\" content=\"article\" \/>\n<meta property=\"og:title\" content=\"Multimediaal Verhaal - Kelly Warmerdam\" \/>\n<meta property=\"og:description\" content=\"&nbsp; &nbsp; [aesop_chapter title=&#8221;Het milieu redden door apps, nou een beetje dan&#8221; subtitle=&#8221;Gooi je ouwe zooi niet weg!&#8221; bgtype=&#8221;img&#8221; full=&#8221;on&#8221; img=&#8221;https:\/\/svjmedia.nl\/kellywarmerdam\/wp-content\/uploads\/sites\/199\/2020\/08\/MM-begin-foto.jpg&#8221; video_autoplay=&#8221;play_scroll&#8221; bgcolor=&#8221;#c3d116&#8243; revealfx=&#8221;frombelow&#8221; overlay_revealfx=&#8221;off&#8221;] Het nieuwste van het nieuwste, ieder seizoen een nieuwe gardrobe, \u00e9\u00e9n keer dragen en dan weggooien: kijk in een random modeblad en \u00e9\u00e9n van deze uitspraken komt een keer voorbij. [&hellip;]\" \/>\n<meta property=\"og:url\" content=\"https:\/\/svjmedia.nl\/kellywarmerdam\/portfolio-slow\/multimediaal-verhaal\/\" \/>\n<meta property=\"og:site_name\" content=\"Kelly Warmerdam\" \/>\n<meta property=\"article:modified_time\" content=\"2020-08-16T14:54:48+00:00\" \/>\n<meta name=\"twitter:card\" content=\"summary_large_image\" \/>\n<meta name=\"twitter:label1\" content=\"Geschatte leestijd\" \/>\n\t<meta name=\"twitter:data1\" content=\"5 minuten\" \/>\n<script type=\"application\/ld+json\" class=\"yoast-schema-graph\">{\"@context\":\"https:\\\/\\\/schema.org\",\"@graph\":[{\"@type\":\"WebPage\",\"@id\":\"https:\\\/\\\/svjmedia.nl\\\/kellywarmerdam\\\/portfolio-slow\\\/multimediaal-verhaal\\\/\",\"url\":\"https:\\\/\\\/svjmedia.nl\\\/kellywarmerdam\\\/portfolio-slow\\\/multimediaal-verhaal\\\/\",\"name\":\"Multimediaal Verhaal - Kelly Warmerdam\",\"isPartOf\":{\"@id\":\"https:\\\/\\\/svjmedia.nl\\\/kellywarmerdam\\\/#website\"},\"datePublished\":\"2019-09-13T08:45:00+00:00\",\"dateModified\":\"2020-08-16T14:54:48+00:00\",\"breadcrumb\":{\"@id\":\"https:\\\/\\\/svjmedia.nl\\\/kellywarmerdam\\\/portfolio-slow\\\/multimediaal-verhaal\\\/#breadcrumb\"},\"inLanguage\":\"nl-NL\",\"potentialAction\":[{\"@type\":\"ReadAction\",\"target\":[\"https:\\\/\\\/svjmedia.nl\\\/kellywarmerdam\\\/portfolio-slow\\\/multimediaal-verhaal\\\/\"]}]},{\"@type\":\"BreadcrumbList\",\"@id\":\"https:\\\/\\\/svjmedia.nl\\\/kellywarmerdam\\\/portfolio-slow\\\/multimediaal-verhaal\\\/#breadcrumb\",\"itemListElement\":[{\"@type\":\"ListItem\",\"position\":1,\"name\":\"Home\",\"item\":\"https:\\\/\\\/svjmedia.nl\\\/kellywarmerdam\\\/\"},{\"@type\":\"ListItem\",\"position\":2,\"name\":\"Portfolio Slow\",\"item\":\"https:\\\/\\\/svjmedia.nl\\\/kellywarmerdam\\\/portfolio-slow\\\/\"},{\"@type\":\"ListItem\",\"position\":3,\"name\":\"Multimediaal Verhaal\"}]},{\"@type\":\"WebSite\",\"@id\":\"https:\\\/\\\/svjmedia.nl\\\/kellywarmerdam\\\/#website\",\"url\":\"https:\\\/\\\/svjmedia.nl\\\/kellywarmerdam\\\/\",\"name\":\"Kelly Warmerdam\",\"description\":\"HU School voor Journalistiek Persoonlijk Dossier\",\"potentialAction\":[{\"@type\":\"SearchAction\",\"target\":{\"@type\":\"EntryPoint\",\"urlTemplate\":\"https:\\\/\\\/svjmedia.nl\\\/kellywarmerdam\\\/?s={search_term_string}\"},\"query-input\":{\"@type\":\"PropertyValueSpecification\",\"valueRequired\":true,\"valueName\":\"search_term_string\"}}],\"inLanguage\":\"nl-NL\"}]}<\/script>\n<!-- \/ Yoast SEO plugin. -->","yoast_head_json":{"title":"Multimediaal Verhaal - Kelly Warmerdam","robots":{"index":"index","follow":"follow","max-snippet":"max-snippet:-1","max-image-preview":"max-image-preview:large","max-video-preview":"max-video-preview:-1"},"canonical":"https:\/\/svjmedia.nl\/kellywarmerdam\/portfolio-slow\/multimediaal-verhaal\/","og_locale":"nl_NL","og_type":"article","og_title":"Multimediaal Verhaal - Kelly Warmerdam","og_description":"&nbsp; &nbsp; [aesop_chapter title=&#8221;Het milieu redden door apps, nou een beetje dan&#8221; subtitle=&#8221;Gooi je ouwe zooi niet weg!&#8221; bgtype=&#8221;img&#8221; full=&#8221;on&#8221; img=&#8221;https:\/\/svjmedia.nl\/kellywarmerdam\/wp-content\/uploads\/sites\/199\/2020\/08\/MM-begin-foto.jpg&#8221; video_autoplay=&#8221;play_scroll&#8221; bgcolor=&#8221;#c3d116&#8243; revealfx=&#8221;frombelow&#8221; overlay_revealfx=&#8221;off&#8221;] Het nieuwste van het nieuwste, ieder seizoen een nieuwe gardrobe, \u00e9\u00e9n keer dragen en dan weggooien: kijk in een random modeblad en \u00e9\u00e9n van deze uitspraken komt een keer voorbij. [&hellip;]","og_url":"https:\/\/svjmedia.nl\/kellywarmerdam\/portfolio-slow\/multimediaal-verhaal\/","og_site_name":"Kelly Warmerdam","article_modified_time":"2020-08-16T14:54:48+00:00","twitter_card":"summary_large_image","twitter_misc":{"Geschatte leestijd":"5 minuten"},"schema":{"@context":"https:\/\/schema.org","@graph":[{"@type":"WebPage","@id":"https:\/\/svjmedia.nl\/kellywarmerdam\/portfolio-slow\/multimediaal-verhaal\/","url":"https:\/\/svjmedia.nl\/kellywarmerdam\/portfolio-slow\/multimediaal-verhaal\/","name":"Multimediaal Verhaal - Kelly Warmerdam","isPartOf":{"@id":"https:\/\/svjmedia.nl\/kellywarmerdam\/#website"},"datePublished":"2019-09-13T08:45:00+00:00","dateModified":"2020-08-16T14:54:48+00:00","breadcrumb":{"@id":"https:\/\/svjmedia.nl\/kellywarmerdam\/portfolio-slow\/multimediaal-verhaal\/#breadcrumb"},"inLanguage":"nl-NL","potentialAction":[{"@type":"ReadAction","target":["https:\/\/svjmedia.nl\/kellywarmerdam\/portfolio-slow\/multimediaal-verhaal\/"]}]},{"@type":"BreadcrumbList","@id":"https:\/\/svjmedia.nl\/kellywarmerdam\/portfolio-slow\/multimediaal-verhaal\/#breadcrumb","itemListElement":[{"@type":"ListItem","position":1,"name":"Home","item":"https:\/\/svjmedia.nl\/kellywarmerdam\/"},{"@type":"ListItem","position":2,"name":"Portfolio Slow","item":"https:\/\/svjmedia.nl\/kellywarmerdam\/portfolio-slow\/"},{"@type":"ListItem","position":3,"name":"Multimediaal Verhaal"}]},{"@type":"WebSite","@id":"https:\/\/svjmedia.nl\/kellywarmerdam\/#website","url":"https:\/\/svjmedia.nl\/kellywarmerdam\/","name":"Kelly Warmerdam","description":"HU School voor Journalistiek Persoonlijk Dossier","potentialAction":[{"@type":"SearchAction","target":{"@type":"EntryPoint","urlTemplate":"https:\/\/svjmedia.nl\/kellywarmerdam\/?s={search_term_string}"},"query-input":{"@type":"PropertyValueSpecification","valueRequired":true,"valueName":"search_term_string"}}],"inLanguage":"nl-NL"}]}},"_links":{"self":[{"href":"https:\/\/svjmedia.nl\/kellywarmerdam\/wp-json\/wp\/v2\/pages\/272","targetHints":{"allow":["GET"]}}],"collection":[{"href":"https:\/\/svjmedia.nl\/kellywarmerdam\/wp-json\/wp\/v2\/pages"}],"about":[{"href":"https:\/\/svjmedia.nl\/kellywarmerdam\/wp-json\/wp\/v2\/types\/page"}],"author":[{"embeddable":true,"href":"https:\/\/svjmedia.nl\/kellywarmerdam\/wp-json\/wp\/v2\/users\/1"}],"replies":[{"embeddable":true,"href":"https:\/\/svjmedia.nl\/kellywarmerdam\/wp-json\/wp\/v2\/comments?post=272"}],"version-history":[{"count":0,"href":"https:\/\/svjmedia.nl\/kellywarmerdam\/wp-json\/wp\/v2\/pages\/272\/revisions"}],"up":[{"embeddable":true,"href":"https:\/\/svjmedia.nl\/kellywarmerdam\/wp-json\/wp\/v2\/pages\/261"}],"wp:attachment":[{"href":"https:\/\/svjmedia.nl\/kellywarmerdam\/wp-json\/wp\/v2\/media?parent=272"}],"curies":[{"name":"wp","href":"https:\/\/api.w.org\/{rel}","templated":true}]}}