{"id":258,"date":"2019-09-13T10:40:26","date_gmt":"2019-09-13T08:40:26","guid":{"rendered":"https:\/\/svjmedia.nl\/larasmit\/?page_id=258"},"modified":"2022-02-03T12:03:27","modified_gmt":"2022-02-03T11:03:27","slug":"biografie","status":"publish","type":"page","link":"https:\/\/svjmedia.nl\/larasmit\/biografie\/","title":{"rendered":"About"},"content":{"rendered":"<p>Met een scherp gevoel voor humor, veel sarcasme en een klein beetje cynisme studeer ik al meer dan drie jaar aan de School voor Journalistiek. Na drie tussenjaren, waarbij ik in zowel Nederland, als Australi\u00eb, Oostenrijk en Ierland heb gewerkt, besloot ik toch om te gaan studeren. Nu zijn we alweer bijna drie jaar verder en ben ik dagelijks op de Uithof te vinden. Mijn interesses zijn met name schrijven en fotografie. Omdat ik vloeiend Nederlands, Frans en Engels spreek, lukt het mij om met veel verschillende mensen te communiceren. In mijn vrije tijd geef ik Nederlandse les aan uitwisselingsstudenten in Utrecht en ga ik graag naar festivals.<br \/>\n&#8211;<br \/>\nWith a sharp sense of humour, a lot of sarcasm and just a pinch of cynicism I&#8217;ve been studying at the School of Journalism for over three years.\u00a0 After three gap years where I spent time working in the Netherlands, Australia, Austria and Ireland, I finally decided to get back to studying. Three years down the line and I can be found around Utrecht Science Park daily. My interests are mainly writing and photography. Because I am fluent in Dutch, as well as French and English, I am able to communicate with a lot of different people. In my free time I teach Dutch to international students and I enjoy going to festivals.<\/p>\n<p>Want to get in touch?<br \/>\n<a href=\"mailto:contactlarasmit@gmail.com\">Email<\/a><br \/>\n<a href=\"https:\/\/twitter.com\/larasmitt\">Twitter\u00a0<\/a><br \/>\n<a href=\"https:\/\/www.linkedin.com\/in\/larasmitt\/\">LinkedIn <\/a>_____________________________________________________<br \/>\n<strong>Profielschets Afstuderen 2022<\/strong><\/p>\n<p>Na 3,5 jaar studeren is het moment eindelijk hier. Ik mag zwijmelend terugkijken op de afgelopen jaren. Het voelt ergens een klein beetje misplaatst, omdat ik eigenlijk nog niet klaar ben met studeren. Ik ga hierna gewoon weer vrolijk verder, maar hopelijk dan aan de andere kant van de wereld.<\/p>\n<p>Toen ik in 2018 begon met de opleiding Journalistiek, had ik al twee keer eerder de toelatingstoets gemaakt. In 2015 was dat voor het eerst, vlak na de middelbare school. Ik had geen zin om te gaan studeren, maar Journalistiek trok me wel. Ik werd nummer 157. In 2016 zag ik het totaal niet zitten om te gaan studeren en twijfelde ik enorm tussen Journalistiek en de opleiding tot Nederlandse Gebarentolk. Ik eindigde op plek 188. In 2018 zat ik in Oostenrijk tijdens het maken van de toets, ik had een jaar in Australi\u00eb achter de rug. Ik wist precies wat ik wilde en dat was Journalistiek. Ik werd nummer 57.<\/p>\n<p>Toen ik begon met de opleiding had ik al een paar jaar werkervaring achter de rug. De meest willekeurige uiteenlopende baantjes zijn bij mij de revue gepasseerd: van deur-aan-deur elektriciteit- en gasverkoper in Australi\u00eb (geen aanrader) tot skiverhuurmedewerker in Oostenrijk, receptioniste in Ierland en koerier in Nederland. E\u00e9n ding ontging mij niet: wilde ik d\u00edt voor de rest van mijn leven blijven doen? Elke keer weer was het antwoord nee. Dus dan is het tijd om te gaan ori\u00ebnteren wat je w\u00e9l wilt gaan doen.<\/p>\n<p>Het is clich\u00e9, maar Journalistiek heeft me altijd al getrokken. In groep 6 schreef ik een werkstuk over \u2018de journalist\u2019 (lees: kopi\u00ebren en plakken van het internet om het vervolgens vol trots in te leveren). Waarom dat zo vroeg al begon kan ik me niet zo goed meer herinneren. Ik denk eerlijk gezegd dat mijn moeder ooit zei dat ik een goede journalist zou zijn. Waarschijnlijk omdat ik toen al een ontzettend bijdehand kind was die niet op haar mondje was gevallen. Dat is blijven hangen.<\/p>\n<p>Toen ik begon met de opleiding was de motivatie ontzettend hoog. Met name omdat ik wist dat het alternatief was om 40 uur per week rotbaantjes te gaan doen. Ik begon met het semester Tekst in jaar 1 en ging over Nieuwegein schrijven, een voor mij onbekende stad. Meerdere keren per week was ik er te vinden. Voor het vak Levensbeschouwing bezocht ik de Jehova\u2019s Getuigen. Daarover schreef ik \u2018Prediken is van levensbelang\u2019. Het werd een verhaal waarin ik zonder oordeel beschreef wat ik zag en daar voegde ik mijn eigen humoristische ondertoon aan toe. \u2018Ik ben helaas niet meer te redden, maar jij misschien wel!\u2019 Een week later was het artikel 18.000 keer gelezen. Ik begrijp nog steeds niet helemaal hoe, maar het gaf mij zeker wel een enorme boost en liet mij inzien hoe geweldig het is als lezers je werk waarderen. \u2018Nou, ik heb mijn piek bereikt hoor\u2019, dacht ik.<\/p>\n<p>In mijn tweede jaar schreef ik mijn eerste Engelse verhaal over het belang van drugstesten voor jongeren. Hierbij sprak ik Britse ouders sprak die hun kinderen verloren waren na het gebruik van drugs. Beiden pleitten zij voor legalisatie en een beter beleid om te voorkomen dat jongeren overlijden na het gebruiken van vervuilde middelen. Het verhaal werd geplaatst op de website van een Britse non-profit en was voor mij een eerste voorproefje van de internationale journalistiek.<\/p>\n<p>In datzelfde jaar maakte ik een multimediale productie over James Burton, een Amerikaanse ex-gedetineerde en ex-cannabisteler voor Nederlandse apotheken. Het verhaal stuurde ik in voor de SvJ-prijs in de tweedejaarscategorie onder het mom \u2018niet geschoten, is altijd mis\u2019. Toen hoofdredacteur van de NOS, Marcel Gelauff, mijn verhaal opnoemde als winnaar kon ik het amper geloven. Wederom een enorme boost. Erkenning krijgen voor een verhaal waar je met zo veel plezier en liefde aan hebt werkt, is fantastisch.<\/p>\n<p>Ik vind het lastig om te beschrijven wat mij een goede journalist maakt zonder terug te vallen op clich\u00e9s. Ik denk dat een goede journalist niet alleen maar naar zichzelf luistert, maar ook anderen aan het woord laat. Dus dat is precies wat ik ga doen:<\/p>\n<p style=\"text-align: center\"><em>\u201cLara ziet de rookschermen die mensen om zichzelf en om anderen heen fabriceren voor wat ze zijn. Ze laat deze links liggen en focust zich op de kern van de zaak.\u201d<br \/>\n&#8211;<br \/>\n\u201cLara is doortastend en deinst niet terug voor moeilijke vragen. Dat zijn waardevolle eigenschappen wat mij betreft en ook wel de kern van de professie.\u201d<br \/>\n&#8211;<br \/>\n\u201cLara&#8217;s way of describing a scene introduces you to concrete realities of a story as well as a personal acquaintance with the other characters involved, in an exciting yet professional way.\u201d<br \/>\n&#8211;<br \/>\n\u201cLara gaat onbevreesd met openvizier op innemende wijze de dialoog aan waarvan je eigenlijk niet wist dat die interessant zou worden.\u201d<br \/>\n&#8211;<br \/>\n<\/em><em>\u201cWat betreft Lara\u2019s crossmediale en communicatieve competenties, kan ik alleen maar lovend zijn. Ze was een drijvende kracht achter het geheel. Over haar journalistieke competenties geen twijfel.\u201d<\/em><em><br \/>\n&#8211;<br \/>\n\u201cJe interesse is oprecht en je weet precies waar de interessante verhalen liggen.\u201d<\/em><em><br \/>\n&#8211;<br \/>\n\u201cDe waarheid staat bij Lara hoog in het vaandel en ze zal altijd zeggen waar het op staat. Zelfreflectie is onlosmakelijk met haar persoonlijkheid verbonden, waardoor ze ten allen tijden een stijgende lijn weet aan te houden in de ontwikkeling van haar professionele, maar ook haar sociale vaardigheden.\u201d<br \/>\n&#8211;<br \/>\n\u201cAssertief, nieuwsgierig naar de wereld om zich heen (ook te zien aan het veel reizen), kan mensen makkelijk op hun gemak stellen door haar open persoonlijkheid waardoor ze snel hun verhaal bij haar willen doen.\u201d<br \/>\n&#8211;<br \/>\n\u201cJe bent communicatief, kritisch en hebt lef. Je bent sociaal en laat in het dagelijks leven geen kans voorbij gaan om nieuwe mensen te ontmoeten en nieuwe verhalen te horen. Je hebt je hart op de tong. De dingen die de meeste mensen alleen denken vraag\/zeg jij gewoon.\u201d<br \/>\n&#8211;<br \/>\n\u201cSterk gevoel van rechtvaardigheid, oprechte interesse en passie toont en enorm integer. Jij bent \u00e9\u00e9n van de eerste die ik zou kiezen als ik iets kwijt zou moeten of iemand in vertrouwen zou moeten nemen\u201d<\/em><\/p>\n<p>Wat er voor mij in de toekomst gaat komen als journalist, dat weet ik niet en daar ben ik nog niet over uit. Maar \u00e9\u00e9n ding is wel zeker, ik blijf met gemeende interesse, integriteit, zonder oordeel en m\u00e9t een snufje humor schrijven over de onderwerpen die mij aan het hart liggen.<\/p>\n<p>&nbsp;<\/p>\n<p>[aesop_image  img=&#8221;https:\/\/svjmedia.nl\/larasmit\/wp-content\/uploads\/sites\/205\/2022\/01\/DSCF3156-2-scaled.jpg&#8221; panorama=&#8221;on&#8221; imgheight=&#8221;650xp&#8221; align=&#8221;center&#8221; lightbox=&#8221;on&#8221; captionsrc=&#8221;custom&#8221; captionposition=&#8221;left&#8221; revealfx=&#8221;inplace&#8221; overlay_revealfx=&#8221;inplace&#8221;]<\/p>\n","protected":false},"excerpt":{"rendered":"<p>Met een scherp gevoel voor humor, veel sarcasme en een klein beetje cynisme studeer ik al meer dan drie jaar aan de School voor Journalistiek. Na drie tussenjaren, waarbij ik in zowel Nederland, als Australi\u00eb, Oostenrijk en Ierland heb gewerkt, besloot ik toch om te gaan studeren. Nu zijn we alweer bijna drie jaar verder [&hellip;]<\/p>\n","protected":false},"author":106,"featured_media":0,"parent":0,"menu_order":0,"comment_status":"closed","ping_status":"closed","template":"","meta":{"_acf_changed":false,"footnotes":""},"class_list":["post-258","page","type-page","status-publish","hentry","aesop-entry-content"],"acf":[],"yoast_head":"<!-- This site is optimized with the Yoast SEO plugin v27.3 - https:\/\/yoast.com\/product\/yoast-seo-wordpress\/ -->\n<title>About - Lara Smit<\/title>\n<meta name=\"robots\" content=\"noindex, follow, max-snippet:-1, max-image-preview:large, max-video-preview:-1\" \/>\n<meta property=\"og:locale\" content=\"nl_NL\" \/>\n<meta property=\"og:type\" content=\"article\" \/>\n<meta property=\"og:title\" content=\"About - Lara Smit\" \/>\n<meta property=\"og:description\" content=\"Met een scherp gevoel voor humor, veel sarcasme en een klein beetje cynisme studeer ik al meer dan drie jaar aan de School voor Journalistiek. Na drie tussenjaren, waarbij ik in zowel Nederland, als Australi\u00eb, Oostenrijk en Ierland heb gewerkt, besloot ik toch om te gaan studeren. Nu zijn we alweer bijna drie jaar verder [&hellip;]\" \/>\n<meta property=\"og:url\" content=\"https:\/\/svjmedia.nl\/larasmit\/biografie\/\" \/>\n<meta property=\"og:site_name\" content=\"Lara Smit\" \/>\n<meta property=\"article:modified_time\" content=\"2022-02-03T11:03:27+00:00\" \/>\n<meta name=\"twitter:card\" content=\"summary_large_image\" \/>\n<meta name=\"twitter:label1\" content=\"Geschatte leestijd\" \/>\n\t<meta name=\"twitter:data1\" content=\"7 minuten\" \/>\n<script type=\"application\/ld+json\" class=\"yoast-schema-graph\">{\"@context\":\"https:\\\/\\\/schema.org\",\"@graph\":[{\"@type\":\"WebPage\",\"@id\":\"https:\\\/\\\/svjmedia.nl\\\/larasmit\\\/biografie\\\/\",\"url\":\"https:\\\/\\\/svjmedia.nl\\\/larasmit\\\/biografie\\\/\",\"name\":\"About - Lara Smit\",\"isPartOf\":{\"@id\":\"https:\\\/\\\/svjmedia.nl\\\/larasmit\\\/#website\"},\"datePublished\":\"2019-09-13T08:40:26+00:00\",\"dateModified\":\"2022-02-03T11:03:27+00:00\",\"breadcrumb\":{\"@id\":\"https:\\\/\\\/svjmedia.nl\\\/larasmit\\\/biografie\\\/#breadcrumb\"},\"inLanguage\":\"nl-NL\",\"potentialAction\":[{\"@type\":\"ReadAction\",\"target\":[\"https:\\\/\\\/svjmedia.nl\\\/larasmit\\\/biografie\\\/\"]}]},{\"@type\":\"BreadcrumbList\",\"@id\":\"https:\\\/\\\/svjmedia.nl\\\/larasmit\\\/biografie\\\/#breadcrumb\",\"itemListElement\":[{\"@type\":\"ListItem\",\"position\":1,\"name\":\"Home\",\"item\":\"https:\\\/\\\/svjmedia.nl\\\/larasmit\\\/\"},{\"@type\":\"ListItem\",\"position\":2,\"name\":\"About\"}]},{\"@type\":\"WebSite\",\"@id\":\"https:\\\/\\\/svjmedia.nl\\\/larasmit\\\/#website\",\"url\":\"https:\\\/\\\/svjmedia.nl\\\/larasmit\\\/\",\"name\":\"Lara Smit\",\"description\":\"HU School voor Journalistiek Persoonlijk Dossier\",\"potentialAction\":[{\"@type\":\"SearchAction\",\"target\":{\"@type\":\"EntryPoint\",\"urlTemplate\":\"https:\\\/\\\/svjmedia.nl\\\/larasmit\\\/?s={search_term_string}\"},\"query-input\":{\"@type\":\"PropertyValueSpecification\",\"valueRequired\":true,\"valueName\":\"search_term_string\"}}],\"inLanguage\":\"nl-NL\"}]}<\/script>\n<!-- \/ Yoast SEO plugin. -->","yoast_head_json":{"title":"About - Lara Smit","robots":{"index":"noindex","follow":"follow","max-snippet":"max-snippet:-1","max-image-preview":"max-image-preview:large","max-video-preview":"max-video-preview:-1"},"og_locale":"nl_NL","og_type":"article","og_title":"About - Lara Smit","og_description":"Met een scherp gevoel voor humor, veel sarcasme en een klein beetje cynisme studeer ik al meer dan drie jaar aan de School voor Journalistiek. Na drie tussenjaren, waarbij ik in zowel Nederland, als Australi\u00eb, Oostenrijk en Ierland heb gewerkt, besloot ik toch om te gaan studeren. Nu zijn we alweer bijna drie jaar verder [&hellip;]","og_url":"https:\/\/svjmedia.nl\/larasmit\/biografie\/","og_site_name":"Lara Smit","article_modified_time":"2022-02-03T11:03:27+00:00","twitter_card":"summary_large_image","twitter_misc":{"Geschatte leestijd":"7 minuten"},"schema":{"@context":"https:\/\/schema.org","@graph":[{"@type":"WebPage","@id":"https:\/\/svjmedia.nl\/larasmit\/biografie\/","url":"https:\/\/svjmedia.nl\/larasmit\/biografie\/","name":"About - Lara Smit","isPartOf":{"@id":"https:\/\/svjmedia.nl\/larasmit\/#website"},"datePublished":"2019-09-13T08:40:26+00:00","dateModified":"2022-02-03T11:03:27+00:00","breadcrumb":{"@id":"https:\/\/svjmedia.nl\/larasmit\/biografie\/#breadcrumb"},"inLanguage":"nl-NL","potentialAction":[{"@type":"ReadAction","target":["https:\/\/svjmedia.nl\/larasmit\/biografie\/"]}]},{"@type":"BreadcrumbList","@id":"https:\/\/svjmedia.nl\/larasmit\/biografie\/#breadcrumb","itemListElement":[{"@type":"ListItem","position":1,"name":"Home","item":"https:\/\/svjmedia.nl\/larasmit\/"},{"@type":"ListItem","position":2,"name":"About"}]},{"@type":"WebSite","@id":"https:\/\/svjmedia.nl\/larasmit\/#website","url":"https:\/\/svjmedia.nl\/larasmit\/","name":"Lara Smit","description":"HU School voor Journalistiek Persoonlijk Dossier","potentialAction":[{"@type":"SearchAction","target":{"@type":"EntryPoint","urlTemplate":"https:\/\/svjmedia.nl\/larasmit\/?s={search_term_string}"},"query-input":{"@type":"PropertyValueSpecification","valueRequired":true,"valueName":"search_term_string"}}],"inLanguage":"nl-NL"}]}},"_links":{"self":[{"href":"https:\/\/svjmedia.nl\/larasmit\/wp-json\/wp\/v2\/pages\/258","targetHints":{"allow":["GET"]}}],"collection":[{"href":"https:\/\/svjmedia.nl\/larasmit\/wp-json\/wp\/v2\/pages"}],"about":[{"href":"https:\/\/svjmedia.nl\/larasmit\/wp-json\/wp\/v2\/types\/page"}],"author":[{"embeddable":true,"href":"https:\/\/svjmedia.nl\/larasmit\/wp-json\/wp\/v2\/users\/106"}],"replies":[{"embeddable":true,"href":"https:\/\/svjmedia.nl\/larasmit\/wp-json\/wp\/v2\/comments?post=258"}],"version-history":[{"count":0,"href":"https:\/\/svjmedia.nl\/larasmit\/wp-json\/wp\/v2\/pages\/258\/revisions"}],"wp:attachment":[{"href":"https:\/\/svjmedia.nl\/larasmit\/wp-json\/wp\/v2\/media?parent=258"}],"curies":[{"name":"wp","href":"https:\/\/api.w.org\/{rel}","templated":true}]}}