{"id":268,"date":"2019-09-13T10:44:38","date_gmt":"2019-09-13T08:44:38","guid":{"rendered":"https:\/\/svjmedia.nl\/larasmit\/?page_id=268"},"modified":"2020-06-29T16:14:31","modified_gmt":"2020-06-29T14:14:31","slug":"interview","status":"publish","type":"page","link":"https:\/\/svjmedia.nl\/larasmit\/portfolio-slow\/interview\/","title":{"rendered":"Interview"},"content":{"rendered":"<h1 id=\"\u201cals-die-reacties-waren-uitg\"><strong>Is het coronavirus een straf van boven?<\/strong><\/h1>\n<div id=\"attachment_301\" style=\"width: 650px\" class=\"wp-caption alignnone\"><img loading=\"lazy\" decoding=\"async\" aria-describedby=\"caption-attachment-301\" class=\"size-large wp-image-301\" src=\"https:\/\/svjmedia.nl\/larasmit\/wp-content\/uploads\/sites\/205\/2020\/04\/IMG_9844-1024x683.jpg\" alt=\"\" width=\"640\" height=\"427\" srcset=\"https:\/\/svjmedia.nl\/larasmit\/wp-content\/uploads\/sites\/205\/2020\/04\/IMG_9844-1024x683.jpg 1024w, https:\/\/svjmedia.nl\/larasmit\/wp-content\/uploads\/sites\/205\/2020\/04\/IMG_9844-300x200.jpg 300w, https:\/\/svjmedia.nl\/larasmit\/wp-content\/uploads\/sites\/205\/2020\/04\/IMG_9844-768x512.jpg 768w, https:\/\/svjmedia.nl\/larasmit\/wp-content\/uploads\/sites\/205\/2020\/04\/IMG_9844-1536x1024.jpg 1536w, https:\/\/svjmedia.nl\/larasmit\/wp-content\/uploads\/sites\/205\/2020\/04\/IMG_9844-2048x1365.jpg 2048w, https:\/\/svjmedia.nl\/larasmit\/wp-content\/uploads\/sites\/205\/2020\/04\/IMG_9844-1080x720.jpg 1080w, https:\/\/svjmedia.nl\/larasmit\/wp-content\/uploads\/sites\/205\/2020\/04\/IMG_9844-1250x833.jpg 1250w, https:\/\/svjmedia.nl\/larasmit\/wp-content\/uploads\/sites\/205\/2020\/04\/IMG_9844-400x267.jpg 400w\" sizes=\"auto, (max-width: 640px) 100vw, 640px\" \/><p id=\"caption-attachment-301\" class=\"wp-caption-text\">De Gereformeerde Bethelkerk in Werkendam. Foto: Lara Smit<\/p><\/div>\n<p><strong>Het coronavirus teistert al enige tijd de wereld. Veel mensen kijken naar het RIVM of de Wereldgezondheidsorganisatie voor antwoorden, maar er zijn ook mensen die een andere richting op kijken: de bijbel. Is het coronavirus een straf van God?<br \/>\n<\/strong><br \/>\n\u201cDominee waarschuwt kinderen: corona is jullie schuld.\u201d Deze kop van een artikel in De Telegraaf gaat over een brief die dominee Agteresch heeft geschreven aan de kinderen van de Gereformeerde Gemeente in Werkendam. \u201cJullie zullen vast wel nagedacht hebben hoe het allemaal komt. Het komt door onze zonden. De Heere woont in de hemel en ziet heel veel boze dingen bij de grote mensen en bij de kinderen. Zij doen boos, praten boos en denken boos. Daarom is de Heere toornig op ons en stuurt Hij een ziekte\u201d, schrijft de dominee in de brief.<\/p>\n<p><strong>Schokkend, liefdeloos en gevaarlijk<\/strong><br \/>\nEen opvoedkundige wordt in De Telegraaf aan het woord gelaten, spreekt schande van de brief en noemt het \u2018schokkend, liefdeloos en gevaarlijk\u2019. Dominee Agteresch is het daar niet mee eens. \u201cIk heb natuurlijk de brief geschreven voor de eigen kinderen in de gemeente. Als ik de brief had geschreven voor de buitenwereld, dan had ik het heel anders verwoord. Neem nu bijvoorbeeld \u2018straf van God\u2019, ik heb dat gezien als een citaat, ik heb het niet zelf bedacht, een citaat neem je over.\u201d<\/p>\n<div id=\"attachment_302\" style=\"width: 651px\" class=\"wp-caption alignnone\"><img loading=\"lazy\" decoding=\"async\" aria-describedby=\"caption-attachment-302\" class=\"wp-image-302\" src=\"https:\/\/svjmedia.nl\/larasmit\/wp-content\/uploads\/sites\/205\/2020\/04\/IMG_9794-1024x683.jpg\" alt=\"\" width=\"641\" height=\"427\" srcset=\"https:\/\/svjmedia.nl\/larasmit\/wp-content\/uploads\/sites\/205\/2020\/04\/IMG_9794-1024x683.jpg 1024w, https:\/\/svjmedia.nl\/larasmit\/wp-content\/uploads\/sites\/205\/2020\/04\/IMG_9794-300x200.jpg 300w, https:\/\/svjmedia.nl\/larasmit\/wp-content\/uploads\/sites\/205\/2020\/04\/IMG_9794-768x512.jpg 768w, https:\/\/svjmedia.nl\/larasmit\/wp-content\/uploads\/sites\/205\/2020\/04\/IMG_9794-1536x1024.jpg 1536w, https:\/\/svjmedia.nl\/larasmit\/wp-content\/uploads\/sites\/205\/2020\/04\/IMG_9794-2048x1365.jpg 2048w, https:\/\/svjmedia.nl\/larasmit\/wp-content\/uploads\/sites\/205\/2020\/04\/IMG_9794-1080x720.jpg 1080w, https:\/\/svjmedia.nl\/larasmit\/wp-content\/uploads\/sites\/205\/2020\/04\/IMG_9794-1250x833.jpg 1250w, https:\/\/svjmedia.nl\/larasmit\/wp-content\/uploads\/sites\/205\/2020\/04\/IMG_9794-400x267.jpg 400w\" sizes=\"auto, (max-width: 641px) 100vw, 641px\" \/><p id=\"caption-attachment-302\" class=\"wp-caption-text\">Foto: Lara Smit<\/p><\/div>\n<p><strong>Biddag<\/strong><br \/>\nDe dominee is niet de enige die zich uitspreekt over het coronavirus en het geloof. Ook het Reformatorisch Dagblad spreekt zich uit over de pandemie en schrijft in een redactioneel commentaar dat \u2018niet corona heerst, maar God regeert.\u2019 Zij noemen het afgelasten van kerkdiensten onverantwoordelijk en roepen op tot een \u2018biddag\u2019.<\/p>\n<p><strong>Goddelijke vergelding<\/strong><br \/>\nZo is er een grote verdeeldheid in de religieuze wereld. Op 7 maart noemt Joods-orthodoxe rabbijn Meir Mazuz volgens Isra\u00eblische krant Israel Hayom het coronavirus een \u2018goddelijke vergelding\u2019 voor LGBTQ-optochten zoals de Gay Pride. \u201cAlle landen die dit kwaad hebben lijden nu onder het coronavirus, behalve de Arabische staten, die deze neiging niet hebben.\u201d Daarbij benoemt de rabbijn dat er in Tunesi\u00eb maar \u00e9\u00e9n besmetting is. Ondanks dat er volgens de Worldometer op dat moment inderdaad maar \u00e9\u00e9n besmetting is, is dat getal precies \u00e9\u00e9n maand later, op 7 april 2020, gestegen naar 623.<\/p>\n<p><strong>On-christelijk<\/strong><br \/>\nToch zijn veel religieuze leiders het hier niet mee eens. De bisschop van Hildesheim in Duitsland noemt in een interview met de K\u00f6lner Stadt-Anzeiger het idee dat het coronavirus een straf van God zou zijn \u2018vreselijk en compleet on-christelijk\u2019. Ook de aartsbisschop van M\u00fcnchen spreekt zich in een interview met Merkur.de uit en benoemt dat men tot een heel moeilijk en negatief beeld van God komt als er gesproken wordt over het coronavirus als een straf. Kardinaal Scola uit Milaan, voormalige koploper van het pausdom, zegt in een interview met Italiaanse krant LaRepubblica zelfs dat goddelijke straf niet bestaat en dat dit een verkeerde kijk is op het Christendom.<\/p>\n<p><strong>Relativeren<\/strong><br \/>\nDat overal verschillende overtuigingen ontstaan met betrekking tot de straffen van God, is ook terug te zien in onderzoek van het Sociaal en Cultureel Planbureau (SCP) uit 2018. Zij concluderen in het rapport \u2018Christendom in Nederland\u2019 dat er steeds meer gerelativeerd wordt in het geloof. Al sinds de jaren 60 worden steeds minder geloofswaarheden door Nederlanders bevestigd, er is een steeds hoger percentage dat bepaalde geloofswaarheden (bijvoorbeeld dat er leven na de dood is) zonder meer afwijst of op zijn minst sterk relativeert.<\/p>\n<p><strong>Misleidende kop<\/strong><br \/>\nDominee Agteresch staat nog wel achter zijn brief. Het ergste vindt hij de kop van het stuk in De Telegraaf. Die noemt hij misleidend. \u201cDe kop van het artikel is absoluut misleidend. Die voldoet niet aan de inhoud van de brief. Ik heb gemerkt dat in dit geval journalisten niet begrijpend kunnen lezen. Men gaat af op iets schreeuwerigs wat echt niet waar is. Er is geen kind in de kerk dat denkt dat de dominee zegt \u2018corona is een hele erge ziekte en het is jouw schuld\u2019. Dat is in de media gekomen, maar dat heb ik echt nooit uitgedragen en dat is ook niet mijn overtuiging.\u201d<\/p>\n<p><strong>Vergelding van een hogere macht<\/strong><br \/>\nHet is overigens natuurlijk niet voor het eerst dat een natuurramp als een vergelding van een hogere macht wordt gezien. Denk aan de dodelijke tsunami in Japan in 2011, die door de gouverneur van Tokyo een straf van God werd genoemd om de Japanners te straffen voor hun ego\u00efsme. Of Schotse predikant John MacLeod die de verwoestende tsunami in Azi\u00eb van 2004 vergeleek met de zondvloed van Noach, die door God was gestuurd om zonderaars te straffen.<br \/>\nWe kunnen zelfs nog veel verder terug, naar 1755, toen een enorme aardbeving in Lissabon naar schatting tussen de 15.000 en 30.000 mensenlevens kostte. Hierna was veel discussie tussen theologen en filosofen over de eventuele goddelijke vergelding. Naar aanleiding hiervan schreef Franse filosoof Voltaire een gedicht, hij was het er namelijk niet mee eens.<br \/>\n<em>\u00a0Direz-vous, en voyant cet amas de victimes :<\/em><\/p>\n<p><em>&#8220;Dieu s&#8217;est veng\u00e9, leur mort est le prix de leurs crimes&#8221;?<\/em><\/p>\n<p><em>Quel crime, quelle faute ont commis ces enfants<\/em><\/p>\n<p><em>Sur le sein maternel \u00e9cras\u00e9s et sanglants? <\/em><\/p>\n<p>(Zegt u, bij het zien van zoveel slachtoffers:<br \/>\n&#8220;Dit is de wraak van God, hun dood is de prijs voor hun misdaden\u201d?<\/p>\n<p>Welke misdaad, wat voor fout hebben deze kinderen begaan,<\/p>\n<p>die verbrijzeld en bebloed op de borst van hun moeder liggen?)<\/p>\n<p><strong>Veel negatieve reacties<\/strong><br \/>\nNatuurlijk kan niet iedereen zo\u2019n brief waarderen als degene die dominee Agteresch schreef. Hij kreeg een hoop ongevraagde reacties. \u201cIk heb heel erg veel negatieve reacties gehad uit het land, ook van mensen die niks met de kerk hebben. Dat was echt haat en verwensingen. Als die reacties waren uitgekomen, dan had ik hier niet meer levend aan de telefoon gezeten.\u201d Toch waren niet alle reacties negatief. \u201cIk heb ook weer veel reacties gekregen, ook vanuit andere kerken, die heel instemmend waren, die het ook begrepen. Vanuit de eigen gemeente heb ik een hele mand vol met tekeningen, kaarten en brieven gekregen. Elke keer stopte de bloemist voor de deur, dus in die moeilijke periode hadden wij een woonkamer vol met bossen bloemen en planten.\u201d<\/p>\n<p>Maar is het coronavirus nou echt een straf van God? In 2013 schreef Jan-Kees Karels een column voor het Reformatorisch Dagblad waarin hij het heeft over de religieuze duiding van natuurrampen. Zijn conclusie? \u201cBeter lijkt het om over wat je niet kunt weten, maar gewoon te zwijgen.\u201d<\/p>\n","protected":false},"excerpt":{"rendered":"<p>Is het coronavirus een straf van boven? Het coronavirus teistert al enige tijd de wereld. Veel mensen kijken naar het RIVM of de Wereldgezondheidsorganisatie voor antwoorden, maar er zijn ook mensen die een andere richting op kijken: de bijbel. Is het coronavirus een straf van God? \u201cDominee waarschuwt kinderen: corona is jullie schuld.\u201d Deze kop [&hellip;]<\/p>\n","protected":false},"author":106,"featured_media":301,"parent":261,"menu_order":0,"comment_status":"closed","ping_status":"closed","template":"","meta":{"_acf_changed":false,"footnotes":""},"class_list":{"0":"post-268","1":"page","2":"type-page","3":"status-publish","4":"has-post-thumbnail","5":"hentry","7":"aesop-entry-content"},"acf":[],"yoast_head":"<!-- This site is optimized with the Yoast SEO plugin v27.3 - https:\/\/yoast.com\/product\/yoast-seo-wordpress\/ -->\n<title>Interview - Lara Smit<\/title>\n<meta name=\"robots\" content=\"noindex, follow, max-snippet:-1, max-image-preview:large, max-video-preview:-1\" \/>\n<meta property=\"og:locale\" content=\"nl_NL\" \/>\n<meta property=\"og:type\" content=\"article\" \/>\n<meta property=\"og:title\" content=\"Interview - Lara Smit\" \/>\n<meta property=\"og:description\" content=\"Is het coronavirus een straf van boven? Het coronavirus teistert al enige tijd de wereld. Veel mensen kijken naar het RIVM of de Wereldgezondheidsorganisatie voor antwoorden, maar er zijn ook mensen die een andere richting op kijken: de bijbel. Is het coronavirus een straf van God? \u201cDominee waarschuwt kinderen: corona is jullie schuld.\u201d Deze kop [&hellip;]\" \/>\n<meta property=\"og:url\" content=\"https:\/\/svjmedia.nl\/larasmit\/portfolio-slow\/interview\/\" \/>\n<meta property=\"og:site_name\" content=\"Lara Smit\" \/>\n<meta property=\"article:modified_time\" content=\"2020-06-29T14:14:31+00:00\" \/>\n<meta property=\"og:image\" content=\"https:\/\/svjmedia.nl\/larasmit\/wp-content\/uploads\/sites\/205\/2020\/04\/IMG_9844-scaled.jpg\" \/>\n\t<meta property=\"og:image:width\" content=\"2560\" \/>\n\t<meta property=\"og:image:height\" content=\"1707\" \/>\n\t<meta property=\"og:image:type\" content=\"image\/jpeg\" \/>\n<meta name=\"twitter:card\" content=\"summary_large_image\" \/>\n<meta name=\"twitter:label1\" content=\"Geschatte leestijd\" \/>\n\t<meta name=\"twitter:data1\" content=\"5 minuten\" \/>\n<script type=\"application\/ld+json\" class=\"yoast-schema-graph\">{\"@context\":\"https:\\\/\\\/schema.org\",\"@graph\":[{\"@type\":\"WebPage\",\"@id\":\"https:\\\/\\\/svjmedia.nl\\\/larasmit\\\/portfolio-slow\\\/interview\\\/\",\"url\":\"https:\\\/\\\/svjmedia.nl\\\/larasmit\\\/portfolio-slow\\\/interview\\\/\",\"name\":\"Interview - Lara Smit\",\"isPartOf\":{\"@id\":\"https:\\\/\\\/svjmedia.nl\\\/larasmit\\\/#website\"},\"primaryImageOfPage\":{\"@id\":\"https:\\\/\\\/svjmedia.nl\\\/larasmit\\\/portfolio-slow\\\/interview\\\/#primaryimage\"},\"image\":{\"@id\":\"https:\\\/\\\/svjmedia.nl\\\/larasmit\\\/portfolio-slow\\\/interview\\\/#primaryimage\"},\"thumbnailUrl\":\"https:\\\/\\\/svjmedia.nl\\\/larasmit\\\/wp-content\\\/uploads\\\/sites\\\/205\\\/2020\\\/04\\\/IMG_9844-scaled.jpg\",\"datePublished\":\"2019-09-13T08:44:38+00:00\",\"dateModified\":\"2020-06-29T14:14:31+00:00\",\"breadcrumb\":{\"@id\":\"https:\\\/\\\/svjmedia.nl\\\/larasmit\\\/portfolio-slow\\\/interview\\\/#breadcrumb\"},\"inLanguage\":\"nl-NL\",\"potentialAction\":[{\"@type\":\"ReadAction\",\"target\":[\"https:\\\/\\\/svjmedia.nl\\\/larasmit\\\/portfolio-slow\\\/interview\\\/\"]}]},{\"@type\":\"ImageObject\",\"inLanguage\":\"nl-NL\",\"@id\":\"https:\\\/\\\/svjmedia.nl\\\/larasmit\\\/portfolio-slow\\\/interview\\\/#primaryimage\",\"url\":\"https:\\\/\\\/svjmedia.nl\\\/larasmit\\\/wp-content\\\/uploads\\\/sites\\\/205\\\/2020\\\/04\\\/IMG_9844-scaled.jpg\",\"contentUrl\":\"https:\\\/\\\/svjmedia.nl\\\/larasmit\\\/wp-content\\\/uploads\\\/sites\\\/205\\\/2020\\\/04\\\/IMG_9844-scaled.jpg\",\"width\":2560,\"height\":1707,\"caption\":\"De Gereformeerde Bethelkerk in Werkendam. Foto: Lara Smit\"},{\"@type\":\"BreadcrumbList\",\"@id\":\"https:\\\/\\\/svjmedia.nl\\\/larasmit\\\/portfolio-slow\\\/interview\\\/#breadcrumb\",\"itemListElement\":[{\"@type\":\"ListItem\",\"position\":1,\"name\":\"Home\",\"item\":\"https:\\\/\\\/svjmedia.nl\\\/larasmit\\\/\"},{\"@type\":\"ListItem\",\"position\":2,\"name\":\"Portfolio Slow\",\"item\":\"https:\\\/\\\/svjmedia.nl\\\/larasmit\\\/portfolio-slow\\\/\"},{\"@type\":\"ListItem\",\"position\":3,\"name\":\"Interview\"}]},{\"@type\":\"WebSite\",\"@id\":\"https:\\\/\\\/svjmedia.nl\\\/larasmit\\\/#website\",\"url\":\"https:\\\/\\\/svjmedia.nl\\\/larasmit\\\/\",\"name\":\"Lara Smit\",\"description\":\"HU School voor Journalistiek Persoonlijk Dossier\",\"potentialAction\":[{\"@type\":\"SearchAction\",\"target\":{\"@type\":\"EntryPoint\",\"urlTemplate\":\"https:\\\/\\\/svjmedia.nl\\\/larasmit\\\/?s={search_term_string}\"},\"query-input\":{\"@type\":\"PropertyValueSpecification\",\"valueRequired\":true,\"valueName\":\"search_term_string\"}}],\"inLanguage\":\"nl-NL\"}]}<\/script>\n<!-- \/ Yoast SEO plugin. -->","yoast_head_json":{"title":"Interview - Lara Smit","robots":{"index":"noindex","follow":"follow","max-snippet":"max-snippet:-1","max-image-preview":"max-image-preview:large","max-video-preview":"max-video-preview:-1"},"og_locale":"nl_NL","og_type":"article","og_title":"Interview - Lara Smit","og_description":"Is het coronavirus een straf van boven? Het coronavirus teistert al enige tijd de wereld. Veel mensen kijken naar het RIVM of de Wereldgezondheidsorganisatie voor antwoorden, maar er zijn ook mensen die een andere richting op kijken: de bijbel. Is het coronavirus een straf van God? \u201cDominee waarschuwt kinderen: corona is jullie schuld.\u201d Deze kop [&hellip;]","og_url":"https:\/\/svjmedia.nl\/larasmit\/portfolio-slow\/interview\/","og_site_name":"Lara Smit","article_modified_time":"2020-06-29T14:14:31+00:00","og_image":[{"width":2560,"height":1707,"url":"https:\/\/svjmedia.nl\/larasmit\/wp-content\/uploads\/sites\/205\/2020\/04\/IMG_9844-scaled.jpg","type":"image\/jpeg"}],"twitter_card":"summary_large_image","twitter_misc":{"Geschatte leestijd":"5 minuten"},"schema":{"@context":"https:\/\/schema.org","@graph":[{"@type":"WebPage","@id":"https:\/\/svjmedia.nl\/larasmit\/portfolio-slow\/interview\/","url":"https:\/\/svjmedia.nl\/larasmit\/portfolio-slow\/interview\/","name":"Interview - Lara Smit","isPartOf":{"@id":"https:\/\/svjmedia.nl\/larasmit\/#website"},"primaryImageOfPage":{"@id":"https:\/\/svjmedia.nl\/larasmit\/portfolio-slow\/interview\/#primaryimage"},"image":{"@id":"https:\/\/svjmedia.nl\/larasmit\/portfolio-slow\/interview\/#primaryimage"},"thumbnailUrl":"https:\/\/svjmedia.nl\/larasmit\/wp-content\/uploads\/sites\/205\/2020\/04\/IMG_9844-scaled.jpg","datePublished":"2019-09-13T08:44:38+00:00","dateModified":"2020-06-29T14:14:31+00:00","breadcrumb":{"@id":"https:\/\/svjmedia.nl\/larasmit\/portfolio-slow\/interview\/#breadcrumb"},"inLanguage":"nl-NL","potentialAction":[{"@type":"ReadAction","target":["https:\/\/svjmedia.nl\/larasmit\/portfolio-slow\/interview\/"]}]},{"@type":"ImageObject","inLanguage":"nl-NL","@id":"https:\/\/svjmedia.nl\/larasmit\/portfolio-slow\/interview\/#primaryimage","url":"https:\/\/svjmedia.nl\/larasmit\/wp-content\/uploads\/sites\/205\/2020\/04\/IMG_9844-scaled.jpg","contentUrl":"https:\/\/svjmedia.nl\/larasmit\/wp-content\/uploads\/sites\/205\/2020\/04\/IMG_9844-scaled.jpg","width":2560,"height":1707,"caption":"De Gereformeerde Bethelkerk in Werkendam. Foto: Lara Smit"},{"@type":"BreadcrumbList","@id":"https:\/\/svjmedia.nl\/larasmit\/portfolio-slow\/interview\/#breadcrumb","itemListElement":[{"@type":"ListItem","position":1,"name":"Home","item":"https:\/\/svjmedia.nl\/larasmit\/"},{"@type":"ListItem","position":2,"name":"Portfolio Slow","item":"https:\/\/svjmedia.nl\/larasmit\/portfolio-slow\/"},{"@type":"ListItem","position":3,"name":"Interview"}]},{"@type":"WebSite","@id":"https:\/\/svjmedia.nl\/larasmit\/#website","url":"https:\/\/svjmedia.nl\/larasmit\/","name":"Lara Smit","description":"HU School voor Journalistiek Persoonlijk Dossier","potentialAction":[{"@type":"SearchAction","target":{"@type":"EntryPoint","urlTemplate":"https:\/\/svjmedia.nl\/larasmit\/?s={search_term_string}"},"query-input":{"@type":"PropertyValueSpecification","valueRequired":true,"valueName":"search_term_string"}}],"inLanguage":"nl-NL"}]}},"_links":{"self":[{"href":"https:\/\/svjmedia.nl\/larasmit\/wp-json\/wp\/v2\/pages\/268","targetHints":{"allow":["GET"]}}],"collection":[{"href":"https:\/\/svjmedia.nl\/larasmit\/wp-json\/wp\/v2\/pages"}],"about":[{"href":"https:\/\/svjmedia.nl\/larasmit\/wp-json\/wp\/v2\/types\/page"}],"author":[{"embeddable":true,"href":"https:\/\/svjmedia.nl\/larasmit\/wp-json\/wp\/v2\/users\/106"}],"replies":[{"embeddable":true,"href":"https:\/\/svjmedia.nl\/larasmit\/wp-json\/wp\/v2\/comments?post=268"}],"version-history":[{"count":0,"href":"https:\/\/svjmedia.nl\/larasmit\/wp-json\/wp\/v2\/pages\/268\/revisions"}],"up":[{"embeddable":true,"href":"https:\/\/svjmedia.nl\/larasmit\/wp-json\/wp\/v2\/pages\/261"}],"wp:featuredmedia":[{"embeddable":true,"href":"https:\/\/svjmedia.nl\/larasmit\/wp-json\/wp\/v2\/media\/301"}],"wp:attachment":[{"href":"https:\/\/svjmedia.nl\/larasmit\/wp-json\/wp\/v2\/media?parent=268"}],"curies":[{"name":"wp","href":"https:\/\/api.w.org\/{rel}","templated":true}]}}