{"id":344,"date":"2020-05-19T10:07:03","date_gmt":"2020-05-19T08:07:03","guid":{"rendered":"https:\/\/svjmedia.nl\/larasmit\/?page_id=344"},"modified":"2022-01-21T22:07:48","modified_gmt":"2022-01-21T21:07:48","slug":"artikelen","status":"publish","type":"page","link":"https:\/\/svjmedia.nl\/larasmit\/artikelen\/","title":{"rendered":"Articles"},"content":{"rendered":"<p>Some links to previously written articles:<\/p>\n<p><strong>2021:<br \/>\n<a href=\"https:\/\/www.npo3.nl\/3opreis\/alpaca-boerderijen-nederland\">&#8211; Knuffelen met alpaca&#8217;s? Het kan op deze Nederlandse boerderijen<\/a> (3 op Reis, NL)<br \/>\n<a href=\"https:\/\/www.npo3.nl\/3opreis\/freedom-day-engeland\">&#8211; Freedom Day poging twee: gaat Engeland weer open?<\/a> (3 op Reis, NL)<br \/>\n<a href=\"https:\/\/www.npo3.nl\/3opreis\/hoe-werkt-gratis-coronatest-reizen-buitenland\">&#8211; Vanaf vandaag een gratis coronatest voor je reis: hoe het precies werkt<\/a> (3 op Reis, NL)<br \/>\n<a href=\"https:\/\/www.npo3.nl\/3opreis\/griekenland-eiland-kefalonia\">-Vergeet Corfu en Zakynthos, laat je verrassen door het mythische Kefalonia<\/a> (3 op Reis, NL)<br \/>\n<a href=\"https:\/\/www.npo3.nl\/3opreis\/gratis-coronatest-reizigers\">&#8211; Vakantieplannen? Reizigers krijgen in juli en augustus een gratis coronatest<\/a> (3 op Reis, NL)<br \/>\n<a href=\"https:\/\/www.npo3.nl\/3opreis\/wijngaarden-nederland\">&#8211; Proeverij op eigen bodem: op deze wijngaarden word je met liefde rondgeleid<\/a> (3 op Reis, NL)<br \/>\n<a href=\"https:\/\/www.npo3.nl\/3opreis\/barefoot-dutchman-oostkust-blote-voeten\">&#8211; \u2018The Barefoot Dutchman\u2019 legt op blote voeten de oostkust van Australi\u00eb af: \u201cAlsof ik continu op scherpe legosteentjes loop.\u201d<\/a> (3 op Reis, NL)<br \/>\n<a href=\"https:\/\/www.npo3.nl\/3opreis\/galway-ierland\">&#8211; Stedentrip in Ierland? Verken het culturele hart Galway<\/a> (3 op Reis, NL)<br \/>\n<a href=\"https:\/\/www.npo3.nl\/3opreis\/middeleeuwse-steden-duitsland\">&#8211; Smalle stegen en middeleeuwse kastelen: waan je in een andere eeuw in deze Duitse steden<\/a> (3 op Reis, NL)<br \/>\n<a href=\"https:\/\/www.npo3.nl\/3opreis\/nachttrein-van-amsterdam-naar-wenen\">&#8211; Groen en betaalbaar: de nachttrein van Amsterdam naar Wenen rijdt nu bijna elke dag<\/a> (3 op Reis, NL)<br \/>\n<a href=\"https:\/\/www.npo3.nl\/3opreis\/beste-plekken-voor-thuiswerkers\">&#8211; Met je laptop op reis: dit zijn officieel de beste plekken voor thuiswerkers<\/a> (3 op Reis, NL)<br \/>\n<a href=\"https:\/\/www.npo3.nl\/3opreis\/vaccinatiepaspoort-wat-weten-we-al\">&#8211; Het vaccinatiepaspoort: wat weten we al?<\/a> (3 op Reis, NL)<br \/>\n<a href=\"https:\/\/www.npo3.nl\/3opreis\/negatief-reisadvies-wereldwijd-vervalt-15-mei\">&#8211; Negatief reisadvies voor de hele wereld vervalt per 15 mei<\/a> (3 op Reis, NL)<br \/>\n<a href=\"https:\/\/www.npo3.nl\/3opreis\/unieke-slaapplekken-noorderlicht\">&#8211; Een vogelnest, UFO of onzichtbare boomhut: op deze unieke slaapplekken kan je het noorderlicht zien<\/a> (3 op Reis, NL)<br \/>\n<a href=\"https:\/\/www.npo3.nl\/3opreis\/zwitserse-chocoladetrein\">&#8211; Deze Zwitserse chocoladetrein laat je hopen op vertraging<\/a> (3 op Reis, NL)<br \/>\n<a href=\"https:\/\/www.npo3.nl\/3opreis\/australie-kleurt-oranje-voor-koningsdag\">&#8211; Australi\u00eb kleurt oranje voor Koningsdag: \u201cWe missen de backpackers echt heel erg!\u201d<\/a> (3 op Reis, NL)<br \/>\n<a href=\"https:\/\/www.npo3.nl\/3opreis\/nederland-in-japan-en-verenigde-staten\">&#8211; Klompendans in de VS en een Japans Amsterdam CS? Deze oer-Hollandse plekken vind je ver over de grens<\/a> (3 op Reis, NL)<br \/>\n<a href=\"https:\/\/www.npo3.nl\/3opreis\/transfagarasan-route-roemenie\">&#8211; Duizel weg in de vlijmscherpe bochten van de Roemeense Transf\u0103g\u0103r\u0103\u0219an-route<\/a> (3 op Reis, NL)<br \/>\n<a href=\"https:\/\/www.npo3.nl\/3opreis\/nederland-vlonderpaden\">&#8211; Deze schitterende vlonderpaden vind je gewoon in Nederland<\/a> (3 op Reis)<br \/>\n<a href=\"https:\/\/www.npo3.nl\/3opreis\/genua\">&#8211; Genua, Itali\u00eb<\/a> (3 op Reis, NL)<br \/>\n<a href=\"https:\/\/www.npo3.nl\/3opreis\/controverse-kenia-safaritrein\">&#8211; De controverse rond Kenia\u2019s door China aangelegde safaritrein<\/a> (3 op Reis, NL)<br \/>\n<a href=\"https:\/\/www.npo3.nl\/3opreis\/nairobi\">&#8211; Nairobi, Kenia<\/a> (3 op Reis, NL)<br \/>\n<a href=\"https:\/\/www.npo3.nl\/3opreis\/lamu\">&#8211; Lamu, Kenia<\/a> (3 op Reis, NL)<br \/>\n<a href=\"https:\/\/www.npo3.nl\/3opreis\/virtuele-reis-nationale-parken-verenigde-staten\">&#8211; Maak een virtuele reis door vijf Amerikaanse nationale parken<\/a> (3 op Reis, NL)<br \/>\n<a href=\"https:\/\/www.npo3.nl\/3opreis\/wereldse-bakrecepten\">&#8211; Wereldse bakrecepten om je reishonger mee te stillen<\/a> (3 op Reis, NL)<br \/>\n<a href=\"https:\/\/www.npo3.nl\/3opreis\/kleurrijke-steden-europa\">&#8211; De meest kleurrijke steden in Europa die je misschien nog niet kent<\/a> (3 op Reis, NL)<br \/>\n<a href=\"https:\/\/www.npo3.nl\/3opreis\/europa-gezondheidspas-reizen-vaccinatiepaspoort\">&#8211; Europese gezondheidspas maakt reizen in de zomer misschien weer mogelijk <\/a>(3 op Reis, NL)<br \/>\n<a href=\"https:\/\/www.npo3.nl\/3opreis\/waanzinnige-wandelroutes-in-noorwegen\">&#8211; Waanzinnige wandelroutes in Noorwegen <\/a>(3 op Reis, NL)<br \/>\n<a href=\"https:\/\/www.npo3.nl\/3opreis\/winterzeilen\">&#8211; Het reilen en zeilen van winterzeilen <\/a>(3 op Reis, NL)<br \/>\n<a href=\"https:\/\/www.npo3.nl\/3opreis\/tips-wintersport-zonder-skis\">&#8211; Tips voor een onvergetelijke wintersport zonder ski&#8217;s <\/a>(3 op Reis, NL)<br \/>\n<a href=\"https:\/\/www.npo3.nl\/3opreis\/drenthe\">&#8211; Drenthe, Nederland<\/a> (3 op Reis, NL)<br \/>\n<a href=\"https:\/\/www.npo3.nl\/3opreis\/mardi-gras-new-orleans-huizen-praalwagens\">&#8211; Bewoners van New Orleans transformeren hun huizen in praalwagens voor Mardi Gras <\/a>(3 op Reis, NL)<br \/>\n<a href=\"https:\/\/volteface.me\/xtc-shops-replace-amsterdams-coffeeshops-future\/\">&#8211; Will XTC-shops Replace Dealers in the Future? <\/a>(Volteface, UK)<br \/>\n<a href=\"https:\/\/www.npo3.nl\/3opreis\/bodie-spookdorp-verenigde-staten\">&#8211; Niets is wat het lijkt in dit vervloekte spookdorp in de Verenigde Staten<\/a> (Photo series &#8211; 3 op Reis, NL)<br \/>\n<a href=\"https:\/\/www.npo3.nl\/3opreis\/mombassa\">&#8211; Mombassa, Kenia<\/a> (3 op Reis, NL)<br \/>\n<a href=\"https:\/\/www.npo3.nl\/3opreis\/lockdown-in-australie-nederlanders\">&#8211; Lockdown in Australi\u00eb: &#8220;Pas na tien maanden gooide corona opnieuw roet in het eten&#8221;<\/a> (3 op Reis, NL)<br \/>\n<a href=\"https:\/\/www.npo3.nl\/3opreis\/vaccinatiepaspoort-reizen-europa\">&#8211; Heb je in de toekomst een vaccinatiepaspoort nodig om op reis te gaan?<\/a> (3 op Reis, NL)<br \/>\n<a href=\"https:\/\/www.npo3.nl\/3opreis\/reisloze-2020-positief-impact-klimaatverandering\">&#8211; Heeft het reisloze 2020 dan op zijn minst een positieve impact op het milieu gehad?<\/a> (3 op Reis, NL)<br \/>\n<a href=\"https:\/\/www.npo3.nl\/3opreis\/thuiswerken-digital-nomad-madeira\">&#8211; Thuiswerken vanaf een tropisch eiland? Het kan op het Portugese Madeira <\/a>(3 op Reis, NL)<br \/>\n<a href=\"https:\/\/svjmedia.nl\/internationaljournalism\/1326\/the-coronavirus-managed-to-do-what-jihadists-wanted-to-do-but-couldnt\/\">&#8211; &#8216;The Coronavirus managed to do what jihadists wanted to do, but couldn&#8217;t&#8217;<\/a> (CBJ, NL)<\/p>\n<p>2020:<br \/>\n<a href=\"https:\/\/svjmedia.nl\/internationaljournalism\/1434\/could-xtc-shops-replace-amsterdams-coffeeshops-in-the-future\/\">&#8211; Could XTC-Shops replace Amsterdam&#8217;s coffeeshops in the future?<\/a> (CBJ, NL)<br \/>\n<a href=\"https:\/\/www.hanf-magazin.com\/recht\/rechtslage-international\/wird-ein-vierjaehriges-experiment-die-legalisierung-von-cannabis-in-den-niederlanden-voranbringen\/\">&#8211; Wird ein vierj\u00e4hriges Experiment die Legalisierung von Cannabis in den Niederlanden voranbringen?<\/a> (Hanf Magazin, DE)<br \/>\n<a href=\"https:\/\/volteface.me\/new-dutch-bill-plans-put-stop-risky-designer-drugs\/\">&#8211; New Dutch Bill Plans to put a Stop to Risky Designer Drugs<\/a> (Volteface, UK)<br \/>\n<a href=\"https:\/\/svjmedia.nl\/internationaljournalism\/653\/weed-oil-to-solve-any-ache\/\">&#8211; Weed Oil to Solve Any Ache (photoseries)<\/a> (HU, NL)<br \/>\n<\/strong><strong><a href=\"https:\/\/volteface.me\/dutch-developments-coffeeshop-owner-cannabis-cultivator-sees-potential-dutch-weed-experiment\/\">&#8211; Dutch Developments: Coffeeshop Owner and Cannabis Cultivator sees Potential in Dutch \u2018Weed Experiment\u2019<\/a> (Volteface, UK)<br \/>\n<a href=\"https:\/\/volteface.me\/james-burtons-story-mr-medical-marijuana-start-finish\/\">&#8211; The James Burton Story: Medicinal Cannabis in the Netherlands<\/a> (Volteface, UK)<br \/>\n<a href=\"https:\/\/www.vno-ncwwest.nl\/Lists\/Nieuws\/Artikel.aspx?ID=1814&amp;Source=https%3A%2F%2Fwww%2Evno-ncwwest%2Enl%2FLists%2FNieuws%2FOngefilterd%2Easpx&amp;ContentTypeId=0x010400A7C3A900443D5642BF3202749F93F9F5\">&#8211; 7 Gouden HR-tips<\/a> (VNO-NCW West, NL)<br \/>\n<a href=\"https:\/\/volteface.me\/volteface-investigates-netherlands-finally-heading-legalisation\/\">&#8211; Is the Netherlands Finally Heading for Legalisation?<\/a> (Volteface, UK)<br \/>\n<a href=\"https:\/\/www.workingatnioz.com\/news\/ten-interviews-with-our-scientists-and-engineers.html\">&#8211; Working at NIOZ annual report news<\/a> (NIOZ, NL)<br \/>\n<a href=\"https:\/\/www.vno-ncwwest.nl\/lists\/nieuws\/artikel.aspx?Titel=Cybercrime%20bij%20het%20thuiswerken&amp;ID=1798&amp;Source=%2fmedia%2farchief%2farchief.aspx\">&#8211; Cybercrime bij het thuiswerken<\/a> (VNO-NCW West, NL)<br \/>\n<a href=\"https:\/\/svjmedia.nl\/larasmit\/portfolio-slow\/interview\/\">&#8211; Is het coronavirus een straf van boven?<\/a> (HU, NL)<br \/>\n<a href=\"https:\/\/svjmedia.nl\/larasmit\/portfolio-slow\/reportage\/\">&#8211; Lege stations en verlaten treinen: de spits is niet meer<\/a> (HU, NL)<br \/>\n<\/strong><a href=\"https:\/\/volteface.me\/volteface-long-read-insight-drug-testing-facilities-netherlands\/\">&#8211; An Insight into Drug Testing Facilities in the Netherlands<\/a>\u00a0<strong>(Volteface, UK)<br \/>\n<\/strong><strong><a href=\"https:\/\/www.vno-ncwwest.nl\/Lists\/Nieuws\/Artikel.aspx?ID=1560\">&#8211; Een duurzamer bedrijfsleven<\/a> (VNO-NCW West, NL)<\/p>\n<p><\/strong><strong>2018\/2019:<br \/>\n<a href=\"https:\/\/nieuwegein.hu.nl\/prediken-is-van-levensbelang\/\" target=\"_blank\" rel=\"nofollow noopener noreferrer\" data-content=\"https:\/\/nieuwegein.hu.nl\/prediken-is-van-levensbelang\/\" data-type=\"external\">&#8211;\u00a0<\/a><a href=\"https:\/\/nieuwegein.hu.nl\/prediken-is-van-levensbelang\/\" target=\"_blank\" rel=\"nofollow noopener noreferrer\" data-content=\"https:\/\/nieuwegein.hu.nl\/prediken-is-van-levensbelang\/\" data-type=\"external\">Prediken is van levensbelang<\/a> (HU, NL)<\/strong><br \/>\n<strong><a href=\"https:\/\/nieuwegein.hu.nl\/vandaag-besteld-morgen-geen-huis\/\" target=\"_blank\" rel=\"nofollow noopener noreferrer\" data-content=\"https:\/\/nieuwegein.hu.nl\/vandaag-besteld-morgen-geen-huis\/\" data-type=\"external\">&#8211;\u00a0<\/a><a href=\"https:\/\/nieuwegein.hu.nl\/vandaag-besteld-morgen-geen-huis\/\" target=\"_blank\" rel=\"nofollow noopener noreferrer\" data-content=\"https:\/\/nieuwegein.hu.nl\/vandaag-besteld-morgen-geen-huis\/\" data-type=\"external\">Vandaag besteld;\u00a0morgen geen huis<\/a> (HU, NL)<\/strong><br \/>\n<strong><a href=\"https:\/\/nieuwegein.hu.nl\/een-tiny-toekomst\/\" target=\"_blank\" rel=\"nofollow noopener noreferrer\" data-content=\"https:\/\/nieuwegein.hu.nl\/een-tiny-toekomst\/\" data-type=\"external\">&#8211;\u00a0<\/a><a href=\"https:\/\/nieuwegein.hu.nl\/een-tiny-toekomst\/\" target=\"_blank\" rel=\"nofollow noopener noreferrer\" data-content=\"https:\/\/nieuwegein.hu.nl\/een-tiny-toekomst\/\" data-type=\"external\">Een Tiny toekomst<\/a> (HU, NL)<\/strong><br \/>\n<strong><a href=\"https:\/\/nieuwegein.hu.nl\/te-huur-puur-natuur\/\" target=\"_blank\" rel=\"nofollow noopener noreferrer\" data-content=\"https:\/\/nieuwegein.hu.nl\/te-huur-puur-natuur\/\" data-type=\"external\">&#8211;\u00a0<\/a><a href=\"https:\/\/nieuwegein.hu.nl\/te-huur-puur-natuur\/\" target=\"_blank\" rel=\"nofollow noopener noreferrer\" data-content=\"https:\/\/nieuwegein.hu.nl\/te-huur-puur-natuur\/\" data-type=\"external\">Te huur: puur natuur&#8217;<\/a> (HU, NL)<\/strong><br \/>\n<strong><a href=\"https:\/\/nieuwegein.hu.nl\/column-beter-dan-netflix\/\" target=\"_blank\" rel=\"nofollow noopener noreferrer\" data-content=\"https:\/\/nieuwegein.hu.nl\/column-beter-dan-netflix\/\" data-type=\"external\">&#8211;\u00a0<\/a><a href=\"https:\/\/nieuwegein.hu.nl\/column-beter-dan-netflix\/\" target=\"_blank\" rel=\"nofollow noopener noreferrer\" data-content=\"https:\/\/nieuwegein.hu.nl\/column-beter-dan-netflix\/\" data-type=\"external\">COLUMN: Beter dan Netflix&#8217;<\/a> (HU, NL)<\/strong><br \/>\n<strong><a href=\"https:\/\/nieuwegein.hu.nl\/het-is-eigenlijk-een-hele-grote-brief-van-god\/\" target=\"_blank\" rel=\"nofollow noopener noreferrer\" data-content=\"https:\/\/nieuwegein.hu.nl\/het-is-eigenlijk-een-hele-grote-brief-van-god\/\" data-type=\"external\">&#8211;\u00a0<\/a><a href=\"https:\/\/nieuwegein.hu.nl\/het-is-eigenlijk-een-hele-grote-brief-van-god\/\" target=\"_blank\" rel=\"nofollow noopener noreferrer\" data-content=\"https:\/\/nieuwegein.hu.nl\/het-is-eigenlijk-een-hele-grote-brief-van-god\/\" data-type=\"external\">Het is eigenlijk een hele grote brief van God<\/a> (HU, NL)<\/strong><br \/>\n<strong><a href=\"https:\/\/nieuwegein.hu.nl\/column-leven-door-een-schermpje\/\" target=\"_blank\" rel=\"nofollow noopener noreferrer\" data-content=\"https:\/\/nieuwegein.hu.nl\/column-leven-door-een-schermpje\/\" data-type=\"external\">&#8211;\u00a0<\/a><a href=\"https:\/\/nieuwegein.hu.nl\/column-leven-door-een-schermpje\/\" target=\"_blank\" rel=\"nofollow noopener noreferrer\" data-content=\"https:\/\/nieuwegein.hu.nl\/column-leven-door-een-schermpje\/\" data-type=\"external\">COLUMN: Leven door een schermpje<\/a> (HU, NL)<\/strong><br \/>\n<strong><a href=\"https:\/\/nieuwegein.hu.nl\/lokale-politiek-voor-dummies\/\" target=\"_blank\" rel=\"nofollow noopener noreferrer\" data-content=\"https:\/\/nieuwegein.hu.nl\/lokale-politiek-voor-dummies\/\" data-type=\"external\">&#8211;\u00a0<\/a><a href=\"https:\/\/nieuwegein.hu.nl\/lokale-politiek-voor-dummies\/\" target=\"_blank\" rel=\"nofollow noopener noreferrer\" data-content=\"https:\/\/nieuwegein.hu.nl\/lokale-politiek-voor-dummies\/\" data-type=\"external\">Lokale politiek voor dummies<\/a> (HU, NL)<\/strong><br \/>\n<strong><a href=\"https:\/\/nieuwegein.hu.nl\/boekrecensie-laura-h-een-kijkje-in-het-hoofd-van-het-nederlandse-kalifaatmeisje\/\" target=\"_blank\" rel=\"nofollow noopener noreferrer\" data-content=\"https:\/\/nieuwegein.hu.nl\/boekrecensie-laura-h-een-kijkje-in-het-hoofd-van-het-nederlandse-kalifaatmeisje\/\" data-type=\"external\">&#8211;\u00a0<\/a><a href=\"https:\/\/nieuwegein.hu.nl\/boekrecensie-laura-h-een-kijkje-in-het-hoofd-van-het-nederlandse-kalifaatmeisje\/\" target=\"_blank\" rel=\"nofollow noopener noreferrer\" data-content=\"https:\/\/nieuwegein.hu.nl\/boekrecensie-laura-h-een-kijkje-in-het-hoofd-van-het-nederlandse-kalifaatmeisje\/\" data-type=\"external\">Boekrecensie: Laura H.<\/a> (HU, NL)<\/strong><br \/>\n<strong><a href=\"https:\/\/nieuwegein.hu.nl\/vuurwerk-knallen-of-kappen\/\" target=\"_blank\" rel=\"nofollow noopener noreferrer\" data-content=\"https:\/\/nieuwegein.hu.nl\/vuurwerk-knallen-of-kappen\/\" data-type=\"external\">&#8211;\u00a0<\/a><a href=\"https:\/\/nieuwegein.hu.nl\/vuurwerk-knallen-of-kappen\/\" target=\"_blank\" rel=\"nofollow noopener noreferrer\" data-content=\"https:\/\/nieuwegein.hu.nl\/vuurwerk-knallen-of-kappen\/\" data-type=\"external\">Vuurwerk: knallen of kappen?<\/a> (HU, NL)<\/strong><br \/>\n<strong><a href=\"https:\/\/nieuwegein.hu.nl\/licht-op-het-noorderveld\/\" target=\"_blank\" rel=\"nofollow noopener noreferrer\" data-content=\"https:\/\/nieuwegein.hu.nl\/licht-op-het-noorderveld\/\" data-type=\"external\">&#8211;\u00a0<\/a><a href=\"https:\/\/nieuwegein.hu.nl\/licht-op-het-noorderveld\/\" target=\"_blank\" rel=\"nofollow noopener noreferrer\" data-content=\"https:\/\/nieuwegein.hu.nl\/licht-op-het-noorderveld\/\" data-type=\"external\">Licht op het Noorderveld<\/a> (HU, NL)<\/strong><br \/>\n<strong><a href=\"https:\/\/nieuwegein.hu.nl\/mee-met-de-tijd-een-livestream-in-de-gemeenteraad\/\" target=\"_blank\" rel=\"nofollow noopener noreferrer\" data-content=\"https:\/\/nieuwegein.hu.nl\/mee-met-de-tijd-een-livestream-in-de-gemeenteraad\/\" data-type=\"external\">&#8211;\u00a0<\/a><a href=\"https:\/\/nieuwegein.hu.nl\/mee-met-de-tijd-een-livestream-in-de-gemeenteraad\/\" target=\"_blank\" rel=\"nofollow noopener noreferrer\" data-content=\"https:\/\/nieuwegein.hu.nl\/mee-met-de-tijd-een-livestream-in-de-gemeenteraad\/\" data-type=\"external\">Mee met de tijd; een livestream in de Gemeenteraad<\/a> (HU, NL)<\/strong><br \/>\n<strong><a href=\"https:\/\/nieuwegein.hu.nl\/middagje-schaken-in-nieuwegein\/\" target=\"_blank\" rel=\"nofollow noopener noreferrer\" data-content=\"https:\/\/nieuwegein.hu.nl\/middagje-schaken-in-nieuwegein\/\" data-type=\"external\">&#8211;\u00a0<\/a><a href=\"https:\/\/nieuwegein.hu.nl\/middagje-schaken-in-nieuwegein\/\" target=\"_blank\" rel=\"nofollow noopener noreferrer\" data-content=\"https:\/\/nieuwegein.hu.nl\/middagje-schaken-in-nieuwegein\/\" data-type=\"external\">Middagje schaken in Fort Vreeswijk<\/a> (HU, NL)<\/strong><br \/>\n<strong><a href=\"https:\/\/nieuwegein.hu.nl\/griezelen-gruwelen-en-je-laten-schrikken\/\" target=\"_blank\" rel=\"nofollow noopener noreferrer\" data-content=\"https:\/\/nieuwegein.hu.nl\/griezelen-gruwelen-en-je-laten-schrikken\/\" data-type=\"external\">&#8211;\u00a0<\/a><a href=\"https:\/\/nieuwegein.hu.nl\/griezelen-gruwelen-en-je-laten-schrikken\/\" target=\"_blank\" rel=\"nofollow noopener noreferrer\" data-content=\"https:\/\/nieuwegein.hu.nl\/griezelen-gruwelen-en-je-laten-schrikken\/\" data-type=\"external\">Griezelen, gruwelen en je laten schrikken<\/a> (HU, NL)<\/strong><br \/>\n<strong><a href=\"https:\/\/nieuwegein.hu.nl\/deelname-nieuwegein-landelijk-experiment-2019\/\" target=\"_blank\" rel=\"nofollow noopener noreferrer\" data-content=\"https:\/\/nieuwegein.hu.nl\/deelname-nieuwegein-landelijk-experiment-2019\/\" data-type=\"external\">&#8211;\u00a0<\/a><a href=\"https:\/\/nieuwegein.hu.nl\/deelname-nieuwegein-landelijk-experiment-2019\/\" target=\"_blank\" rel=\"nofollow noopener noreferrer\" data-content=\"https:\/\/nieuwegein.hu.nl\/deelname-nieuwegein-landelijk-experiment-2019\/\" data-type=\"external\">Fris en fruitig te werk; centraal stemmen tellen<\/a> (HU, NL)<\/strong><br \/>\n<strong><a href=\"https:\/\/nieuwegein.hu.nl\/natuurwerkdag-in-nieuwegein\/\" target=\"_blank\" rel=\"nofollow noopener noreferrer\" data-content=\"https:\/\/nieuwegein.hu.nl\/natuurwerkdag-in-nieuwegein\/\" data-type=\"external\">&#8211;\u00a0<\/a><a href=\"https:\/\/nieuwegein.hu.nl\/natuurwerkdag-in-nieuwegein\/\" target=\"_blank\" rel=\"nofollow noopener noreferrer\" data-content=\"https:\/\/nieuwegein.hu.nl\/natuurwerkdag-in-nieuwegein\/\" data-type=\"external\">Natuurwerkdag in Nieuwegein<\/a> (HU, NL)<\/strong><br \/>\n<strong><a href=\"https:\/\/nieuwegein.hu.nl\/nieuwe-expositie-kunstgein\/\" target=\"_blank\" rel=\"nofollow noopener noreferrer\" data-content=\"https:\/\/nieuwegein.hu.nl\/nieuwe-expositie-kunstgein\/\" data-type=\"external\">&#8211;\u00a0<\/a><a href=\"https:\/\/nieuwegein.hu.nl\/nieuwe-expositie-kunstgein\/\" target=\"_blank\" rel=\"nofollow noopener noreferrer\" data-content=\"https:\/\/nieuwegein.hu.nl\/nieuwe-expositie-kunstgein\/\" data-type=\"external\">Nieuwe expositie KunstGein<\/a> (HU, NL)<\/strong><br \/>\n<strong><a href=\"https:\/\/nieuwegein.hu.nl\/gezellig-samen-eten-in-fort-vreeswijk\/\" target=\"_blank\" rel=\"nofollow noopener noreferrer\" data-content=\"https:\/\/nieuwegein.hu.nl\/gezellig-samen-eten-in-fort-vreeswijk\/\" data-type=\"external\">&#8211;\u00a0<\/a><a href=\"https:\/\/nieuwegein.hu.nl\/gezellig-samen-eten-in-fort-vreeswijk\/\" target=\"_blank\" rel=\"nofollow noopener noreferrer\" data-content=\"https:\/\/nieuwegein.hu.nl\/gezellig-samen-eten-in-fort-vreeswijk\/\" data-type=\"external\">Gezellig samen eten in Fort Vreeswijk<\/a> (HU, NL)<\/strong><br \/>\n<strong><a href=\"https:\/\/nieuwegein.hu.nl\/kunstzinnig-keramieken-in-lacaza\/\" target=\"_blank\" rel=\"nofollow noopener noreferrer\" data-content=\"https:\/\/nieuwegein.hu.nl\/kunstzinnig-keramieken-in-lacaza\/\" data-type=\"external\">&#8211;\u00a0<\/a><a href=\"https:\/\/nieuwegein.hu.nl\/kunstzinnig-keramieken-in-lacaza\/\" target=\"_blank\" rel=\"nofollow noopener noreferrer\" data-content=\"https:\/\/nieuwegein.hu.nl\/kunstzinnig-keramieken-in-lacaza\/\" data-type=\"external\">Kunstzinnig keramieken in LaCaza<\/a> (HU, NL)<\/strong><\/p>\n","protected":false},"excerpt":{"rendered":"<p>Some links to previously written articles: 2021: &#8211; Knuffelen met alpaca&#8217;s? Het kan op deze Nederlandse boerderijen (3 op Reis, NL) &#8211; Freedom Day poging twee: gaat Engeland weer open? (3 op Reis, NL) &#8211; Vanaf vandaag een gratis coronatest voor je reis: hoe het precies werkt (3 op Reis, NL) -Vergeet Corfu en Zakynthos, [&hellip;]<\/p>\n","protected":false},"author":106,"featured_media":0,"parent":0,"menu_order":0,"comment_status":"closed","ping_status":"closed","template":"","meta":{"_acf_changed":false,"footnotes":""},"class_list":["post-344","page","type-page","status-publish","hentry","aesop-entry-content"],"acf":[],"yoast_head":"<!-- This site is optimized with the Yoast SEO plugin v27.3 - https:\/\/yoast.com\/product\/yoast-seo-wordpress\/ -->\n<title>Articles - Lara Smit<\/title>\n<meta name=\"robots\" content=\"noindex, follow, max-snippet:-1, max-image-preview:large, max-video-preview:-1\" \/>\n<meta property=\"og:locale\" content=\"nl_NL\" \/>\n<meta property=\"og:type\" content=\"article\" \/>\n<meta property=\"og:title\" content=\"Articles - Lara Smit\" \/>\n<meta property=\"og:description\" content=\"Some links to previously written articles: 2021: &#8211; Knuffelen met alpaca&#8217;s? Het kan op deze Nederlandse boerderijen (3 op Reis, NL) &#8211; Freedom Day poging twee: gaat Engeland weer open? (3 op Reis, NL) &#8211; Vanaf vandaag een gratis coronatest voor je reis: hoe het precies werkt (3 op Reis, NL) -Vergeet Corfu en Zakynthos, [&hellip;]\" \/>\n<meta property=\"og:url\" content=\"https:\/\/svjmedia.nl\/larasmit\/artikelen\/\" \/>\n<meta property=\"og:site_name\" content=\"Lara Smit\" \/>\n<meta property=\"article:modified_time\" content=\"2022-01-21T21:07:48+00:00\" \/>\n<meta name=\"twitter:card\" content=\"summary_large_image\" \/>\n<meta name=\"twitter:label1\" content=\"Geschatte leestijd\" \/>\n\t<meta name=\"twitter:data1\" content=\"4 minuten\" \/>\n<script type=\"application\/ld+json\" class=\"yoast-schema-graph\">{\"@context\":\"https:\\\/\\\/schema.org\",\"@graph\":[{\"@type\":\"WebPage\",\"@id\":\"https:\\\/\\\/svjmedia.nl\\\/larasmit\\\/artikelen\\\/\",\"url\":\"https:\\\/\\\/svjmedia.nl\\\/larasmit\\\/artikelen\\\/\",\"name\":\"Articles - Lara Smit\",\"isPartOf\":{\"@id\":\"https:\\\/\\\/svjmedia.nl\\\/larasmit\\\/#website\"},\"datePublished\":\"2020-05-19T08:07:03+00:00\",\"dateModified\":\"2022-01-21T21:07:48+00:00\",\"breadcrumb\":{\"@id\":\"https:\\\/\\\/svjmedia.nl\\\/larasmit\\\/artikelen\\\/#breadcrumb\"},\"inLanguage\":\"nl-NL\",\"potentialAction\":[{\"@type\":\"ReadAction\",\"target\":[\"https:\\\/\\\/svjmedia.nl\\\/larasmit\\\/artikelen\\\/\"]}]},{\"@type\":\"BreadcrumbList\",\"@id\":\"https:\\\/\\\/svjmedia.nl\\\/larasmit\\\/artikelen\\\/#breadcrumb\",\"itemListElement\":[{\"@type\":\"ListItem\",\"position\":1,\"name\":\"Home\",\"item\":\"https:\\\/\\\/svjmedia.nl\\\/larasmit\\\/\"},{\"@type\":\"ListItem\",\"position\":2,\"name\":\"Articles\"}]},{\"@type\":\"WebSite\",\"@id\":\"https:\\\/\\\/svjmedia.nl\\\/larasmit\\\/#website\",\"url\":\"https:\\\/\\\/svjmedia.nl\\\/larasmit\\\/\",\"name\":\"Lara Smit\",\"description\":\"HU School voor Journalistiek Persoonlijk Dossier\",\"potentialAction\":[{\"@type\":\"SearchAction\",\"target\":{\"@type\":\"EntryPoint\",\"urlTemplate\":\"https:\\\/\\\/svjmedia.nl\\\/larasmit\\\/?s={search_term_string}\"},\"query-input\":{\"@type\":\"PropertyValueSpecification\",\"valueRequired\":true,\"valueName\":\"search_term_string\"}}],\"inLanguage\":\"nl-NL\"}]}<\/script>\n<!-- \/ Yoast SEO plugin. -->","yoast_head_json":{"title":"Articles - Lara Smit","robots":{"index":"noindex","follow":"follow","max-snippet":"max-snippet:-1","max-image-preview":"max-image-preview:large","max-video-preview":"max-video-preview:-1"},"og_locale":"nl_NL","og_type":"article","og_title":"Articles - Lara Smit","og_description":"Some links to previously written articles: 2021: &#8211; Knuffelen met alpaca&#8217;s? Het kan op deze Nederlandse boerderijen (3 op Reis, NL) &#8211; Freedom Day poging twee: gaat Engeland weer open? (3 op Reis, NL) &#8211; Vanaf vandaag een gratis coronatest voor je reis: hoe het precies werkt (3 op Reis, NL) -Vergeet Corfu en Zakynthos, [&hellip;]","og_url":"https:\/\/svjmedia.nl\/larasmit\/artikelen\/","og_site_name":"Lara Smit","article_modified_time":"2022-01-21T21:07:48+00:00","twitter_card":"summary_large_image","twitter_misc":{"Geschatte leestijd":"4 minuten"},"schema":{"@context":"https:\/\/schema.org","@graph":[{"@type":"WebPage","@id":"https:\/\/svjmedia.nl\/larasmit\/artikelen\/","url":"https:\/\/svjmedia.nl\/larasmit\/artikelen\/","name":"Articles - Lara Smit","isPartOf":{"@id":"https:\/\/svjmedia.nl\/larasmit\/#website"},"datePublished":"2020-05-19T08:07:03+00:00","dateModified":"2022-01-21T21:07:48+00:00","breadcrumb":{"@id":"https:\/\/svjmedia.nl\/larasmit\/artikelen\/#breadcrumb"},"inLanguage":"nl-NL","potentialAction":[{"@type":"ReadAction","target":["https:\/\/svjmedia.nl\/larasmit\/artikelen\/"]}]},{"@type":"BreadcrumbList","@id":"https:\/\/svjmedia.nl\/larasmit\/artikelen\/#breadcrumb","itemListElement":[{"@type":"ListItem","position":1,"name":"Home","item":"https:\/\/svjmedia.nl\/larasmit\/"},{"@type":"ListItem","position":2,"name":"Articles"}]},{"@type":"WebSite","@id":"https:\/\/svjmedia.nl\/larasmit\/#website","url":"https:\/\/svjmedia.nl\/larasmit\/","name":"Lara Smit","description":"HU School voor Journalistiek Persoonlijk Dossier","potentialAction":[{"@type":"SearchAction","target":{"@type":"EntryPoint","urlTemplate":"https:\/\/svjmedia.nl\/larasmit\/?s={search_term_string}"},"query-input":{"@type":"PropertyValueSpecification","valueRequired":true,"valueName":"search_term_string"}}],"inLanguage":"nl-NL"}]}},"_links":{"self":[{"href":"https:\/\/svjmedia.nl\/larasmit\/wp-json\/wp\/v2\/pages\/344","targetHints":{"allow":["GET"]}}],"collection":[{"href":"https:\/\/svjmedia.nl\/larasmit\/wp-json\/wp\/v2\/pages"}],"about":[{"href":"https:\/\/svjmedia.nl\/larasmit\/wp-json\/wp\/v2\/types\/page"}],"author":[{"embeddable":true,"href":"https:\/\/svjmedia.nl\/larasmit\/wp-json\/wp\/v2\/users\/106"}],"replies":[{"embeddable":true,"href":"https:\/\/svjmedia.nl\/larasmit\/wp-json\/wp\/v2\/comments?post=344"}],"version-history":[{"count":0,"href":"https:\/\/svjmedia.nl\/larasmit\/wp-json\/wp\/v2\/pages\/344\/revisions"}],"wp:attachment":[{"href":"https:\/\/svjmedia.nl\/larasmit\/wp-json\/wp\/v2\/media?parent=344"}],"curies":[{"name":"wp","href":"https:\/\/api.w.org\/{rel}","templated":true}]}}