{"id":268,"date":"2019-09-13T10:44:38","date_gmt":"2019-09-13T08:44:38","guid":{"rendered":"https:\/\/svjmedia.nl\/lottalooije\/?page_id=268"},"modified":"2025-04-11T22:50:04","modified_gmt":"2025-04-11T20:50:04","slug":"interview","status":"publish","type":"page","link":"https:\/\/svjmedia.nl\/lottalooije\/portfolio-slow\/interview\/","title":{"rendered":"Interview"},"content":{"rendered":"\n<div class=\"wp-block-columns is-layout-flex wp-container-core-columns-is-layout-9d6595d7 wp-block-columns-is-layout-flex\">\n<div class=\"wp-block-column is-layout-flow wp-block-column-is-layout-flow\">\n<h2 class=\"wp-block-heading\">De positie van vrouwen in het nieuwe Syri\u00eb<\/h2>\n<\/div>\n<\/div>\n\n\n\n<figure class=\"wp-block-image size-large is-resized\"><img loading=\"lazy\" decoding=\"async\" width=\"768\" height=\"1024\" src=\"https:\/\/svjmedia.nl\/lottalooije\/wp-content\/uploads\/sites\/1729\/2025\/04\/IMG_1771-5-768x1024.jpg\" alt=\"\" class=\"wp-image-763\" style=\"width:423px;height:auto\" srcset=\"https:\/\/svjmedia.nl\/lottalooije\/wp-content\/uploads\/sites\/1729\/2025\/04\/IMG_1771-5-768x1024.jpg 768w, https:\/\/svjmedia.nl\/lottalooije\/wp-content\/uploads\/sites\/1729\/2025\/04\/IMG_1771-5-225x300.jpg 225w, https:\/\/svjmedia.nl\/lottalooije\/wp-content\/uploads\/sites\/1729\/2025\/04\/IMG_1771-5-1152x1536.jpg 1152w, https:\/\/svjmedia.nl\/lottalooije\/wp-content\/uploads\/sites\/1729\/2025\/04\/IMG_1771-5-500x667.jpg 500w, https:\/\/svjmedia.nl\/lottalooije\/wp-content\/uploads\/sites\/1729\/2025\/04\/IMG_1771-5-800x1067.jpg 800w, https:\/\/svjmedia.nl\/lottalooije\/wp-content\/uploads\/sites\/1729\/2025\/04\/IMG_1771-5-1280x1707.jpg 1280w, https:\/\/svjmedia.nl\/lottalooije\/wp-content\/uploads\/sites\/1729\/2025\/04\/IMG_1771-5.jpg 1536w\" sizes=\"auto, (max-width: 768px) 100vw, 768px\" \/><\/figure>\n\n\n\n<p><\/p>\n\n\n\n<p>Rasha al Hosain is twee\u00ebntwintig jaar oud en student aan de University College Roosevelt in Middelburg. In 2013 vluchtte ze met haar familie vanuit Syri\u00eb naar Nederland en sindsdien is ze hier gebleven.<\/p>\n\n\n\n<p>Sinds december 2024 is Syri\u00eb bevrijd van het regime van dictator Bashar al-Assad na een veertien jaar lange burgeroorlog. Momenteel licht de macht bij de rebellenorganisatie Hayat Tahrir al-Sham, oftewel HTS. Minister Faber kondigde een mogelijk verplichte terugkeer aan voor asielzoekers uit Syri\u00eb die in Nederland verblijven, maar hoe zit het met de vluchtelingen die al een verblijfsvergunning hebben? Hoe maken zij de overweging om wel of niet terug te keren?<\/p>\n\n\n\n<p><strong>Terugkeer naar Syri\u00eb<\/strong><\/p>\n\n\n\n<p>Het is nog onduidelijk of de leefomstandigheden in Syri\u00eb veilig genoeg zijn om er naartoe terug te keren.&nbsp;<a href=\"https:\/\/www.unhcr.org\/nl\/2024\/12\/escalatie-in-syrie\/#:~:text=Syri%C3%AB%20blijft%20een%20van%20de,eigen%20land%20door%20het%20conflict.\">90% van de bevolking in Syri\u00eb woont in armoede<\/a>&nbsp;en toegang tot water en elektriciteit is schaars. Daarnaast vrezen experts voor een machtsstrijd. Al deze factoren zouden redenen kunnen zijn om niet terug te willen keren. Persoonlijk kan Rasha al Hosain het zich niet voorstellen dat zij zal terugkeren, hoewel ze zichzelf er wel vaker ziet zijn. Ze is na de bevrijding voor het eerst in elf jaar teruggekeerd en ze vertelt dat het anders is dan het land dat ze ooit heeft gekend. \u201cHet is een land dat zich helemaal opnieuw moet opbouwen en ik wil daar heel graag een bijdrage in leveren, maar ik hou te veel van de Nederlandse stabiliteit om mij daar te vestigen\u201d. Haar vader en haar zusje denken hier anders over en zijn van plan om zich op termijn te vestigen in Syri\u00eb. Over hun veiligheid in Syri\u00eb maakt Al Hosain zich geen zorgen. Alleen op het gebied van vrouwenrechten maakt ze zich soms nog wel zorgen.&nbsp;<\/p>\n\n\n\n<p><strong>De toekomst van vrouwenrechten in Syri\u00eb<\/strong><\/p>\n\n\n\n<p>De achtergrond van de huidige leiders van Syri\u00eb is erg extremistisch waardoor mensen onzeker zijn over wat er gaat gebeuren op het gebied van vrouwenrechten. Al voor de val van president Bashar al-Assad hanteerde HTS een draconische aanpak van de rechten van vrouwen in de noordelijke stad Idlib, door strikte beperkingen op te leggen aan hun kleding, mobiliteit en rol in het openbare leven. Wanneer je kijkt naar deze en andere gebeurtenissen uit het verleden van de organisatie, stemt dit niet bepaald hoopvol voor de positie van vrouwen in het nieuwe Syri\u00eb. Toch lijkt het erop dat hun denkwijze in de afgelopen vier maanden aanzienlijk is veranderd. Je ziet dat er nu in Syri\u00eb vrouwen in topposities staan, zoals Maysaa Sabreen, de huidige voorzitter van de centrale bank in Syri\u00eb. Dit is al een groot verschil met hoe het er tijdens het Assad regime aan toe ging. Ook vertelde de huidige president dat ze niet van plan zijn om vrouwen te verplichten zich volgens de shariawet te kleden. Dit betekent dat vrouwen niet verplicht zijn om zich aan de kledingvoorschriften te houden zoals die binnen de islamitische wetgeving worden voorgeschreven. Dit had al Hosain zelf van tevoren niet verwacht. \u201cIk zie ook heel veel hoop en positiviteit er in\u201d.&nbsp;<\/p>\n\n\n\n<div class=\"wp-block-getwid-section\"><div class=\"wp-block-getwid-section__wrapper\"><div class=\"wp-block-getwid-section__inner-wrapper\"><div class=\"wp-block-getwid-section__background-holder\"><div class=\"wp-block-getwid-section__background\"><\/div><div class=\"wp-block-getwid-section__foreground\"><\/div><\/div><div class=\"wp-block-getwid-section__content\"><div class=\"wp-block-getwid-section__inner-content\">\n<div class=\"wp-block-media-text has-media-on-the-right is-stacked-on-mobile\"><div class=\"wp-block-media-text__content\">\n<p><strong>Extremistische ideologie<\/strong><\/p>\n\n\n\n<p>Echter die extremistische ideologie in Syri\u00eb is niet helemaal verdwenen. Extremistische organisaties als IS zijn lange tijd actief geweest in Syri\u00eb, en hun invloed is nog altijd merkbaar. \u201cJe merkt dat het land vergeleken met twaalf jaar geleden veel extremistischer geworden is\u201d vertelt Al Hosain. \u201cVooral op sociale media zie je dit veel terug. Tegelijkertijd zijn er nu zoveel Syrische mensen in Europa. Daardoor zijn mensen ook in contact gekomen met andere ideologie\u00ebn. Dit balanceert elkaar meer uit.\u201d<\/p>\n<\/div><figure class=\"wp-block-media-text__media\"><img loading=\"lazy\" decoding=\"async\" width=\"1024\" height=\"768\" src=\"https:\/\/svjmedia.nl\/lottalooije\/wp-content\/uploads\/sites\/1729\/2025\/04\/IMG_1765-1024x768.jpg\" alt=\"\" class=\"wp-image-761 size-full\" srcset=\"https:\/\/svjmedia.nl\/lottalooije\/wp-content\/uploads\/sites\/1729\/2025\/04\/IMG_1765-1024x768.jpg 1024w, https:\/\/svjmedia.nl\/lottalooije\/wp-content\/uploads\/sites\/1729\/2025\/04\/IMG_1765-300x225.jpg 300w, https:\/\/svjmedia.nl\/lottalooije\/wp-content\/uploads\/sites\/1729\/2025\/04\/IMG_1765-768x576.jpg 768w, https:\/\/svjmedia.nl\/lottalooije\/wp-content\/uploads\/sites\/1729\/2025\/04\/IMG_1765-1536x1152.jpg 1536w, https:\/\/svjmedia.nl\/lottalooije\/wp-content\/uploads\/sites\/1729\/2025\/04\/IMG_1765-2048x1536.jpg 2048w, https:\/\/svjmedia.nl\/lottalooije\/wp-content\/uploads\/sites\/1729\/2025\/04\/IMG_1765-500x375.jpg 500w, https:\/\/svjmedia.nl\/lottalooije\/wp-content\/uploads\/sites\/1729\/2025\/04\/IMG_1765-800x600.jpg 800w, https:\/\/svjmedia.nl\/lottalooije\/wp-content\/uploads\/sites\/1729\/2025\/04\/IMG_1765-1280x960.jpg 1280w, https:\/\/svjmedia.nl\/lottalooije\/wp-content\/uploads\/sites\/1729\/2025\/04\/IMG_1765-1920x1440.jpg 1920w\" sizes=\"auto, (max-width: 1024px) 100vw, 1024px\" \/><\/figure><\/div>\n<\/div><\/div><\/div><\/div><\/div>\n\n\n\n<p><strong>Vrouwenrechten tijdens het Assad-regime<\/strong><\/p>\n\n\n\n<p>De vrouwenrechten tijdens het Assad-regime waren wel acceptabel, vrouwen mochten studeren, werken, enzovoort, maar als het gaat over onderwerpen als verkrachting was het erg anders. In het oude regime was het zo dat als een vrouw werd verkracht, de wet toestond dat haar ouders steun van de overheid kregen om haar te dwingen met de dader te trouwen. \u201cIn vergelijking daarmee kan het nu niet veel slechter\u201d. Ook hebben vrouwen volgens de islam meerdere rechten die door de oude Syrische regering ontnomen zijn. Vrouwen hadden namelijk in Syri\u00eb geen recht op voogdij. In alle omstandigheden lag dit recht bij de man. Hierdoor gingen vrouwen nooit scheiden of deden ze dit pas als ze in Europa waren. \u201cSyri\u00eb is veel meer gebaseerd op hoe de gemeenschap met elkaar omging dan op wetten zelf. Je kon vroeger iedereen afkopen. Dat resulteerde in hoge corruptie en wat de samenleving wilde, was leidend\u201d. Als een vrouw gepakt werd met een man voordat ze getrouwd waren, was er een kans dat er een eremoord plaatsvond, terwijl dit niet binnen de wetten van de islam\/Syri\u00eb past. \u201cZe knepen gewoon een oog dicht\u201d.<\/p>\n\n\n\n<p><strong>Vergeleken met Nederland<\/strong><\/p>\n\n\n\n<p>In vergelijking met Europa en Nederland loopt Syri\u00eb al heel lang achter op het gebied van vrouwenrechten. \u201cVrouwen hebben daar gewoon een stuk minder rechten dan hier\u201d. Dit gaat dan vooral over de rechten die vrouwen beschermen. Vrouwen kunnen in Syri\u00eb naar de universiteit, net zoals hier, maar als het gaat om rechten die Syrische vrouwen een veilige plek in de samenleving geven, die zijn nog niet zo prominent. Hoewel Nederland moeilijk te vergelijken is met Syri\u00eb, zie je dat er in Nederland ook veel gebeurt op het gebied van vrouwenrechten. \u201cIn Nederland zitten wij nu in een golf waarin democratie principes minder worden en het populisme sterk groeit\u201d. Dit heeft ook grote effecten op de rechten van vrouwen in Nederland.<\/p>\n\n\n\n<p><strong>Recht op abortus<\/strong><\/p>\n\n\n\n<p>Door de nieuwe politieke realiteit in Nederland zie je ook dat het recht op abortus eigenlijk niet meer beschermd is. Op 4 maart zijn er twee moties aangenomen die&nbsp;schadelijke&nbsp;gevolgen&nbsp;kunnen&nbsp;hebben voor het zelfbeschikkingsrecht van vrouwen. Ook in Syri\u00eb bestaat het recht op abortus, maar zijn er veel bepalingen. Als vrouw in Syri\u00eb heb je namelijk altijd een voogd. Als je getrouwd bent is je man je voogd en anders je broer of je vader. \u201cEr is altijd een man die de baas is over jou\u201d.&nbsp;&nbsp;In Syri\u00eb moet je dus toestemming krijgen van je voogd om een abortus te ondergaan. \u201cEen bedenktijd van vijf dagen is heel irritant en het vermindert je recht als vrouw, maar het is niet zo erg als je het vergelijkt met Syri\u00eb of andere plekken\u201d.<\/p>\n\n\n\n<p><strong>Voogdijschap<\/strong><\/p>\n\n\n\n<p>Als Syrische vrouw ben je dus altijd afhankelijk van een man. Al Hosain vertelt het verhaal van haar moeder die in Syri\u00eb is opgegroeid en er gestudeerd heeft. Ze wilde op negentienjarige leeftijd Engelse literatuur studeren aan de universiteit, maar omdat haar vader, die haar voogd was, het hier niet mee eens was, heeft ze dit niet kunnen doen. Dit resulteerde erin dat ze een studie moest kiezen waar hij mee instemde. Toen ze een paar jaar later haar master wilde doen, vonden haar ouders dat ze moest gaan trouwen. Uiteindelijk kwam haar beste vriend met het idee om te trouwen zodat hij haar toestemming kon geven om te studeren. \u201cZe is toen in een positie gezet waarin ze ging trouwen met haar beste vriend, niet omdat ze dit wilde, maar omdat dat haar enige optie was om door te studeren\u201d.<\/p>\n\n\n\n<p>HTS belooft nu een Syri\u00eb voor iedereen. Of de regering zich hieraan gaat houden moet nog blijken, maar de huidige situatie schetst een gematigd positief toekomstbeeld als het gaat om vrouwenrechten, wat enigszins hoopvol stemt.<\/p>\n","protected":false},"excerpt":{"rendered":"<p>De positie van vrouwen in het nieuwe Syri\u00eb Rasha al Hosain is twee\u00ebntwintig jaar oud en student aan de University College Roosevelt in Middelburg. In 2013 vluchtte ze met haar familie vanuit Syri\u00eb naar Nederland en sindsdien is ze hier gebleven. Sinds december 2024 is Syri\u00eb bevrijd van het regime van dictator Bashar al-Assad na &#8230; <a title=\"Interview\" class=\"read-more\" href=\"https:\/\/svjmedia.nl\/lottalooije\/portfolio-slow\/interview\/\" aria-label=\"Meer op Interview\">Lees meer<\/a><\/p>\n","protected":false},"author":1,"featured_media":0,"parent":261,"menu_order":0,"comment_status":"closed","ping_status":"closed","template":"","meta":{"_acf_changed":false,"footnotes":""},"class_list":["post-268","page","type-page","status-publish"],"acf":[],"yoast_head":"<!-- This site is optimized with the Yoast SEO plugin v27.3 - https:\/\/yoast.com\/product\/yoast-seo-wordpress\/ -->\n<title>Interview - Lotta Looy\u00e9<\/title>\n<meta name=\"robots\" content=\"noindex, follow, max-snippet:-1, max-image-preview:large, max-video-preview:-1\" \/>\n<meta property=\"og:locale\" content=\"nl_NL\" \/>\n<meta property=\"og:type\" content=\"article\" \/>\n<meta property=\"og:title\" content=\"Interview - Lotta Looy\u00e9\" \/>\n<meta property=\"og:description\" content=\"De positie van vrouwen in het nieuwe Syri\u00eb Rasha al Hosain is twee\u00ebntwintig jaar oud en student aan de University College Roosevelt in Middelburg. In 2013 vluchtte ze met haar familie vanuit Syri\u00eb naar Nederland en sindsdien is ze hier gebleven. Sinds december 2024 is Syri\u00eb bevrijd van het regime van dictator Bashar al-Assad na ... Lees meer\" \/>\n<meta property=\"og:url\" content=\"https:\/\/svjmedia.nl\/lottalooije\/portfolio-slow\/interview\/\" \/>\n<meta property=\"og:site_name\" content=\"Lotta Looy\u00e9\" \/>\n<meta property=\"article:modified_time\" content=\"2025-04-11T20:50:04+00:00\" \/>\n<meta property=\"og:image\" content=\"https:\/\/svjmedia.nl\/lottalooije\/wp-content\/uploads\/sites\/1729\/2025\/04\/IMG_1771-5.jpg\" \/>\n\t<meta property=\"og:image:width\" content=\"1536\" \/>\n\t<meta property=\"og:image:height\" content=\"2048\" \/>\n\t<meta property=\"og:image:type\" content=\"image\/jpeg\" \/>\n<meta name=\"twitter:card\" content=\"summary_large_image\" \/>\n<meta name=\"twitter:label1\" content=\"Geschatte leestijd\" \/>\n\t<meta name=\"twitter:data1\" content=\"6 minuten\" \/>\n<script type=\"application\/ld+json\" class=\"yoast-schema-graph\">{\"@context\":\"https:\\\/\\\/schema.org\",\"@graph\":[{\"@type\":\"WebPage\",\"@id\":\"https:\\\/\\\/svjmedia.nl\\\/lottalooije\\\/portfolio-slow\\\/interview\\\/\",\"url\":\"https:\\\/\\\/svjmedia.nl\\\/lottalooije\\\/portfolio-slow\\\/interview\\\/\",\"name\":\"Interview - Lotta Looy\u00e9\",\"isPartOf\":{\"@id\":\"https:\\\/\\\/svjmedia.nl\\\/lottalooije\\\/#website\"},\"primaryImageOfPage\":{\"@id\":\"https:\\\/\\\/svjmedia.nl\\\/lottalooije\\\/portfolio-slow\\\/interview\\\/#primaryimage\"},\"image\":{\"@id\":\"https:\\\/\\\/svjmedia.nl\\\/lottalooije\\\/portfolio-slow\\\/interview\\\/#primaryimage\"},\"thumbnailUrl\":\"https:\\\/\\\/svjmedia.nl\\\/lottalooije\\\/wp-content\\\/uploads\\\/sites\\\/1729\\\/2025\\\/04\\\/IMG_1771-5-768x1024.jpg\",\"datePublished\":\"2019-09-13T08:44:38+00:00\",\"dateModified\":\"2025-04-11T20:50:04+00:00\",\"breadcrumb\":{\"@id\":\"https:\\\/\\\/svjmedia.nl\\\/lottalooije\\\/portfolio-slow\\\/interview\\\/#breadcrumb\"},\"inLanguage\":\"nl-NL\",\"potentialAction\":[{\"@type\":\"ReadAction\",\"target\":[\"https:\\\/\\\/svjmedia.nl\\\/lottalooije\\\/portfolio-slow\\\/interview\\\/\"]}]},{\"@type\":\"ImageObject\",\"inLanguage\":\"nl-NL\",\"@id\":\"https:\\\/\\\/svjmedia.nl\\\/lottalooije\\\/portfolio-slow\\\/interview\\\/#primaryimage\",\"url\":\"https:\\\/\\\/svjmedia.nl\\\/lottalooije\\\/wp-content\\\/uploads\\\/sites\\\/1729\\\/2025\\\/04\\\/IMG_1771-5.jpg\",\"contentUrl\":\"https:\\\/\\\/svjmedia.nl\\\/lottalooije\\\/wp-content\\\/uploads\\\/sites\\\/1729\\\/2025\\\/04\\\/IMG_1771-5.jpg\",\"width\":1536,\"height\":2048},{\"@type\":\"BreadcrumbList\",\"@id\":\"https:\\\/\\\/svjmedia.nl\\\/lottalooije\\\/portfolio-slow\\\/interview\\\/#breadcrumb\",\"itemListElement\":[{\"@type\":\"ListItem\",\"position\":1,\"name\":\"Home\",\"item\":\"https:\\\/\\\/svjmedia.nl\\\/lottalooije\\\/\"},{\"@type\":\"ListItem\",\"position\":2,\"name\":\"Portfolio Slow\",\"item\":\"https:\\\/\\\/svjmedia.nl\\\/lottalooije\\\/portfolio-slow\\\/\"},{\"@type\":\"ListItem\",\"position\":3,\"name\":\"Interview\"}]},{\"@type\":\"WebSite\",\"@id\":\"https:\\\/\\\/svjmedia.nl\\\/lottalooije\\\/#website\",\"url\":\"https:\\\/\\\/svjmedia.nl\\\/lottalooije\\\/\",\"name\":\"Lotta Looy\u00e9\",\"description\":\"HU School voor Journalistiek Persoonlijk Dossier\",\"publisher\":{\"@id\":\"https:\\\/\\\/svjmedia.nl\\\/lottalooije\\\/#organization\"},\"potentialAction\":[{\"@type\":\"SearchAction\",\"target\":{\"@type\":\"EntryPoint\",\"urlTemplate\":\"https:\\\/\\\/svjmedia.nl\\\/lottalooije\\\/?s={search_term_string}\"},\"query-input\":{\"@type\":\"PropertyValueSpecification\",\"valueRequired\":true,\"valueName\":\"search_term_string\"}}],\"inLanguage\":\"nl-NL\"},{\"@type\":\"Organization\",\"@id\":\"https:\\\/\\\/svjmedia.nl\\\/lottalooije\\\/#organization\",\"name\":\"HU School voor Journalistiek\",\"url\":\"https:\\\/\\\/svjmedia.nl\\\/lottalooije\\\/\",\"logo\":{\"@type\":\"ImageObject\",\"inLanguage\":\"nl-NL\",\"@id\":\"https:\\\/\\\/svjmedia.nl\\\/lottalooije\\\/#\\\/schema\\\/logo\\\/image\\\/\",\"url\":\"https:\\\/\\\/svjmedia.nl\\\/lottalooije\\\/wp-content\\\/uploads\\\/sites\\\/1729\\\/2019\\\/08\\\/HU-logo.png\",\"contentUrl\":\"https:\\\/\\\/svjmedia.nl\\\/lottalooije\\\/wp-content\\\/uploads\\\/sites\\\/1729\\\/2019\\\/08\\\/HU-logo.png\",\"width\":500,\"height\":434,\"caption\":\"HU School voor Journalistiek\"},\"image\":{\"@id\":\"https:\\\/\\\/svjmedia.nl\\\/lottalooije\\\/#\\\/schema\\\/logo\\\/image\\\/\"}}]}<\/script>\n<!-- \/ Yoast SEO plugin. -->","yoast_head_json":{"title":"Interview - Lotta Looy\u00e9","robots":{"index":"noindex","follow":"follow","max-snippet":"max-snippet:-1","max-image-preview":"max-image-preview:large","max-video-preview":"max-video-preview:-1"},"og_locale":"nl_NL","og_type":"article","og_title":"Interview - Lotta Looy\u00e9","og_description":"De positie van vrouwen in het nieuwe Syri\u00eb Rasha al Hosain is twee\u00ebntwintig jaar oud en student aan de University College Roosevelt in Middelburg. In 2013 vluchtte ze met haar familie vanuit Syri\u00eb naar Nederland en sindsdien is ze hier gebleven. Sinds december 2024 is Syri\u00eb bevrijd van het regime van dictator Bashar al-Assad na ... Lees meer","og_url":"https:\/\/svjmedia.nl\/lottalooije\/portfolio-slow\/interview\/","og_site_name":"Lotta Looy\u00e9","article_modified_time":"2025-04-11T20:50:04+00:00","og_image":[{"width":1536,"height":2048,"url":"https:\/\/svjmedia.nl\/lottalooije\/wp-content\/uploads\/sites\/1729\/2025\/04\/IMG_1771-5.jpg","type":"image\/jpeg"}],"twitter_card":"summary_large_image","twitter_misc":{"Geschatte leestijd":"6 minuten"},"schema":{"@context":"https:\/\/schema.org","@graph":[{"@type":"WebPage","@id":"https:\/\/svjmedia.nl\/lottalooije\/portfolio-slow\/interview\/","url":"https:\/\/svjmedia.nl\/lottalooije\/portfolio-slow\/interview\/","name":"Interview - Lotta Looy\u00e9","isPartOf":{"@id":"https:\/\/svjmedia.nl\/lottalooije\/#website"},"primaryImageOfPage":{"@id":"https:\/\/svjmedia.nl\/lottalooije\/portfolio-slow\/interview\/#primaryimage"},"image":{"@id":"https:\/\/svjmedia.nl\/lottalooije\/portfolio-slow\/interview\/#primaryimage"},"thumbnailUrl":"https:\/\/svjmedia.nl\/lottalooije\/wp-content\/uploads\/sites\/1729\/2025\/04\/IMG_1771-5-768x1024.jpg","datePublished":"2019-09-13T08:44:38+00:00","dateModified":"2025-04-11T20:50:04+00:00","breadcrumb":{"@id":"https:\/\/svjmedia.nl\/lottalooije\/portfolio-slow\/interview\/#breadcrumb"},"inLanguage":"nl-NL","potentialAction":[{"@type":"ReadAction","target":["https:\/\/svjmedia.nl\/lottalooije\/portfolio-slow\/interview\/"]}]},{"@type":"ImageObject","inLanguage":"nl-NL","@id":"https:\/\/svjmedia.nl\/lottalooije\/portfolio-slow\/interview\/#primaryimage","url":"https:\/\/svjmedia.nl\/lottalooije\/wp-content\/uploads\/sites\/1729\/2025\/04\/IMG_1771-5.jpg","contentUrl":"https:\/\/svjmedia.nl\/lottalooije\/wp-content\/uploads\/sites\/1729\/2025\/04\/IMG_1771-5.jpg","width":1536,"height":2048},{"@type":"BreadcrumbList","@id":"https:\/\/svjmedia.nl\/lottalooije\/portfolio-slow\/interview\/#breadcrumb","itemListElement":[{"@type":"ListItem","position":1,"name":"Home","item":"https:\/\/svjmedia.nl\/lottalooije\/"},{"@type":"ListItem","position":2,"name":"Portfolio Slow","item":"https:\/\/svjmedia.nl\/lottalooije\/portfolio-slow\/"},{"@type":"ListItem","position":3,"name":"Interview"}]},{"@type":"WebSite","@id":"https:\/\/svjmedia.nl\/lottalooije\/#website","url":"https:\/\/svjmedia.nl\/lottalooije\/","name":"Lotta Looy\u00e9","description":"HU School voor Journalistiek Persoonlijk Dossier","publisher":{"@id":"https:\/\/svjmedia.nl\/lottalooije\/#organization"},"potentialAction":[{"@type":"SearchAction","target":{"@type":"EntryPoint","urlTemplate":"https:\/\/svjmedia.nl\/lottalooije\/?s={search_term_string}"},"query-input":{"@type":"PropertyValueSpecification","valueRequired":true,"valueName":"search_term_string"}}],"inLanguage":"nl-NL"},{"@type":"Organization","@id":"https:\/\/svjmedia.nl\/lottalooije\/#organization","name":"HU School voor Journalistiek","url":"https:\/\/svjmedia.nl\/lottalooije\/","logo":{"@type":"ImageObject","inLanguage":"nl-NL","@id":"https:\/\/svjmedia.nl\/lottalooije\/#\/schema\/logo\/image\/","url":"https:\/\/svjmedia.nl\/lottalooije\/wp-content\/uploads\/sites\/1729\/2019\/08\/HU-logo.png","contentUrl":"https:\/\/svjmedia.nl\/lottalooije\/wp-content\/uploads\/sites\/1729\/2019\/08\/HU-logo.png","width":500,"height":434,"caption":"HU School voor Journalistiek"},"image":{"@id":"https:\/\/svjmedia.nl\/lottalooije\/#\/schema\/logo\/image\/"}}]}},"_links":{"self":[{"href":"https:\/\/svjmedia.nl\/lottalooije\/wp-json\/wp\/v2\/pages\/268","targetHints":{"allow":["GET"]}}],"collection":[{"href":"https:\/\/svjmedia.nl\/lottalooije\/wp-json\/wp\/v2\/pages"}],"about":[{"href":"https:\/\/svjmedia.nl\/lottalooije\/wp-json\/wp\/v2\/types\/page"}],"author":[{"embeddable":true,"href":"https:\/\/svjmedia.nl\/lottalooije\/wp-json\/wp\/v2\/users\/1"}],"replies":[{"embeddable":true,"href":"https:\/\/svjmedia.nl\/lottalooije\/wp-json\/wp\/v2\/comments?post=268"}],"version-history":[{"count":0,"href":"https:\/\/svjmedia.nl\/lottalooije\/wp-json\/wp\/v2\/pages\/268\/revisions"}],"up":[{"embeddable":true,"href":"https:\/\/svjmedia.nl\/lottalooije\/wp-json\/wp\/v2\/pages\/261"}],"wp:attachment":[{"href":"https:\/\/svjmedia.nl\/lottalooije\/wp-json\/wp\/v2\/media?parent=268"}],"curies":[{"name":"wp","href":"https:\/\/api.w.org\/{rel}","templated":true}]}}