{"id":272,"date":"2019-09-13T10:45:00","date_gmt":"2019-09-13T08:45:00","guid":{"rendered":"https:\/\/svjmedia.nl\/marcmijnlieff\/?page_id=272"},"modified":"2024-04-02T20:50:49","modified_gmt":"2024-04-02T18:50:49","slug":"multimediaal-verhaal","status":"publish","type":"page","link":"https:\/\/svjmedia.nl\/marcmijnlieff\/portfolio-slow\/multimediaal-verhaal\/","title":{"rendered":"Multimediaal verhaal"},"content":{"rendered":"\n<h2 class=\"wp-block-heading\">Rechts is ook onder jongeren populair<\/h2>\n\n\n\n<div class=\"wp-block-columns is-layout-flex wp-container-core-columns-is-layout-9d6595d7 wp-block-columns-is-layout-flex\">\n<div class=\"wp-block-column is-layout-flow wp-block-column-is-layout-flow\">\n<p><strong>De afgelopen verkiezingen bewijzen \u00e9\u00e9n ding: Nederland is een rechts land. De PVV werd met 37 zetels de grootste van de verkiezingen en ook <a href=\"https:\/\/eenvandaag.avrotros.nl\/panels\/opiniepanel\/alle-uitslagen\/item\/darjon-stemde-op-de-pvv-net-als-veel-andere-jongeren-woning-en-alles-kunnen-betalen-belangrijker-dan-klimaat\/\" data-type=\"link\" data-id=\"https:\/\/eenvandaag.avrotros.nl\/panels\/opiniepanel\/alle-uitslagen\/item\/darjon-stemde-op-de-pvv-net-als-veel-andere-jongeren-woning-en-alles-kunnen-betalen-belangrijker-dan-klimaat\/\">onder jongeren was zij de grootste<\/a>. Dit is merkwaardig te noemen omdat er een stigma heerst op jongeren dat ze vaak links zijn en links stemmen. Hoe is het om een rechtse jongere te zijn en met welke onderwerpen houden ze zich bezig?<\/strong><\/p>\n\n\n\n<p>Ik sprak met Lloyd Opdam. Hij is een rechtse jongere die gestemd heeft op JA21, actief is bij de jongerenverenigingen van JA21 en BVNL en schrijft voor Nieuw Rechts (een nieuwssite gericht op meer rechtse artikelen). Verder is hij zeer vaak aanwezig bij de <a href=\"https:\/\/jongefortuynisten.nl\/\">Jonge Fortuynisten<\/a>, een denktank voor met name rechtse jongeren. Met Lloyd sprak ik af op een voor hem bijzondere plek, namelijk op de Korte Hoogstraat in Rotterdam, waar het standbeeld van Fortuyn staat. &#8221;Pim Fortuyn heeft mij ge\u00efnspireerd&#8221;, antwoord Lloyd op de vraag hoe zijn politieke voorkeur is ontstaan, terwijl hij wijst naar het standbeeld van zijn idool. &#8221;Voor hem was de vrijheid van spreken heel belangrijk en dat is voor mij ook zo. Juist als je met elkaar in debat gaat, kom je achter elkaars problemen en misschien is dat juist nu waarom de problemen van veel Nederlanders nu niet aan het licht komen&#8221;, vertelt Lloyd. &#8221;Sinds ik in contact ben gekomen met het gedachtegoed van Fortuyn ben ik rechts &#8216;geworden&#8217;. Hij benoemde de problemen die er echt zijn en nu nog steeds spelen. Dat wordt dan rechts genoemd, maar ik zelf zie dat meer als gezond denkend&#8221;, grijnst Lloyd. <\/p>\n\n\n\n<p> Ik bracht ook een bezoek aan een bijeenkomst van de Jonge Fortuynisten.<\/p>\n\n\n\n<figure class=\"wp-block-image size-large is-resized\"><img loading=\"lazy\" decoding=\"async\" width=\"1024\" height=\"768\" src=\"https:\/\/svjmedia.nl\/marcmijnlieff\/wp-content\/uploads\/sites\/1134\/2024\/03\/20240315_215242-1024x768.jpg\" alt=\"\" class=\"wp-image-483\" style=\"width:609px;height:auto\" srcset=\"https:\/\/svjmedia.nl\/marcmijnlieff\/wp-content\/uploads\/sites\/1134\/2024\/03\/20240315_215242-1024x768.jpg 1024w, https:\/\/svjmedia.nl\/marcmijnlieff\/wp-content\/uploads\/sites\/1134\/2024\/03\/20240315_215242-300x225.jpg 300w, https:\/\/svjmedia.nl\/marcmijnlieff\/wp-content\/uploads\/sites\/1134\/2024\/03\/20240315_215242-768x576.jpg 768w, https:\/\/svjmedia.nl\/marcmijnlieff\/wp-content\/uploads\/sites\/1134\/2024\/03\/20240315_215242-1536x1152.jpg 1536w, https:\/\/svjmedia.nl\/marcmijnlieff\/wp-content\/uploads\/sites\/1134\/2024\/03\/20240315_215242-2048x1536.jpg 2048w, https:\/\/svjmedia.nl\/marcmijnlieff\/wp-content\/uploads\/sites\/1134\/2024\/03\/20240315_215242-1250x938.jpg 1250w, https:\/\/svjmedia.nl\/marcmijnlieff\/wp-content\/uploads\/sites\/1134\/2024\/03\/20240315_215242-400x300.jpg 400w\" sizes=\"auto, (max-width: 1024px) 100vw, 1024px\" \/><\/figure>\n\n\n\n<p><em>Stef Kleine Staarman is voorzitter van de Jonge Fortuynisten. Hij vertelt hoe het is om bijeenkomsten te organiseren, hoe het gaat bij andere bijeenkomsten en voor wie de Jonge Fortuynisten bedoeld is<\/em>.<\/p>\n\n\n\n<div class=\"humamaudio\" style=\"position:relative;overflow:hidden;width:600px;height:40px;margin:20px 0px;\"><iframe loading=\"lazy\" width=\"600\" height=\"40\" src=\"https:\/\/stream.hu.nl\/players\/MhVOqk2m-gUDjC9bv.html\"><\/iframe><\/div>\n\n\n\n<p>Het belangrijkste thema in de politiek voor Lloyd is migratie. &#8221;Dat is toch wel de grootste katalysator van alle problemen. Denk hierbij aan sociale veiligheid, woningnood, maar ook de plaatsen op universiteiten en HBO&#8217;s&#8221;, begint Lloyd. &#8221;Daarbij helpt het ook niet mee dat er een groep mensen in Nederland zijn die veel problemen ontkennen en niet willen zien&#8221;, vervolgt hij. Voor Lloyd is deze groep de &#8221;linkse extreme hoek in Nederland&#8221;. &#8221;Zij focussen zich vooral op het klimaat of verzinnen zelf problemen als genderidentiteit. Daar ligt voor mij niet de prioriteit&#8221;, sluit Lloyd af.  <\/p>\n\n\n\n<p>Er zijn veel thema&#8217;s die belangrijk zijn voor rechtse jongeren. Hieronder staat een datavisualisatie over onderwerpen in de politiek waarover mensen (heel) weinig vertrouwen hebben. Immigratie en asiel is het onderwerp waarover mensen het minste vertrouwen in hebben dat de politiek dit goed oplost. De cijfers komen uit een onderzoek van <a href=\"https:\/\/www.ipsos.com\/sites\/default\/files\/NOS%20Tussenmeting%20TK23_v1.2_VoorPublicatie.pdf\">IPSOS<\/a><\/p>\n\n\n\n<iframe class=\"localfocusvisual\" frameborder=\"0\" style=\"width:100%;height:550px;overflow:hidden\" src=\"https:\/\/localfocuswidgets.net\/65aa98b911741\"><\/iframe>\n\n\n\n<figure class=\"wp-block-image size-large is-resized\"><img loading=\"lazy\" decoding=\"async\" width=\"1024\" height=\"768\" src=\"https:\/\/svjmedia.nl\/marcmijnlieff\/wp-content\/uploads\/sites\/1134\/2024\/03\/20240315_194247-4-1024x768.jpg\" alt=\"\" class=\"wp-image-490\" style=\"width:634px;height:auto\" srcset=\"https:\/\/svjmedia.nl\/marcmijnlieff\/wp-content\/uploads\/sites\/1134\/2024\/03\/20240315_194247-4-1024x768.jpg 1024w, https:\/\/svjmedia.nl\/marcmijnlieff\/wp-content\/uploads\/sites\/1134\/2024\/03\/20240315_194247-4-300x225.jpg 300w, https:\/\/svjmedia.nl\/marcmijnlieff\/wp-content\/uploads\/sites\/1134\/2024\/03\/20240315_194247-4-768x576.jpg 768w, https:\/\/svjmedia.nl\/marcmijnlieff\/wp-content\/uploads\/sites\/1134\/2024\/03\/20240315_194247-4-1536x1152.jpg 1536w, https:\/\/svjmedia.nl\/marcmijnlieff\/wp-content\/uploads\/sites\/1134\/2024\/03\/20240315_194247-4-2048x1536.jpg 2048w, https:\/\/svjmedia.nl\/marcmijnlieff\/wp-content\/uploads\/sites\/1134\/2024\/03\/20240315_194247-4-1250x938.jpg 1250w, https:\/\/svjmedia.nl\/marcmijnlieff\/wp-content\/uploads\/sites\/1134\/2024\/03\/20240315_194247-4-400x300.jpg 400w\" sizes=\"auto, (max-width: 1024px) 100vw, 1024px\" \/><\/figure>\n\n\n\n<p><em> Migratie is een belangrijk thema voor rechtse jongeren. Toch zijn er meer thema&#8217;s voor deze groep belangrijk.  Door een bestuurslid van de JOVD en lid van Jong 21 (jongerenpartij JA21) werd flink gediscussieerd op de bijeenkomst van de Jonge Fortuynisten, over de staat van de democratie en hoe je stem gerepresenteerd wordt in Nederland.   <\/em><\/p>\n\n\n\n<div class=\"humamaudio\" style=\"position:relative;overflow:hidden;width:600px;height:40px;margin:20px 0px;\"><iframe loading=\"lazy\" width=\"600\" height=\"40\" src=\"https:\/\/stream.hu.nl\/players\/J76E0yPv-gUDjC9bv.html\"><\/iframe><\/div>\n\n\n\n<p><em>Ook wordt het referendum besproken door beide heren. JOVD t\u00e9gen een referendum, Jong 21 v\u00f3\u00f3r. <\/em><\/p>\n\n\n\n<p><div class=\"humamaudio\" style=\"position:relative;overflow:hidden;width:600px;height:40px;margin:20px 0px;\"><iframe loading=\"lazy\" width=\"600\" height=\"40\" src=\"https:\/\/stream.hu.nl\/players\/FffgrLnl-gUDjC9bv.html\"><\/iframe><\/div><em> <\/em><\/p>\n\n\n\n<p>&#8221;Mijn studiegenoten op de universiteit vinden mijn rechtse activiteiten helemaal niks&#8221;, vervolgt Lloyd. Ik had rond de tijd van de verkiezingen JA21 posters opgehangen in de aula, die er na een uur af waren gehaald. Dit terwijl de GroenLinks posters er al een maand hingen&#8221;, zegt Lloyd met enige verbazing. Ook maakt Lloyd vervelende dingen mee omdat hij rechts is. &#8221;Ik ondervind zeker soms moeilijkheden omdat ik rechts ben. Ik word snel gezien als een racist. Ik had laatst ook een stukje over Geert Wilders geschreven en daarop heb ik best veel haat en ook wat bedreigingen gekregen&#8221;. Lloyd probeert zich daar zo min mogelijk iets van aan te trekken en laat de haat toch liever &#8221;links liggen&#8221;. Toch zijn er ook veel mensen die juist erg positief over Lloyd zijn. &#8221;Veel mensen zeggen vaak tegen mij dat ik precies zeg wat zij denken en dat doet me goed. We leven in een soort post-democratisch tijdperk waar iedereen mag stemmen en verkiezingen houden, maar niemand zich gerepresenteerd voelt. Als ik dat kan doen, ben ik daar erg blij mee&#8221;. Lloyd neemt de  inhoudelijke kritieken van linkse mensen wel serieus. &#8221;Net zoals Pim Fortuyn al zei, is het belangrijk om alle idee\u00ebn en kritieken te horen, want dan pas is een besluit legitiem&#8221; sluit Lloyd af .<\/p>\n\n\n\n<figure class=\"wp-block-image size-large is-resized\"><img loading=\"lazy\" decoding=\"async\" width=\"1024\" height=\"768\" src=\"https:\/\/svjmedia.nl\/marcmijnlieff\/wp-content\/uploads\/sites\/1134\/2024\/03\/20240315_195404-1024x768.jpg\" alt=\"\" class=\"wp-image-500\" style=\"width:656px;height:auto\" srcset=\"https:\/\/svjmedia.nl\/marcmijnlieff\/wp-content\/uploads\/sites\/1134\/2024\/03\/20240315_195404-1024x768.jpg 1024w, https:\/\/svjmedia.nl\/marcmijnlieff\/wp-content\/uploads\/sites\/1134\/2024\/03\/20240315_195404-300x225.jpg 300w, https:\/\/svjmedia.nl\/marcmijnlieff\/wp-content\/uploads\/sites\/1134\/2024\/03\/20240315_195404-768x576.jpg 768w, https:\/\/svjmedia.nl\/marcmijnlieff\/wp-content\/uploads\/sites\/1134\/2024\/03\/20240315_195404-1536x1152.jpg 1536w, https:\/\/svjmedia.nl\/marcmijnlieff\/wp-content\/uploads\/sites\/1134\/2024\/03\/20240315_195404-2048x1536.jpg 2048w, https:\/\/svjmedia.nl\/marcmijnlieff\/wp-content\/uploads\/sites\/1134\/2024\/03\/20240315_195404-1250x938.jpg 1250w, https:\/\/svjmedia.nl\/marcmijnlieff\/wp-content\/uploads\/sites\/1134\/2024\/03\/20240315_195404-400x300.jpg 400w\" sizes=\"auto, (max-width: 1024px) 100vw, 1024px\" \/><\/figure>\n\n\n\n<p><em>De gastspreker op de bijeenkomst van de Jonge Fortuynisten was Europarlementari\u00ebr van de SGP Bert-Jan Ruissen. Een discussie over abortus kan dan niet ontbreken.<\/em><\/p>\n\n\n\n<div class=\"humamaudio\" style=\"position:relative;overflow:hidden;width:600px;height:40px;margin:20px 0px;\"><iframe loading=\"lazy\" width=\"600\" height=\"40\" src=\"https:\/\/stream.hu.nl\/players\/ieu9mnEN-gUDjC9bv.html\"><\/iframe><\/div>\n\n\n\n<figure class=\"wp-block-image size-large is-resized\"><img loading=\"lazy\" decoding=\"async\" width=\"1024\" height=\"768\" src=\"https:\/\/svjmedia.nl\/marcmijnlieff\/wp-content\/uploads\/sites\/1134\/2024\/03\/20240315_202212-1024x768.jpg\" alt=\"\" class=\"wp-image-504\" style=\"width:682px;height:auto\" srcset=\"https:\/\/svjmedia.nl\/marcmijnlieff\/wp-content\/uploads\/sites\/1134\/2024\/03\/20240315_202212-1024x768.jpg 1024w, https:\/\/svjmedia.nl\/marcmijnlieff\/wp-content\/uploads\/sites\/1134\/2024\/03\/20240315_202212-300x225.jpg 300w, https:\/\/svjmedia.nl\/marcmijnlieff\/wp-content\/uploads\/sites\/1134\/2024\/03\/20240315_202212-768x576.jpg 768w, https:\/\/svjmedia.nl\/marcmijnlieff\/wp-content\/uploads\/sites\/1134\/2024\/03\/20240315_202212-1536x1152.jpg 1536w, https:\/\/svjmedia.nl\/marcmijnlieff\/wp-content\/uploads\/sites\/1134\/2024\/03\/20240315_202212-2048x1536.jpg 2048w, https:\/\/svjmedia.nl\/marcmijnlieff\/wp-content\/uploads\/sites\/1134\/2024\/03\/20240315_202212-1250x938.jpg 1250w, https:\/\/svjmedia.nl\/marcmijnlieff\/wp-content\/uploads\/sites\/1134\/2024\/03\/20240315_202212-400x300.jpg 400w\" sizes=\"auto, (max-width: 1024px) 100vw, 1024px\" \/><\/figure>\n\n\n\n<p><em>De bezoekers luisteren aandachtig naar Bert-Jan Ruissen, die vertelt over thema\u2019s als migratie, klimaat en de oorlog in Isra\u00ebl\/Gaza. Ruissen sprak op het thema klimaat over een heuse &#8221;Timmermans-doctrine&#8221;.<\/em><\/p>\n\n\n\n<div class=\"humamaudio\" style=\"position:relative;overflow:hidden;width:600px;height:40px;margin:20px 0px;\"><iframe loading=\"lazy\" width=\"600\" height=\"40\" src=\"https:\/\/stream.hu.nl\/players\/OsEvwhin-gUDjC9bv.html\"><\/iframe><\/div>\n\n\n\n<p>\u2018\u2019Jongeren zijn vaker geneigd om wat radicaler te stemmen dan oudere kiesgerechtigden\u2019\u2019, zegt promovendus politicoloog Rick van Well. Jongeren die links willen stemmen, kiezen dan vaker voor een Partij voor de Dieren of DENK, terwijl rechtse jongeren hun stem geven aan partijen als Forum Voor Democratie of de PVV. Dat Nederlandse jongeren dit doen, vindt Van Well niet gek. \u2018\u2019Wereldwijd stemmen jongeren vaak radicaler. Dit gebeurt ook in Duitsland, Frankrijk en Itali\u00eb\u2019\u2019, meldt de jonge politicoloog. Een andere reden waarom deze verkiezing voor de PVV zo goed is uitgevallen, komt volgens Van Well door het lage vertrouwen in de politiek. \u2018\u2019Het vertrouwen in de politiek is heel laag in Nederland en daar weten populistische partijen van te profiteren\u2019\u2019, stelt Van Well. \u2018\u2019Oudere kiesgerechtigden stemmen nog vaak op basis van hun beeld over sociaal economische kwesties. De nieuwste generatie heeft veel meer belangstelling voor milieu en culturele kwesties. De partij die daar het duidelijkst haar standpunt over formuleert, trekt veel kiezers aan\u2019\u2019, zegt Van Well overtuigd. Van Well voegt ook toe dat Nederlandse jongeren helemaal niet zo links zijn zoals vaak wordt beweerd. \u2018\u2019Het is een misvatting dat jongeren progressief zijn. Studenten en hoogopgeleiden bepalen de beeldvorming dat deze links en progressief zijn, maar deze groep is \u2018by far\u2019 niet representatief voor alle Nederlanders\u2019\u2019, concludeert Van Well.<\/p>\n\n\n\n<p>Zoals ook Van Well zegt, zijn er veel jongeren die kritiek hebben op de politiek. Hieronder staat een datavisualisatie over het vertrouwen in de politiek in Nederland. Jongeren hebben minder vertrouwen dan de middelste leeftijdsgroep (34-54). 55 plussers hebben het minst vertrouwen in de politiek. De cijfers die gebruikt zijn, komen uit een onderzoek van <a href=\"https:\/\/www.ipsos.com\/sites\/default\/files\/NOS%20Tussenmeting%20TK23_v1.2_VoorPublicatie.pdf\">IPSOS<\/a>.<\/p>\n\n\n\n<iframe class=\"localfocusvisual\" frameborder=\"0\" style=\"width:100%;height:550px;overflow:hidden\" src=\"https:\/\/localfocuswidgets.net\/65a987e7ce2e5\"><\/iframe>\n\n\n\n<p>Rechtse Jongeren hebben weinig vertrouwen in de politiek, worden sneller als racist gezien en sommige worden zelfs bedreigd. Hoewel men vaak denkt dat jongeren links zijn, blijkt dit dus helemaal niet zo zeer te kloppen. De PVV heeft goed ingespeeld op de onvrede van kiezers op thema&#8217;s als migratie en huisvesting. Dat de PVV zo massaal heeft gescoord afgelopen verkiezingen en nu in de <a href=\"https:\/\/www.ipsos.com\/nl-nl\/politieke-barometer\">peilingen<\/a> ook weer torenhoog staat (49 zetels), is nauwelijks een verassing te noemen.<\/p>\n\n\n\n<p><\/p>\n<\/div>\n<\/div>\n","protected":false},"excerpt":{"rendered":"<p>Rechts is ook onder jongeren populair De afgelopen verkiezingen bewijzen \u00e9\u00e9n ding: Nederland is een rechts land. De PVV werd met 37 zetels de grootste van de verkiezingen en ook onder jongeren was zij de grootste. Dit is merkwaardig te noemen omdat er een stigma heerst op jongeren dat ze vaak links zijn en links &#8230; <a title=\"Multimediaal verhaal\" class=\"read-more\" href=\"https:\/\/svjmedia.nl\/marcmijnlieff\/portfolio-slow\/multimediaal-verhaal\/\" aria-label=\"Lees meer over Multimediaal verhaal\">Lees verder<\/a><\/p>\n","protected":false},"author":1,"featured_media":449,"parent":261,"menu_order":0,"comment_status":"closed","ping_status":"closed","template":"","meta":{"_acf_changed":false,"footnotes":""},"class_list":["post-272","page","type-page","status-publish","has-post-thumbnail"],"acf":[],"yoast_head":"<!-- This site is optimized with the Yoast SEO plugin v27.5 - https:\/\/yoast.com\/product\/yoast-seo-wordpress\/ -->\n<title>Multimediaal verhaal - Marc Mijnlieff<\/title>\n<meta name=\"robots\" content=\"noindex, follow, max-snippet:-1, max-image-preview:large, max-video-preview:-1\" \/>\n<meta property=\"og:locale\" content=\"nl_NL\" \/>\n<meta property=\"og:type\" content=\"article\" \/>\n<meta property=\"og:title\" content=\"Multimediaal verhaal - Marc Mijnlieff\" \/>\n<meta property=\"og:description\" content=\"Rechts is ook onder jongeren populair De afgelopen verkiezingen bewijzen \u00e9\u00e9n ding: Nederland is een rechts land. De PVV werd met 37 zetels de grootste van de verkiezingen en ook onder jongeren was zij de grootste. Dit is merkwaardig te noemen omdat er een stigma heerst op jongeren dat ze vaak links zijn en links ... Lees verder\" \/>\n<meta property=\"og:url\" content=\"https:\/\/svjmedia.nl\/marcmijnlieff\/portfolio-slow\/multimediaal-verhaal\/\" \/>\n<meta property=\"og:site_name\" content=\"Marc Mijnlieff\" \/>\n<meta property=\"article:modified_time\" content=\"2024-04-02T18:50:49+00:00\" \/>\n<meta property=\"og:image\" content=\"https:\/\/svjmedia.nl\/marcmijnlieff\/wp-content\/uploads\/sites\/1134\/2024\/01\/20240110_140100-scaled.jpg\" \/>\n\t<meta property=\"og:image:width\" content=\"2560\" \/>\n\t<meta property=\"og:image:height\" content=\"1920\" \/>\n\t<meta property=\"og:image:type\" content=\"image\/jpeg\" \/>\n<meta name=\"twitter:card\" content=\"summary_large_image\" \/>\n<meta name=\"twitter:label1\" content=\"Geschatte leestijd\" \/>\n\t<meta name=\"twitter:data1\" content=\"6 minuten\" \/>\n<script type=\"application\/ld+json\" class=\"yoast-schema-graph\">{\"@context\":\"https:\\\/\\\/schema.org\",\"@graph\":[{\"@type\":\"WebPage\",\"@id\":\"https:\\\/\\\/svjmedia.nl\\\/marcmijnlieff\\\/portfolio-slow\\\/multimediaal-verhaal\\\/\",\"url\":\"https:\\\/\\\/svjmedia.nl\\\/marcmijnlieff\\\/portfolio-slow\\\/multimediaal-verhaal\\\/\",\"name\":\"Multimediaal verhaal - Marc Mijnlieff\",\"isPartOf\":{\"@id\":\"https:\\\/\\\/svjmedia.nl\\\/marcmijnlieff\\\/#website\"},\"primaryImageOfPage\":{\"@id\":\"https:\\\/\\\/svjmedia.nl\\\/marcmijnlieff\\\/portfolio-slow\\\/multimediaal-verhaal\\\/#primaryimage\"},\"image\":{\"@id\":\"https:\\\/\\\/svjmedia.nl\\\/marcmijnlieff\\\/portfolio-slow\\\/multimediaal-verhaal\\\/#primaryimage\"},\"thumbnailUrl\":\"https:\\\/\\\/svjmedia.nl\\\/marcmijnlieff\\\/wp-content\\\/uploads\\\/sites\\\/1134\\\/2024\\\/01\\\/20240110_140100-scaled.jpg\",\"datePublished\":\"2019-09-13T08:45:00+00:00\",\"dateModified\":\"2024-04-02T18:50:49+00:00\",\"breadcrumb\":{\"@id\":\"https:\\\/\\\/svjmedia.nl\\\/marcmijnlieff\\\/portfolio-slow\\\/multimediaal-verhaal\\\/#breadcrumb\"},\"inLanguage\":\"nl-NL\",\"potentialAction\":[{\"@type\":\"ReadAction\",\"target\":[\"https:\\\/\\\/svjmedia.nl\\\/marcmijnlieff\\\/portfolio-slow\\\/multimediaal-verhaal\\\/\"]}]},{\"@type\":\"ImageObject\",\"inLanguage\":\"nl-NL\",\"@id\":\"https:\\\/\\\/svjmedia.nl\\\/marcmijnlieff\\\/portfolio-slow\\\/multimediaal-verhaal\\\/#primaryimage\",\"url\":\"https:\\\/\\\/svjmedia.nl\\\/marcmijnlieff\\\/wp-content\\\/uploads\\\/sites\\\/1134\\\/2024\\\/01\\\/20240110_140100-scaled.jpg\",\"contentUrl\":\"https:\\\/\\\/svjmedia.nl\\\/marcmijnlieff\\\/wp-content\\\/uploads\\\/sites\\\/1134\\\/2024\\\/01\\\/20240110_140100-scaled.jpg\",\"width\":2560,\"height\":1920,\"caption\":\"Foto: Marc Mijnlieff\"},{\"@type\":\"BreadcrumbList\",\"@id\":\"https:\\\/\\\/svjmedia.nl\\\/marcmijnlieff\\\/portfolio-slow\\\/multimediaal-verhaal\\\/#breadcrumb\",\"itemListElement\":[{\"@type\":\"ListItem\",\"position\":1,\"name\":\"Home\",\"item\":\"https:\\\/\\\/svjmedia.nl\\\/marcmijnlieff\\\/\"},{\"@type\":\"ListItem\",\"position\":2,\"name\":\"Portfolio Slow\",\"item\":\"https:\\\/\\\/svjmedia.nl\\\/marcmijnlieff\\\/portfolio-slow\\\/\"},{\"@type\":\"ListItem\",\"position\":3,\"name\":\"Multimediaal verhaal\"}]},{\"@type\":\"WebSite\",\"@id\":\"https:\\\/\\\/svjmedia.nl\\\/marcmijnlieff\\\/#website\",\"url\":\"https:\\\/\\\/svjmedia.nl\\\/marcmijnlieff\\\/\",\"name\":\"Marc Mijnlieff\",\"description\":\"HU School voor Journalistiek Persoonlijk Dossier\",\"publisher\":{\"@id\":\"https:\\\/\\\/svjmedia.nl\\\/marcmijnlieff\\\/#organization\"},\"potentialAction\":[{\"@type\":\"SearchAction\",\"target\":{\"@type\":\"EntryPoint\",\"urlTemplate\":\"https:\\\/\\\/svjmedia.nl\\\/marcmijnlieff\\\/?s={search_term_string}\"},\"query-input\":{\"@type\":\"PropertyValueSpecification\",\"valueRequired\":true,\"valueName\":\"search_term_string\"}}],\"inLanguage\":\"nl-NL\"},{\"@type\":\"Organization\",\"@id\":\"https:\\\/\\\/svjmedia.nl\\\/marcmijnlieff\\\/#organization\",\"name\":\"HU School voor Journalistiek\",\"url\":\"https:\\\/\\\/svjmedia.nl\\\/marcmijnlieff\\\/\",\"logo\":{\"@type\":\"ImageObject\",\"inLanguage\":\"nl-NL\",\"@id\":\"https:\\\/\\\/svjmedia.nl\\\/marcmijnlieff\\\/#\\\/schema\\\/logo\\\/image\\\/\",\"url\":\"https:\\\/\\\/svjmedia.nl\\\/marcmijnlieff\\\/wp-content\\\/uploads\\\/sites\\\/1134\\\/2019\\\/08\\\/HU-logo.png\",\"contentUrl\":\"https:\\\/\\\/svjmedia.nl\\\/marcmijnlieff\\\/wp-content\\\/uploads\\\/sites\\\/1134\\\/2019\\\/08\\\/HU-logo.png\",\"width\":500,\"height\":434,\"caption\":\"HU School voor Journalistiek\"},\"image\":{\"@id\":\"https:\\\/\\\/svjmedia.nl\\\/marcmijnlieff\\\/#\\\/schema\\\/logo\\\/image\\\/\"}}]}<\/script>\n<!-- \/ Yoast SEO plugin. -->","yoast_head_json":{"title":"Multimediaal verhaal - Marc Mijnlieff","robots":{"index":"noindex","follow":"follow","max-snippet":"max-snippet:-1","max-image-preview":"max-image-preview:large","max-video-preview":"max-video-preview:-1"},"og_locale":"nl_NL","og_type":"article","og_title":"Multimediaal verhaal - Marc Mijnlieff","og_description":"Rechts is ook onder jongeren populair De afgelopen verkiezingen bewijzen \u00e9\u00e9n ding: Nederland is een rechts land. De PVV werd met 37 zetels de grootste van de verkiezingen en ook onder jongeren was zij de grootste. Dit is merkwaardig te noemen omdat er een stigma heerst op jongeren dat ze vaak links zijn en links ... Lees verder","og_url":"https:\/\/svjmedia.nl\/marcmijnlieff\/portfolio-slow\/multimediaal-verhaal\/","og_site_name":"Marc Mijnlieff","article_modified_time":"2024-04-02T18:50:49+00:00","og_image":[{"width":2560,"height":1920,"url":"https:\/\/svjmedia.nl\/marcmijnlieff\/wp-content\/uploads\/sites\/1134\/2024\/01\/20240110_140100-scaled.jpg","type":"image\/jpeg"}],"twitter_card":"summary_large_image","twitter_misc":{"Geschatte leestijd":"6 minuten"},"schema":{"@context":"https:\/\/schema.org","@graph":[{"@type":"WebPage","@id":"https:\/\/svjmedia.nl\/marcmijnlieff\/portfolio-slow\/multimediaal-verhaal\/","url":"https:\/\/svjmedia.nl\/marcmijnlieff\/portfolio-slow\/multimediaal-verhaal\/","name":"Multimediaal verhaal - Marc Mijnlieff","isPartOf":{"@id":"https:\/\/svjmedia.nl\/marcmijnlieff\/#website"},"primaryImageOfPage":{"@id":"https:\/\/svjmedia.nl\/marcmijnlieff\/portfolio-slow\/multimediaal-verhaal\/#primaryimage"},"image":{"@id":"https:\/\/svjmedia.nl\/marcmijnlieff\/portfolio-slow\/multimediaal-verhaal\/#primaryimage"},"thumbnailUrl":"https:\/\/svjmedia.nl\/marcmijnlieff\/wp-content\/uploads\/sites\/1134\/2024\/01\/20240110_140100-scaled.jpg","datePublished":"2019-09-13T08:45:00+00:00","dateModified":"2024-04-02T18:50:49+00:00","breadcrumb":{"@id":"https:\/\/svjmedia.nl\/marcmijnlieff\/portfolio-slow\/multimediaal-verhaal\/#breadcrumb"},"inLanguage":"nl-NL","potentialAction":[{"@type":"ReadAction","target":["https:\/\/svjmedia.nl\/marcmijnlieff\/portfolio-slow\/multimediaal-verhaal\/"]}]},{"@type":"ImageObject","inLanguage":"nl-NL","@id":"https:\/\/svjmedia.nl\/marcmijnlieff\/portfolio-slow\/multimediaal-verhaal\/#primaryimage","url":"https:\/\/svjmedia.nl\/marcmijnlieff\/wp-content\/uploads\/sites\/1134\/2024\/01\/20240110_140100-scaled.jpg","contentUrl":"https:\/\/svjmedia.nl\/marcmijnlieff\/wp-content\/uploads\/sites\/1134\/2024\/01\/20240110_140100-scaled.jpg","width":2560,"height":1920,"caption":"Foto: Marc Mijnlieff"},{"@type":"BreadcrumbList","@id":"https:\/\/svjmedia.nl\/marcmijnlieff\/portfolio-slow\/multimediaal-verhaal\/#breadcrumb","itemListElement":[{"@type":"ListItem","position":1,"name":"Home","item":"https:\/\/svjmedia.nl\/marcmijnlieff\/"},{"@type":"ListItem","position":2,"name":"Portfolio Slow","item":"https:\/\/svjmedia.nl\/marcmijnlieff\/portfolio-slow\/"},{"@type":"ListItem","position":3,"name":"Multimediaal verhaal"}]},{"@type":"WebSite","@id":"https:\/\/svjmedia.nl\/marcmijnlieff\/#website","url":"https:\/\/svjmedia.nl\/marcmijnlieff\/","name":"Marc Mijnlieff","description":"HU School voor Journalistiek Persoonlijk Dossier","publisher":{"@id":"https:\/\/svjmedia.nl\/marcmijnlieff\/#organization"},"potentialAction":[{"@type":"SearchAction","target":{"@type":"EntryPoint","urlTemplate":"https:\/\/svjmedia.nl\/marcmijnlieff\/?s={search_term_string}"},"query-input":{"@type":"PropertyValueSpecification","valueRequired":true,"valueName":"search_term_string"}}],"inLanguage":"nl-NL"},{"@type":"Organization","@id":"https:\/\/svjmedia.nl\/marcmijnlieff\/#organization","name":"HU School voor Journalistiek","url":"https:\/\/svjmedia.nl\/marcmijnlieff\/","logo":{"@type":"ImageObject","inLanguage":"nl-NL","@id":"https:\/\/svjmedia.nl\/marcmijnlieff\/#\/schema\/logo\/image\/","url":"https:\/\/svjmedia.nl\/marcmijnlieff\/wp-content\/uploads\/sites\/1134\/2019\/08\/HU-logo.png","contentUrl":"https:\/\/svjmedia.nl\/marcmijnlieff\/wp-content\/uploads\/sites\/1134\/2019\/08\/HU-logo.png","width":500,"height":434,"caption":"HU School voor Journalistiek"},"image":{"@id":"https:\/\/svjmedia.nl\/marcmijnlieff\/#\/schema\/logo\/image\/"}}]}},"_links":{"self":[{"href":"https:\/\/svjmedia.nl\/marcmijnlieff\/wp-json\/wp\/v2\/pages\/272","targetHints":{"allow":["GET"]}}],"collection":[{"href":"https:\/\/svjmedia.nl\/marcmijnlieff\/wp-json\/wp\/v2\/pages"}],"about":[{"href":"https:\/\/svjmedia.nl\/marcmijnlieff\/wp-json\/wp\/v2\/types\/page"}],"author":[{"embeddable":true,"href":"https:\/\/svjmedia.nl\/marcmijnlieff\/wp-json\/wp\/v2\/users\/1"}],"replies":[{"embeddable":true,"href":"https:\/\/svjmedia.nl\/marcmijnlieff\/wp-json\/wp\/v2\/comments?post=272"}],"version-history":[{"count":0,"href":"https:\/\/svjmedia.nl\/marcmijnlieff\/wp-json\/wp\/v2\/pages\/272\/revisions"}],"up":[{"embeddable":true,"href":"https:\/\/svjmedia.nl\/marcmijnlieff\/wp-json\/wp\/v2\/pages\/261"}],"wp:featuredmedia":[{"embeddable":true,"href":"https:\/\/svjmedia.nl\/marcmijnlieff\/wp-json\/wp\/v2\/media\/449"}],"wp:attachment":[{"href":"https:\/\/svjmedia.nl\/marcmijnlieff\/wp-json\/wp\/v2\/media?parent=272"}],"curies":[{"name":"wp","href":"https:\/\/api.w.org\/{rel}","templated":true}]}}