{"id":266,"date":"2025-01-17T10:43:00","date_gmt":"2025-01-17T09:43:00","guid":{"rendered":"https:\/\/svjmedia.nl\/maritvanens\/?page_id=266"},"modified":"2026-01-29T16:17:09","modified_gmt":"2026-01-29T15:17:09","slug":"reportage","status":"publish","type":"page","link":"https:\/\/svjmedia.nl\/maritvanens\/portfolio-slow\/reportage\/","title":{"rendered":"Reportage"},"content":{"rendered":"\n<h2 class=\"wp-block-heading\"><strong>De bibliotheek als hulppunt tegen digitale oplichting: \u2018Van mijn rekening blijven ze af\u2019<\/strong><\/h2>\n\n\n<div class=\"wp-block-image\">\n<figure class=\"aligncenter size-large is-resized\"><img loading=\"lazy\" decoding=\"async\" width=\"761\" height=\"1024\" src=\"https:\/\/svjmedia.nl\/maritvanens\/wp-content\/uploads\/sites\/1852\/2026\/01\/bieb-buitenkant-2-761x1024.jpeg\" alt=\"\" class=\"wp-image-924\" style=\"aspect-ratio:0.7431646369360144;width:346px;height:auto\" srcset=\"https:\/\/svjmedia.nl\/maritvanens\/wp-content\/uploads\/sites\/1852\/2026\/01\/bieb-buitenkant-2-761x1024.jpeg 761w, https:\/\/svjmedia.nl\/maritvanens\/wp-content\/uploads\/sites\/1852\/2026\/01\/bieb-buitenkant-2-223x300.jpeg 223w, https:\/\/svjmedia.nl\/maritvanens\/wp-content\/uploads\/sites\/1852\/2026\/01\/bieb-buitenkant-2-768x1034.jpeg 768w, https:\/\/svjmedia.nl\/maritvanens\/wp-content\/uploads\/sites\/1852\/2026\/01\/bieb-buitenkant-2-1141x1536.jpeg 1141w, https:\/\/svjmedia.nl\/maritvanens\/wp-content\/uploads\/sites\/1852\/2026\/01\/bieb-buitenkant-2-1521x2048.jpeg 1521w, https:\/\/svjmedia.nl\/maritvanens\/wp-content\/uploads\/sites\/1852\/2026\/01\/bieb-buitenkant-2-500x673.jpeg 500w, https:\/\/svjmedia.nl\/maritvanens\/wp-content\/uploads\/sites\/1852\/2026\/01\/bieb-buitenkant-2-800x1077.jpeg 800w, https:\/\/svjmedia.nl\/maritvanens\/wp-content\/uploads\/sites\/1852\/2026\/01\/bieb-buitenkant-2-1280x1723.jpeg 1280w, https:\/\/svjmedia.nl\/maritvanens\/wp-content\/uploads\/sites\/1852\/2026\/01\/bieb-buitenkant-2-1920x2585.jpeg 1920w, https:\/\/svjmedia.nl\/maritvanens\/wp-content\/uploads\/sites\/1852\/2026\/01\/bieb-buitenkant-2-scaled.jpeg 1901w\" sizes=\"auto, (max-width: 761px) 100vw, 761px\" \/><figcaption class=\"wp-element-caption\">De Nieuwe Bibliotheek in Almere<\/figcaption><\/figure>\n<\/div>\n\n\n<p><strong>Iedere woensdagmiddag lopen bezoekers de bibliotheek van Almere binnen voor een cursus digitale vaardigheden. De bijeenkomst is vrijwillig en bedoeld voor mensen die zich online sterker willen voelen, zonder verplichtingen. Een van de vaste aanwezigen is Gerda. \u2018Alle mensen om mij heen gaan in het buurthuis koffie drinken en roddelen. Ik heb geen tijd voor koffie. Ik wil iets leren\u2019, zegt ze stellig.<\/strong><\/p>\n\n\n\n<p>De kou blijft hangen in de tocht van de entree. Binnen ruikt het naar koffie en natte jassen. Het is rustig, met een zacht geroezemoes op de achtergrond. Lezers zitten op bankjes, jassen hangen over stoelleuningen en er klinkt geritsel van papier. Twee kinderen schieten voorbij. &#8216;Ssst&#8217;, sist hun moeder, &#8216;je bent in een bibliotheek.&#8217;<\/p>\n\n\n\n<p>Cursusbegeleider Mandeeq Jama komt aangelopen. Het sneeuwweer van de afgelopen week lijkt een streep te hebben gezet door de opkomst. Vandaag schuift alleen Gerda aan. Ze loopt met Jama mee richting de ruime lift. Boven zitten mensen langs de gang in kleine groepjes bijeen, druk in gesprek. De deur naar het cursuslokaal gaat open en binnen heerst rust.<\/p>\n\n\n<div class=\"wp-block-image\">\n<figure class=\"aligncenter size-large is-resized\"><img loading=\"lazy\" decoding=\"async\" width=\"1024\" height=\"768\" src=\"https:\/\/svjmedia.nl\/maritvanens\/wp-content\/uploads\/sites\/1852\/2026\/01\/tafel-1024x768.jpeg\" alt=\"\" class=\"wp-image-928\" style=\"width:565px;height:auto\" srcset=\"https:\/\/svjmedia.nl\/maritvanens\/wp-content\/uploads\/sites\/1852\/2026\/01\/tafel-1024x768.jpeg 1024w, https:\/\/svjmedia.nl\/maritvanens\/wp-content\/uploads\/sites\/1852\/2026\/01\/tafel-300x225.jpeg 300w, https:\/\/svjmedia.nl\/maritvanens\/wp-content\/uploads\/sites\/1852\/2026\/01\/tafel-768x576.jpeg 768w, https:\/\/svjmedia.nl\/maritvanens\/wp-content\/uploads\/sites\/1852\/2026\/01\/tafel-1536x1152.jpeg 1536w, https:\/\/svjmedia.nl\/maritvanens\/wp-content\/uploads\/sites\/1852\/2026\/01\/tafel-2048x1536.jpeg 2048w, https:\/\/svjmedia.nl\/maritvanens\/wp-content\/uploads\/sites\/1852\/2026\/01\/tafel-500x375.jpeg 500w, https:\/\/svjmedia.nl\/maritvanens\/wp-content\/uploads\/sites\/1852\/2026\/01\/tafel-800x600.jpeg 800w, https:\/\/svjmedia.nl\/maritvanens\/wp-content\/uploads\/sites\/1852\/2026\/01\/tafel-1280x960.jpeg 1280w, https:\/\/svjmedia.nl\/maritvanens\/wp-content\/uploads\/sites\/1852\/2026\/01\/tafel-1920x1440.jpeg 1920w\" sizes=\"auto, (max-width: 1024px) 100vw, 1024px\" \/><figcaption class=\"wp-element-caption\">Het cursuslokaal staat klaar, maar deze woensdag schuift alleen Gerda aan.<\/figcaption><\/figure>\n<\/div>\n\n\n<p>De tafels staan in een U-vorm, gericht op het digibord. Gerda kiest haar plek tegenover het scherm. Door een klein raam is buiten licht te zien, maar het geluid blijft gedempt. Zelfs het geroezemoes uit de gang klinkt nauwelijks door. Gerda legt haar tas op tafel, haalt een boekje tevoorschijn en begint aantekeningen door te nemen. Iedere week noteert ze wat er besproken is.<\/p>\n\n\n\n<p style=\"font-size:28px\">Van \u2018pas op\u2019 naar \u2018wat nu?\u2019<\/p>\n\n\n\n<p>Jama staat naast het digibord, waar een presentatie te zien is. Ze werkt in de bibliotheek en geeft daarnaast de cursus Veilig Online. \u2018Vanuit de gemeente Almere zijn wij gevraagd dit te verzorgen.\u2019 Volgens Jama is de aanleiding duidelijk. \u2018Digitale oplichting is een groot probleem.\u2019 Met de lessen wil ze inwoners van Almere bereiken die zich onzeker voelen achter een scherm.<\/p>\n\n\n<div class=\"wp-block-image\">\n<figure class=\"aligncenter size-large is-resized\"><img loading=\"lazy\" decoding=\"async\" width=\"1024\" height=\"768\" src=\"https:\/\/svjmedia.nl\/maritvanens\/wp-content\/uploads\/sites\/1852\/2026\/01\/presentatie-1-1024x768.jpeg\" alt=\"\" class=\"wp-image-926\" style=\"width:583px;height:auto\" srcset=\"https:\/\/svjmedia.nl\/maritvanens\/wp-content\/uploads\/sites\/1852\/2026\/01\/presentatie-1-1024x768.jpeg 1024w, https:\/\/svjmedia.nl\/maritvanens\/wp-content\/uploads\/sites\/1852\/2026\/01\/presentatie-1-300x225.jpeg 300w, https:\/\/svjmedia.nl\/maritvanens\/wp-content\/uploads\/sites\/1852\/2026\/01\/presentatie-1-768x576.jpeg 768w, https:\/\/svjmedia.nl\/maritvanens\/wp-content\/uploads\/sites\/1852\/2026\/01\/presentatie-1-1536x1152.jpeg 1536w, https:\/\/svjmedia.nl\/maritvanens\/wp-content\/uploads\/sites\/1852\/2026\/01\/presentatie-1-2048x1536.jpeg 2048w, https:\/\/svjmedia.nl\/maritvanens\/wp-content\/uploads\/sites\/1852\/2026\/01\/presentatie-1-500x375.jpeg 500w, https:\/\/svjmedia.nl\/maritvanens\/wp-content\/uploads\/sites\/1852\/2026\/01\/presentatie-1-800x600.jpeg 800w, https:\/\/svjmedia.nl\/maritvanens\/wp-content\/uploads\/sites\/1852\/2026\/01\/presentatie-1-1280x960.jpeg 1280w, https:\/\/svjmedia.nl\/maritvanens\/wp-content\/uploads\/sites\/1852\/2026\/01\/presentatie-1-1920x1440.jpeg 1920w\" sizes=\"auto, (max-width: 1024px) 100vw, 1024px\" \/><figcaption class=\"wp-element-caption\">De cursus Veilig Online begint bij de basis: wat is digitale oplichting en hoe herken je het?<\/figcaption><\/figure>\n<\/div>\n\n\n<p>Het probleem speelt niet alleen in Almere. Hoewel Nederland gemiddeld goed scoort op digitale vaardigheden, blijft de groep mensen zonder die vaardigheden groot genoeg om landelijke impact te hebben. Volgens cijfers van het Centraal Bureau voor de Statistiek had in 2023 ongeveer 83 procent van de Nederlanders tussen 16 en 75 jaar minimaal digitale basisvaardigheden, maar dat betekent ook dat ruim \u00e9\u00e9n op de zes mensen dat n\u00ed\u00e9t heeft.<\/p>\n\n\n\n<p>Die verschillen zijn niet gelijk verdeeld: ouderen, laagopgeleiden en mensen met een lager inkomen hebben doorgaans minder digitale vaardigheden dan jongeren en hoger opgeleiden. Daardoor lopen zij meer risico op digitale uitsluiting of financi\u00eble schade, omdat steeds meer diensten, waarschuwingen en contactmomenten vooral online plaatsvinden.<\/p>\n\n\n\n<p>Jama merkt dat veel mensen waarschuwingen over digitale onveiligheid meekrijgen via nieuws en sociale media, maar niet weten wat ze ermee moeten. \u2018In de media worden ze wel gewaarschuwd, maar niemand legt uit hoe je ermee omgaat. In de les gaat het daarom niet alleen over dreiging, maar vooral over handelen.\u2019<\/p>\n\n\n\n<p>Dus blijft het praktisch. In het lokaal wordt digitale dreiging teruggebracht tot simpele keuzes: wel of niet klikken, wel of niet terugbellen. Controleer wie de afzender is en of het e-mailadres klopt. Twijfel je aan een bericht van een instantie, neem dan zelf contact op via het offici\u00eble nummer, niet via het nummer in de mail. En stuurt \u2018je kind\u2019 opeens een WhatsApp vanaf een nieuw nummer? Bel eerst het oude, bekende nummer.<\/p>\n\n\n<div class=\"wp-block-image\">\n<figure class=\"aligncenter size-large is-resized\"><img loading=\"lazy\" decoding=\"async\" width=\"1024\" height=\"768\" src=\"https:\/\/svjmedia.nl\/maritvanens\/wp-content\/uploads\/sites\/1852\/2026\/01\/presentatie-2-1024x768.jpeg\" alt=\"\" class=\"wp-image-927\" style=\"width:587px;height:auto\" srcset=\"https:\/\/svjmedia.nl\/maritvanens\/wp-content\/uploads\/sites\/1852\/2026\/01\/presentatie-2-1024x768.jpeg 1024w, https:\/\/svjmedia.nl\/maritvanens\/wp-content\/uploads\/sites\/1852\/2026\/01\/presentatie-2-300x225.jpeg 300w, https:\/\/svjmedia.nl\/maritvanens\/wp-content\/uploads\/sites\/1852\/2026\/01\/presentatie-2-768x576.jpeg 768w, https:\/\/svjmedia.nl\/maritvanens\/wp-content\/uploads\/sites\/1852\/2026\/01\/presentatie-2-1536x1152.jpeg 1536w, https:\/\/svjmedia.nl\/maritvanens\/wp-content\/uploads\/sites\/1852\/2026\/01\/presentatie-2-2048x1536.jpeg 2048w, https:\/\/svjmedia.nl\/maritvanens\/wp-content\/uploads\/sites\/1852\/2026\/01\/presentatie-2-500x375.jpeg 500w, https:\/\/svjmedia.nl\/maritvanens\/wp-content\/uploads\/sites\/1852\/2026\/01\/presentatie-2-800x600.jpeg 800w, https:\/\/svjmedia.nl\/maritvanens\/wp-content\/uploads\/sites\/1852\/2026\/01\/presentatie-2-1280x960.jpeg 1280w, https:\/\/svjmedia.nl\/maritvanens\/wp-content\/uploads\/sites\/1852\/2026\/01\/presentatie-2-1920x1440.jpeg 1920w\" sizes=\"auto, (max-width: 1024px) 100vw, 1024px\" \/><figcaption class=\"wp-element-caption\">Mandeeq Jama laat zien hoe je een phishingmail herkent: afzender, taal en links verraden vaak veel.<\/figcaption><\/figure>\n<\/div>\n\n\n<p>De les draait niet om moeilijke woorden of definities. Jama wil vooral dat deelnemers grip krijgen op wat ze moeten doen als iets niet klopt. \u2018Ik wil dat mensen zichzelf kunnen redden.\u2019 Voor Gerda is dat precies de reden dat ze komt. Ze wil haar zaken zelf kunnen blijven regelen, zonder steeds hulp te moeten vragen aan haar kinderen.<\/p>\n\n\n\n<p style=\"font-size:28px\">Wantrouwen als bescherming<\/p>\n\n\n\n<p>Gerda luistert aandachtig. Bij voorbeelden van oplichting schudt ze haar hoofd. \u2018Jeetje\u2019, zegt ze zacht. Even later: \u2018Oh, wat erg.\u2019 <\/p>\n\n\n\n<p>Ze komt al langer naar de cursus en is er vrijwel elke week. Ze steekt er veel van op en komt graag. Als Jama vraagt hoe ze met verdachte situaties omgaat, is haar antwoord resoluut: &#8216;Mijn bankzaken regel ik zelf. Daar komt niemand aan.&#8217; Ze reageert niet op alle mails en alles wat naar reclame ruikt, gooit ze weg. \u2018Van mijn rekening blijven ze af.\u2019<\/p>\n\n\n\n<p>Bij twijfel zoekt ze zekerheid buiten haar scherm. Krijgt ze een bericht van de bank, dan belt ze niet, maar gaat ze langs. \u2018Ik ben er regelmatig. Ik heb zelfs twee nieuwjaarscadeaus gehad.\u2019 Onbekende telefoontjes neemt ze niet zomaar op, of ze kapt het gesprek af. \u2018Ik ben een lastige oude vrouw hoor\u2019, zegt ze lachend.<\/p>\n\n\n\n<p>Jama waarschuwt wel voor de andere kant. Wie helemaal geen onbekende nummers meer opneemt, \u2018isoleert zichzelf\u2019. Wantrouwen beschermt, maar het kan ook verlammen: mensen durven dan op een gegeven moment nergens meer op te reageren.<\/p>\n\n\n\n<p style=\"font-size:28px\">Achterblijven digitale vaardigheid<\/p>\n\n\n\n<p>De cursus heeft een vaste structuur en wordt elke maand herhaald. Jama bouwt het stap voor stap op: eerst hoe je je apparaten en accounts beter beschermt, daarna hoe je oplichting herkent en vervolgens wat je kunt doen als je twijfelt aan een bericht. Aan het einde komt een onderwerp waar veel deelnemers nog nooit over hebben nagedacht: wat je digitaal achterlaat. Het gaat om de vraag wat er met je accounts, wachtwoorden en online gegevens gebeurt als je er zelf niet meer bij kunt, of er niet meer bent.<\/p>\n\n\n\n<p>Vooral de lessen over digitale nalatenschap en wachtwoorden maken indruk. Veel deelnemers blijken daar nog weinig over na te denken. Pas in de cursus valt het kwartje: dit kunnen ze zelf regelen.<\/p>\n\n\n\n<p>Dat dit soort hulp nodig blijft, is ook terug te zien in onderzoek. In het project <em>Digital Literacy in the Public Library<\/em> van de Rijksuniversiteit Groningen worden bibliotheken beschreven als een belangrijke plek voor volwassenen die moeite hebben met digitale vaardigheden. Bibliotheken proberen digitale achterstand te verkleinen met laagdrempelige ondersteuning, zoals inloopspreekuren, cursussen en informatiepunten.<\/p>\n\n\n\n<p>Volgens datzelfde onderzoek hebben bezoekers vooral behoefte aan praktische uitleg en persoonlijke begeleiding: niet alleen horen dat er risico\u2019s zijn, maar ook leren wat je kunt doen als er iets niet klopt.<\/p>\n\n\n\n<p>Dat is terug te zien in de les van Jama. Sommige deelnemers schuiven aan met een hele lijst vragen, nog voor ze hun jas uit hebben. Anderen wachten tot een onderwerp ineens herkenbaar wordt. Dan vertellen ze wat ze zelf hebben meegemaakt en vragen wat ze de volgende keer beter kunnen doen.<\/p>\n\n\n\n<p>Toch blijft een deel van de doelgroep buiten beeld. De Rijksuniversiteit Groningen schat dat ongeveer 2,5 miljoen Nederlanders onvoldoende digitale basisvaardigheden hebben en risico lopen op digitale uitsluiting. Dat betekent niet dat zij \u2018veilig\u2019 zijn omdat ze minder online zijn, maar dat ze juist minder grip hebben op digitale berichten, betalingen en contact met instanties. Juist die groep is vaak lastig te bereiken via reguliere cursussen.<\/p>\n\n\n\n<p>Jama probeert die groep toch te bereiken. De cursus Veilig Online is daarom opgezet als inloopbijeenkomst, zodat deelnemers zich niet eerst online hoeven aan te melden. Maar die laagdrempeligheid heeft ook een keerzijde: wie een keer niet komt, mist de les zonder dat iemand daar verder iets van merkt. De opkomst hangt bovendien af van praktische omstandigheden, zoals vakantie of slecht weer. Na een week sneeuw blijft het lokaal deze woensdagmiddag bijna leeg.<\/p>\n\n\n\n<p style=\"font-size:28px\">Van les naar praktijk<\/p>\n\n\n\n<p>Onderzoeken van het CBS en de Rijksuniversiteit Groningen beschrijven waarom dit soort hulp nodig is, maar in het lokaal van de bibliotheek in Almere krijgt het een gezicht. Het gaat niet om termen of lijstjes, maar om wat iemand doet als er iets niet klopt.<\/p>\n\n\n\n<p>Het moment waarop de les ineens praktijk werd, herinnert Gerda zich nog goed. Na een bijeenkomst over telefonische oplichting ging haar telefoon. Iemand deed zich voor als bankmedewerker. Ze herkende de truc en hield de controle. \u2018Ik kon dansen op straat\u2019, vertelt ze, nog steeds zichtbaar trots.<\/p>\n\n\n\n<p>Maar niet iedereen blijft zo rustig. Jama vertelt over een vrouw die door stress t\u00f3ch inging op een verdacht appje, terwijl ze juist twijfelde. Voor Gerda werd het een overwinning. Voor anderen komt het besef pas als het al mis is gegaan.<\/p>\n\n\n\n<p>De cursus leert deelnemers niet om het internet te vertrouwen, maar om het te controleren.<\/p>\n\n\n\n<details class=\"wp-block-details is-layout-flow wp-block-details-is-layout-flow\"><summary>Verantwoording beelden<\/summary>\n<p>Alle beelden voor of tijdens de cursus Veilig Online gemaakt door Marit van Ens.<\/p>\n<\/details>\n","protected":false},"excerpt":{"rendered":"<p>De bibliotheek als hulppunt tegen digitale oplichting: \u2018Van mijn rekening blijven ze af\u2019 Iedere woensdagmiddag lopen bezoekers de bibliotheek van Almere binnen voor een cursus digitale vaardigheden. De bijeenkomst is vrijwillig en bedoeld voor mensen die zich online sterker willen voelen, zonder verplichtingen. Een van de vaste aanwezigen is Gerda. \u2018Alle mensen om mij heen &#8230; <a title=\"Reportage\" class=\"read-more\" href=\"https:\/\/svjmedia.nl\/maritvanens\/portfolio-slow\/reportage\/\" aria-label=\"Lees meer over Reportage\">Lees meer<\/a><\/p>\n","protected":false},"author":1,"featured_media":0,"parent":261,"menu_order":0,"comment_status":"closed","ping_status":"closed","template":"","meta":{"_acf_changed":false,"footnotes":""},"class_list":["post-266","page","type-page","status-publish"],"acf":[],"yoast_head":"<!-- This site is optimized with the Yoast SEO plugin v27.4 - https:\/\/yoast.com\/product\/yoast-seo-wordpress\/ -->\n<title>Reportage - Marit van Ens<\/title>\n<meta name=\"robots\" content=\"noindex, follow, max-snippet:-1, max-image-preview:large, max-video-preview:-1\" \/>\n<meta property=\"og:locale\" content=\"nl_NL\" \/>\n<meta property=\"og:type\" content=\"article\" \/>\n<meta property=\"og:title\" content=\"Reportage - Marit van Ens\" \/>\n<meta property=\"og:description\" content=\"De bibliotheek als hulppunt tegen digitale oplichting: \u2018Van mijn rekening blijven ze af\u2019 Iedere woensdagmiddag lopen bezoekers de bibliotheek van Almere binnen voor een cursus digitale vaardigheden. De bijeenkomst is vrijwillig en bedoeld voor mensen die zich online sterker willen voelen, zonder verplichtingen. Een van de vaste aanwezigen is Gerda. \u2018Alle mensen om mij heen ... Lees meer\" \/>\n<meta property=\"og:url\" content=\"https:\/\/svjmedia.nl\/maritvanens\/portfolio-slow\/reportage\/\" \/>\n<meta property=\"og:site_name\" content=\"Marit van Ens\" \/>\n<meta property=\"article:modified_time\" content=\"2026-01-29T15:17:09+00:00\" \/>\n<meta property=\"og:image\" content=\"https:\/\/svjmedia.nl\/maritvanens\/wp-content\/uploads\/sites\/1852\/2026\/01\/bieb-buitenkant-2-scaled.jpeg\" \/>\n\t<meta property=\"og:image:width\" content=\"1901\" \/>\n\t<meta property=\"og:image:height\" content=\"2560\" \/>\n\t<meta property=\"og:image:type\" content=\"image\/jpeg\" \/>\n<meta name=\"twitter:card\" content=\"summary_large_image\" \/>\n<meta name=\"twitter:label1\" content=\"Geschatte leestijd\" \/>\n\t<meta name=\"twitter:data1\" content=\"7 minuten\" \/>\n<script type=\"application\/ld+json\" class=\"yoast-schema-graph\">{\"@context\":\"https:\\\/\\\/schema.org\",\"@graph\":[{\"@type\":\"WebPage\",\"@id\":\"https:\\\/\\\/svjmedia.nl\\\/maritvanens\\\/portfolio-slow\\\/reportage\\\/\",\"url\":\"https:\\\/\\\/svjmedia.nl\\\/maritvanens\\\/portfolio-slow\\\/reportage\\\/\",\"name\":\"Reportage - Marit van Ens\",\"isPartOf\":{\"@id\":\"https:\\\/\\\/svjmedia.nl\\\/maritvanens\\\/#website\"},\"primaryImageOfPage\":{\"@id\":\"https:\\\/\\\/svjmedia.nl\\\/maritvanens\\\/portfolio-slow\\\/reportage\\\/#primaryimage\"},\"image\":{\"@id\":\"https:\\\/\\\/svjmedia.nl\\\/maritvanens\\\/portfolio-slow\\\/reportage\\\/#primaryimage\"},\"thumbnailUrl\":\"https:\\\/\\\/svjmedia.nl\\\/maritvanens\\\/wp-content\\\/uploads\\\/sites\\\/1852\\\/2026\\\/01\\\/bieb-buitenkant-2-761x1024.jpeg\",\"datePublished\":\"2025-01-17T09:43:00+00:00\",\"dateModified\":\"2026-01-29T15:17:09+00:00\",\"breadcrumb\":{\"@id\":\"https:\\\/\\\/svjmedia.nl\\\/maritvanens\\\/portfolio-slow\\\/reportage\\\/#breadcrumb\"},\"inLanguage\":\"nl-NL\",\"potentialAction\":[{\"@type\":\"ReadAction\",\"target\":[\"https:\\\/\\\/svjmedia.nl\\\/maritvanens\\\/portfolio-slow\\\/reportage\\\/\"]}]},{\"@type\":\"ImageObject\",\"inLanguage\":\"nl-NL\",\"@id\":\"https:\\\/\\\/svjmedia.nl\\\/maritvanens\\\/portfolio-slow\\\/reportage\\\/#primaryimage\",\"url\":\"https:\\\/\\\/svjmedia.nl\\\/maritvanens\\\/wp-content\\\/uploads\\\/sites\\\/1852\\\/2026\\\/01\\\/bieb-buitenkant-2-scaled.jpeg\",\"contentUrl\":\"https:\\\/\\\/svjmedia.nl\\\/maritvanens\\\/wp-content\\\/uploads\\\/sites\\\/1852\\\/2026\\\/01\\\/bieb-buitenkant-2-scaled.jpeg\",\"width\":1901,\"height\":2560,\"caption\":\"De Nieuwe Bibliotheek in Almere\"},{\"@type\":\"BreadcrumbList\",\"@id\":\"https:\\\/\\\/svjmedia.nl\\\/maritvanens\\\/portfolio-slow\\\/reportage\\\/#breadcrumb\",\"itemListElement\":[{\"@type\":\"ListItem\",\"position\":1,\"name\":\"Home\",\"item\":\"https:\\\/\\\/svjmedia.nl\\\/maritvanens\\\/\"},{\"@type\":\"ListItem\",\"position\":2,\"name\":\"Portfolio Slow\",\"item\":\"https:\\\/\\\/svjmedia.nl\\\/maritvanens\\\/portfolio-slow\\\/\"},{\"@type\":\"ListItem\",\"position\":3,\"name\":\"Reportage\"}]},{\"@type\":\"WebSite\",\"@id\":\"https:\\\/\\\/svjmedia.nl\\\/maritvanens\\\/#website\",\"url\":\"https:\\\/\\\/svjmedia.nl\\\/maritvanens\\\/\",\"name\":\"Marit van Ens\",\"description\":\"HU School voor Journalistiek Persoonlijk Dossier\",\"publisher\":{\"@id\":\"https:\\\/\\\/svjmedia.nl\\\/maritvanens\\\/#organization\"},\"potentialAction\":[{\"@type\":\"SearchAction\",\"target\":{\"@type\":\"EntryPoint\",\"urlTemplate\":\"https:\\\/\\\/svjmedia.nl\\\/maritvanens\\\/?s={search_term_string}\"},\"query-input\":{\"@type\":\"PropertyValueSpecification\",\"valueRequired\":true,\"valueName\":\"search_term_string\"}}],\"inLanguage\":\"nl-NL\"},{\"@type\":\"Organization\",\"@id\":\"https:\\\/\\\/svjmedia.nl\\\/maritvanens\\\/#organization\",\"name\":\"HU School voor Journalistiek\",\"url\":\"https:\\\/\\\/svjmedia.nl\\\/maritvanens\\\/\",\"logo\":{\"@type\":\"ImageObject\",\"inLanguage\":\"nl-NL\",\"@id\":\"https:\\\/\\\/svjmedia.nl\\\/maritvanens\\\/#\\\/schema\\\/logo\\\/image\\\/\",\"url\":\"https:\\\/\\\/svjmedia.nl\\\/maritvanens\\\/wp-content\\\/uploads\\\/sites\\\/1852\\\/2025\\\/09\\\/cropped-cropped-logo-2-1.png\",\"contentUrl\":\"https:\\\/\\\/svjmedia.nl\\\/maritvanens\\\/wp-content\\\/uploads\\\/sites\\\/1852\\\/2025\\\/09\\\/cropped-cropped-logo-2-1.png\",\"width\":510,\"height\":474,\"caption\":\"HU School voor Journalistiek\"},\"image\":{\"@id\":\"https:\\\/\\\/svjmedia.nl\\\/maritvanens\\\/#\\\/schema\\\/logo\\\/image\\\/\"}}]}<\/script>\n<!-- \/ Yoast SEO plugin. -->","yoast_head_json":{"title":"Reportage - Marit van Ens","robots":{"index":"noindex","follow":"follow","max-snippet":"max-snippet:-1","max-image-preview":"max-image-preview:large","max-video-preview":"max-video-preview:-1"},"og_locale":"nl_NL","og_type":"article","og_title":"Reportage - Marit van Ens","og_description":"De bibliotheek als hulppunt tegen digitale oplichting: \u2018Van mijn rekening blijven ze af\u2019 Iedere woensdagmiddag lopen bezoekers de bibliotheek van Almere binnen voor een cursus digitale vaardigheden. De bijeenkomst is vrijwillig en bedoeld voor mensen die zich online sterker willen voelen, zonder verplichtingen. Een van de vaste aanwezigen is Gerda. \u2018Alle mensen om mij heen ... Lees meer","og_url":"https:\/\/svjmedia.nl\/maritvanens\/portfolio-slow\/reportage\/","og_site_name":"Marit van Ens","article_modified_time":"2026-01-29T15:17:09+00:00","og_image":[{"width":1901,"height":2560,"url":"https:\/\/svjmedia.nl\/maritvanens\/wp-content\/uploads\/sites\/1852\/2026\/01\/bieb-buitenkant-2-scaled.jpeg","type":"image\/jpeg"}],"twitter_card":"summary_large_image","twitter_misc":{"Geschatte leestijd":"7 minuten"},"schema":{"@context":"https:\/\/schema.org","@graph":[{"@type":"WebPage","@id":"https:\/\/svjmedia.nl\/maritvanens\/portfolio-slow\/reportage\/","url":"https:\/\/svjmedia.nl\/maritvanens\/portfolio-slow\/reportage\/","name":"Reportage - Marit van Ens","isPartOf":{"@id":"https:\/\/svjmedia.nl\/maritvanens\/#website"},"primaryImageOfPage":{"@id":"https:\/\/svjmedia.nl\/maritvanens\/portfolio-slow\/reportage\/#primaryimage"},"image":{"@id":"https:\/\/svjmedia.nl\/maritvanens\/portfolio-slow\/reportage\/#primaryimage"},"thumbnailUrl":"https:\/\/svjmedia.nl\/maritvanens\/wp-content\/uploads\/sites\/1852\/2026\/01\/bieb-buitenkant-2-761x1024.jpeg","datePublished":"2025-01-17T09:43:00+00:00","dateModified":"2026-01-29T15:17:09+00:00","breadcrumb":{"@id":"https:\/\/svjmedia.nl\/maritvanens\/portfolio-slow\/reportage\/#breadcrumb"},"inLanguage":"nl-NL","potentialAction":[{"@type":"ReadAction","target":["https:\/\/svjmedia.nl\/maritvanens\/portfolio-slow\/reportage\/"]}]},{"@type":"ImageObject","inLanguage":"nl-NL","@id":"https:\/\/svjmedia.nl\/maritvanens\/portfolio-slow\/reportage\/#primaryimage","url":"https:\/\/svjmedia.nl\/maritvanens\/wp-content\/uploads\/sites\/1852\/2026\/01\/bieb-buitenkant-2-scaled.jpeg","contentUrl":"https:\/\/svjmedia.nl\/maritvanens\/wp-content\/uploads\/sites\/1852\/2026\/01\/bieb-buitenkant-2-scaled.jpeg","width":1901,"height":2560,"caption":"De Nieuwe Bibliotheek in Almere"},{"@type":"BreadcrumbList","@id":"https:\/\/svjmedia.nl\/maritvanens\/portfolio-slow\/reportage\/#breadcrumb","itemListElement":[{"@type":"ListItem","position":1,"name":"Home","item":"https:\/\/svjmedia.nl\/maritvanens\/"},{"@type":"ListItem","position":2,"name":"Portfolio Slow","item":"https:\/\/svjmedia.nl\/maritvanens\/portfolio-slow\/"},{"@type":"ListItem","position":3,"name":"Reportage"}]},{"@type":"WebSite","@id":"https:\/\/svjmedia.nl\/maritvanens\/#website","url":"https:\/\/svjmedia.nl\/maritvanens\/","name":"Marit van Ens","description":"HU School voor Journalistiek Persoonlijk Dossier","publisher":{"@id":"https:\/\/svjmedia.nl\/maritvanens\/#organization"},"potentialAction":[{"@type":"SearchAction","target":{"@type":"EntryPoint","urlTemplate":"https:\/\/svjmedia.nl\/maritvanens\/?s={search_term_string}"},"query-input":{"@type":"PropertyValueSpecification","valueRequired":true,"valueName":"search_term_string"}}],"inLanguage":"nl-NL"},{"@type":"Organization","@id":"https:\/\/svjmedia.nl\/maritvanens\/#organization","name":"HU School voor Journalistiek","url":"https:\/\/svjmedia.nl\/maritvanens\/","logo":{"@type":"ImageObject","inLanguage":"nl-NL","@id":"https:\/\/svjmedia.nl\/maritvanens\/#\/schema\/logo\/image\/","url":"https:\/\/svjmedia.nl\/maritvanens\/wp-content\/uploads\/sites\/1852\/2025\/09\/cropped-cropped-logo-2-1.png","contentUrl":"https:\/\/svjmedia.nl\/maritvanens\/wp-content\/uploads\/sites\/1852\/2025\/09\/cropped-cropped-logo-2-1.png","width":510,"height":474,"caption":"HU School voor Journalistiek"},"image":{"@id":"https:\/\/svjmedia.nl\/maritvanens\/#\/schema\/logo\/image\/"}}]}},"_links":{"self":[{"href":"https:\/\/svjmedia.nl\/maritvanens\/wp-json\/wp\/v2\/pages\/266","targetHints":{"allow":["GET"]}}],"collection":[{"href":"https:\/\/svjmedia.nl\/maritvanens\/wp-json\/wp\/v2\/pages"}],"about":[{"href":"https:\/\/svjmedia.nl\/maritvanens\/wp-json\/wp\/v2\/types\/page"}],"author":[{"embeddable":true,"href":"https:\/\/svjmedia.nl\/maritvanens\/wp-json\/wp\/v2\/users\/1"}],"replies":[{"embeddable":true,"href":"https:\/\/svjmedia.nl\/maritvanens\/wp-json\/wp\/v2\/comments?post=266"}],"version-history":[{"count":14,"href":"https:\/\/svjmedia.nl\/maritvanens\/wp-json\/wp\/v2\/pages\/266\/revisions"}],"predecessor-version":[{"id":988,"href":"https:\/\/svjmedia.nl\/maritvanens\/wp-json\/wp\/v2\/pages\/266\/revisions\/988"}],"up":[{"embeddable":true,"href":"https:\/\/svjmedia.nl\/maritvanens\/wp-json\/wp\/v2\/pages\/261"}],"wp:attachment":[{"href":"https:\/\/svjmedia.nl\/maritvanens\/wp-json\/wp\/v2\/media?parent=266"}],"curies":[{"name":"wp","href":"https:\/\/api.w.org\/{rel}","templated":true}]}}