{"id":590,"date":"2025-01-16T23:04:08","date_gmt":"2025-01-16T22:04:08","guid":{"rendered":"https:\/\/svjmedia.nl\/ninahonig\/?page_id=590"},"modified":"2025-01-17T11:32:27","modified_gmt":"2025-01-17T10:32:27","slug":"datavisualisatie","status":"publish","type":"page","link":"https:\/\/svjmedia.nl\/ninahonig\/specialisatie\/datavisualisatie\/","title":{"rendered":"Datavisualisatie"},"content":{"rendered":"<h4 id=\"coca\u00efnegebruik-onder-jongvolw\">Coca\u00efnegebruik onder jongvolwassenen neemt zorgwekkend toe<\/h4>\n<p><strong>Coca\u00efnegebruik onder jongvolwassenen is de afgelopen jaren fors gestegen. Het laatste-jaar-gebruik van coca\u00efne is tussen 2020 en 2023 gestegen van 26,2% naar 33,5%. Dit blijkt uit cijfers van de Nationale Drug Monitor.\u00a0<\/strong><\/p>\n<p>Rosa Andree, Projectleider programma drugs bij het Trimbos-instituut herkent deze stijging. &#8220;Coca\u00efne wordt steeds vaker genormaliseerd in sociale kringen.&#8221; Dit blijkt uit nieuwe cijfers van het CBS waarin het jaarlijks gebruik van coca\u00efne onder jongvolwassenen in 2016\/2017 is vergeleken met 2022\/2023. Wat opvallend is dat voor mannen het coca\u00efne gebruik bijna is verdubbeld. Bij vrouwen is dit gebruik maar een klein beetje toegenomen. Andree beaamt deze trend, &#8220;Mannen gebruiken gemiddeld over het algemeen meer harddrugs dan vrouwen, dus je ziet eigenlijk vooral een toenemend gebruik bij zowel mannen als vrouwen.&#8221;, aldus Andree. En deze stijgende lijn van coca\u00efne gebruik, kan zorgwekkende consequenties hebben.<\/p>\n<div class=\"flourish-embed\" data-src=\"visualisation\/21202712\"><script src=\"https:\/\/public.flourish.studio\/resources\/embed.js\"><\/script><\/div>\n<h4 id=\"normalisering-en-sociale-accep\">Normalisering en sociale acceptatie<\/h4>\n<p>Andree, waarschuwt dat coca\u00efnegebruik steeds vaker wordt gezien als een onschuldig onderdeel van het uitgaansleven. \u201cVooral in steden zien we dat coca\u00efne een sociaal geaccepteerd middel is geworden, bijna net zo normaal als een biertje aan de bar,\u201d zegt ze. Jongvolwassenen ervaren nauwelijks sociale drempels om het te gebruiken en zien coca\u00efne niet langer als een harddrug met ernstige risico\u2019s, maar als een manier om \u2018meer uit de avond te halen\u2019.<\/p>\n<p>Volgens Andree speelt de beschikbaarheid van coca\u00efne een grote rol. \u201cDe drug is makkelijker te verkrijgen dan ooit, zelfs op sociale media. Deze toegankelijkheid draagt bij aan de perceptie dat het gebruik ervan normaal is.\u201d Dit verklaart waarom het gebruik onder zowel mannen als vrouwen significant is gestegen.<\/p>\n<h4 id=\"de-gevolgen-van-normalisering\">De gevolgen van normalisering<\/h4>\n<p>De toename van het gebruik is niet zonder risico\u2019s. Coca\u00efne heeft zowel acute als langdurige schadelijke effecten. Het geeft een tijdelijk gevoel van euforie en verhoogde energie, maar de bijwerkingen zoals hartkloppingen, paranoia en depressie kunnen levensbedreigend zijn. Bij langdurig gebruik is het risico op verslaving groot. \u201cHet is belangrijk te benadrukken dat coca\u00efne geen \u2018feestdrug\u2019 is zonder gevolgen,\u201d waarschuwt Andree.<\/p>\n<h4 id=\"een-wake-up-call\">Een wake-up call<\/h4>\n<p>De cijfers tonen aan dat we te maken hebben met een bredere trend van acceptatie. De stijging onder vrouwen is daarbij opvallend: waar coca\u00efnegebruik eerder werd geassocieerd met mannen, zien we nu dat ook vrouwen het steeds vaker gebruiken.<\/p>\n<p>Dit vraagt volgens Andree om meer bewustwording. \u201cWe moeten het gesprek openen over de gevolgen van coca\u00efnegebruik en de normalisering ervan tegengaan,\u201d zegt ze. Preventie en educatie moeten hierbij centraal staan, zodat jongeren niet alleen worden gewezen op de fysieke risico\u2019s, maar ook op de sociale en ethische gevolgen.<\/p>\n<h4 id=\"conclusie\">Conclusie<\/h4>\n<p>De forse stijging van coca\u00efnegebruik onder jongvolwassenen is een trend die niet genegeerd mag worden. De cijfers laten zien dat de normalisering van harddrugs zoals coca\u00efne zorgwekkend is, niet alleen vanwege de gezondheidsrisico\u2019s, maar ook vanwege de maatschappelijke impact. Het is tijd om deze ontwikkeling serieus te nemen en actie te ondernemen voordat het probleem verder escaleert.<\/p>\n<p>&nbsp;<\/p>\n<p><em>Dataverantwoording<\/em><\/p>\n<p><em>Voor dit artikel is gebruik gemaakt van open data van het Centraal Bureau voor de Statistiek (CBS), een onafhankelijke en betrouwbare overheidsinstantie die verantwoorde gegevens verzamelt over maatschappelijke trends. De data geeft inzicht in het jaarlijkse coca\u00efnegebruik onder mannen en vrouwen jonger dan 25 jaar. Door een onderscheid te maken tussen beide geslachten, is het mogelijk om verschillen in gebruikspatronen te analyseren en trends per groep te identificeren.<\/em><\/p>\n<p><em>De analyse is gebaseerd op gegevens uit twee periodes: 2016\/2017 en 2022\/2023. Voor beide jaartallen is een gemiddelde berekend van het jaarlijkse coca\u00efnegebruik onder jongvolwassenen. De vergelijkingen laten een duidelijke stijging zien in het gebruik, zowel bij mannen als vrouwen. Deze methode maakt het mogelijk om trends in de normalisering en acceptatie van coca\u00efnegebruik over de tijd nauwkeurig in kaart te brengen.<\/em><\/p>\n<p><em>De transparantie en representativiteit van de CBS-data zorgen ervoor dat de bevindingen een stevig fundament bieden voor het onderbouwen van de conclusies in dit artikel. De inzichten dragen bij aan een beter begrip van de risico\u2019s en de maatschappelijke impact van toenemend coca\u00efnegebruik onder jongvolwassenen.<\/em><\/p>\n","protected":false},"excerpt":{"rendered":"<p>Coca\u00efnegebruik onder jongvolwassenen neemt zorgwekkend toe Coca\u00efnegebruik onder jongvolwassenen is de afgelopen jaren fors gestegen. Het laatste-jaar-gebruik van coca\u00efne is tussen 2020 en 2023 gestegen van 26,2% naar 33,5%. Dit blijkt uit cijfers van de Nationale Drug Monitor.\u00a0 Rosa Andree, Projectleider programma drugs bij het Trimbos-instituut herkent deze stijging. &#8220;Coca\u00efne wordt steeds vaker genormaliseerd in&hellip;<\/p>\n<p><a class=\"more-link\" href=\"https:\/\/svjmedia.nl\/ninahonig\/specialisatie\/datavisualisatie\/\" title=\"Continue reading &lsquo;Datavisualisatie&rsquo;\">Continue reading <span class=\"meta-nav\">&rarr;<\/span><\/a><\/p>\n","protected":false},"author":322,"featured_media":601,"parent":583,"menu_order":0,"comment_status":"closed","ping_status":"closed","template":"","meta":{"_acf_changed":false,"footnotes":""},"class_list":["post-590","page","type-page","status-publish","has-post-thumbnail","hentry"],"acf":[],"yoast_head":"<!-- This site is optimized with the Yoast SEO plugin v27.6 - https:\/\/yoast.com\/product\/yoast-seo-wordpress\/ -->\n<title>Datavisualisatie - Nina Honig<\/title>\n<meta name=\"robots\" content=\"noindex, follow, max-snippet:-1, max-image-preview:large, max-video-preview:-1\" \/>\n<meta property=\"og:locale\" content=\"nl_NL\" \/>\n<meta property=\"og:type\" content=\"article\" \/>\n<meta property=\"og:title\" content=\"Datavisualisatie - Nina Honig\" \/>\n<meta property=\"og:description\" content=\"Coca\u00efnegebruik onder jongvolwassenen neemt zorgwekkend toe Coca\u00efnegebruik onder jongvolwassenen is de afgelopen jaren fors gestegen. Het laatste-jaar-gebruik van coca\u00efne is tussen 2020 en 2023 gestegen van 26,2% naar 33,5%. Dit blijkt uit cijfers van de Nationale Drug Monitor.\u00a0 Rosa Andree, Projectleider programma drugs bij het Trimbos-instituut herkent deze stijging. &#8220;Coca\u00efne wordt steeds vaker genormaliseerd in&hellip;Continue reading &rarr;\" \/>\n<meta property=\"og:url\" content=\"https:\/\/svjmedia.nl\/ninahonig\/specialisatie\/datavisualisatie\/\" \/>\n<meta property=\"og:site_name\" content=\"Nina Honig\" \/>\n<meta property=\"article:modified_time\" content=\"2025-01-17T10:32:27+00:00\" \/>\n<meta property=\"og:image\" content=\"https:\/\/svjmedia.nl\/ninahonig\/wp-content\/uploads\/sites\/632\/2025\/01\/download.jpg\" \/>\n\t<meta property=\"og:image:width\" content=\"275\" \/>\n\t<meta property=\"og:image:height\" content=\"183\" \/>\n\t<meta property=\"og:image:type\" content=\"image\/jpeg\" \/>\n<meta name=\"twitter:card\" content=\"summary_large_image\" \/>\n<meta name=\"twitter:label1\" content=\"Geschatte leestijd\" \/>\n\t<meta name=\"twitter:data1\" content=\"3 minuten\" \/>\n<script type=\"application\/ld+json\" class=\"yoast-schema-graph\">{\"@context\":\"https:\\\/\\\/schema.org\",\"@graph\":[{\"@type\":\"WebPage\",\"@id\":\"https:\\\/\\\/svjmedia.nl\\\/ninahonig\\\/specialisatie\\\/datavisualisatie\\\/\",\"url\":\"https:\\\/\\\/svjmedia.nl\\\/ninahonig\\\/specialisatie\\\/datavisualisatie\\\/\",\"name\":\"Datavisualisatie - Nina Honig\",\"isPartOf\":{\"@id\":\"https:\\\/\\\/svjmedia.nl\\\/ninahonig\\\/#website\"},\"primaryImageOfPage\":{\"@id\":\"https:\\\/\\\/svjmedia.nl\\\/ninahonig\\\/specialisatie\\\/datavisualisatie\\\/#primaryimage\"},\"image\":{\"@id\":\"https:\\\/\\\/svjmedia.nl\\\/ninahonig\\\/specialisatie\\\/datavisualisatie\\\/#primaryimage\"},\"thumbnailUrl\":\"https:\\\/\\\/svjmedia.nl\\\/ninahonig\\\/wp-content\\\/uploads\\\/sites\\\/632\\\/2025\\\/01\\\/download.jpg\",\"datePublished\":\"2025-01-16T22:04:08+00:00\",\"dateModified\":\"2025-01-17T10:32:27+00:00\",\"breadcrumb\":{\"@id\":\"https:\\\/\\\/svjmedia.nl\\\/ninahonig\\\/specialisatie\\\/datavisualisatie\\\/#breadcrumb\"},\"inLanguage\":\"nl-NL\",\"potentialAction\":[{\"@type\":\"ReadAction\",\"target\":[\"https:\\\/\\\/svjmedia.nl\\\/ninahonig\\\/specialisatie\\\/datavisualisatie\\\/\"]}]},{\"@type\":\"ImageObject\",\"inLanguage\":\"nl-NL\",\"@id\":\"https:\\\/\\\/svjmedia.nl\\\/ninahonig\\\/specialisatie\\\/datavisualisatie\\\/#primaryimage\",\"url\":\"https:\\\/\\\/svjmedia.nl\\\/ninahonig\\\/wp-content\\\/uploads\\\/sites\\\/632\\\/2025\\\/01\\\/download.jpg\",\"contentUrl\":\"https:\\\/\\\/svjmedia.nl\\\/ninahonig\\\/wp-content\\\/uploads\\\/sites\\\/632\\\/2025\\\/01\\\/download.jpg\",\"width\":275,\"height\":183},{\"@type\":\"BreadcrumbList\",\"@id\":\"https:\\\/\\\/svjmedia.nl\\\/ninahonig\\\/specialisatie\\\/datavisualisatie\\\/#breadcrumb\",\"itemListElement\":[{\"@type\":\"ListItem\",\"position\":1,\"name\":\"Home\",\"item\":\"https:\\\/\\\/svjmedia.nl\\\/ninahonig\\\/\"},{\"@type\":\"ListItem\",\"position\":2,\"name\":\"Specialisatie\",\"item\":\"https:\\\/\\\/svjmedia.nl\\\/ninahonig\\\/specialisatie\\\/\"},{\"@type\":\"ListItem\",\"position\":3,\"name\":\"Datavisualisatie\"}]},{\"@type\":\"WebSite\",\"@id\":\"https:\\\/\\\/svjmedia.nl\\\/ninahonig\\\/#website\",\"url\":\"https:\\\/\\\/svjmedia.nl\\\/ninahonig\\\/\",\"name\":\"Nina Honig\",\"description\":\"HU School voor Journalistiek Persoonlijk Dossier\",\"potentialAction\":[{\"@type\":\"SearchAction\",\"target\":{\"@type\":\"EntryPoint\",\"urlTemplate\":\"https:\\\/\\\/svjmedia.nl\\\/ninahonig\\\/?s={search_term_string}\"},\"query-input\":{\"@type\":\"PropertyValueSpecification\",\"valueRequired\":true,\"valueName\":\"search_term_string\"}}],\"inLanguage\":\"nl-NL\"}]}<\/script>\n<!-- \/ Yoast SEO plugin. -->","yoast_head_json":{"title":"Datavisualisatie - Nina Honig","robots":{"index":"noindex","follow":"follow","max-snippet":"max-snippet:-1","max-image-preview":"max-image-preview:large","max-video-preview":"max-video-preview:-1"},"og_locale":"nl_NL","og_type":"article","og_title":"Datavisualisatie - Nina Honig","og_description":"Coca\u00efnegebruik onder jongvolwassenen neemt zorgwekkend toe Coca\u00efnegebruik onder jongvolwassenen is de afgelopen jaren fors gestegen. Het laatste-jaar-gebruik van coca\u00efne is tussen 2020 en 2023 gestegen van 26,2% naar 33,5%. Dit blijkt uit cijfers van de Nationale Drug Monitor.\u00a0 Rosa Andree, Projectleider programma drugs bij het Trimbos-instituut herkent deze stijging. &#8220;Coca\u00efne wordt steeds vaker genormaliseerd in&hellip;Continue reading &rarr;","og_url":"https:\/\/svjmedia.nl\/ninahonig\/specialisatie\/datavisualisatie\/","og_site_name":"Nina Honig","article_modified_time":"2025-01-17T10:32:27+00:00","og_image":[{"width":275,"height":183,"url":"https:\/\/svjmedia.nl\/ninahonig\/wp-content\/uploads\/sites\/632\/2025\/01\/download.jpg","type":"image\/jpeg"}],"twitter_card":"summary_large_image","twitter_misc":{"Geschatte leestijd":"3 minuten"},"schema":{"@context":"https:\/\/schema.org","@graph":[{"@type":"WebPage","@id":"https:\/\/svjmedia.nl\/ninahonig\/specialisatie\/datavisualisatie\/","url":"https:\/\/svjmedia.nl\/ninahonig\/specialisatie\/datavisualisatie\/","name":"Datavisualisatie - Nina Honig","isPartOf":{"@id":"https:\/\/svjmedia.nl\/ninahonig\/#website"},"primaryImageOfPage":{"@id":"https:\/\/svjmedia.nl\/ninahonig\/specialisatie\/datavisualisatie\/#primaryimage"},"image":{"@id":"https:\/\/svjmedia.nl\/ninahonig\/specialisatie\/datavisualisatie\/#primaryimage"},"thumbnailUrl":"https:\/\/svjmedia.nl\/ninahonig\/wp-content\/uploads\/sites\/632\/2025\/01\/download.jpg","datePublished":"2025-01-16T22:04:08+00:00","dateModified":"2025-01-17T10:32:27+00:00","breadcrumb":{"@id":"https:\/\/svjmedia.nl\/ninahonig\/specialisatie\/datavisualisatie\/#breadcrumb"},"inLanguage":"nl-NL","potentialAction":[{"@type":"ReadAction","target":["https:\/\/svjmedia.nl\/ninahonig\/specialisatie\/datavisualisatie\/"]}]},{"@type":"ImageObject","inLanguage":"nl-NL","@id":"https:\/\/svjmedia.nl\/ninahonig\/specialisatie\/datavisualisatie\/#primaryimage","url":"https:\/\/svjmedia.nl\/ninahonig\/wp-content\/uploads\/sites\/632\/2025\/01\/download.jpg","contentUrl":"https:\/\/svjmedia.nl\/ninahonig\/wp-content\/uploads\/sites\/632\/2025\/01\/download.jpg","width":275,"height":183},{"@type":"BreadcrumbList","@id":"https:\/\/svjmedia.nl\/ninahonig\/specialisatie\/datavisualisatie\/#breadcrumb","itemListElement":[{"@type":"ListItem","position":1,"name":"Home","item":"https:\/\/svjmedia.nl\/ninahonig\/"},{"@type":"ListItem","position":2,"name":"Specialisatie","item":"https:\/\/svjmedia.nl\/ninahonig\/specialisatie\/"},{"@type":"ListItem","position":3,"name":"Datavisualisatie"}]},{"@type":"WebSite","@id":"https:\/\/svjmedia.nl\/ninahonig\/#website","url":"https:\/\/svjmedia.nl\/ninahonig\/","name":"Nina Honig","description":"HU School voor Journalistiek Persoonlijk Dossier","potentialAction":[{"@type":"SearchAction","target":{"@type":"EntryPoint","urlTemplate":"https:\/\/svjmedia.nl\/ninahonig\/?s={search_term_string}"},"query-input":{"@type":"PropertyValueSpecification","valueRequired":true,"valueName":"search_term_string"}}],"inLanguage":"nl-NL"}]}},"_links":{"self":[{"href":"https:\/\/svjmedia.nl\/ninahonig\/wp-json\/wp\/v2\/pages\/590","targetHints":{"allow":["GET"]}}],"collection":[{"href":"https:\/\/svjmedia.nl\/ninahonig\/wp-json\/wp\/v2\/pages"}],"about":[{"href":"https:\/\/svjmedia.nl\/ninahonig\/wp-json\/wp\/v2\/types\/page"}],"author":[{"embeddable":true,"href":"https:\/\/svjmedia.nl\/ninahonig\/wp-json\/wp\/v2\/users\/322"}],"replies":[{"embeddable":true,"href":"https:\/\/svjmedia.nl\/ninahonig\/wp-json\/wp\/v2\/comments?post=590"}],"version-history":[{"count":0,"href":"https:\/\/svjmedia.nl\/ninahonig\/wp-json\/wp\/v2\/pages\/590\/revisions"}],"up":[{"embeddable":true,"href":"https:\/\/svjmedia.nl\/ninahonig\/wp-json\/wp\/v2\/pages\/583"}],"wp:featuredmedia":[{"embeddable":true,"href":"https:\/\/svjmedia.nl\/ninahonig\/wp-json\/wp\/v2\/media\/601"}],"wp:attachment":[{"href":"https:\/\/svjmedia.nl\/ninahonig\/wp-json\/wp\/v2\/media?parent=590"}],"curies":[{"name":"wp","href":"https:\/\/api.w.org\/{rel}","templated":true}]}}