{"id":310,"date":"2020-03-24T14:22:51","date_gmt":"2020-03-24T13:22:51","guid":{"rendered":"https:\/\/svjmedia.nl\/ricknieborg\/?page_id=310"},"modified":"2026-05-01T12:48:22","modified_gmt":"2026-05-01T10:48:22","slug":"producten","status":"publish","type":"page","link":"https:\/\/svjmedia.nl\/ricknieborg\/afstuderen\/producten\/","title":{"rendered":"Innovatieopdracht EW Magazine + verslag"},"content":{"rendered":"\n<div class=\"wp-block-columns is-layout-flex wp-container-core-columns-is-layout-9d6595d7 wp-block-columns-is-layout-flex\">\n<div class=\"wp-block-column is-layout-flow wp-block-column-is-layout-flow\">\n<p class=\"has-background\" style=\"background-color:#ed2e2e\"><strong>Artikel + Video: Vetorecht (artikel) en de betekenis van Magyar voor de EU (video)<\/strong><\/p>\n\n\n\n<p><strong>De relatie tussen Hongarije en de Europese Unie staat onder druk door oplopende spanningen over het gebruik van het vetorecht. Terwijl de EU Oekra\u00efne wil blijven steunen, blokkeert Hongarije besluiten. Dit alles zet de toch al wankele relatie tussen beide partijen verder onder druk.<\/strong><\/p>\n\n\n\n<p>De relatie tussen Hongarije en de Europese Unie is er een van uitersten. Van 1998 tot 2002 was Viktor Orb\u00e1n al eens premier. Zijn regering werkte toen nog juist actief mee aan de toetreding van Hongarije aan de EU. In 2004, toen Orb\u00e1n al vertrokken was, werd het land officieel lid. In 2010 kwam Orb\u00e1n echter opnieuw aan de macht met een tweederdemeerderheid. Dit gaf hem de kans de grondwet te wijzigen.&nbsp;<\/p>\n\n\n\n<p>Door het wijzigen van de Hongaarse grondwet kreeg zijn regering verregaande invloed op de rechterlijke macht, de media en het bankwezen. Dit werd een voedingsbodem voor corruptie. De Europese Commissie eiste al in 2011 aanpassingen en jaren van Europese dreiging met straffen volgden. In 2018 startte het Europees Parlement een Artikel 7-procedure, de zwaarst mogelijke politieke sanctie. Dit kan ertoe leiden dat Hongarije haar stemrecht verliest.&nbsp;<\/p>\n\n\n\n<p>De blik van Orb\u00e1n ging in zijn tweede ambtstermijn bovendien richting Rusland, wat leidde tot grote zorgen in Brussel over de invloed van het Kremlin. De hechte band tussen Poetin en Orb\u00e1n kwam in een nieuw perspectief te staan toen Rusland in 2022 Oekra\u00efne binnenviel. De EU deed er alles aan om Oekra\u00efne bij te staan, maar Hongarije werkte dat juist tegen door hun vetorecht te gebruiken. Hiermee blokkeerden zij steun voor Oekra\u00efne en vertraagden sancties tegen Rusland.&nbsp;<\/p>\n\n\n\n<h3 class=\"wp-block-heading\"><strong>Wat het vetorecht inhoudt<\/strong><\/h3>\n\n\n\n<p>Binnen de Europese Unie is het altijd zeer belangrijk geweest om gezamenlijk tot een besluit te komen. Wanneer er voor een ingrijpende beslissing \u2018unanimiteit\u2019 nodig is, heeft ieder land in de EU daarom ook juist het \u2018vetorecht\u2019 voor als een land het niet eens is met een besluit.&nbsp;<\/p>\n\n\n\n<p>Een veto uitspreken kan echter alleen bij onderwerpen waarin de nationale belangen groot zijn. Een veto het recht om in je eentje een besluit tegen te houden of te blokkeren zelfs als er een meerderheid voor is. Het is dus een doorslaggevende stem om besluitvorming te verhinderen. Die politieke term \u2018Veto\u2019 sluit aan bij de oorsprong van het woord. In het Latijn betekent het namelijk \u2018ik verbied.\u2019<\/p>\n\n\n\n<p>In de praktijk kan dit de besluitvorming ook vertragen. Dit blijkt maar weer uit de recente blokkades van Hongarije rond financi\u00eble steun aan Oekra\u00efne. Veel lidstaten houden zich logischerwijs vast aan het vetorecht, uit vrees voor verlies van nationale soevereiniteit. Terwijl critici juist stellen dat het vetorecht de EU minder strijdvaardig maakt, vooral in crisissituaties.&nbsp;<\/p>\n\n\n\n<h3 class=\"wp-block-heading\"><strong>Hoe EU-landen het vetorecht willen omzeilen<\/strong><\/h3>\n\n\n\n<p>Het vetorecht is eigenlijk niet te omzeilen, omdat het wettelijk niet zomaar mogelijk is. Hiervoor zou een verdragswijziging nodig zijn, waar weinig lidstaten op zitten te wachten volgens het Clingendael instituut. Ook kan een beleidsmatige verandering alleen tot stand komen wanneer er sprake is van volledige unanimiteit.<\/p>\n\n\n\n<p>Toch wordt het veto dat Hongarije eerder dit jaar uitsprak, veroordeeld door veel EU-landen. Hoewel Oekra\u00efne geen lid is van de EU, zijn veel lidstaten voorstander van financi\u00eble steun ter waarde van 90 miljard euro. Hongarije, dat eerst instemde met het idee, ziet dit toch niet zitten. Onverwachts hebben zij zich op hun vetorecht beroepen.<\/p>\n\n\n\n<p>Volgens Orb\u00e1n is de situatie veranderd sinds Hongarije geen betaalbare Russische olie meer kan ontvangen door de beschadigde \u201cDroezjba\u201d (Russisch voor \u2018vriendschap\u2019) oliepijpleiding. Oekra\u00efne moet volgens Hongarije meer doen om deze belangrijke pijpleiding te repareren, voordat Hongarije akkoord gaat met financi\u00eble steun aan Oekra\u00efne.<\/p>\n\n\n\n<h2 class=\"wp-block-heading\"><strong>Irritaties lopen hoog op<\/strong><\/h2>\n\n\n\n<p>Europese leiders hebben inmiddels genoeg van deze Hongaarse houding, die door sommigen zelfs als \u201cverraad\u201d en \u201cchantage\u201d wordt bestempeld. De voorzitter van de Europese top noemde het gedrag \u201conaanvaardbaar\u201d en stelde dat je op deze manier niet met elkaar kunt samenwerken. De Oekra\u00efense president, Zelensky, blijft ondertussen het belang van steun voor zijn land benadrukken.&nbsp;<\/p>\n\n\n\n<p>Ondanks de Hongaarse blokkade zijn diplomaten ervan overtuigd dat het geld er w\u00e9l zal komen. Volgens hen is er \u201caltijd een plan B\u201d, vertelt de NOS, en zal het bedrag wel degelijk worden uitgekeerd. Rob Jetten wil nog niet over een plan B spreken, om in zijn woorden niet te \u201czwichten voor de chantage\u201d. De algemene verwachting in Brussel is dat de EU een weg probeert te vinden om de 90 miljoen alsnog aan Oekra\u00efne te leveren. Zelfs ondanks het gebruik van het vetorecht.<\/p>\n\n\n\n<p>Daarnaast wordt er met argusogen gekeken naar de Hongaarse verkiezingen op 12 april. Orb\u00e1ns opponent Peter Magyar staat met zijn Tisza-partij voor in de peilingen en lijkt een meer pro-Europese koers te willen varen. Of winst voor Magyar dan ook echt winst voor Europa is bespreken we in onderstaande video.&nbsp;<\/p>\n\n\n<div class=\"humamvideo\" style=\"position:relative;overflow:hidden;width:100%;padding-top: 56.25%;margin:20px 0px;\"><iframe style=\"position:absolute;top:0;left:0;bottom:0;right:0;width:100%;height:100%;\" src=\"https:\/\/stream.hu.nl\/players\/GyUfVdwP-Kv4Phafj.html\" frameborder=\"0\" allow=\"accelerometer; autoplay; clipboard-write; encrypted-media; gyroscope; picture-in-picture\" allowfullscreen><\/iframe><\/div>\n<\/div>\n<\/div>\n\n\n\n<p class=\"has-background\" style=\"background-color:#ed2e2e\"><strong>Groepsverslag<\/strong><\/p>\n","protected":false},"excerpt":{"rendered":"<p>Artikel + Video: Vetorecht (artikel) en de betekenis van Magyar voor de EU (video) De relatie tussen Hongarije en de Europese Unie staat onder druk door oplopende spanningen over het gebruik van het vetorecht. Terwijl de EU Oekra\u00efne wil blijven steunen, blokkeert Hongarije besluiten. Dit alles zet de toch al wankele relatie tussen beide partijen &#8230; <a title=\"Innovatieopdracht EW Magazine + verslag\" class=\"read-more\" href=\"https:\/\/svjmedia.nl\/ricknieborg\/afstuderen\/producten\/\" aria-label=\"Lees meer over Innovatieopdracht EW Magazine + verslag\">Lees meer<\/a><\/p>\n","protected":false},"author":850,"featured_media":0,"parent":301,"menu_order":0,"comment_status":"closed","ping_status":"closed","template":"","meta":{"_acf_changed":false,"footnotes":""},"class_list":["post-310","page","type-page","status-publish"],"acf":[],"yoast_head":"<!-- This site is optimized with the Yoast SEO plugin v27.6 - https:\/\/yoast.com\/product\/yoast-seo-wordpress\/ -->\n<title>Innovatieopdracht EW Magazine + verslag - Rick Nieborg<\/title>\n<meta name=\"robots\" content=\"noindex, follow, max-snippet:-1, max-image-preview:large, max-video-preview:-1\" \/>\n<meta property=\"og:locale\" content=\"nl_NL\" \/>\n<meta property=\"og:type\" content=\"article\" \/>\n<meta property=\"og:title\" content=\"Innovatieopdracht EW Magazine + verslag - Rick Nieborg\" \/>\n<meta property=\"og:description\" content=\"Artikel + Video: Vetorecht (artikel) en de betekenis van Magyar voor de EU (video) De relatie tussen Hongarije en de Europese Unie staat onder druk door oplopende spanningen over het gebruik van het vetorecht. Terwijl de EU Oekra\u00efne wil blijven steunen, blokkeert Hongarije besluiten. Dit alles zet de toch al wankele relatie tussen beide partijen ... Lees meer\" \/>\n<meta property=\"og:url\" content=\"https:\/\/svjmedia.nl\/ricknieborg\/afstuderen\/producten\/\" \/>\n<meta property=\"og:site_name\" content=\"Rick Nieborg\" \/>\n<meta property=\"article:modified_time\" content=\"2026-05-01T10:48:22+00:00\" \/>\n<meta name=\"twitter:card\" content=\"summary_large_image\" \/>\n<meta name=\"twitter:label1\" content=\"Geschatte leestijd\" \/>\n\t<meta name=\"twitter:data1\" content=\"4 minuten\" \/>\n<script type=\"application\/ld+json\" class=\"yoast-schema-graph\">{\"@context\":\"https:\\\/\\\/schema.org\",\"@graph\":[{\"@type\":\"WebPage\",\"@id\":\"https:\\\/\\\/svjmedia.nl\\\/ricknieborg\\\/afstuderen\\\/producten\\\/\",\"url\":\"https:\\\/\\\/svjmedia.nl\\\/ricknieborg\\\/afstuderen\\\/producten\\\/\",\"name\":\"Innovatieopdracht EW Magazine + verslag - Rick Nieborg\",\"isPartOf\":{\"@id\":\"https:\\\/\\\/svjmedia.nl\\\/ricknieborg\\\/#website\"},\"datePublished\":\"2020-03-24T13:22:51+00:00\",\"dateModified\":\"2026-05-01T10:48:22+00:00\",\"breadcrumb\":{\"@id\":\"https:\\\/\\\/svjmedia.nl\\\/ricknieborg\\\/afstuderen\\\/producten\\\/#breadcrumb\"},\"inLanguage\":\"nl-NL\",\"potentialAction\":[{\"@type\":\"ReadAction\",\"target\":[\"https:\\\/\\\/svjmedia.nl\\\/ricknieborg\\\/afstuderen\\\/producten\\\/\"]}]},{\"@type\":\"BreadcrumbList\",\"@id\":\"https:\\\/\\\/svjmedia.nl\\\/ricknieborg\\\/afstuderen\\\/producten\\\/#breadcrumb\",\"itemListElement\":[{\"@type\":\"ListItem\",\"position\":1,\"name\":\"Home\",\"item\":\"https:\\\/\\\/svjmedia.nl\\\/ricknieborg\\\/\"},{\"@type\":\"ListItem\",\"position\":2,\"name\":\"Dossier Afstuderen\",\"item\":\"https:\\\/\\\/svjmedia.nl\\\/ricknieborg\\\/afstuderen\\\/\"},{\"@type\":\"ListItem\",\"position\":3,\"name\":\"Innovatieopdracht EW Magazine + verslag\"}]},{\"@type\":\"WebSite\",\"@id\":\"https:\\\/\\\/svjmedia.nl\\\/ricknieborg\\\/#website\",\"url\":\"https:\\\/\\\/svjmedia.nl\\\/ricknieborg\\\/\",\"name\":\"Rick Nieborg\",\"description\":\"HU School voor Journalistiek Persoonlijk Dossier\",\"potentialAction\":[{\"@type\":\"SearchAction\",\"target\":{\"@type\":\"EntryPoint\",\"urlTemplate\":\"https:\\\/\\\/svjmedia.nl\\\/ricknieborg\\\/?s={search_term_string}\"},\"query-input\":{\"@type\":\"PropertyValueSpecification\",\"valueRequired\":true,\"valueName\":\"search_term_string\"}}],\"inLanguage\":\"nl-NL\"}]}<\/script>\n<!-- \/ Yoast SEO plugin. -->","yoast_head_json":{"title":"Innovatieopdracht EW Magazine + verslag - Rick Nieborg","robots":{"index":"noindex","follow":"follow","max-snippet":"max-snippet:-1","max-image-preview":"max-image-preview:large","max-video-preview":"max-video-preview:-1"},"og_locale":"nl_NL","og_type":"article","og_title":"Innovatieopdracht EW Magazine + verslag - Rick Nieborg","og_description":"Artikel + Video: Vetorecht (artikel) en de betekenis van Magyar voor de EU (video) De relatie tussen Hongarije en de Europese Unie staat onder druk door oplopende spanningen over het gebruik van het vetorecht. Terwijl de EU Oekra\u00efne wil blijven steunen, blokkeert Hongarije besluiten. Dit alles zet de toch al wankele relatie tussen beide partijen ... Lees meer","og_url":"https:\/\/svjmedia.nl\/ricknieborg\/afstuderen\/producten\/","og_site_name":"Rick Nieborg","article_modified_time":"2026-05-01T10:48:22+00:00","twitter_card":"summary_large_image","twitter_misc":{"Geschatte leestijd":"4 minuten"},"schema":{"@context":"https:\/\/schema.org","@graph":[{"@type":"WebPage","@id":"https:\/\/svjmedia.nl\/ricknieborg\/afstuderen\/producten\/","url":"https:\/\/svjmedia.nl\/ricknieborg\/afstuderen\/producten\/","name":"Innovatieopdracht EW Magazine + verslag - Rick Nieborg","isPartOf":{"@id":"https:\/\/svjmedia.nl\/ricknieborg\/#website"},"datePublished":"2020-03-24T13:22:51+00:00","dateModified":"2026-05-01T10:48:22+00:00","breadcrumb":{"@id":"https:\/\/svjmedia.nl\/ricknieborg\/afstuderen\/producten\/#breadcrumb"},"inLanguage":"nl-NL","potentialAction":[{"@type":"ReadAction","target":["https:\/\/svjmedia.nl\/ricknieborg\/afstuderen\/producten\/"]}]},{"@type":"BreadcrumbList","@id":"https:\/\/svjmedia.nl\/ricknieborg\/afstuderen\/producten\/#breadcrumb","itemListElement":[{"@type":"ListItem","position":1,"name":"Home","item":"https:\/\/svjmedia.nl\/ricknieborg\/"},{"@type":"ListItem","position":2,"name":"Dossier Afstuderen","item":"https:\/\/svjmedia.nl\/ricknieborg\/afstuderen\/"},{"@type":"ListItem","position":3,"name":"Innovatieopdracht EW Magazine + verslag"}]},{"@type":"WebSite","@id":"https:\/\/svjmedia.nl\/ricknieborg\/#website","url":"https:\/\/svjmedia.nl\/ricknieborg\/","name":"Rick Nieborg","description":"HU School voor Journalistiek Persoonlijk Dossier","potentialAction":[{"@type":"SearchAction","target":{"@type":"EntryPoint","urlTemplate":"https:\/\/svjmedia.nl\/ricknieborg\/?s={search_term_string}"},"query-input":{"@type":"PropertyValueSpecification","valueRequired":true,"valueName":"search_term_string"}}],"inLanguage":"nl-NL"}]}},"_links":{"self":[{"href":"https:\/\/svjmedia.nl\/ricknieborg\/wp-json\/wp\/v2\/pages\/310","targetHints":{"allow":["GET"]}}],"collection":[{"href":"https:\/\/svjmedia.nl\/ricknieborg\/wp-json\/wp\/v2\/pages"}],"about":[{"href":"https:\/\/svjmedia.nl\/ricknieborg\/wp-json\/wp\/v2\/types\/page"}],"author":[{"embeddable":true,"href":"https:\/\/svjmedia.nl\/ricknieborg\/wp-json\/wp\/v2\/users\/850"}],"replies":[{"embeddable":true,"href":"https:\/\/svjmedia.nl\/ricknieborg\/wp-json\/wp\/v2\/comments?post=310"}],"version-history":[{"count":2,"href":"https:\/\/svjmedia.nl\/ricknieborg\/wp-json\/wp\/v2\/pages\/310\/revisions"}],"predecessor-version":[{"id":788,"href":"https:\/\/svjmedia.nl\/ricknieborg\/wp-json\/wp\/v2\/pages\/310\/revisions\/788"}],"up":[{"embeddable":true,"href":"https:\/\/svjmedia.nl\/ricknieborg\/wp-json\/wp\/v2\/pages\/301"}],"wp:attachment":[{"href":"https:\/\/svjmedia.nl\/ricknieborg\/wp-json\/wp\/v2\/media?parent=310"}],"curies":[{"name":"wp","href":"https:\/\/api.w.org\/{rel}","templated":true}]}}