{"id":312,"date":"2020-03-24T14:23:10","date_gmt":"2020-03-24T13:23:10","guid":{"rendered":"https:\/\/svjmedia.nl\/sannebakker\/?page_id=312"},"modified":"2024-06-07T13:35:54","modified_gmt":"2024-06-07T11:35:54","slug":"onderzoek","status":"publish","type":"page","link":"https:\/\/svjmedia.nl\/sannebakker\/afstuderen\/onderzoek\/","title":{"rendered":"Onderzoek"},"content":{"rendered":"<pre>De afgelopen twintig weken deed ik onderzoek naar de bedreiging van AI-beeldgeneratoren voor (Nederlandse) nieuwsfotografen. Voor mijn examinatoren: het onderzoeksverslag heb ik op OnStage ingeleverd. Mocht OnStage een storing hebben, kunnen jullie de PDF ook hier downloaden, onderaan deze pagina. <span style=\"font-weight: 400\">Om het onderzoek - dat best veel pagina\u2019s heeft - toegankelijker te maken, heb ik een <\/span><span style=\"font-weight: 400\">artikel<\/span><span style=\"font-weight: 400\"> geschreven, <strong>zogenaamd<\/strong> voor Villamedia, die graag artikelen over AI publiceert.<\/span><\/pre>\n<h1 id=\"nieuwsfotografen-niet-bang-dat\">Nieuwsfotografen niet bang dat AI werk overneemt: \u2018Maar kracht van beeld mag niet worden onderschat\u2019<\/h1>\n<p style=\"text-align: center\"><img loading=\"lazy\" decoding=\"async\" class=\"alignnone size-full wp-image-747 aligncenter\" src=\"https:\/\/svjmedia.nl\/sannebakker\/wp-content\/uploads\/sites\/835\/2024\/06\/Firefly-Een-nieuwsfotograaf-die-verdrietig-kijkt-naar-een-computer.-Op-het-scherm-zie-je-een-AI-beel.jpg\" alt=\"\" width=\"2048\" height=\"2048\" srcset=\"https:\/\/svjmedia.nl\/sannebakker\/wp-content\/uploads\/sites\/835\/2024\/06\/Firefly-Een-nieuwsfotograaf-die-verdrietig-kijkt-naar-een-computer.-Op-het-scherm-zie-je-een-AI-beel.jpg 2048w, https:\/\/svjmedia.nl\/sannebakker\/wp-content\/uploads\/sites\/835\/2024\/06\/Firefly-Een-nieuwsfotograaf-die-verdrietig-kijkt-naar-een-computer.-Op-het-scherm-zie-je-een-AI-beel-300x300.jpg 300w, https:\/\/svjmedia.nl\/sannebakker\/wp-content\/uploads\/sites\/835\/2024\/06\/Firefly-Een-nieuwsfotograaf-die-verdrietig-kijkt-naar-een-computer.-Op-het-scherm-zie-je-een-AI-beel-1024x1024.jpg 1024w, https:\/\/svjmedia.nl\/sannebakker\/wp-content\/uploads\/sites\/835\/2024\/06\/Firefly-Een-nieuwsfotograaf-die-verdrietig-kijkt-naar-een-computer.-Op-het-scherm-zie-je-een-AI-beel-150x150.jpg 150w, https:\/\/svjmedia.nl\/sannebakker\/wp-content\/uploads\/sites\/835\/2024\/06\/Firefly-Een-nieuwsfotograaf-die-verdrietig-kijkt-naar-een-computer.-Op-het-scherm-zie-je-een-AI-beel-768x768.jpg 768w, https:\/\/svjmedia.nl\/sannebakker\/wp-content\/uploads\/sites\/835\/2024\/06\/Firefly-Een-nieuwsfotograaf-die-verdrietig-kijkt-naar-een-computer.-Op-het-scherm-zie-je-een-AI-beel-1536x1536.jpg 1536w, https:\/\/svjmedia.nl\/sannebakker\/wp-content\/uploads\/sites\/835\/2024\/06\/Firefly-Een-nieuwsfotograaf-die-verdrietig-kijkt-naar-een-computer.-Op-het-scherm-zie-je-een-AI-beel-1250x1250.jpg 1250w, https:\/\/svjmedia.nl\/sannebakker\/wp-content\/uploads\/sites\/835\/2024\/06\/Firefly-Een-nieuwsfotograaf-die-verdrietig-kijkt-naar-een-computer.-Op-het-scherm-zie-je-een-AI-beel-400x400.jpg 400w, https:\/\/svjmedia.nl\/sannebakker\/wp-content\/uploads\/sites\/835\/2024\/06\/Firefly-Een-nieuwsfotograaf-die-verdrietig-kijkt-naar-een-computer.-Op-het-scherm-zie-je-een-AI-beel-200x200.jpg 200w, https:\/\/svjmedia.nl\/sannebakker\/wp-content\/uploads\/sites\/835\/2024\/06\/Firefly-Een-nieuwsfotograaf-die-verdrietig-kijkt-naar-een-computer.-Op-het-scherm-zie-je-een-AI-beel-24x24.jpg 24w, https:\/\/svjmedia.nl\/sannebakker\/wp-content\/uploads\/sites\/835\/2024\/06\/Firefly-Een-nieuwsfotograaf-die-verdrietig-kijkt-naar-een-computer.-Op-het-scherm-zie-je-een-AI-beel-48x48.jpg 48w, https:\/\/svjmedia.nl\/sannebakker\/wp-content\/uploads\/sites\/835\/2024\/06\/Firefly-Een-nieuwsfotograaf-die-verdrietig-kijkt-naar-een-computer.-Op-het-scherm-zie-je-een-AI-beel-96x96.jpg 96w\" sizes=\"auto, (max-width: 2048px) 100vw, 2048px\" \/><i><span>\u201cEen nieuwsfotograaf die verdrietig kijkt naar een computer. Op het scherm zie je een AI-beeldgenerator die een nieuwsfoto maakt.\u201d &#8211; Afbeelding: Adobe Firefly<\/span><\/i><\/p>\n<p><strong>Terwijl beelden gemaakt door AI steeds beter worden en vaker rondgaan op <i>social media<\/i>, ervaren fotojournalisten druk door de verslechterde markt. Dat riep bij journalistiekstudent Sanne Bakker de vraag op: gaat AI de nieuwsfotografie met uitsterven bedreigen? \u201cWe moeten erover blijven praten.\u201d<\/strong><\/p>\n<p><span style=\"font-weight: 400\">De steeds lagere vergoedingen die media voor foto\u2019s betalen, is <\/span><a href=\"https:\/\/www.villamedia.nl\/artikel\/Actiedag-fotografen-van-start\"><span style=\"font-weight: 400\">al jaren een thema<\/span><\/a><span style=\"font-weight: 400\">. Belachelijk, vinden vakmensen als Anna Lena Mehr van World Press Photo. Fotojournalisten zijn immers onmisbaar: \u201cDe oprechtheid en verantwoordelijkheid van de fotojournalist spelen een grote rol bij het geven van een passende context aan de kijker en het helpen cre\u00ebren van een beter begrip.\u201d<\/span><\/p>\n<p><span style=\"font-weight: 400\">Dat AI zich een weg baant in de wereld van nieuwsfotografen is te zien aan AI-<\/span><i><span style=\"font-weight: 400\">tools<\/span><\/i><span style=\"font-weight: 400\"> in programma\u2019s als Adobe Lightroom en Photoshop en de laaiende discussies op <\/span><i><span style=\"font-weight: 400\">social media<\/span><\/i><span style=\"font-weight: 400\">. De zogenaamde arrestatie van Trump, de paus in zijn witte winterjas en de vervormde pingu\u00efns in het NOS-journaal leidden tot kritische reacties van het publiek.<\/span><\/p>\n<p><em><span style=\"font-weight: 400\">(Tekst gaat verder onder de afbeelding)<\/span><\/em><\/p>\n<div id=\"attachment_744\" style=\"width: 1306px\" class=\"wp-caption alignnone\"><img loading=\"lazy\" decoding=\"async\" aria-describedby=\"caption-attachment-744\" class=\"size-full wp-image-744\" src=\"https:\/\/svjmedia.nl\/sannebakker\/wp-content\/uploads\/sites\/835\/2024\/06\/Schermafbeelding-2024-06-07-133109.png\" alt=\"\" width=\"1296\" height=\"725\" srcset=\"https:\/\/svjmedia.nl\/sannebakker\/wp-content\/uploads\/sites\/835\/2024\/06\/Schermafbeelding-2024-06-07-133109.png 1296w, https:\/\/svjmedia.nl\/sannebakker\/wp-content\/uploads\/sites\/835\/2024\/06\/Schermafbeelding-2024-06-07-133109-300x168.png 300w, https:\/\/svjmedia.nl\/sannebakker\/wp-content\/uploads\/sites\/835\/2024\/06\/Schermafbeelding-2024-06-07-133109-1024x573.png 1024w, https:\/\/svjmedia.nl\/sannebakker\/wp-content\/uploads\/sites\/835\/2024\/06\/Schermafbeelding-2024-06-07-133109-768x430.png 768w, https:\/\/svjmedia.nl\/sannebakker\/wp-content\/uploads\/sites\/835\/2024\/06\/Schermafbeelding-2024-06-07-133109-1250x699.png 1250w, https:\/\/svjmedia.nl\/sannebakker\/wp-content\/uploads\/sites\/835\/2024\/06\/Schermafbeelding-2024-06-07-133109-400x224.png 400w\" sizes=\"auto, (max-width: 1296px) 100vw, 1296px\" \/><p id=\"caption-attachment-744\" class=\"wp-caption-text\">De hierboven genoemde nepfoto\u2019s. (Eliot Higgins, Reddit &amp; NOS)<\/p><\/div>\n<p><span style=\"font-weight: 400\">Wereldwijd wordt steeds meer geschreven over fotojournalisten versus AI. Bakker snapt dat goed. \u201cHet is een interessante groep; nieuwsfotografen staan met \u00e9\u00e9n been in de creatieve sector en met \u00e9\u00e9n been in de journalistieke sector\u201d, schrijft ze in haar afstudeeronderzoek \u2018Klik en klaar\u2019. \u201cKunstmatige intelligentie kan ze op meerdere manieren bedreigen. Er zijn niet alleen zorgen over het verlies aan opdrachten, maar ze kennen ook als geen ander het gevaar van geknutselde beelden in een samenleving waar makkelijk ruzies en filterbubbels ontstaan.\u201d<\/span><\/p>\n<p><span style=\"font-weight: 400\">Sommige fotojournalisten zien w\u00e9l kansen in AI, waaronder de beroemde Michael C. Brown. Hij genereerde vorig jaar een reeks beelden over Cuba, getiteld <\/span><a href=\"https:\/\/michaelchristopherbrown.com\/90miles\"><span style=\"font-weight: 400\">\u201890 Miles\u2019<\/span><\/a><span style=\"font-weight: 400\">. \u201cIk deel veel van de vaak gehoorde bezorgdheden over AI, maar je kunt er niet omheen dat de technologie er is\u201d, reageerde hij op de boze <\/span><i><span style=\"font-weight: 400\">social media<\/span><\/i><span style=\"font-weight: 400\">-reacties. Maar hoe kijken Nederlandse nieuwsfotografen naar AI, vroeg Bakker zich af. Vinden ze AI-foto\u2019s zorgwekkend of kansrijk?<\/span><\/p>\n<h4 id=\"\u2018fake-is-echt-fake\u2019\"><b><i>\u2018Fake <\/i><\/b><b>is echt <\/b><b><i>fake<\/i><\/b><b>\u2019<\/b><\/h4>\n<p><span style=\"font-weight: 400\">Om maar met de deur in huis te vallen: het is niet aannemelijk is dat AI het journalistieke werk van nieuwsfotografen gaat overnemen. Op dit moment maken Nederlandse nieuwsmedia terughoudend gebruik van AI-gegenereerde beelden om waarheidsgetrouw te blijven. Grote mediabedrijven als <\/span><a href=\"https:\/\/www.elger.fm\/content\/files\/2023\/04\/Leidraad_-zo-gaat-de-ANP-redactie-om-met-AI--4_2023-.pdf\"><span style=\"font-weight: 400\">ANP<\/span><\/a><span style=\"font-weight: 400\">, <\/span><a href=\"https:\/\/www.independent.ie\/editorial\/editorial\/aiframeworkguide140623.pdf\"><span style=\"font-weight: 400\">Mediahuis<\/span><\/a><span style=\"font-weight: 400\"> en <\/span><a href=\"https:\/\/www.villamedia.nl\/artikel\/ai-richtlijnen-vangrails-voor-werken-met-kunstmatige-intelligentie#:~:text=reacties%2C%20praat%20mee-,AI%2Drichtlijnen%3A%20Wat%20doe%20je%20als%20redactie%20w%C3%A9l%20en,wat%20niet%20met%20kunstmatige%20intelligentie%3F&amp;text=%27De%20redactie%20publiceert%20geen%20journalistiek,bronnen%20daaraan%20ten%20grondslag%20liggen\"><span style=\"font-weight: 400\">DPG Media<\/span><\/a><span style=\"font-weight: 400\"> hebben strikte richtlijnen en benadrukken de noodzaak van menselijke controle en transparantie bij het gebruik van AI-beelden. Ze zien AI eerder als een aanvulling op hun werk dan als een vervanging.<\/span><\/p>\n<p><span style=\"font-weight: 400\">Nieuwsfotografen zijn ook niet bang dat AI-beeldgeneratoren hun journalistieke werk overnemen, vanwege de menselijke kwaliteiten in nieuwsfoto\u2019s; creativiteit en emotie. \u201cIk denk dat je altijd [beeldmakers] nodig gaat hebben\u201d, zegt fotograaf GJP. \u201cZij kunnen beelden \u00e9cht goed lezen en begrijpen, en zien wat voor beelden nodig zijn voor bepaalde verhalen.\u201d Bovendien: AI-foto\u2019s bestaan uit al-bestaande-beelden. Nieuwsfoto\u2019s moeten nog gemaakt worden.\u00a0<\/span><\/p>\n<p><span style=\"font-weight: 400\">Als het over hun commerci\u00eble klussen gaat, wordt het een ander verhaal. Veel nieuwsfotografen moeten commercieel werk aannemen om rond te komen, maar verwachten dat kunstmatige intelligentie deze binnenkort deels tot volledig kan overnemen. En zo zijn er meer zorgen, bijvoorbeeld over de schending van auteursrechten. Zo zegt nieuwsfotograaf BM: \u201cIk wil niet dat mijn beelden gebruikt worden [om AI-programma\u2019s te voeren]. Alhoewel\u2026 Misschien zou ik het wel weer ok\u00e9 vinden als [de makers] me ervoor zouden betalen.\u201d De toename van <\/span><i><span style=\"font-weight: 400\">fake news<\/span><\/i><span style=\"font-weight: 400\"> door de laagdrempeligheid en normalisering van AI-beeldgebruik is de grootste \u2018maar\u2019. \u201cKijk, iedereen mag met AI maken wat \u2018ie wil &#8211; daar heb ik geen mening over. Behalve dat <\/span><i><span style=\"font-weight: 400\">fake <\/span><\/i><span style=\"font-weight: 400\">\u00e9cht <\/span><i><span style=\"font-weight: 400\">fake <\/span><\/i><span style=\"font-weight: 400\">is en niks met journalistiek te maken heeft\u201d, zegt fotograaf BS.<\/span><\/p>\n<h4 id=\"waarheid-controleren\u00a0\"><b>Waarheid controleren\u00a0<\/b><\/h4>\n<p><span style=\"font-weight: 400\">\u201cWe bevinden ons in een \u2018ja, maar\u2019-en-\u2019nee, maar\u2019-situatie\u201d, schrijft Bakker tot slot, \u201cwaarbij de voordelen van AI moeten worden afgewogen tegen de mogelijke risico&#8217;s en nadelen. Nu experimenteert de journalistiek enkel nog met AI, maar waar trekken we de gezamenlijke grens?\u201d Het bestuur van de Nederlandse Vereniging van Journalisten plaatste dit jaar al een oproep op om uitgebreid met elkaar te praten over beeldmanipulatie met AI: \u201cNiet alleen binnen de beroepsgroep van fotografen, maar vooral ook met de redacties, met de eind- en hoofdredacteuren, met de vormgevers en de artdirectors, om grenzen te stellen en elkaar aan te spreken wanneer we die grens overschrijden.\u201d<\/span><\/p>\n<p><span style=\"font-weight: 400\">De kracht van beeld mag namelijk niet worden onderschat, vindt Bakker. \u201cDe fotojournalistiek heeft het financieel lastig, maar het blijft een onmisbare tak van sport &#8211; vanwege de menselijke kwaliteiten.\u201d Zoals de beroemde Michael C. Brown ooit zei: \u201cFotografie is een van de weinige manieren die we hebben om de werkelijkheid te bekrachtigen, de macht en de waarheid te controleren. Ons werk is nog nooit zo belangrijk geweest, en het zal alleen maar belangrijker worden.\u201d<\/span><\/p>\n<p><span style=\"font-weight: 400\">Bakker roept op: laten we het gesprek voortzetten, ook rondom het gebruik van AI voor foto\u2019s. \u201cWe hoeven er niet van weg te schuwen. Om een van de ge\u00efnterviewden te citeren: \u2018Technologische ontwikkeling is niet te stoppen, dus je kunt je ertegen verzetten of meegaan.\u2019 We moeten ons dus net als Michael C. Brown blijven afvragen: hoe kunnen we op een juiste manier AI gebruiken, zonder dat het de waarheid van (nieuws)beeld bedreigt?\u201d<\/span><\/p>\n<ul>\n<li><strong><em>Onderzoeksverslag downloaden? <a href=\"https:\/\/svjmedia.nl\/sannebakker\/wp-content\/uploads\/sites\/835\/2024\/06\/Sanne-Bakker-Onderzoek-Afstudeersemester-CD-23-24-1.pdf\">Sanne Bakker &#8211; Onderzoek Afstudeersemester CD &#8217;23-&#8217;24 (1)<\/a><\/em><\/strong><\/li>\n<\/ul>\n","protected":false},"excerpt":{"rendered":"<p>De afgelopen twintig weken deed ik onderzoek naar de bedreiging van AI-beeldgeneratoren voor (Nederlandse) nieuwsfotografen. Voor mijn examinatoren: het onderzoeksverslag heb ik op OnStage ingeleverd. Mocht OnStage een storing hebben, kunnen jullie de PDF ook hier downloaden, onderaan deze pagina. Om het onderzoek &#8211; dat best veel pagina\u2019s heeft &#8211; toegankelijker te maken, heb ik [&hellip;]<\/p>\n","protected":false},"author":3,"featured_media":0,"parent":301,"menu_order":0,"comment_status":"closed","ping_status":"closed","template":"","meta":{"_acf_changed":false,"footnotes":""},"class_list":["post-312","page","type-page","status-publish","hentry","aesop-entry-content"],"acf":[],"yoast_head":"<!-- This site is optimized with the Yoast SEO plugin v27.3 - https:\/\/yoast.com\/product\/yoast-seo-wordpress\/ -->\n<title>Onderzoek - Sanne Bakker<\/title>\n<meta name=\"robots\" content=\"noindex, follow, max-snippet:-1, max-image-preview:large, max-video-preview:-1\" \/>\n<meta property=\"og:locale\" content=\"nl_NL\" \/>\n<meta property=\"og:type\" content=\"article\" \/>\n<meta property=\"og:title\" content=\"Onderzoek - Sanne Bakker\" \/>\n<meta property=\"og:description\" content=\"De afgelopen twintig weken deed ik onderzoek naar de bedreiging van AI-beeldgeneratoren voor (Nederlandse) nieuwsfotografen. Voor mijn examinatoren: het onderzoeksverslag heb ik op OnStage ingeleverd. Mocht OnStage een storing hebben, kunnen jullie de PDF ook hier downloaden, onderaan deze pagina. Om het onderzoek - dat best veel pagina\u2019s heeft - toegankelijker te maken, heb ik [&hellip;]\" \/>\n<meta property=\"og:url\" content=\"https:\/\/svjmedia.nl\/sannebakker\/afstuderen\/onderzoek\/\" \/>\n<meta property=\"og:site_name\" content=\"Sanne Bakker\" \/>\n<meta property=\"article:modified_time\" content=\"2024-06-07T11:35:54+00:00\" \/>\n<meta property=\"og:image\" content=\"https:\/\/svjmedia.nl\/sannebakker\/wp-content\/uploads\/sites\/835\/2024\/06\/Firefly-Een-nieuwsfotograaf-die-verdrietig-kijkt-naar-een-computer.-Op-het-scherm-zie-je-een-AI-beel.jpg\" \/>\n<meta name=\"twitter:card\" content=\"summary_large_image\" \/>\n<meta name=\"twitter:label1\" content=\"Geschatte leestijd\" \/>\n\t<meta name=\"twitter:data1\" content=\"5 minuten\" \/>\n<script type=\"application\/ld+json\" class=\"yoast-schema-graph\">{\"@context\":\"https:\\\/\\\/schema.org\",\"@graph\":[{\"@type\":\"WebPage\",\"@id\":\"https:\\\/\\\/svjmedia.nl\\\/sannebakker\\\/afstuderen\\\/onderzoek\\\/\",\"url\":\"https:\\\/\\\/svjmedia.nl\\\/sannebakker\\\/afstuderen\\\/onderzoek\\\/\",\"name\":\"Onderzoek - Sanne Bakker\",\"isPartOf\":{\"@id\":\"https:\\\/\\\/svjmedia.nl\\\/sannebakker\\\/#website\"},\"primaryImageOfPage\":{\"@id\":\"https:\\\/\\\/svjmedia.nl\\\/sannebakker\\\/afstuderen\\\/onderzoek\\\/#primaryimage\"},\"image\":{\"@id\":\"https:\\\/\\\/svjmedia.nl\\\/sannebakker\\\/afstuderen\\\/onderzoek\\\/#primaryimage\"},\"thumbnailUrl\":\"https:\\\/\\\/svjmedia.nl\\\/sannebakker\\\/wp-content\\\/uploads\\\/sites\\\/835\\\/2024\\\/06\\\/Firefly-Een-nieuwsfotograaf-die-verdrietig-kijkt-naar-een-computer.-Op-het-scherm-zie-je-een-AI-beel.jpg\",\"datePublished\":\"2020-03-24T13:23:10+00:00\",\"dateModified\":\"2024-06-07T11:35:54+00:00\",\"breadcrumb\":{\"@id\":\"https:\\\/\\\/svjmedia.nl\\\/sannebakker\\\/afstuderen\\\/onderzoek\\\/#breadcrumb\"},\"inLanguage\":\"nl-NL\",\"potentialAction\":[{\"@type\":\"ReadAction\",\"target\":[\"https:\\\/\\\/svjmedia.nl\\\/sannebakker\\\/afstuderen\\\/onderzoek\\\/\"]}]},{\"@type\":\"ImageObject\",\"inLanguage\":\"nl-NL\",\"@id\":\"https:\\\/\\\/svjmedia.nl\\\/sannebakker\\\/afstuderen\\\/onderzoek\\\/#primaryimage\",\"url\":\"https:\\\/\\\/svjmedia.nl\\\/sannebakker\\\/wp-content\\\/uploads\\\/sites\\\/835\\\/2024\\\/06\\\/Firefly-Een-nieuwsfotograaf-die-verdrietig-kijkt-naar-een-computer.-Op-het-scherm-zie-je-een-AI-beel.jpg\",\"contentUrl\":\"https:\\\/\\\/svjmedia.nl\\\/sannebakker\\\/wp-content\\\/uploads\\\/sites\\\/835\\\/2024\\\/06\\\/Firefly-Een-nieuwsfotograaf-die-verdrietig-kijkt-naar-een-computer.-Op-het-scherm-zie-je-een-AI-beel.jpg\",\"width\":2048,\"height\":2048},{\"@type\":\"BreadcrumbList\",\"@id\":\"https:\\\/\\\/svjmedia.nl\\\/sannebakker\\\/afstuderen\\\/onderzoek\\\/#breadcrumb\",\"itemListElement\":[{\"@type\":\"ListItem\",\"position\":1,\"name\":\"Home\",\"item\":\"https:\\\/\\\/svjmedia.nl\\\/sannebakker\\\/\"},{\"@type\":\"ListItem\",\"position\":2,\"name\":\"Dossier Afstuderen\",\"item\":\"https:\\\/\\\/svjmedia.nl\\\/sannebakker\\\/afstuderen\\\/\"},{\"@type\":\"ListItem\",\"position\":3,\"name\":\"Onderzoek\"}]},{\"@type\":\"WebSite\",\"@id\":\"https:\\\/\\\/svjmedia.nl\\\/sannebakker\\\/#website\",\"url\":\"https:\\\/\\\/svjmedia.nl\\\/sannebakker\\\/\",\"name\":\"Sanne Bakker\",\"description\":\"Persoonlijk Dossier School voor Journalistiek aan de Hogeschool Utrecht\",\"potentialAction\":[{\"@type\":\"SearchAction\",\"target\":{\"@type\":\"EntryPoint\",\"urlTemplate\":\"https:\\\/\\\/svjmedia.nl\\\/sannebakker\\\/?s={search_term_string}\"},\"query-input\":{\"@type\":\"PropertyValueSpecification\",\"valueRequired\":true,\"valueName\":\"search_term_string\"}}],\"inLanguage\":\"nl-NL\"}]}<\/script>\n<!-- \/ Yoast SEO plugin. -->","yoast_head_json":{"title":"Onderzoek - Sanne Bakker","robots":{"index":"noindex","follow":"follow","max-snippet":"max-snippet:-1","max-image-preview":"max-image-preview:large","max-video-preview":"max-video-preview:-1"},"og_locale":"nl_NL","og_type":"article","og_title":"Onderzoek - Sanne Bakker","og_description":"De afgelopen twintig weken deed ik onderzoek naar de bedreiging van AI-beeldgeneratoren voor (Nederlandse) nieuwsfotografen. Voor mijn examinatoren: het onderzoeksverslag heb ik op OnStage ingeleverd. Mocht OnStage een storing hebben, kunnen jullie de PDF ook hier downloaden, onderaan deze pagina. Om het onderzoek - dat best veel pagina\u2019s heeft - toegankelijker te maken, heb ik [&hellip;]","og_url":"https:\/\/svjmedia.nl\/sannebakker\/afstuderen\/onderzoek\/","og_site_name":"Sanne Bakker","article_modified_time":"2024-06-07T11:35:54+00:00","og_image":[{"url":"https:\/\/svjmedia.nl\/sannebakker\/wp-content\/uploads\/sites\/835\/2024\/06\/Firefly-Een-nieuwsfotograaf-die-verdrietig-kijkt-naar-een-computer.-Op-het-scherm-zie-je-een-AI-beel.jpg","type":"","width":"","height":""}],"twitter_card":"summary_large_image","twitter_misc":{"Geschatte leestijd":"5 minuten"},"schema":{"@context":"https:\/\/schema.org","@graph":[{"@type":"WebPage","@id":"https:\/\/svjmedia.nl\/sannebakker\/afstuderen\/onderzoek\/","url":"https:\/\/svjmedia.nl\/sannebakker\/afstuderen\/onderzoek\/","name":"Onderzoek - Sanne Bakker","isPartOf":{"@id":"https:\/\/svjmedia.nl\/sannebakker\/#website"},"primaryImageOfPage":{"@id":"https:\/\/svjmedia.nl\/sannebakker\/afstuderen\/onderzoek\/#primaryimage"},"image":{"@id":"https:\/\/svjmedia.nl\/sannebakker\/afstuderen\/onderzoek\/#primaryimage"},"thumbnailUrl":"https:\/\/svjmedia.nl\/sannebakker\/wp-content\/uploads\/sites\/835\/2024\/06\/Firefly-Een-nieuwsfotograaf-die-verdrietig-kijkt-naar-een-computer.-Op-het-scherm-zie-je-een-AI-beel.jpg","datePublished":"2020-03-24T13:23:10+00:00","dateModified":"2024-06-07T11:35:54+00:00","breadcrumb":{"@id":"https:\/\/svjmedia.nl\/sannebakker\/afstuderen\/onderzoek\/#breadcrumb"},"inLanguage":"nl-NL","potentialAction":[{"@type":"ReadAction","target":["https:\/\/svjmedia.nl\/sannebakker\/afstuderen\/onderzoek\/"]}]},{"@type":"ImageObject","inLanguage":"nl-NL","@id":"https:\/\/svjmedia.nl\/sannebakker\/afstuderen\/onderzoek\/#primaryimage","url":"https:\/\/svjmedia.nl\/sannebakker\/wp-content\/uploads\/sites\/835\/2024\/06\/Firefly-Een-nieuwsfotograaf-die-verdrietig-kijkt-naar-een-computer.-Op-het-scherm-zie-je-een-AI-beel.jpg","contentUrl":"https:\/\/svjmedia.nl\/sannebakker\/wp-content\/uploads\/sites\/835\/2024\/06\/Firefly-Een-nieuwsfotograaf-die-verdrietig-kijkt-naar-een-computer.-Op-het-scherm-zie-je-een-AI-beel.jpg","width":2048,"height":2048},{"@type":"BreadcrumbList","@id":"https:\/\/svjmedia.nl\/sannebakker\/afstuderen\/onderzoek\/#breadcrumb","itemListElement":[{"@type":"ListItem","position":1,"name":"Home","item":"https:\/\/svjmedia.nl\/sannebakker\/"},{"@type":"ListItem","position":2,"name":"Dossier Afstuderen","item":"https:\/\/svjmedia.nl\/sannebakker\/afstuderen\/"},{"@type":"ListItem","position":3,"name":"Onderzoek"}]},{"@type":"WebSite","@id":"https:\/\/svjmedia.nl\/sannebakker\/#website","url":"https:\/\/svjmedia.nl\/sannebakker\/","name":"Sanne Bakker","description":"Persoonlijk Dossier School voor Journalistiek aan de Hogeschool Utrecht","potentialAction":[{"@type":"SearchAction","target":{"@type":"EntryPoint","urlTemplate":"https:\/\/svjmedia.nl\/sannebakker\/?s={search_term_string}"},"query-input":{"@type":"PropertyValueSpecification","valueRequired":true,"valueName":"search_term_string"}}],"inLanguage":"nl-NL"}]}},"_links":{"self":[{"href":"https:\/\/svjmedia.nl\/sannebakker\/wp-json\/wp\/v2\/pages\/312","targetHints":{"allow":["GET"]}}],"collection":[{"href":"https:\/\/svjmedia.nl\/sannebakker\/wp-json\/wp\/v2\/pages"}],"about":[{"href":"https:\/\/svjmedia.nl\/sannebakker\/wp-json\/wp\/v2\/types\/page"}],"author":[{"embeddable":true,"href":"https:\/\/svjmedia.nl\/sannebakker\/wp-json\/wp\/v2\/users\/3"}],"replies":[{"embeddable":true,"href":"https:\/\/svjmedia.nl\/sannebakker\/wp-json\/wp\/v2\/comments?post=312"}],"version-history":[{"count":0,"href":"https:\/\/svjmedia.nl\/sannebakker\/wp-json\/wp\/v2\/pages\/312\/revisions"}],"up":[{"embeddable":true,"href":"https:\/\/svjmedia.nl\/sannebakker\/wp-json\/wp\/v2\/pages\/301"}],"wp:attachment":[{"href":"https:\/\/svjmedia.nl\/sannebakker\/wp-json\/wp\/v2\/media?parent=312"}],"curies":[{"name":"wp","href":"https:\/\/api.w.org\/{rel}","templated":true}]}}