{"id":264,"date":"2019-09-13T10:43:17","date_gmt":"2019-09-13T08:43:17","guid":{"rendered":"https:\/\/svjmedia.nl\/veroniquedeveij\/?page_id=264"},"modified":"2022-05-03T14:17:11","modified_gmt":"2022-05-03T12:17:11","slug":"achtergrondverhaal","status":"publish","type":"page","link":"https:\/\/svjmedia.nl\/veroniquedeveij\/portfolio-slow\/achtergrondverhaal\/","title":{"rendered":"Achtergrondverhaal"},"content":{"rendered":"<h1 id=\"commerci\u00eble-testbedrijven-ond\">Commerci\u00eble testbedrijven onder de loep: \u2018Een proactieve controle is belangrijk\u2019<\/h1>\n<p><strong>Door de komst van testen voor toegang is het aantal commerci\u00eble testbedrijven enorm gegroeid. Want sinds \u00e9\u00e9n maand is niet meer mogelijk om zonder vaccinatie, herstelbewijs of negatieve test culturele gelegenheden of horeca te bezoeken. Maar hoe gaan commerci\u00eble testbedrijven om met jouw persoonlijke gegevens nadat de uitslag van de test bekend is en wat voor controle is er eigenlijk op de commerci\u00eble testaanbieders<em>? <\/em><\/strong><\/p>\n<p><strong>Om hoeveel commerci\u00eble testbedrijven gaat het?<\/strong><\/p>\n<p>Dagelijks laten ruim 60.000 mensen zich testen voor toegang bij een commerci\u00eble testaanbieder. De bedrijven die dit soort testen aanbieden vallen onder de Stichting Open Nederland. In opdracht van het ministerie van Volksgezondheid, Welzijn en Sport is de stichting opgericht om een netwerk van testlocaties te organiseren. De stichting regelt via een aanbesteding welke commerci\u00eble testbedrijven toegangstesten mogen aanbieden. Op dit moment zijn 19 commerci\u00eble testbedrijven aangesloten bij Stichting Open Nederland met 545 actieve testlocaties verdeeld in heel Nederland. De 19 uitgekozen testbedrijven krijgen per afgenomen test \u20ac 12,77 van de overheid. Dit is een verschil met het begin van testen voor toegang, toen kregen de bedrijven een beschikbaarheidsvergoeding. Stichting Open Nederland vertelt dat wegens de toegenomen vaccinatiegraad en de marktgroei van de testaanbieders dit niet meer mogelijk is. Wel kunnen alle belanghebbende commerci\u00eble testaanbieders zich maandelijks aanmelden voor aansluiting. Stichting Open Nederland laat weten dat er op het moment nog 42 bedrijven in het proces van aansluiting zijn. De testbedrijven kunnen niet zomaar meedoen, zij moeten voldoen aan de AVG richtlijnen en ze moeten de richtlijnen van de Landelijke Co\u00f6rdinatie Infectieziektebestrijding (<a href=\"https:\/\/www.google.nl\/url?sa=t&amp;rct=j&amp;q=&amp;esrc=s&amp;source=web&amp;cd=&amp;ved=2ahUKEwiyhMyl8ID0AhUYiv0HHfyLDOEQFnoECAIQAQ&amp;url=https%3A%2F%2Fwww.rijksoverheid.nl%2Fbinaries%2Frijksoverheid%2Fdocumenten%2Fpublicaties%2F2020%2F11%2F04%2Fuitgangspunten-voor-inzet-testen-op-covid-19-waaronder-antigeensneltesten-buiten-de-ggd-testlocaties%2FUitgangspunten-inzet-testen-op-COVID-versie-8.pdf&amp;usg=AOvVaw1UncYzi1veHeVf-NclN2Cn\">LCI<\/a>) volgen. Dit betekent dat de LCI instructies heeft opgezet om de kwaliteit van de testen te waarborgen.<\/p>\n<p><strong>Een commerci\u00eble test gedaan en wat nu?<\/strong><\/p>\n<p>Je hebt net als een van de 60.000 mensen een test gedaan bij een commercieel testbedrijf en laat je gegevens achter zodat het bedrijf jou kan terug bellen voor de uitslag. Wat er na dit telefoontje gebeurt met de test en jouw persoonsgegevens zoals genetisch materiaal wat achterblijft is de vraag.<\/p>\n<p>Het ministerie van Volksgezondheid, Welzijn en Sport heeft een begeleidingscommissie opgesteld om het ministerie te adviseren over de digitale ondersteuning bij corona. De begeleidingscommissie Digitale Ondersteuning Bestrijding Covid-19 bestaat uit mensen met diverse specialismen zoals epidemiologie en privacy. Uit een <a href=\"https:\/\/www.rijksoverheid.nl\/documenten\/publicaties\/2021\/08\/06\/advies-25-verscherpt-toezicht-testaanbieders-en-verbetering-coronacheck-app\">advies<\/a> blijkt dat zij een actievere controle op commerci\u00eble testaanbieders willen, \u2018Het blijkt dat commerci\u00eble testaanbieders uiteenlopende bewaartermijnen van testdata hanteren en de privacy verklaringen lopen in de praktijk uiteen.\u2019 De begeleidingscommissie spreekt zelfs over commerci\u00eble testaanbieders die de Tijdelijke wet coronatoegangsbewijzen overschrijden.<\/p>\n<p><strong>Wat betekent het voor jou, als testaanbieders uiteenlopende bewaartermijnen hebben? <\/strong><\/p>\n<p>Stichting Open Nederland is opgericht om een netwerk te bieden voor alle bedrijven die testen voor toegang. Toch wijken de privacy verklaringen van de 19 aangesloten testbedrijven van elkaar af. Het grootst aangesloten testbedrijf laat in de verklaring duidelijk weten: \u2018wij verkopen geen persoonsgegevens\u2019. Ook zijn er testaanbieders die aangeven bij een negatieve test persoonsgegevens vier weken te bewaren, bij een positieve test is dat \u00e9\u00e9n jaar. Ook is een aantal testbedrijven niet duidelijk over wat zij doen met persoonlijke gegevens, zo geeft een bedrijf aan de persoonsgegevens te bewaren zolang zij dat nodig vindt.<\/p>\n\n<p>De verschillen in de privacy verklaringen van commerci\u00eble testbedrijven zijn van belang om een beter beeld te krijgen van wat er gebeurt met de persoonlijke gegevens. Zo legt een bedrijf in zijn verklaring uit dat bij laboratorium testen geen herleidbare gegevens te zien zijn voor medewerkers. Testresultaten zijn pas te zien na goedkeuring van een BIG-arts en het bedrijf geeft aan alle gegevens anoniem te delen. Tenzij het bedrijf wettelijk verplicht wordt gesteld door bijvoorbeeld een \u00a0opsporingsinstantie. Of het advies van de begeleidingscommissie heeft gezorgd voor veranderingen, blijft vooralsnog onduidelijk. Het ministerie van VWS verwijst naar een<a href=\"https:\/\/www.rijksoverheid.nl\/documenten\/kamerstukken\/2021\/08\/13\/stand-van-zaken-covid-19\"> kamerbrief<\/a> waarin minister De Jonge reageert op het gegeven advies, hij maakt duidelijk dat Stichting Open Nederland hem heeft laten weten dat de aangesloten commerci\u00eble testaanbieders wel volgens de wettelijke bewaartermijnen handelen. Dit komt omdat de bedrijven volgens minister de Jonge gebruik moeten maken van een applicatie die ervoor zorgt dat gegevens bij een negatieve test na vier weken automatisch worden verwijderd. Bij een positieve test gebeurt dat na \u00e9\u00e9n jaar. Toch is er over het gebruik van deze applicatie weinig te lezen in de privacy verklaringen.<\/p>\n\n<p><strong>Toezicht op de commerci\u00eble testaanbieders<\/strong><\/p>\n<p>Niet alleen de bewaartermijnen voor persoonsgegevens kunnen ver uit elkaar liggen, ook het toezicht op commerci\u00eble testaanbieders ligt gecompliceerd. De commerci\u00eble testbedrijven die testen voor toegang worden voorzien van testen door Dienst Testen, het is onduidelijk of zij weten wat er gebeurt met de testen nadat zij geanalyseerd zijn. Verder laat een woordvoerder van het ministerie van Volksgezondheid, Welzijn en Sport weten dat het toezicht op de commerci\u00eble testaanbieders hoogstwaarschijnlijk ligt bij de Inspectie Gezondheidszorg en Jeugd. De woordvoerder van IGJ zegt dat zij inderdaad toezichthouder zijn op de commerci\u00eble teststraten, maar alleen op het gebied van de Kwaliteit, Veiligheid en Zorg. Zij inspecteren de kwaliteit van de teststraten, of de test op de goede manier wordt afgenomen en of de terugkoppeling van testuitslagen naar de GGD op de juiste wijze wordt uitgevoerd.<\/p>\n<p>Naast een actievere controle op de commerci\u00eble testaanbieders adviseert de begeleidingscommissie het ministerie ook over een verbod op de opslag van DNA, weefsel, stoffen of bijvangst bij het testen. Ze maken duidelijk dat maar een aantal testaanbieders in de privacyverklaring vermeldt geen DNA of ander materiaal op te slaan. Kijkend naar de huidige privacy verklaringen van de commerci\u00eble testaanbieders die zijn aangesloten bij Stichting Open Nederland, is er \u00e9\u00e9n aanbieder die in zijn verklaring heeft staan dat zij g\u00e9\u00e9n DNA verzamelen. Veel commerci\u00eble testbedrijven benoemen dat zij genetisch materiaal bewaren voor wetenschappelijk onderzoek maar in het advies van de begeleidingscommissie wordt dit als een uitzondering gezien. Het opslaan van lichaamsmateriaal voor wetenschappelijk onderzoek is namelijk al goed geregeld in de Wet Publieke Gezondheid, de Wet Medisch Wetenschappelijk Onderzoek met Mensen en de AVG.<\/p>\n<p>Een woordvoerder van het ministerie van Volksgezondheid, Welzijn en Sport verwijst bij de vraag over welke maatregelen het ministerie heeft genomen na het uitgebrachte advies, ook naar de kamerbrief van Minister de Jonge. Daarin laat hij weten: \u2018In Mei is een voorstel voor een Wet Zeggenschap Lichaamsmateriaal ingediend, met de wet zal een zorgvuldige omgang met lichaamsmateriaal worden gewaarborgd.\u2019 Minister de Jonge verwijst in de kamerbrief als antwoord op een opslagverbod naar een wet die nu nog steeds in behandeling is en dus nog niet van kracht is. De Wet Zeggenschap Lichaamsmateriaal gaat over een zorgvuldige omgang met lichaamsmateriaal. Zo zorgt deze <a href=\"https:\/\/www.vbk.nl\/legalupdate\/wetsvoorstel-wet-zeggenschap-lichaamsmateriaal-ingediend-bij-de-tweede-kamer-een-update\">wet <\/a>\u00a0ervoor dat lichaamsmateriaal alleen wordt afgenomen, bewaard of gebruikt als daar toestemming voor is gegeven. Verder geeft Minister De Jonge in zijn antwoord aan dat nu ook al regels gelden. Zo moet een burger bezwaar kunnen maken bij een commercieel testbedrijf voor het verzamelen van anoniem materiaal, uit onderzoek blijkt dat dit vaak wel vermeld is in de privacy verklaringen. Tot slot is het volgens de AVG verboden voor commerci\u00eble testbedrijven om zonder toestemming indirect herleidbaar lichaamsmateriaal te verzamelen. Stichting Open Nederland laat dan ook weten dat alle aangesloten testbedrijven de richtlijnen van de AVG volgen.<\/p>\n<p>Kortom, sinds de invoering van testen voor toegang en de oprichting van de Stichting Open Nederland, zijn de regels en wetten rondom de commerci\u00eble testenaanbieders verbeterd. Mede door het advies van de Begeleidingscommissie Digitale Ondersteuning Bestrijding Covid-19 is duidelijk geworden dat aanvullende regelgeving nog nodig is. Het laat zien dat nog niet volledig duidelijk is geworden dat alle commerci\u00eble testbedrijven op dezelfde wijze omgaan met de persoonsgegevens die zij gebruiken bij het afnemen van een corona test. Pas als de Wet Zeggenschap Lichaamsmateriaal van kracht wordt, zal dit een grotere zekerheid geven voor een zorgvuldige manier van omgaan met lichaamsmateriaal.<\/p>\n","protected":false},"excerpt":{"rendered":"<p>Commerci\u00eble testbedrijven onder de loep: \u2018Een proactieve controle is belangrijk\u2019 Door de komst van testen voor toegang is het aantal commerci\u00eble testbedrijven enorm gegroeid. Want&hellip;<\/p>\n","protected":false},"author":3,"featured_media":366,"parent":261,"menu_order":0,"comment_status":"closed","ping_status":"closed","template":"","meta":{"_acf_changed":false,"footnotes":""},"class_list":["post-264","page","type-page","status-publish","has-post-thumbnail","hentry"],"acf":[],"yoast_head":"<!-- This site is optimized with the Yoast SEO plugin v27.3 - https:\/\/yoast.com\/product\/yoast-seo-wordpress\/ -->\n<title>Achtergrondverhaal - Veronique de Veij<\/title>\n<meta name=\"robots\" content=\"index, follow, max-snippet:-1, max-image-preview:large, max-video-preview:-1\" \/>\n<link rel=\"canonical\" href=\"https:\/\/svjmedia.nl\/veroniquedeveij\/portfolio-slow\/achtergrondverhaal\/\" \/>\n<meta property=\"og:locale\" content=\"nl_NL\" \/>\n<meta property=\"og:type\" content=\"article\" \/>\n<meta property=\"og:title\" content=\"Achtergrondverhaal - Veronique de Veij\" \/>\n<meta property=\"og:description\" content=\"Commerci\u00eble testbedrijven onder de loep: \u2018Een proactieve controle is belangrijk\u2019 Door de komst van testen voor toegang is het aantal commerci\u00eble testbedrijven enorm gegroeid. Want&hellip;\" \/>\n<meta property=\"og:url\" content=\"https:\/\/svjmedia.nl\/veroniquedeveij\/portfolio-slow\/achtergrondverhaal\/\" \/>\n<meta property=\"og:site_name\" content=\"Veronique de Veij\" \/>\n<meta property=\"article:modified_time\" content=\"2022-05-03T12:17:11+00:00\" \/>\n<meta property=\"og:image\" content=\"https:\/\/svjmedia.nl\/veroniquedeveij\/wp-content\/uploads\/sites\/831\/2021\/11\/foto-commercieel-testbedrijf-scaled.jpg\" \/>\n\t<meta property=\"og:image:width\" content=\"2560\" \/>\n\t<meta property=\"og:image:height\" content=\"1440\" \/>\n\t<meta property=\"og:image:type\" content=\"image\/jpeg\" \/>\n<meta name=\"twitter:card\" content=\"summary_large_image\" \/>\n<meta name=\"twitter:label1\" content=\"Geschatte leestijd\" \/>\n\t<meta name=\"twitter:data1\" content=\"7 minuten\" \/>\n<script type=\"application\/ld+json\" class=\"yoast-schema-graph\">{\"@context\":\"https:\\\/\\\/schema.org\",\"@graph\":[{\"@type\":\"WebPage\",\"@id\":\"https:\\\/\\\/svjmedia.nl\\\/veroniquedeveij\\\/portfolio-slow\\\/achtergrondverhaal\\\/\",\"url\":\"https:\\\/\\\/svjmedia.nl\\\/veroniquedeveij\\\/portfolio-slow\\\/achtergrondverhaal\\\/\",\"name\":\"Achtergrondverhaal - Veronique de Veij\",\"isPartOf\":{\"@id\":\"https:\\\/\\\/svjmedia.nl\\\/veroniquedeveij\\\/#website\"},\"primaryImageOfPage\":{\"@id\":\"https:\\\/\\\/svjmedia.nl\\\/veroniquedeveij\\\/portfolio-slow\\\/achtergrondverhaal\\\/#primaryimage\"},\"image\":{\"@id\":\"https:\\\/\\\/svjmedia.nl\\\/veroniquedeveij\\\/portfolio-slow\\\/achtergrondverhaal\\\/#primaryimage\"},\"thumbnailUrl\":\"https:\\\/\\\/svjmedia.nl\\\/veroniquedeveij\\\/wp-content\\\/uploads\\\/sites\\\/831\\\/2021\\\/11\\\/foto-commercieel-testbedrijf-scaled.jpg\",\"datePublished\":\"2019-09-13T08:43:17+00:00\",\"dateModified\":\"2022-05-03T12:17:11+00:00\",\"breadcrumb\":{\"@id\":\"https:\\\/\\\/svjmedia.nl\\\/veroniquedeveij\\\/portfolio-slow\\\/achtergrondverhaal\\\/#breadcrumb\"},\"inLanguage\":\"nl-NL\",\"potentialAction\":[{\"@type\":\"ReadAction\",\"target\":[\"https:\\\/\\\/svjmedia.nl\\\/veroniquedeveij\\\/portfolio-slow\\\/achtergrondverhaal\\\/\"]}]},{\"@type\":\"ImageObject\",\"inLanguage\":\"nl-NL\",\"@id\":\"https:\\\/\\\/svjmedia.nl\\\/veroniquedeveij\\\/portfolio-slow\\\/achtergrondverhaal\\\/#primaryimage\",\"url\":\"https:\\\/\\\/svjmedia.nl\\\/veroniquedeveij\\\/wp-content\\\/uploads\\\/sites\\\/831\\\/2021\\\/11\\\/foto-commercieel-testbedrijf-scaled.jpg\",\"contentUrl\":\"https:\\\/\\\/svjmedia.nl\\\/veroniquedeveij\\\/wp-content\\\/uploads\\\/sites\\\/831\\\/2021\\\/11\\\/foto-commercieel-testbedrijf-scaled.jpg\",\"width\":2560,\"height\":1440,\"caption\":\"Commercieel testbedrijf dat goedgekeurde testen afneemt\"},{\"@type\":\"BreadcrumbList\",\"@id\":\"https:\\\/\\\/svjmedia.nl\\\/veroniquedeveij\\\/portfolio-slow\\\/achtergrondverhaal\\\/#breadcrumb\",\"itemListElement\":[{\"@type\":\"ListItem\",\"position\":1,\"name\":\"Home\",\"item\":\"https:\\\/\\\/svjmedia.nl\\\/veroniquedeveij\\\/\"},{\"@type\":\"ListItem\",\"position\":2,\"name\":\"Portfolio Slow\",\"item\":\"https:\\\/\\\/svjmedia.nl\\\/veroniquedeveij\\\/portfolio-slow\\\/\"},{\"@type\":\"ListItem\",\"position\":3,\"name\":\"Achtergrondverhaal\"}]},{\"@type\":\"WebSite\",\"@id\":\"https:\\\/\\\/svjmedia.nl\\\/veroniquedeveij\\\/#website\",\"url\":\"https:\\\/\\\/svjmedia.nl\\\/veroniquedeveij\\\/\",\"name\":\"Veronique de Veij\",\"description\":\"School voor Journalistiek - Persoonlijk Dossier\",\"potentialAction\":[{\"@type\":\"SearchAction\",\"target\":{\"@type\":\"EntryPoint\",\"urlTemplate\":\"https:\\\/\\\/svjmedia.nl\\\/veroniquedeveij\\\/?s={search_term_string}\"},\"query-input\":{\"@type\":\"PropertyValueSpecification\",\"valueRequired\":true,\"valueName\":\"search_term_string\"}}],\"inLanguage\":\"nl-NL\"}]}<\/script>\n<!-- \/ Yoast SEO plugin. -->","yoast_head_json":{"title":"Achtergrondverhaal - Veronique de Veij","robots":{"index":"index","follow":"follow","max-snippet":"max-snippet:-1","max-image-preview":"max-image-preview:large","max-video-preview":"max-video-preview:-1"},"canonical":"https:\/\/svjmedia.nl\/veroniquedeveij\/portfolio-slow\/achtergrondverhaal\/","og_locale":"nl_NL","og_type":"article","og_title":"Achtergrondverhaal - Veronique de Veij","og_description":"Commerci\u00eble testbedrijven onder de loep: \u2018Een proactieve controle is belangrijk\u2019 Door de komst van testen voor toegang is het aantal commerci\u00eble testbedrijven enorm gegroeid. Want&hellip;","og_url":"https:\/\/svjmedia.nl\/veroniquedeveij\/portfolio-slow\/achtergrondverhaal\/","og_site_name":"Veronique de Veij","article_modified_time":"2022-05-03T12:17:11+00:00","og_image":[{"width":2560,"height":1440,"url":"https:\/\/svjmedia.nl\/veroniquedeveij\/wp-content\/uploads\/sites\/831\/2021\/11\/foto-commercieel-testbedrijf-scaled.jpg","type":"image\/jpeg"}],"twitter_card":"summary_large_image","twitter_misc":{"Geschatte leestijd":"7 minuten"},"schema":{"@context":"https:\/\/schema.org","@graph":[{"@type":"WebPage","@id":"https:\/\/svjmedia.nl\/veroniquedeveij\/portfolio-slow\/achtergrondverhaal\/","url":"https:\/\/svjmedia.nl\/veroniquedeveij\/portfolio-slow\/achtergrondverhaal\/","name":"Achtergrondverhaal - Veronique de Veij","isPartOf":{"@id":"https:\/\/svjmedia.nl\/veroniquedeveij\/#website"},"primaryImageOfPage":{"@id":"https:\/\/svjmedia.nl\/veroniquedeveij\/portfolio-slow\/achtergrondverhaal\/#primaryimage"},"image":{"@id":"https:\/\/svjmedia.nl\/veroniquedeveij\/portfolio-slow\/achtergrondverhaal\/#primaryimage"},"thumbnailUrl":"https:\/\/svjmedia.nl\/veroniquedeveij\/wp-content\/uploads\/sites\/831\/2021\/11\/foto-commercieel-testbedrijf-scaled.jpg","datePublished":"2019-09-13T08:43:17+00:00","dateModified":"2022-05-03T12:17:11+00:00","breadcrumb":{"@id":"https:\/\/svjmedia.nl\/veroniquedeveij\/portfolio-slow\/achtergrondverhaal\/#breadcrumb"},"inLanguage":"nl-NL","potentialAction":[{"@type":"ReadAction","target":["https:\/\/svjmedia.nl\/veroniquedeveij\/portfolio-slow\/achtergrondverhaal\/"]}]},{"@type":"ImageObject","inLanguage":"nl-NL","@id":"https:\/\/svjmedia.nl\/veroniquedeveij\/portfolio-slow\/achtergrondverhaal\/#primaryimage","url":"https:\/\/svjmedia.nl\/veroniquedeveij\/wp-content\/uploads\/sites\/831\/2021\/11\/foto-commercieel-testbedrijf-scaled.jpg","contentUrl":"https:\/\/svjmedia.nl\/veroniquedeveij\/wp-content\/uploads\/sites\/831\/2021\/11\/foto-commercieel-testbedrijf-scaled.jpg","width":2560,"height":1440,"caption":"Commercieel testbedrijf dat goedgekeurde testen afneemt"},{"@type":"BreadcrumbList","@id":"https:\/\/svjmedia.nl\/veroniquedeveij\/portfolio-slow\/achtergrondverhaal\/#breadcrumb","itemListElement":[{"@type":"ListItem","position":1,"name":"Home","item":"https:\/\/svjmedia.nl\/veroniquedeveij\/"},{"@type":"ListItem","position":2,"name":"Portfolio Slow","item":"https:\/\/svjmedia.nl\/veroniquedeveij\/portfolio-slow\/"},{"@type":"ListItem","position":3,"name":"Achtergrondverhaal"}]},{"@type":"WebSite","@id":"https:\/\/svjmedia.nl\/veroniquedeveij\/#website","url":"https:\/\/svjmedia.nl\/veroniquedeveij\/","name":"Veronique de Veij","description":"School voor Journalistiek - Persoonlijk Dossier","potentialAction":[{"@type":"SearchAction","target":{"@type":"EntryPoint","urlTemplate":"https:\/\/svjmedia.nl\/veroniquedeveij\/?s={search_term_string}"},"query-input":{"@type":"PropertyValueSpecification","valueRequired":true,"valueName":"search_term_string"}}],"inLanguage":"nl-NL"}]}},"_links":{"self":[{"href":"https:\/\/svjmedia.nl\/veroniquedeveij\/wp-json\/wp\/v2\/pages\/264","targetHints":{"allow":["GET"]}}],"collection":[{"href":"https:\/\/svjmedia.nl\/veroniquedeveij\/wp-json\/wp\/v2\/pages"}],"about":[{"href":"https:\/\/svjmedia.nl\/veroniquedeveij\/wp-json\/wp\/v2\/types\/page"}],"author":[{"embeddable":true,"href":"https:\/\/svjmedia.nl\/veroniquedeveij\/wp-json\/wp\/v2\/users\/3"}],"replies":[{"embeddable":true,"href":"https:\/\/svjmedia.nl\/veroniquedeveij\/wp-json\/wp\/v2\/comments?post=264"}],"version-history":[{"count":0,"href":"https:\/\/svjmedia.nl\/veroniquedeveij\/wp-json\/wp\/v2\/pages\/264\/revisions"}],"up":[{"embeddable":true,"href":"https:\/\/svjmedia.nl\/veroniquedeveij\/wp-json\/wp\/v2\/pages\/261"}],"wp:featuredmedia":[{"embeddable":true,"href":"https:\/\/svjmedia.nl\/veroniquedeveij\/wp-json\/wp\/v2\/media\/366"}],"wp:attachment":[{"href":"https:\/\/svjmedia.nl\/veroniquedeveij\/wp-json\/wp\/v2\/media?parent=264"}],"curies":[{"name":"wp","href":"https:\/\/api.w.org\/{rel}","templated":true}]}}