{"id":312,"date":"2020-03-24T14:23:10","date_gmt":"2020-03-24T13:23:10","guid":{"rendered":"https:\/\/svjmedia.nl\/55-dossier-template\/?page_id=312"},"modified":"2022-06-12T11:25:28","modified_gmt":"2022-06-12T09:25:28","slug":"onderzoek","status":"publish","type":"page","link":"https:\/\/svjmedia.nl\/wenxinvanderlinden\/afstuderen\/onderzoek\/","title":{"rendered":"Afstudeeronderzoek"},"content":{"rendered":"<p>[et_pb_section fb_built=&#8221;1&#8243; _builder_version=&#8221;4.16&#8243; min_height=&#8221;678px&#8221; global_colors_info=&#8221;{}&#8221;][et_pb_row _builder_version=&#8221;4.16&#8243; background_size=&#8221;initial&#8221; background_position=&#8221;top_left&#8221; background_repeat=&#8221;repeat&#8221; min_height=&#8221;511px&#8221; custom_margin=&#8221;|auto|-38px|auto||&#8221; custom_padding=&#8221;0px|||||&#8221; global_colors_info=&#8221;{}&#8221;][et_pb_column type=&#8221;4_4&#8243; _builder_version=&#8221;4.16&#8243; custom_padding=&#8221;|||&#8221; global_colors_info=&#8221;{}&#8221; custom_padding__hover=&#8221;|||&#8221;][et_pb_text _builder_version=&#8221;4.17.4&#8243; background_size=&#8221;initial&#8221; background_position=&#8221;top_left&#8221; background_repeat=&#8221;repeat&#8221; hover_enabled=&#8221;0&#8243; global_colors_info=&#8221;{}&#8221; sticky_enabled=&#8221;0&#8243;]<\/p>\n<h1 style=\"text-align: center\">Samenvatting<\/h1>\n<p>Het gaat in de media vaker over representatie en diversiteit, denk daarbij aan\u00a0<a href=\"https:\/\/www.cvdm.nl\/actueel\/aandeel-vrouwen-op-televisie-licht-toegenomen-maar-nog-altijd-minder-dan-mannen\" target=\"_blank\" rel=\"noopener\">de man-vrouwverhouding<\/a>, <a href=\"https:\/\/www.vpro.nl\/lees\/specials\/2022\/Internationale-dag-tegen-homo--en-transfobie.html\" target=\"_blank\" rel=\"noopener\">de\u00a0lhbtqia+<\/a>\u00a0en <a href=\"https:\/\/www.intermediair.nl\/werk-en-carriere\/op-de-werkvloer\/vijf-generaties-in-het-bedrijf-in-theorie-werkt-het-perfect-in-de-praktijk\" target=\"_blank\" rel=\"noopener\">verschillende generaties<\/a>\u00a0voor \u00e9n achter de schermen.\u00a0<span style=\"font-weight: 400\">In dit onderzoek is er gekeken naar de mate van etnische diversiteit op nieuwsredacties van programma\u2019s die op de zenders van de publieke omroep worden uitgezonden in Nederland en Vlaanderen. Daarvoor is ten eerste een literatuuranalyse gemaakt om erachter te komen wat er in rapporten terug te vinden is over etnische diversiteit op nieuwsredacties op nationaal en internationaal niveau. Daarna zijn er diepte-interviews afgenomen met journalisten in Nederland en Vlaanderen om te weten te komen of de gevonden literatuur ook (nog steeds) de praktijkervaring van journalisten (van kleur) is.\u00a0<\/span><\/p>\n<p>&nbsp;<\/p>\n<p><span style=\"font-weight: 400\">In de diepte-interviews met redacteuren en verslaggevers in Nederland en Vlaanderen is gevraagd in hoeverre zij vinden dat er een gebrek is aan etnische diversiteit op hun nieuwsredactie, wat er al gedaan wordt om de nieuwsredactie (etnisch) diverser te maken, wat volgens hun de obstakels zijn voor het cre\u00ebren meer etnische diversiteit en wat zij als mogelijke idee\u00ebn zien om diverser te worden.\u00a0<\/span><\/p>\n<p>&nbsp;<\/p>\n<p><span style=\"font-weight: 400\">Met dit onderzoek is er een aanbeveling geschreven voor de nieuwsredacties van de gesproken journalisten in Nederland en in Vlaanderen. In de aanbeveling zijn de genoemde bestaande strategie\u00ebn beschreven, maar ook de nieuwe idee\u00ebn van de gesproken journalisten. De al bestaande strategie\u00ebn staan in deze aanbeveling verwerkt omdat het hierdoor ook een overzicht wordt met (wat er uit dit onderzoek gebleken is) wat er mogelijk is om meer etnische diversiteit te cre\u00ebren op nieuwsredacties. Hopelijk biedt het een overzicht van bestaande strategie\u00ebn en idee\u00ebn om als nieuwsredactie daar verder over na te denken en\/of te ontdekken wat werkt en wat niet.\u00a0\u00a0<\/span><\/p>\n<p>&nbsp;<\/p>\n<p><span style=\"font-weight: 400\">Klik hiernaast voor een pdf-versie van mijn afstudeeronderzoek: <strong><a href=\"https:\/\/svjmedia.nl\/wenxinvanderlinden\/afstuderen\/onderzoek\/afstudeeronderzoek-wen-xin-van-der-linden-voor-online\/\" target=\"_blank\" rel=\"attachment noopener wp-att-1815\">Afstudeeronderzoek Wen Xin van der Linden<\/a>.<\/strong><\/span><\/p>\n<p>[\/et_pb_text][\/et_pb_column][\/et_pb_row][\/et_pb_section]<\/p>\n","protected":false},"excerpt":{"rendered":"<p>Samenvatting Het gaat in de media vaker over representatie en diversiteit, denk daarbij aan\u00a0de man-vrouwverhouding, de\u00a0lhbtqia+\u00a0en verschillende generaties\u00a0voor \u00e9n achter de schermen.\u00a0In dit onderzoek is er gekeken naar de mate van etnische diversiteit op nieuwsredacties van programma\u2019s die op de zenders van de publieke omroep worden uitgezonden in Nederland en Vlaanderen. Daarvoor is ten eerste [&hellip;]<\/p>\n","protected":false},"author":120,"featured_media":0,"parent":301,"menu_order":0,"comment_status":"closed","ping_status":"closed","template":"","meta":{"_acf_changed":false,"_et_pb_use_builder":"on","_et_pb_old_content":"<p><strong>Samenvatting van mijn afstudeeronderzoek<\/strong><\/p><p>\u00a0<\/p><p>\u00a0<\/p><p>Link naar<\/p>","_et_gb_content_width":"","footnotes":""},"class_list":["post-312","page","type-page","status-publish","hentry"],"acf":[],"yoast_head":"<!-- This site is optimized with the Yoast SEO plugin v27.3 - https:\/\/yoast.com\/product\/yoast-seo-wordpress\/ -->\n<title>Afstudeeronderzoek - Persoonlijk Dossier School voor Journalistiek<\/title>\n<meta name=\"robots\" content=\"index, follow, max-snippet:-1, max-image-preview:large, max-video-preview:-1\" \/>\n<link rel=\"canonical\" href=\"https:\/\/svjmedia.nl\/wenxinvanderlinden\/afstuderen\/onderzoek\/\" \/>\n<meta property=\"og:locale\" content=\"nl_NL\" \/>\n<meta property=\"og:type\" content=\"article\" \/>\n<meta property=\"og:title\" content=\"Afstudeeronderzoek - Persoonlijk Dossier School voor Journalistiek\" \/>\n<meta property=\"og:description\" content=\"Samenvatting Het gaat in de media vaker over representatie en diversiteit, denk daarbij aan\u00a0de man-vrouwverhouding, de\u00a0lhbtqia+\u00a0en verschillende generaties\u00a0voor \u00e9n achter de schermen.\u00a0In dit onderzoek is er gekeken naar de mate van etnische diversiteit op nieuwsredacties van programma\u2019s die op de zenders van de publieke omroep worden uitgezonden in Nederland en Vlaanderen. Daarvoor is ten eerste [&hellip;]\" \/>\n<meta property=\"og:url\" content=\"https:\/\/svjmedia.nl\/wenxinvanderlinden\/afstuderen\/onderzoek\/\" \/>\n<meta property=\"og:site_name\" content=\"Persoonlijk Dossier School voor Journalistiek\" \/>\n<meta property=\"article:modified_time\" content=\"2022-06-12T09:25:28+00:00\" \/>\n<meta name=\"twitter:card\" content=\"summary_large_image\" \/>\n<meta name=\"twitter:label1\" content=\"Geschatte leestijd\" \/>\n\t<meta name=\"twitter:data1\" content=\"2 minuten\" \/>\n<script type=\"application\/ld+json\" class=\"yoast-schema-graph\">{\"@context\":\"https:\\\/\\\/schema.org\",\"@graph\":[{\"@type\":\"WebPage\",\"@id\":\"https:\\\/\\\/svjmedia.nl\\\/wenxinvanderlinden\\\/afstuderen\\\/onderzoek\\\/\",\"url\":\"https:\\\/\\\/svjmedia.nl\\\/wenxinvanderlinden\\\/afstuderen\\\/onderzoek\\\/\",\"name\":\"Afstudeeronderzoek - Persoonlijk Dossier School voor Journalistiek\",\"isPartOf\":{\"@id\":\"https:\\\/\\\/svjmedia.nl\\\/wenxinvanderlinden\\\/#website\"},\"datePublished\":\"2020-03-24T13:23:10+00:00\",\"dateModified\":\"2022-06-12T09:25:28+00:00\",\"breadcrumb\":{\"@id\":\"https:\\\/\\\/svjmedia.nl\\\/wenxinvanderlinden\\\/afstuderen\\\/onderzoek\\\/#breadcrumb\"},\"inLanguage\":\"nl-NL\",\"potentialAction\":[{\"@type\":\"ReadAction\",\"target\":[\"https:\\\/\\\/svjmedia.nl\\\/wenxinvanderlinden\\\/afstuderen\\\/onderzoek\\\/\"]}]},{\"@type\":\"BreadcrumbList\",\"@id\":\"https:\\\/\\\/svjmedia.nl\\\/wenxinvanderlinden\\\/afstuderen\\\/onderzoek\\\/#breadcrumb\",\"itemListElement\":[{\"@type\":\"ListItem\",\"position\":1,\"name\":\"Home\",\"item\":\"https:\\\/\\\/svjmedia.nl\\\/wenxinvanderlinden\\\/\"},{\"@type\":\"ListItem\",\"position\":2,\"name\":\"Portfolio Afstuderen\",\"item\":\"https:\\\/\\\/svjmedia.nl\\\/wenxinvanderlinden\\\/afstuderen\\\/\"},{\"@type\":\"ListItem\",\"position\":3,\"name\":\"Afstudeeronderzoek\"}]},{\"@type\":\"WebSite\",\"@id\":\"https:\\\/\\\/svjmedia.nl\\\/wenxinvanderlinden\\\/#website\",\"url\":\"https:\\\/\\\/svjmedia.nl\\\/wenxinvanderlinden\\\/\",\"name\":\"Persoonlijk Dossier School voor Journalistiek\",\"description\":\"Wen Xin van der Linden\",\"potentialAction\":[{\"@type\":\"SearchAction\",\"target\":{\"@type\":\"EntryPoint\",\"urlTemplate\":\"https:\\\/\\\/svjmedia.nl\\\/wenxinvanderlinden\\\/?s={search_term_string}\"},\"query-input\":{\"@type\":\"PropertyValueSpecification\",\"valueRequired\":true,\"valueName\":\"search_term_string\"}}],\"inLanguage\":\"nl-NL\"}]}<\/script>\n<!-- \/ Yoast SEO plugin. -->","yoast_head_json":{"title":"Afstudeeronderzoek - Persoonlijk Dossier School voor Journalistiek","robots":{"index":"index","follow":"follow","max-snippet":"max-snippet:-1","max-image-preview":"max-image-preview:large","max-video-preview":"max-video-preview:-1"},"canonical":"https:\/\/svjmedia.nl\/wenxinvanderlinden\/afstuderen\/onderzoek\/","og_locale":"nl_NL","og_type":"article","og_title":"Afstudeeronderzoek - Persoonlijk Dossier School voor Journalistiek","og_description":"Samenvatting Het gaat in de media vaker over representatie en diversiteit, denk daarbij aan\u00a0de man-vrouwverhouding, de\u00a0lhbtqia+\u00a0en verschillende generaties\u00a0voor \u00e9n achter de schermen.\u00a0In dit onderzoek is er gekeken naar de mate van etnische diversiteit op nieuwsredacties van programma\u2019s die op de zenders van de publieke omroep worden uitgezonden in Nederland en Vlaanderen. Daarvoor is ten eerste [&hellip;]","og_url":"https:\/\/svjmedia.nl\/wenxinvanderlinden\/afstuderen\/onderzoek\/","og_site_name":"Persoonlijk Dossier School voor Journalistiek","article_modified_time":"2022-06-12T09:25:28+00:00","twitter_card":"summary_large_image","twitter_misc":{"Geschatte leestijd":"2 minuten"},"schema":{"@context":"https:\/\/schema.org","@graph":[{"@type":"WebPage","@id":"https:\/\/svjmedia.nl\/wenxinvanderlinden\/afstuderen\/onderzoek\/","url":"https:\/\/svjmedia.nl\/wenxinvanderlinden\/afstuderen\/onderzoek\/","name":"Afstudeeronderzoek - Persoonlijk Dossier School voor Journalistiek","isPartOf":{"@id":"https:\/\/svjmedia.nl\/wenxinvanderlinden\/#website"},"datePublished":"2020-03-24T13:23:10+00:00","dateModified":"2022-06-12T09:25:28+00:00","breadcrumb":{"@id":"https:\/\/svjmedia.nl\/wenxinvanderlinden\/afstuderen\/onderzoek\/#breadcrumb"},"inLanguage":"nl-NL","potentialAction":[{"@type":"ReadAction","target":["https:\/\/svjmedia.nl\/wenxinvanderlinden\/afstuderen\/onderzoek\/"]}]},{"@type":"BreadcrumbList","@id":"https:\/\/svjmedia.nl\/wenxinvanderlinden\/afstuderen\/onderzoek\/#breadcrumb","itemListElement":[{"@type":"ListItem","position":1,"name":"Home","item":"https:\/\/svjmedia.nl\/wenxinvanderlinden\/"},{"@type":"ListItem","position":2,"name":"Portfolio Afstuderen","item":"https:\/\/svjmedia.nl\/wenxinvanderlinden\/afstuderen\/"},{"@type":"ListItem","position":3,"name":"Afstudeeronderzoek"}]},{"@type":"WebSite","@id":"https:\/\/svjmedia.nl\/wenxinvanderlinden\/#website","url":"https:\/\/svjmedia.nl\/wenxinvanderlinden\/","name":"Persoonlijk Dossier School voor Journalistiek","description":"Wen Xin van der Linden","potentialAction":[{"@type":"SearchAction","target":{"@type":"EntryPoint","urlTemplate":"https:\/\/svjmedia.nl\/wenxinvanderlinden\/?s={search_term_string}"},"query-input":{"@type":"PropertyValueSpecification","valueRequired":true,"valueName":"search_term_string"}}],"inLanguage":"nl-NL"}]}},"_links":{"self":[{"href":"https:\/\/svjmedia.nl\/wenxinvanderlinden\/wp-json\/wp\/v2\/pages\/312","targetHints":{"allow":["GET"]}}],"collection":[{"href":"https:\/\/svjmedia.nl\/wenxinvanderlinden\/wp-json\/wp\/v2\/pages"}],"about":[{"href":"https:\/\/svjmedia.nl\/wenxinvanderlinden\/wp-json\/wp\/v2\/types\/page"}],"author":[{"embeddable":true,"href":"https:\/\/svjmedia.nl\/wenxinvanderlinden\/wp-json\/wp\/v2\/users\/120"}],"replies":[{"embeddable":true,"href":"https:\/\/svjmedia.nl\/wenxinvanderlinden\/wp-json\/wp\/v2\/comments?post=312"}],"version-history":[{"count":0,"href":"https:\/\/svjmedia.nl\/wenxinvanderlinden\/wp-json\/wp\/v2\/pages\/312\/revisions"}],"up":[{"embeddable":true,"href":"https:\/\/svjmedia.nl\/wenxinvanderlinden\/wp-json\/wp\/v2\/pages\/301"}],"wp:attachment":[{"href":"https:\/\/svjmedia.nl\/wenxinvanderlinden\/wp-json\/wp\/v2\/media?parent=312"}],"curies":[{"name":"wp","href":"https:\/\/api.w.org\/{rel}","templated":true}]}}